{"id":712571,"date":"2024-04-22T12:43:07","date_gmt":"2024-04-22T10:43:07","guid":{"rendered":"https:\/\/tonymora.com\/?post_type=product&#038;p=712571"},"modified":"2025-12-10T11:39:29","modified_gmt":"2025-12-10T10:39:29","slug":"9058-geflochten-braun-2","status":"publish","type":"product","link":"https:\/\/tonymora.com\/de\/produkt\/9058-geflochten-braun-2\/","title":{"rendered":"9058 GEFLOCHTEN BRAUN"},"content":{"rendered":"<p class=\"p1\">Entdecken Sie k\u00fcnstlerisches Design in unserem exklusiven Tony Mora G\u00fcrtel. Der aus hochwertigem Rindsleder gefertigte G\u00fcrtel ist in einem eleganten Braun gehalten und zeichnet sich durch eine Kombination einzigartiger Gravuren aus: eine mit einem halb geflochtenen Stil und eine mit floralen Motiven, die ihm eine unverwechselbare Struktur verleihen. In der Mitte erg\u00e4nzt ein raffiniertes, von Hand graviertes Metallornament die detailgenaue Schnalle im Cowboy-Stil. Dieser G\u00fcrtel spiegelt nicht nur h\u00f6chste Qualit\u00e4t wider, sondern ist auch ein St\u00fcck Modekunst.<\/p>\n","protected":false},"excerpt":{"rendered":"<p>Charakter und Eleganz in perfekter Balance. Ideal f\u00fcr einen markanten, urbanen Look. Ein subtiles Statement von gutem Geschmack und Selbstbewusstsein.<\/p>\n","protected":false},"featured_media":712140,"template":"","meta":{"_mbp_gutenberg_autopost":false},"product_brand":[],"product_cat":[1174,214,1157],"product_tag":[],"class_list":{"0":"post-712571","1":"product","2":"type-product","3":"status-publish","4":"has-post-thumbnail","6":"product_cat-black-friday-de","7":"product_cat-herren","8":"product_cat-lederguertel-fuer-herren","10":"first","11":"instock","12":"taxable","13":"shipping-taxable","14":"purchasable","15":"product-type-variable"},"_links":{"self":[{"href":"https:\/\/tonymora.com\/de\/wp-json\/wp\/v2\/product\/712571","targetHints":{"allow":["GET"]}}],"collection":[{"href":"https:\/\/tonymora.com\/de\/wp-json\/wp\/v2\/product"}],"about":[{"href":"https:\/\/tonymora.com\/de\/wp-json\/wp\/v2\/types\/product"}],"wp:featuredmedia":[{"embeddable":true,"href":"https:\/\/tonymora.com\/de\/wp-json\/wp\/v2\/media\/712140"}],"wp:attachment":[{"href":"https:\/\/tonymora.com\/de\/wp-json\/wp\/v2\/media?parent=712571"}],"wp:term":[{"taxonomy":"product_brand","embeddable":true,"href":"https:\/\/tonymora.com\/de\/wp-json\/wp\/v2\/product_brand?post=712571"},{"taxonomy":"product_cat","embeddable":true,"href":"https:\/\/tonymora.com\/de\/wp-json\/wp\/v2\/product_cat?post=712571"},{"taxonomy":"product_tag","embeddable":true,"href":"https:\/\/tonymora.com\/de\/wp-json\/wp\/v2\/product_tag?post=712571"}],"curies":[{"name":"wp","href":"https:\/\/api.w.org\/{rel}","templated":true}]}}