{"id":712615,"date":"2024-04-22T13:41:47","date_gmt":"2024-04-22T11:41:47","guid":{"rendered":"https:\/\/tonymora.com\/?post_type=product&#038;p=712615"},"modified":"2025-08-01T09:13:39","modified_gmt":"2025-08-01T07:13:39","slug":"8091-boho-blumen-schwarz-2","status":"publish","type":"product","link":"https:\/\/tonymora.com\/de\/produkt\/8091-boho-blumen-schwarz-2\/","title":{"rendered":"8091 BOHO-BLUMEN SCHWARZ"},"content":{"rendered":"<p class=\"p1\">\u00a0Die einzigartige Eleganz unseres G\u00fcrtels aus Rindsleder, perfekt eingef\u00e4rbt in einem tiefen Schwarzton. Ideal f\u00fcr einen modernen Look, ist dieser G\u00fcrtel mit einem floralen Boho-Chic-Muster verziert und sorgf\u00e4ltig mit schwarzen und silbernen Steinen verziert. Jedes Detail wurde sorgf\u00e4ltig von Hand bestickt und bietet ein luxuri\u00f6ses Finish, das das Licht einf\u00e4ngt und jedem Outfit einen Hauch von Raffinesse verleiht. Sein unverwechselbares, modernes Design macht ihn zu einem Must-have f\u00fcr alle, die ihren pers\u00f6nlichen Stil aufwerten wollen.<\/p>\n","protected":false},"excerpt":{"rendered":"<p>Zeitlose Eleganz mit unverwechselbarer Ausstrahlung. Ein Hauch von Raffinesse, der Selbstbewusstsein und Stil ausstrahlt.<br \/>\nEin subtiles Statement von gutem Geschmack und Souver\u00e4nit\u00e4t.<\/p>\n","protected":false},"featured_media":712143,"template":"","meta":{"_mbp_gutenberg_autopost":false},"product_brand":[],"product_cat":[1174,214,1157],"product_tag":[],"class_list":{"0":"post-712615","1":"product","2":"type-product","3":"status-publish","4":"has-post-thumbnail","6":"product_cat-black-friday-de","7":"product_cat-herren","8":"product_cat-lederguertel-fuer-herren","10":"first","11":"instock","12":"taxable","13":"shipping-taxable","14":"purchasable","15":"product-type-variable"},"supplier_id":null,"supplier_sku":"","barcode":null,"atum_controlled":true,"out_stock_date":null,"out_stock_threshold":null,"inheritable":true,"inbound_stock":0,"stock_on_hold":3,"sold_today":2,"sales_last_days":2,"reserved_stock":0,"customer_returns":0,"warehouse_damage":0,"lost_in_post":0,"other_logs":0,"out_stock_days":0,"lost_sales":0,"has_location":false,"update_date":"2026-03-07T13:54:54","atum_locations":[],"atum_stock_status":"instock","restock_status":false,"low_stock_amount":"","sales_update_date":"2026-03-07T13:54:54","calc_backorders":null,"yoast_head":"<!-- This site is optimized with the Yoast SEO plugin v27.2 - https:\/\/yoast.com\/product\/yoast-seo-wordpress\/ -->\n<title>Schwarzer Boho-G\u00fcrtel mit Blumen und Steinen bestickt | Tony Mora<\/title>\n<meta name=\"description\" content=\"Schwarzer Lederg\u00fcrtel mit floraler Stickerei und Ziersteinen. Boho-Chic-Stil, modern und elegant, ideal, um jeden Look aufzuwerten.\" \/>\n<meta name=\"robots\" content=\"index, follow, max-snippet:-1, max-image-preview:large, max-video-preview:-1\" \/>\n<link rel=\"canonical\" href=\"https:\/\/tonymora.com\/de\/produkt\/8091-boho-blumen-schwarz-2\/\" \/>\n<meta property=\"og:locale\" content=\"de_DE\" \/>\n<meta property=\"og:type\" content=\"article\" \/>\n<meta property=\"og:title\" content=\"Schwarzer Boho-G\u00fcrtel mit Blumen und Steinen bestickt | Tony Mora\" \/>\n<meta property=\"og:description\" content=\"Schwarzer Lederg\u00fcrtel mit floraler Stickerei und Ziersteinen. Boho-Chic-Stil, modern und elegant, ideal, um jeden Look aufzuwerten.\" \/>\n<meta property=\"og:url\" content=\"https:\/\/tonymora.com\/de\/produkt\/8091-boho-blumen-schwarz-2\/\" \/>\n<meta property=\"og:site_name\" content=\"Tony Mora\u00ae Boots Official Store\" \/>\n<meta property=\"article:publisher\" content=\"https:\/\/www.facebook.com\/Tonymoraofficial\/\" \/>\n<meta property=\"article:modified_time\" content=\"2025-08-01T07:13:39+00:00\" \/>\n<meta property=\"og:image\" content=\"https:\/\/tonymora.com\/wp-content\/uploads\/2022\/09\/6.jpg\" \/>\n\t<meta property=\"og:image:width\" content=\"866\" \/>\n\t<meta property=\"og:image:height\" content=\"1032\" \/>\n\t<meta property=\"og:image:type\" content=\"image\/jpeg\" \/>\n<meta name=\"twitter:card\" content=\"summary_large_image\" \/>\n<meta name=\"twitter:label1\" content=\"Gesch\u00e4tzte Lesezeit\" \/>\n\t<meta name=\"twitter:data1\" content=\"1\u00a0Minute\" \/>\n<script type=\"application\/ld+json\" class=\"yoast-schema-graph\">{\"@context\":\"https:\/\/schema.org\",\"@graph\":[{\"@type\":\"WebPage\",\"@id\":\"https:\/\/tonymora.com\/de\/produkt\/8091-boho-blumen-schwarz-2\/\",\"url\":\"https:\/\/tonymora.com\/de\/produkt\/8091-boho-blumen-schwarz-2\/\",\"name\":\"Schwarzer Boho-G\u00fcrtel mit Blumen und Steinen bestickt | Tony Mora\",\"isPartOf\":{\"@id\":\"https:\/\/tonymora.com\/de\/#website\"},\"primaryImageOfPage\":{\"@id\":\"https:\/\/tonymora.com\/de\/produkt\/8091-boho-blumen-schwarz-2\/#primaryimage\"},\"image\":{\"@id\":\"https:\/\/tonymora.com\/de\/produkt\/8091-boho-blumen-schwarz-2\/#primaryimage\"},\"thumbnailUrl\":\"https:\/\/tonymora.com\/wp-content\/uploads\/2022\/09\/6.jpg\",\"datePublished\":\"2024-04-22T11:41:47+00:00\",\"dateModified\":\"2025-08-01T07:13:39+00:00\",\"description\":\"Schwarzer Lederg\u00fcrtel mit floraler Stickerei und Ziersteinen. Boho-Chic-Stil, modern und elegant, ideal, um jeden Look aufzuwerten.\",\"breadcrumb\":{\"@id\":\"https:\/\/tonymora.com\/de\/produkt\/8091-boho-blumen-schwarz-2\/#breadcrumb\"},\"inLanguage\":\"de\",\"potentialAction\":[{\"@type\":\"ReadAction\",\"target\":[\"https:\/\/tonymora.com\/de\/produkt\/8091-boho-blumen-schwarz-2\/\"]}]},{\"@type\":\"ImageObject\",\"inLanguage\":\"de\",\"@id\":\"https:\/\/tonymora.com\/de\/produkt\/8091-boho-blumen-schwarz-2\/#primaryimage\",\"url\":\"https:\/\/tonymora.com\/wp-content\/uploads\/2022\/09\/6.jpg\",\"contentUrl\":\"https:\/\/tonymora.com\/wp-content\/uploads\/2022\/09\/6.jpg\",\"width\":866,\"height\":1032,\"caption\":\"Cintur\u00f3n Boho Negro Bordado\"},{\"@type\":\"BreadcrumbList\",\"@id\":\"https:\/\/tonymora.com\/de\/produkt\/8091-boho-blumen-schwarz-2\/#breadcrumb\",\"itemListElement\":[{\"@type\":\"ListItem\",\"position\":1,\"name\":\"Portada\",\"item\":\"https:\/\/tonymora.com\/de\/\"},{\"@type\":\"ListItem\",\"position\":2,\"name\":\"Shop\",\"item\":\"https:\/\/tonymora.com\/de\/shop\/\"},{\"@type\":\"ListItem\",\"position\":3,\"name\":\"Lederg\u00fcrtel f\u00fcr Herren\",\"item\":\"https:\/\/tonymora.com\/de\/produkt-kategorie\/lederguertel-fuer-herren\/\"},{\"@type\":\"ListItem\",\"position\":4,\"name\":\"8091 BOHO-BLUMEN SCHWARZ\"}]},{\"@type\":\"WebSite\",\"@id\":\"https:\/\/tonymora.com\/de\/#website\",\"url\":\"https:\/\/tonymora.com\/de\/\",\"name\":\"Tony Mora\u00ae Boots Official Store\",\"description\":\"Cowboy Boots\",\"publisher\":{\"@id\":\"https:\/\/tonymora.com\/de\/#organization\"},\"potentialAction\":[{\"@type\":\"SearchAction\",\"target\":{\"@type\":\"EntryPoint\",\"urlTemplate\":\"https:\/\/tonymora.com\/de\/?s={search_term_string}\"},\"query-input\":{\"@type\":\"PropertyValueSpecification\",\"valueRequired\":true,\"valueName\":\"search_term_string\"}}],\"inLanguage\":\"de\"},{\"@type\":\"Organization\",\"@id\":\"https:\/\/tonymora.com\/de\/#organization\",\"name\":\"Tony Mora Boots\",\"url\":\"https:\/\/tonymora.com\/de\/\",\"logo\":{\"@type\":\"ImageObject\",\"inLanguage\":\"de\",\"@id\":\"https:\/\/tonymora.com\/de\/#\/schema\/logo\/image\/\",\"url\":\"https:\/\/tonymora.com\/wp-content\/uploads\/2023\/12\/LOGO.jpg\",\"contentUrl\":\"https:\/\/tonymora.com\/wp-content\/uploads\/2023\/12\/LOGO.jpg\",\"width\":2272,\"height\":1411,\"caption\":\"Tony Mora Boots\"},\"image\":{\"@id\":\"https:\/\/tonymora.com\/de\/#\/schema\/logo\/image\/\"},\"sameAs\":[\"https:\/\/www.facebook.com\/Tonymoraofficial\/\",\"https:\/\/www.instagram.com\/tonymoraofficial\/?hl=es\"]}]}<\/script>\n<!-- \/ Yoast SEO plugin. -->","yoast_head_json":{"title":"Schwarzer Boho-G\u00fcrtel mit Blumen und Steinen bestickt | Tony Mora","description":"Schwarzer Lederg\u00fcrtel mit floraler Stickerei und Ziersteinen. Boho-Chic-Stil, modern und elegant, ideal, um jeden Look aufzuwerten.","robots":{"index":"index","follow":"follow","max-snippet":"max-snippet:-1","max-image-preview":"max-image-preview:large","max-video-preview":"max-video-preview:-1"},"canonical":"https:\/\/tonymora.com\/de\/produkt\/8091-boho-blumen-schwarz-2\/","og_locale":"de_DE","og_type":"article","og_title":"Schwarzer Boho-G\u00fcrtel mit Blumen und Steinen bestickt | Tony Mora","og_description":"Schwarzer Lederg\u00fcrtel mit floraler Stickerei und Ziersteinen. Boho-Chic-Stil, modern und elegant, ideal, um jeden Look aufzuwerten.","og_url":"https:\/\/tonymora.com\/de\/produkt\/8091-boho-blumen-schwarz-2\/","og_site_name":"Tony Mora\u00ae Boots Official Store","article_publisher":"https:\/\/www.facebook.com\/Tonymoraofficial\/","article_modified_time":"2025-08-01T07:13:39+00:00","og_image":[{"width":866,"height":1032,"url":"https:\/\/tonymora.com\/wp-content\/uploads\/2022\/09\/6.jpg","type":"image\/jpeg"}],"twitter_card":"summary_large_image","twitter_misc":{"Gesch\u00e4tzte Lesezeit":"1\u00a0Minute"},"schema":{"@context":"https:\/\/schema.org","@graph":[{"@type":"WebPage","@id":"https:\/\/tonymora.com\/de\/produkt\/8091-boho-blumen-schwarz-2\/","url":"https:\/\/tonymora.com\/de\/produkt\/8091-boho-blumen-schwarz-2\/","name":"Schwarzer Boho-G\u00fcrtel mit Blumen und Steinen bestickt | Tony Mora","isPartOf":{"@id":"https:\/\/tonymora.com\/de\/#website"},"primaryImageOfPage":{"@id":"https:\/\/tonymora.com\/de\/produkt\/8091-boho-blumen-schwarz-2\/#primaryimage"},"image":{"@id":"https:\/\/tonymora.com\/de\/produkt\/8091-boho-blumen-schwarz-2\/#primaryimage"},"thumbnailUrl":"https:\/\/tonymora.com\/wp-content\/uploads\/2022\/09\/6.jpg","datePublished":"2024-04-22T11:41:47+00:00","dateModified":"2025-08-01T07:13:39+00:00","description":"Schwarzer Lederg\u00fcrtel mit floraler Stickerei und Ziersteinen. Boho-Chic-Stil, modern und elegant, ideal, um jeden Look aufzuwerten.","breadcrumb":{"@id":"https:\/\/tonymora.com\/de\/produkt\/8091-boho-blumen-schwarz-2\/#breadcrumb"},"inLanguage":"de","potentialAction":[{"@type":"ReadAction","target":["https:\/\/tonymora.com\/de\/produkt\/8091-boho-blumen-schwarz-2\/"]}]},{"@type":"ImageObject","inLanguage":"de","@id":"https:\/\/tonymora.com\/de\/produkt\/8091-boho-blumen-schwarz-2\/#primaryimage","url":"https:\/\/tonymora.com\/wp-content\/uploads\/2022\/09\/6.jpg","contentUrl":"https:\/\/tonymora.com\/wp-content\/uploads\/2022\/09\/6.jpg","width":866,"height":1032,"caption":"Cintur\u00f3n Boho Negro Bordado"},{"@type":"BreadcrumbList","@id":"https:\/\/tonymora.com\/de\/produkt\/8091-boho-blumen-schwarz-2\/#breadcrumb","itemListElement":[{"@type":"ListItem","position":1,"name":"Portada","item":"https:\/\/tonymora.com\/de\/"},{"@type":"ListItem","position":2,"name":"Shop","item":"https:\/\/tonymora.com\/de\/shop\/"},{"@type":"ListItem","position":3,"name":"Lederg\u00fcrtel f\u00fcr Herren","item":"https:\/\/tonymora.com\/de\/produkt-kategorie\/lederguertel-fuer-herren\/"},{"@type":"ListItem","position":4,"name":"8091 BOHO-BLUMEN SCHWARZ"}]},{"@type":"WebSite","@id":"https:\/\/tonymora.com\/de\/#website","url":"https:\/\/tonymora.com\/de\/","name":"Tony Mora\u00ae Boots Official Store","description":"Cowboy Boots","publisher":{"@id":"https:\/\/tonymora.com\/de\/#organization"},"potentialAction":[{"@type":"SearchAction","target":{"@type":"EntryPoint","urlTemplate":"https:\/\/tonymora.com\/de\/?s={search_term_string}"},"query-input":{"@type":"PropertyValueSpecification","valueRequired":true,"valueName":"search_term_string"}}],"inLanguage":"de"},{"@type":"Organization","@id":"https:\/\/tonymora.com\/de\/#organization","name":"Tony Mora Boots","url":"https:\/\/tonymora.com\/de\/","logo":{"@type":"ImageObject","inLanguage":"de","@id":"https:\/\/tonymora.com\/de\/#\/schema\/logo\/image\/","url":"https:\/\/tonymora.com\/wp-content\/uploads\/2023\/12\/LOGO.jpg","contentUrl":"https:\/\/tonymora.com\/wp-content\/uploads\/2023\/12\/LOGO.jpg","width":2272,"height":1411,"caption":"Tony Mora Boots"},"image":{"@id":"https:\/\/tonymora.com\/de\/#\/schema\/logo\/image\/"},"sameAs":["https:\/\/www.facebook.com\/Tonymoraofficial\/","https:\/\/www.instagram.com\/tonymoraofficial\/?hl=es"]}]}},"_links":{"self":[{"href":"https:\/\/tonymora.com\/de\/wp-json\/wp\/v2\/product\/712615","targetHints":{"allow":["GET"]}}],"collection":[{"href":"https:\/\/tonymora.com\/de\/wp-json\/wp\/v2\/product"}],"about":[{"href":"https:\/\/tonymora.com\/de\/wp-json\/wp\/v2\/types\/product"}],"wp:featuredmedia":[{"embeddable":true,"href":"https:\/\/tonymora.com\/de\/wp-json\/wp\/v2\/media\/712143"}],"wp:attachment":[{"href":"https:\/\/tonymora.com\/de\/wp-json\/wp\/v2\/media?parent=712615"}],"wp:term":[{"taxonomy":"product_brand","embeddable":true,"href":"https:\/\/tonymora.com\/de\/wp-json\/wp\/v2\/product_brand?post=712615"},{"taxonomy":"product_cat","embeddable":true,"href":"https:\/\/tonymora.com\/de\/wp-json\/wp\/v2\/product_cat?post=712615"},{"taxonomy":"product_tag","embeddable":true,"href":"https:\/\/tonymora.com\/de\/wp-json\/wp\/v2\/product_tag?post=712615"}],"curies":[{"name":"wp","href":"https:\/\/api.w.org\/{rel}","templated":true}]}}