{"id":712659,"date":"2024-04-22T13:53:47","date_gmt":"2024-04-22T11:53:47","guid":{"rendered":"https:\/\/tonymora.com\/?post_type=product&#038;p=712659"},"modified":"2025-08-01T09:13:41","modified_gmt":"2025-08-01T07:13:41","slug":"0229-fantasia-club-schwarz-nobuk-bone-python-bw","status":"publish","type":"product","link":"https:\/\/tonymora.com\/de\/produkt\/0229-fantasia-club-schwarz-nobuk-bone-python-bw\/","title":{"rendered":"0229 FANTASIA CLUB SCHWARZ\/ NOBUK BONE PYTHON BW"},"content":{"rendered":"<p class=\"p1\">Wir pr\u00e4sentieren unseren raffinierten zweifarbigen G\u00fcrtel: Die Oberfl\u00e4che ist in einem eleganten Beige gehalten, w\u00e4hrend die Innenseite in klassischem Schwarz gehalten ist. Der aus feinem Rindsleder gefertigte G\u00fcrtel zeichnet sich durch exotische Lederelemente aus, die ihm ein au\u00dfergew\u00f6hnliches Niveau an Raffinesse verleihen. Die von Hand geflochtenen Kanten zeugen nicht nur von hoher Handwerkskunst, sondern unterstreichen auch die Liebe zum Detail. Dieser G\u00fcrtel ist das ideale Accessoire, um jedes Outfit aufzuwerten und bei jedem Anlass ein Statement zu setzen.<\/p>\n","protected":false},"excerpt":{"rendered":"<p>Ein Design, das vom ersten Moment an Charakter ausstrahlt. Raffinierter Stil f\u00fcr Anl\u00e4sse, die eine gewisse Pr\u00e4senz erfordern.<br \/>\nEntworfen f\u00fcr all jene, die Eleganz als Lebenseinstellung verstehen.<\/p>\n","protected":false},"featured_media":712149,"template":"","meta":{"_mbp_gutenberg_autopost":false},"product_brand":[],"product_cat":[1174,214,1157],"product_tag":[],"class_list":{"0":"post-712659","1":"product","2":"type-product","3":"status-publish","4":"has-post-thumbnail","6":"product_cat-black-friday-de","7":"product_cat-herren","8":"product_cat-lederguertel-fuer-herren","10":"first","11":"instock","12":"taxable","13":"shipping-taxable","14":"purchasable","15":"product-type-variable"},"supplier_id":null,"supplier_sku":"","barcode":null,"atum_controlled":true,"out_stock_date":null,"out_stock_threshold":null,"inheritable":true,"inbound_stock":0,"stock_on_hold":0,"sold_today":0,"sales_last_days":0,"reserved_stock":0,"customer_returns":0,"warehouse_damage":0,"lost_in_post":0,"other_logs":0,"out_stock_days":0,"lost_sales":0,"has_location":false,"update_date":"2026-03-07T13:54:54","atum_locations":[],"atum_stock_status":"instock","restock_status":false,"low_stock_amount":"","sales_update_date":"2026-03-07T13:54:54","calc_backorders":null,"yoast_head":"<!-- This site is optimized with the Yoast SEO plugin v27.2 - https:\/\/yoast.com\/product\/yoast-seo-wordpress\/ -->\n<title>Zweifarbiger G\u00fcrtel in Beige und Schwarz mit Python-Details | Tony Mora<\/title>\n<meta name=\"description\" content=\"Handgefertigter G\u00fcrtel aus beigefarbenem und schwarzem Rindsleder mit geflochtenen Kanten und Details aus exotischer Pythonhaut. Eleganz und Stil f\u00fcr jeden Anlass.\" \/>\n<meta name=\"robots\" content=\"index, follow, max-snippet:-1, max-image-preview:large, max-video-preview:-1\" \/>\n<link rel=\"canonical\" href=\"https:\/\/tonymora.com\/de\/produkt\/0229-fantasia-club-schwarz-nobuk-bone-python-bw\/\" \/>\n<meta property=\"og:locale\" content=\"de_DE\" \/>\n<meta property=\"og:type\" content=\"article\" \/>\n<meta property=\"og:title\" content=\"Zweifarbiger G\u00fcrtel in Beige und Schwarz mit Python-Details | Tony Mora\" \/>\n<meta property=\"og:description\" content=\"Handgefertigter G\u00fcrtel aus beigefarbenem und schwarzem Rindsleder mit geflochtenen Kanten und Details aus exotischer Pythonhaut. Eleganz und Stil f\u00fcr jeden Anlass.\" \/>\n<meta property=\"og:url\" content=\"https:\/\/tonymora.com\/de\/produkt\/0229-fantasia-club-schwarz-nobuk-bone-python-bw\/\" \/>\n<meta property=\"og:site_name\" content=\"Tony Mora\u00ae Boots Official Store\" \/>\n<meta property=\"article:publisher\" content=\"https:\/\/www.facebook.com\/Tonymoraofficial\/\" \/>\n<meta property=\"article:modified_time\" content=\"2025-08-01T07:13:41+00:00\" \/>\n<meta property=\"og:image\" content=\"https:\/\/tonymora.com\/wp-content\/uploads\/2022\/09\/8.jpg\" \/>\n\t<meta property=\"og:image:width\" content=\"866\" \/>\n\t<meta property=\"og:image:height\" content=\"1032\" \/>\n\t<meta property=\"og:image:type\" content=\"image\/jpeg\" \/>\n<meta name=\"twitter:card\" content=\"summary_large_image\" \/>\n<meta name=\"twitter:label1\" content=\"Gesch\u00e4tzte Lesezeit\" \/>\n\t<meta name=\"twitter:data1\" content=\"1\u00a0Minute\" \/>\n<script type=\"application\/ld+json\" class=\"yoast-schema-graph\">{\"@context\":\"https:\/\/schema.org\",\"@graph\":[{\"@type\":\"WebPage\",\"@id\":\"https:\/\/tonymora.com\/de\/produkt\/0229-fantasia-club-schwarz-nobuk-bone-python-bw\/\",\"url\":\"https:\/\/tonymora.com\/de\/produkt\/0229-fantasia-club-schwarz-nobuk-bone-python-bw\/\",\"name\":\"Zweifarbiger G\u00fcrtel in Beige und Schwarz mit Python-Details | Tony Mora\",\"isPartOf\":{\"@id\":\"https:\/\/tonymora.com\/de\/#website\"},\"primaryImageOfPage\":{\"@id\":\"https:\/\/tonymora.com\/de\/produkt\/0229-fantasia-club-schwarz-nobuk-bone-python-bw\/#primaryimage\"},\"image\":{\"@id\":\"https:\/\/tonymora.com\/de\/produkt\/0229-fantasia-club-schwarz-nobuk-bone-python-bw\/#primaryimage\"},\"thumbnailUrl\":\"https:\/\/tonymora.com\/wp-content\/uploads\/2022\/09\/8.jpg\",\"datePublished\":\"2024-04-22T11:53:47+00:00\",\"dateModified\":\"2025-08-01T07:13:41+00:00\",\"description\":\"Handgefertigter G\u00fcrtel aus beigefarbenem und schwarzem Rindsleder mit geflochtenen Kanten und Details aus exotischer Pythonhaut. Eleganz und Stil f\u00fcr jeden Anlass.\",\"breadcrumb\":{\"@id\":\"https:\/\/tonymora.com\/de\/produkt\/0229-fantasia-club-schwarz-nobuk-bone-python-bw\/#breadcrumb\"},\"inLanguage\":\"de\",\"potentialAction\":[{\"@type\":\"ReadAction\",\"target\":[\"https:\/\/tonymora.com\/de\/produkt\/0229-fantasia-club-schwarz-nobuk-bone-python-bw\/\"]}]},{\"@type\":\"ImageObject\",\"inLanguage\":\"de\",\"@id\":\"https:\/\/tonymora.com\/de\/produkt\/0229-fantasia-club-schwarz-nobuk-bone-python-bw\/#primaryimage\",\"url\":\"https:\/\/tonymora.com\/wp-content\/uploads\/2022\/09\/8.jpg\",\"contentUrl\":\"https:\/\/tonymora.com\/wp-content\/uploads\/2022\/09\/8.jpg\",\"width\":866,\"height\":1032,\"caption\":\"Cintur\u00f3n de doble capa de piel de vacuno beige y negra para mujer\"},{\"@type\":\"BreadcrumbList\",\"@id\":\"https:\/\/tonymora.com\/de\/produkt\/0229-fantasia-club-schwarz-nobuk-bone-python-bw\/#breadcrumb\",\"itemListElement\":[{\"@type\":\"ListItem\",\"position\":1,\"name\":\"Portada\",\"item\":\"https:\/\/tonymora.com\/de\/\"},{\"@type\":\"ListItem\",\"position\":2,\"name\":\"Shop\",\"item\":\"https:\/\/tonymora.com\/de\/shop\/\"},{\"@type\":\"ListItem\",\"position\":3,\"name\":\"Herren\",\"item\":\"https:\/\/tonymora.com\/de\/produkt-kategorie\/herren\/\"},{\"@type\":\"ListItem\",\"position\":4,\"name\":\"0229 FANTASIA CLUB SCHWARZ\/ NOBUK BONE PYTHON BW\"}]},{\"@type\":\"WebSite\",\"@id\":\"https:\/\/tonymora.com\/de\/#website\",\"url\":\"https:\/\/tonymora.com\/de\/\",\"name\":\"Tony Mora\u00ae Boots Official Store\",\"description\":\"Cowboy Boots\",\"publisher\":{\"@id\":\"https:\/\/tonymora.com\/de\/#organization\"},\"potentialAction\":[{\"@type\":\"SearchAction\",\"target\":{\"@type\":\"EntryPoint\",\"urlTemplate\":\"https:\/\/tonymora.com\/de\/?s={search_term_string}\"},\"query-input\":{\"@type\":\"PropertyValueSpecification\",\"valueRequired\":true,\"valueName\":\"search_term_string\"}}],\"inLanguage\":\"de\"},{\"@type\":\"Organization\",\"@id\":\"https:\/\/tonymora.com\/de\/#organization\",\"name\":\"Tony Mora Boots\",\"url\":\"https:\/\/tonymora.com\/de\/\",\"logo\":{\"@type\":\"ImageObject\",\"inLanguage\":\"de\",\"@id\":\"https:\/\/tonymora.com\/de\/#\/schema\/logo\/image\/\",\"url\":\"https:\/\/tonymora.com\/wp-content\/uploads\/2023\/12\/LOGO.jpg\",\"contentUrl\":\"https:\/\/tonymora.com\/wp-content\/uploads\/2023\/12\/LOGO.jpg\",\"width\":2272,\"height\":1411,\"caption\":\"Tony Mora Boots\"},\"image\":{\"@id\":\"https:\/\/tonymora.com\/de\/#\/schema\/logo\/image\/\"},\"sameAs\":[\"https:\/\/www.facebook.com\/Tonymoraofficial\/\",\"https:\/\/www.instagram.com\/tonymoraofficial\/?hl=es\"]}]}<\/script>\n<!-- \/ Yoast SEO plugin. -->","yoast_head_json":{"title":"Zweifarbiger G\u00fcrtel in Beige und Schwarz mit Python-Details | Tony Mora","description":"Handgefertigter G\u00fcrtel aus beigefarbenem und schwarzem Rindsleder mit geflochtenen Kanten und Details aus exotischer Pythonhaut. Eleganz und Stil f\u00fcr jeden Anlass.","robots":{"index":"index","follow":"follow","max-snippet":"max-snippet:-1","max-image-preview":"max-image-preview:large","max-video-preview":"max-video-preview:-1"},"canonical":"https:\/\/tonymora.com\/de\/produkt\/0229-fantasia-club-schwarz-nobuk-bone-python-bw\/","og_locale":"de_DE","og_type":"article","og_title":"Zweifarbiger G\u00fcrtel in Beige und Schwarz mit Python-Details | Tony Mora","og_description":"Handgefertigter G\u00fcrtel aus beigefarbenem und schwarzem Rindsleder mit geflochtenen Kanten und Details aus exotischer Pythonhaut. Eleganz und Stil f\u00fcr jeden Anlass.","og_url":"https:\/\/tonymora.com\/de\/produkt\/0229-fantasia-club-schwarz-nobuk-bone-python-bw\/","og_site_name":"Tony Mora\u00ae Boots Official Store","article_publisher":"https:\/\/www.facebook.com\/Tonymoraofficial\/","article_modified_time":"2025-08-01T07:13:41+00:00","og_image":[{"width":866,"height":1032,"url":"https:\/\/tonymora.com\/wp-content\/uploads\/2022\/09\/8.jpg","type":"image\/jpeg"}],"twitter_card":"summary_large_image","twitter_misc":{"Gesch\u00e4tzte Lesezeit":"1\u00a0Minute"},"schema":{"@context":"https:\/\/schema.org","@graph":[{"@type":"WebPage","@id":"https:\/\/tonymora.com\/de\/produkt\/0229-fantasia-club-schwarz-nobuk-bone-python-bw\/","url":"https:\/\/tonymora.com\/de\/produkt\/0229-fantasia-club-schwarz-nobuk-bone-python-bw\/","name":"Zweifarbiger G\u00fcrtel in Beige und Schwarz mit Python-Details | Tony Mora","isPartOf":{"@id":"https:\/\/tonymora.com\/de\/#website"},"primaryImageOfPage":{"@id":"https:\/\/tonymora.com\/de\/produkt\/0229-fantasia-club-schwarz-nobuk-bone-python-bw\/#primaryimage"},"image":{"@id":"https:\/\/tonymora.com\/de\/produkt\/0229-fantasia-club-schwarz-nobuk-bone-python-bw\/#primaryimage"},"thumbnailUrl":"https:\/\/tonymora.com\/wp-content\/uploads\/2022\/09\/8.jpg","datePublished":"2024-04-22T11:53:47+00:00","dateModified":"2025-08-01T07:13:41+00:00","description":"Handgefertigter G\u00fcrtel aus beigefarbenem und schwarzem Rindsleder mit geflochtenen Kanten und Details aus exotischer Pythonhaut. Eleganz und Stil f\u00fcr jeden Anlass.","breadcrumb":{"@id":"https:\/\/tonymora.com\/de\/produkt\/0229-fantasia-club-schwarz-nobuk-bone-python-bw\/#breadcrumb"},"inLanguage":"de","potentialAction":[{"@type":"ReadAction","target":["https:\/\/tonymora.com\/de\/produkt\/0229-fantasia-club-schwarz-nobuk-bone-python-bw\/"]}]},{"@type":"ImageObject","inLanguage":"de","@id":"https:\/\/tonymora.com\/de\/produkt\/0229-fantasia-club-schwarz-nobuk-bone-python-bw\/#primaryimage","url":"https:\/\/tonymora.com\/wp-content\/uploads\/2022\/09\/8.jpg","contentUrl":"https:\/\/tonymora.com\/wp-content\/uploads\/2022\/09\/8.jpg","width":866,"height":1032,"caption":"Cintur\u00f3n de doble capa de piel de vacuno beige y negra para mujer"},{"@type":"BreadcrumbList","@id":"https:\/\/tonymora.com\/de\/produkt\/0229-fantasia-club-schwarz-nobuk-bone-python-bw\/#breadcrumb","itemListElement":[{"@type":"ListItem","position":1,"name":"Portada","item":"https:\/\/tonymora.com\/de\/"},{"@type":"ListItem","position":2,"name":"Shop","item":"https:\/\/tonymora.com\/de\/shop\/"},{"@type":"ListItem","position":3,"name":"Herren","item":"https:\/\/tonymora.com\/de\/produkt-kategorie\/herren\/"},{"@type":"ListItem","position":4,"name":"0229 FANTASIA CLUB SCHWARZ\/ NOBUK BONE PYTHON BW"}]},{"@type":"WebSite","@id":"https:\/\/tonymora.com\/de\/#website","url":"https:\/\/tonymora.com\/de\/","name":"Tony Mora\u00ae Boots Official Store","description":"Cowboy Boots","publisher":{"@id":"https:\/\/tonymora.com\/de\/#organization"},"potentialAction":[{"@type":"SearchAction","target":{"@type":"EntryPoint","urlTemplate":"https:\/\/tonymora.com\/de\/?s={search_term_string}"},"query-input":{"@type":"PropertyValueSpecification","valueRequired":true,"valueName":"search_term_string"}}],"inLanguage":"de"},{"@type":"Organization","@id":"https:\/\/tonymora.com\/de\/#organization","name":"Tony Mora Boots","url":"https:\/\/tonymora.com\/de\/","logo":{"@type":"ImageObject","inLanguage":"de","@id":"https:\/\/tonymora.com\/de\/#\/schema\/logo\/image\/","url":"https:\/\/tonymora.com\/wp-content\/uploads\/2023\/12\/LOGO.jpg","contentUrl":"https:\/\/tonymora.com\/wp-content\/uploads\/2023\/12\/LOGO.jpg","width":2272,"height":1411,"caption":"Tony Mora Boots"},"image":{"@id":"https:\/\/tonymora.com\/de\/#\/schema\/logo\/image\/"},"sameAs":["https:\/\/www.facebook.com\/Tonymoraofficial\/","https:\/\/www.instagram.com\/tonymoraofficial\/?hl=es"]}]}},"_links":{"self":[{"href":"https:\/\/tonymora.com\/de\/wp-json\/wp\/v2\/product\/712659","targetHints":{"allow":["GET"]}}],"collection":[{"href":"https:\/\/tonymora.com\/de\/wp-json\/wp\/v2\/product"}],"about":[{"href":"https:\/\/tonymora.com\/de\/wp-json\/wp\/v2\/types\/product"}],"wp:featuredmedia":[{"embeddable":true,"href":"https:\/\/tonymora.com\/de\/wp-json\/wp\/v2\/media\/712149"}],"wp:attachment":[{"href":"https:\/\/tonymora.com\/de\/wp-json\/wp\/v2\/media?parent=712659"}],"wp:term":[{"taxonomy":"product_brand","embeddable":true,"href":"https:\/\/tonymora.com\/de\/wp-json\/wp\/v2\/product_brand?post=712659"},{"taxonomy":"product_cat","embeddable":true,"href":"https:\/\/tonymora.com\/de\/wp-json\/wp\/v2\/product_cat?post=712659"},{"taxonomy":"product_tag","embeddable":true,"href":"https:\/\/tonymora.com\/de\/wp-json\/wp\/v2\/product_tag?post=712659"}],"curies":[{"name":"wp","href":"https:\/\/api.w.org\/{rel}","templated":true}]}}