{"id":712911,"date":"2024-05-06T17:36:58","date_gmt":"2024-05-06T15:36:58","guid":{"rendered":"https:\/\/tonymora.com\/?post_type=product&#038;p=712911"},"modified":"2026-05-11T19:24:47","modified_gmt":"2026-05-11T17:24:47","slug":"2000-boto-alaro-palermo-cuero-afelpado-verde-kaki","status":"publish","type":"product","link":"https:\/\/tonymora.com\/de\/produkt\/2000-boto-alaro-palermo-cuero-afelpado-verde-kaki\/","title":{"rendered":"2000 BOTO ALARO PALERMO CUERO AFELPADO VERDE KAKI"},"content":{"rendered":"<p>Stiefel mit breiter und klassisch runder Spitze und niedrigem Absatz. In einer eleganten Farbkombination gestaltet: zuerst das Leder Palermo mit einer weichen Wachsschicht, die dem Braun ein Farbenspiel verleiht; dann khakigr\u00fcne Wildlederst\u00f6cke die mit den Texturen der Lederarten kontrastieren. Dieses Modell hat einen Rei\u00dfverschluss auf der R\u00fcckseite mit Gummizug, der das Anziehen erleichtert und sich an die Form Ihrer Beine anpasst. Jedes Detail sorgf\u00e4ltig durchdacht und ausgearbeitet, damit Sie es genie\u00dfen k\u00f6nnen.<\/p>\n","protected":false},"excerpt":{"rendered":"<p>Ein Stil, der Identit\u00e4t ausdr\u00fcckt, ohne Worte zu brauchen. Absolute Eleganz in dunkler Farbe.<br \/>\nEine Wahl, die in Erinnerung bleibt, weil sie ein so gutes Gef\u00fchl vermittelt.<\/p>\n","protected":false},"featured_media":712890,"template":"","meta":{"_mbp_gutenberg_autopost":false},"product_brand":[],"product_cat":[1174,169,167,1141,1135],"product_tag":[],"class_list":{"0":"post-712911","1":"product","2":"type-product","3":"status-publish","4":"has-post-thumbnail","6":"product_cat-black-friday-de","7":"product_cat-casual-damenstiefel","8":"product_cat-damen","9":"product_cat-lederstiefel-damen","10":"product_cat-rabatte-damenstiefel","12":"first","13":"instock","14":"taxable","15":"shipping-taxable","16":"purchasable","17":"product-type-variable"},"_links":{"self":[{"href":"https:\/\/tonymora.com\/de\/wp-json\/wp\/v2\/product\/712911","targetHints":{"allow":["GET"]}}],"collection":[{"href":"https:\/\/tonymora.com\/de\/wp-json\/wp\/v2\/product"}],"about":[{"href":"https:\/\/tonymora.com\/de\/wp-json\/wp\/v2\/types\/product"}],"wp:featuredmedia":[{"embeddable":true,"href":"https:\/\/tonymora.com\/de\/wp-json\/wp\/v2\/media\/712890"}],"wp:attachment":[{"href":"https:\/\/tonymora.com\/de\/wp-json\/wp\/v2\/media?parent=712911"}],"wp:term":[{"taxonomy":"product_brand","embeddable":true,"href":"https:\/\/tonymora.com\/de\/wp-json\/wp\/v2\/product_brand?post=712911"},{"taxonomy":"product_cat","embeddable":true,"href":"https:\/\/tonymora.com\/de\/wp-json\/wp\/v2\/product_cat?post=712911"},{"taxonomy":"product_tag","embeddable":true,"href":"https:\/\/tonymora.com\/de\/wp-json\/wp\/v2\/product_tag?post=712911"}],"curies":[{"name":"wp","href":"https:\/\/api.w.org\/{rel}","templated":true}]}}