{"id":713010,"date":"2024-05-15T17:08:59","date_gmt":"2024-05-15T15:08:59","guid":{"rendered":"https:\/\/tonymora.com\/?post_type=product&#038;p=713010"},"modified":"2026-03-13T20:53:43","modified_gmt":"2026-03-13T19:53:43","slug":"621-daslu-lini-python-hellgrau","status":"publish","type":"product","link":"https:\/\/tonymora.com\/de\/produkt\/621-daslu-lini-python-hellgrau\/","title":{"rendered":"621 DASLU LINI PYTHON HELLGRAU"},"content":{"rendered":"<p style=\"text-align: left;\">Die luxuri\u00f6seste Stiefelette von Tony Mora. Das exotische Python hellgrau, besonders strapazierf\u00e4hig und sch\u00f6n, verleiht dem Schuh eine einzigartige klassische Note verleiht, damit Sie sich ganz \u201eBesonders\u201c f\u00fchlen. Sie k\u00f6nnen sie mit all Ihren Stilen kombinieren, um sie jeden Tag oder zu einem besonderen Anlass zu tragen. Zusammen mit dem Lini-Absatz und der Goodyear-Welted-Konstruktion k\u00f6nnen Sie den Komfort und den Luxus dieser Stiefelette genie\u00dfen, wohin Sie auch gehen.<\/p>\n","protected":false},"excerpt":{"rendered":"<p>Ein Design, das vom ersten Moment an Charakter ausstrahlt. Ein Klassiker mit viel Pers\u00f6nlichkeit.<br \/>\nIdeal, um Sie vom Tag bis in die Nacht mit derselben Souver\u00e4nit\u00e4t zu begleiten.<\/p>\n","protected":false},"featured_media":713031,"template":"","meta":{"_mbp_gutenberg_autopost":false},"product_brand":[],"product_cat":[1174,167,226,224],"product_tag":[],"class_list":{"0":"post-713010","1":"product","2":"type-product","3":"status-publish","4":"has-post-thumbnail","6":"product_cat-black-friday-de","7":"product_cat-damen","8":"product_cat-damen-stiefeletten","9":"product_cat-luxusstiefel-damen","11":"first","12":"instock","13":"taxable","14":"shipping-taxable","15":"purchasable","16":"product-type-variable"},"supplier_id":null,"supplier_sku":"","barcode":null,"atum_controlled":true,"out_stock_date":null,"out_stock_threshold":null,"inheritable":true,"inbound_stock":0,"stock_on_hold":3,"sold_today":1,"sales_last_days":1,"reserved_stock":0,"customer_returns":0,"warehouse_damage":0,"lost_in_post":0,"other_logs":0,"out_stock_days":null,"lost_sales":0,"has_location":false,"update_date":"2026-04-01T20:03:21","atum_locations":[],"atum_stock_status":"instock","restock_status":false,"low_stock_amount":"","sales_update_date":"2026-03-12T13:44:04","calc_backorders":null,"yoast_head":"<!-- This site is optimized with the Yoast SEO plugin v27.2 - https:\/\/yoast.com\/product\/yoast-seo-wordpress\/ -->\n<title>Hellgraue Python-Stiefeletten f\u00fcr Damen | Echtes Leder | Tony Mora Qualit\u00e4t<\/title>\n<meta name=\"description\" content=\"Hellgraue Stiefeletten aus echtem Pythonleder f\u00fcr Damen. Elegant und bequem, handgefertigt mit dem Goodyear-Rahmensystem f\u00fcr den t\u00e4glichen Gebrauch und besondere Anl\u00e4sse.\" \/>\n<meta name=\"robots\" content=\"index, follow, max-snippet:-1, max-image-preview:large, max-video-preview:-1\" \/>\n<link rel=\"canonical\" href=\"https:\/\/tonymora.com\/de\/produkt\/621-daslu-lini-python-hellgrau\/\" \/>\n<meta property=\"og:locale\" content=\"de_DE\" \/>\n<meta property=\"og:type\" content=\"article\" \/>\n<meta property=\"og:title\" content=\"Hellgraue Python-Stiefeletten f\u00fcr Damen | Echtes Leder | Tony Mora Qualit\u00e4t\" \/>\n<meta property=\"og:description\" content=\"Hellgraue Stiefeletten aus echtem Pythonleder f\u00fcr Damen. Elegant und bequem, handgefertigt mit dem Goodyear-Rahmensystem f\u00fcr den t\u00e4glichen Gebrauch und besondere Anl\u00e4sse.\" \/>\n<meta property=\"og:url\" content=\"https:\/\/tonymora.com\/de\/produkt\/621-daslu-lini-python-hellgrau\/\" \/>\n<meta property=\"og:site_name\" content=\"Tony Mora\u00ae Boots Official Store\" \/>\n<meta property=\"article:publisher\" content=\"https:\/\/www.facebook.com\/Tonymoraofficial\/\" \/>\n<meta property=\"article:modified_time\" content=\"2026-03-13T19:53:43+00:00\" \/>\n<meta property=\"og:image\" content=\"https:\/\/tonymora.com\/wp-content\/uploads\/2024\/05\/3-3.jpg\" \/>\n\t<meta property=\"og:image:width\" content=\"866\" \/>\n\t<meta property=\"og:image:height\" content=\"1032\" \/>\n\t<meta property=\"og:image:type\" content=\"image\/jpeg\" \/>\n<meta name=\"twitter:card\" content=\"summary_large_image\" \/>\n<meta name=\"twitter:label1\" content=\"Gesch\u00e4tzte Lesezeit\" \/>\n\t<meta name=\"twitter:data1\" content=\"1\u00a0Minute\" \/>\n<script type=\"application\/ld+json\" class=\"yoast-schema-graph\">{\"@context\":\"https:\/\/schema.org\",\"@graph\":[{\"@type\":\"WebPage\",\"@id\":\"https:\/\/tonymora.com\/de\/produkt\/621-daslu-lini-python-hellgrau\/\",\"url\":\"https:\/\/tonymora.com\/de\/produkt\/621-daslu-lini-python-hellgrau\/\",\"name\":\"Hellgraue Python-Stiefeletten f\u00fcr Damen | Echtes Leder | Tony Mora Qualit\u00e4t\",\"isPartOf\":{\"@id\":\"https:\/\/tonymora.com\/de\/#website\"},\"primaryImageOfPage\":{\"@id\":\"https:\/\/tonymora.com\/de\/produkt\/621-daslu-lini-python-hellgrau\/#primaryimage\"},\"image\":{\"@id\":\"https:\/\/tonymora.com\/de\/produkt\/621-daslu-lini-python-hellgrau\/#primaryimage\"},\"thumbnailUrl\":\"https:\/\/tonymora.com\/wp-content\/uploads\/2024\/05\/3-3.jpg\",\"datePublished\":\"2024-05-15T15:08:59+00:00\",\"dateModified\":\"2026-03-13T19:53:43+00:00\",\"description\":\"Hellgraue Stiefeletten aus echtem Pythonleder f\u00fcr Damen. Elegant und bequem, handgefertigt mit dem Goodyear-Rahmensystem f\u00fcr den t\u00e4glichen Gebrauch und besondere Anl\u00e4sse.\",\"breadcrumb\":{\"@id\":\"https:\/\/tonymora.com\/de\/produkt\/621-daslu-lini-python-hellgrau\/#breadcrumb\"},\"inLanguage\":\"de\",\"potentialAction\":[{\"@type\":\"ReadAction\",\"target\":[\"https:\/\/tonymora.com\/de\/produkt\/621-daslu-lini-python-hellgrau\/\"]}]},{\"@type\":\"ImageObject\",\"inLanguage\":\"de\",\"@id\":\"https:\/\/tonymora.com\/de\/produkt\/621-daslu-lini-python-hellgrau\/#primaryimage\",\"url\":\"https:\/\/tonymora.com\/wp-content\/uploads\/2024\/05\/3-3.jpg\",\"contentUrl\":\"https:\/\/tonymora.com\/wp-content\/uploads\/2024\/05\/3-3.jpg\",\"width\":866,\"height\":1032},{\"@type\":\"BreadcrumbList\",\"@id\":\"https:\/\/tonymora.com\/de\/produkt\/621-daslu-lini-python-hellgrau\/#breadcrumb\",\"itemListElement\":[{\"@type\":\"ListItem\",\"position\":1,\"name\":\"Portada\",\"item\":\"https:\/\/tonymora.com\/de\/\"},{\"@type\":\"ListItem\",\"position\":2,\"name\":\"Shop\",\"item\":\"https:\/\/tonymora.com\/de\/shop\/\"},{\"@type\":\"ListItem\",\"position\":3,\"name\":\"Damen\",\"item\":\"https:\/\/tonymora.com\/de\/produkt-kategorie\/damen\/\"},{\"@type\":\"ListItem\",\"position\":4,\"name\":\"Exotische Stiefel Damen\",\"item\":\"https:\/\/tonymora.com\/de\/produkt-kategorie\/damen\/luxusstiefel-damen\/\"},{\"@type\":\"ListItem\",\"position\":5,\"name\":\"621 DASLU LINI PYTHON HELLGRAU\"}]},{\"@type\":\"WebSite\",\"@id\":\"https:\/\/tonymora.com\/de\/#website\",\"url\":\"https:\/\/tonymora.com\/de\/\",\"name\":\"Tony Mora\u00ae Boots Official Store\",\"description\":\"Cowboy Boots\",\"publisher\":{\"@id\":\"https:\/\/tonymora.com\/de\/#organization\"},\"potentialAction\":[{\"@type\":\"SearchAction\",\"target\":{\"@type\":\"EntryPoint\",\"urlTemplate\":\"https:\/\/tonymora.com\/de\/?s={search_term_string}\"},\"query-input\":{\"@type\":\"PropertyValueSpecification\",\"valueRequired\":true,\"valueName\":\"search_term_string\"}}],\"inLanguage\":\"de\"},{\"@type\":\"Organization\",\"@id\":\"https:\/\/tonymora.com\/de\/#organization\",\"name\":\"Tony Mora Boots\",\"url\":\"https:\/\/tonymora.com\/de\/\",\"logo\":{\"@type\":\"ImageObject\",\"inLanguage\":\"de\",\"@id\":\"https:\/\/tonymora.com\/de\/#\/schema\/logo\/image\/\",\"url\":\"https:\/\/tonymora.com\/wp-content\/uploads\/2023\/12\/LOGO.jpg\",\"contentUrl\":\"https:\/\/tonymora.com\/wp-content\/uploads\/2023\/12\/LOGO.jpg\",\"width\":2272,\"height\":1411,\"caption\":\"Tony Mora Boots\"},\"image\":{\"@id\":\"https:\/\/tonymora.com\/de\/#\/schema\/logo\/image\/\"},\"sameAs\":[\"https:\/\/www.facebook.com\/Tonymoraofficial\/\",\"https:\/\/www.instagram.com\/tonymoraofficial\/?hl=es\"]}]}<\/script>\n<!-- \/ Yoast SEO plugin. -->","yoast_head_json":{"title":"Hellgraue Python-Stiefeletten f\u00fcr Damen | Echtes Leder | Tony Mora Qualit\u00e4t","description":"Hellgraue Stiefeletten aus echtem Pythonleder f\u00fcr Damen. Elegant und bequem, handgefertigt mit dem Goodyear-Rahmensystem f\u00fcr den t\u00e4glichen Gebrauch und besondere Anl\u00e4sse.","robots":{"index":"index","follow":"follow","max-snippet":"max-snippet:-1","max-image-preview":"max-image-preview:large","max-video-preview":"max-video-preview:-1"},"canonical":"https:\/\/tonymora.com\/de\/produkt\/621-daslu-lini-python-hellgrau\/","og_locale":"de_DE","og_type":"article","og_title":"Hellgraue Python-Stiefeletten f\u00fcr Damen | Echtes Leder | Tony Mora Qualit\u00e4t","og_description":"Hellgraue Stiefeletten aus echtem Pythonleder f\u00fcr Damen. Elegant und bequem, handgefertigt mit dem Goodyear-Rahmensystem f\u00fcr den t\u00e4glichen Gebrauch und besondere Anl\u00e4sse.","og_url":"https:\/\/tonymora.com\/de\/produkt\/621-daslu-lini-python-hellgrau\/","og_site_name":"Tony Mora\u00ae Boots Official Store","article_publisher":"https:\/\/www.facebook.com\/Tonymoraofficial\/","article_modified_time":"2026-03-13T19:53:43+00:00","og_image":[{"width":866,"height":1032,"url":"https:\/\/tonymora.com\/wp-content\/uploads\/2024\/05\/3-3.jpg","type":"image\/jpeg"}],"twitter_card":"summary_large_image","twitter_misc":{"Gesch\u00e4tzte Lesezeit":"1\u00a0Minute"},"schema":{"@context":"https:\/\/schema.org","@graph":[{"@type":"WebPage","@id":"https:\/\/tonymora.com\/de\/produkt\/621-daslu-lini-python-hellgrau\/","url":"https:\/\/tonymora.com\/de\/produkt\/621-daslu-lini-python-hellgrau\/","name":"Hellgraue Python-Stiefeletten f\u00fcr Damen | Echtes Leder | Tony Mora Qualit\u00e4t","isPartOf":{"@id":"https:\/\/tonymora.com\/de\/#website"},"primaryImageOfPage":{"@id":"https:\/\/tonymora.com\/de\/produkt\/621-daslu-lini-python-hellgrau\/#primaryimage"},"image":{"@id":"https:\/\/tonymora.com\/de\/produkt\/621-daslu-lini-python-hellgrau\/#primaryimage"},"thumbnailUrl":"https:\/\/tonymora.com\/wp-content\/uploads\/2024\/05\/3-3.jpg","datePublished":"2024-05-15T15:08:59+00:00","dateModified":"2026-03-13T19:53:43+00:00","description":"Hellgraue Stiefeletten aus echtem Pythonleder f\u00fcr Damen. Elegant und bequem, handgefertigt mit dem Goodyear-Rahmensystem f\u00fcr den t\u00e4glichen Gebrauch und besondere Anl\u00e4sse.","breadcrumb":{"@id":"https:\/\/tonymora.com\/de\/produkt\/621-daslu-lini-python-hellgrau\/#breadcrumb"},"inLanguage":"de","potentialAction":[{"@type":"ReadAction","target":["https:\/\/tonymora.com\/de\/produkt\/621-daslu-lini-python-hellgrau\/"]}]},{"@type":"ImageObject","inLanguage":"de","@id":"https:\/\/tonymora.com\/de\/produkt\/621-daslu-lini-python-hellgrau\/#primaryimage","url":"https:\/\/tonymora.com\/wp-content\/uploads\/2024\/05\/3-3.jpg","contentUrl":"https:\/\/tonymora.com\/wp-content\/uploads\/2024\/05\/3-3.jpg","width":866,"height":1032},{"@type":"BreadcrumbList","@id":"https:\/\/tonymora.com\/de\/produkt\/621-daslu-lini-python-hellgrau\/#breadcrumb","itemListElement":[{"@type":"ListItem","position":1,"name":"Portada","item":"https:\/\/tonymora.com\/de\/"},{"@type":"ListItem","position":2,"name":"Shop","item":"https:\/\/tonymora.com\/de\/shop\/"},{"@type":"ListItem","position":3,"name":"Damen","item":"https:\/\/tonymora.com\/de\/produkt-kategorie\/damen\/"},{"@type":"ListItem","position":4,"name":"Exotische Stiefel Damen","item":"https:\/\/tonymora.com\/de\/produkt-kategorie\/damen\/luxusstiefel-damen\/"},{"@type":"ListItem","position":5,"name":"621 DASLU LINI PYTHON HELLGRAU"}]},{"@type":"WebSite","@id":"https:\/\/tonymora.com\/de\/#website","url":"https:\/\/tonymora.com\/de\/","name":"Tony Mora\u00ae Boots Official Store","description":"Cowboy Boots","publisher":{"@id":"https:\/\/tonymora.com\/de\/#organization"},"potentialAction":[{"@type":"SearchAction","target":{"@type":"EntryPoint","urlTemplate":"https:\/\/tonymora.com\/de\/?s={search_term_string}"},"query-input":{"@type":"PropertyValueSpecification","valueRequired":true,"valueName":"search_term_string"}}],"inLanguage":"de"},{"@type":"Organization","@id":"https:\/\/tonymora.com\/de\/#organization","name":"Tony Mora Boots","url":"https:\/\/tonymora.com\/de\/","logo":{"@type":"ImageObject","inLanguage":"de","@id":"https:\/\/tonymora.com\/de\/#\/schema\/logo\/image\/","url":"https:\/\/tonymora.com\/wp-content\/uploads\/2023\/12\/LOGO.jpg","contentUrl":"https:\/\/tonymora.com\/wp-content\/uploads\/2023\/12\/LOGO.jpg","width":2272,"height":1411,"caption":"Tony Mora Boots"},"image":{"@id":"https:\/\/tonymora.com\/de\/#\/schema\/logo\/image\/"},"sameAs":["https:\/\/www.facebook.com\/Tonymoraofficial\/","https:\/\/www.instagram.com\/tonymoraofficial\/?hl=es"]}]}},"_links":{"self":[{"href":"https:\/\/tonymora.com\/de\/wp-json\/wp\/v2\/product\/713010","targetHints":{"allow":["GET"]}}],"collection":[{"href":"https:\/\/tonymora.com\/de\/wp-json\/wp\/v2\/product"}],"about":[{"href":"https:\/\/tonymora.com\/de\/wp-json\/wp\/v2\/types\/product"}],"wp:featuredmedia":[{"embeddable":true,"href":"https:\/\/tonymora.com\/de\/wp-json\/wp\/v2\/media\/713031"}],"wp:attachment":[{"href":"https:\/\/tonymora.com\/de\/wp-json\/wp\/v2\/media?parent=713010"}],"wp:term":[{"taxonomy":"product_brand","embeddable":true,"href":"https:\/\/tonymora.com\/de\/wp-json\/wp\/v2\/product_brand?post=713010"},{"taxonomy":"product_cat","embeddable":true,"href":"https:\/\/tonymora.com\/de\/wp-json\/wp\/v2\/product_cat?post=713010"},{"taxonomy":"product_tag","embeddable":true,"href":"https:\/\/tonymora.com\/de\/wp-json\/wp\/v2\/product_tag?post=713010"}],"curies":[{"name":"wp","href":"https:\/\/api.w.org\/{rel}","templated":true}]}}