{"id":713130,"date":"2024-05-17T18:25:32","date_gmt":"2024-05-17T16:25:32","guid":{"rendered":"https:\/\/tonymora.com\/?post_type=product&#038;p=713130"},"modified":"2026-01-25T19:43:18","modified_gmt":"2026-01-25T18:43:18","slug":"621-daslu-lini-meerespython","status":"publish","type":"product","link":"https:\/\/tonymora.com\/de\/produkt\/621-daslu-lini-meerespython\/","title":{"rendered":"621 DASLU LINI MEERESPYTHON"},"content":{"rendered":"<p>Entdecken Sie ein H\u00f6chstma\u00df an Exklusivit\u00e4t mit den <strong>Damen-Cowboystiefeln Modell 621 DASLU LINI PIT\u00d3N MARINO<\/strong>, dem Inbegriff von <strong>Luxus von Tony Mora.<\/strong><\/p>\n<p>Diese imposanten Stiefel aus exotischem Leder sind aus echtem marineblauem Pythonleder gefertigt. Dieses Material ist nicht nur unglaublich strapazierf\u00e4hig und sch\u00f6n, sondern verleiht Ihnen auch einen einzigartigen, klassischen Touch, mit dem Sie sich bei jeder Gelegenheit ganz besonders f\u00fchlen werden.<\/p>\n<p>In Kombination mit ihrem eleganten Lini-Absatz und unserer renommierten <strong>Goodyear-Welted-Konstruktion<\/strong> genie\u00dfen Sie \u00fcberall h\u00f6chsten Komfort und den dauerhaften <strong>Luxus dieser Pit\u00f3n Azul-Stiefeletten.<\/strong> Die Goodyear-Welted-Konstruktion garantiert, dass diese Schuhe eine au\u00dfergew\u00f6hnlich lange Lebensdauer haben und leicht zu reparieren sind, sodass Sie eine Investition in Stil f\u00fcrs Leben t\u00e4tigen.<\/p>\n<p>Sie sind die perfekte Erg\u00e4nzung zu all Ihren Outfits und werten jeden Look auf, vom l\u00e4ssigen Alltagslook bis zum besonderen Anlass. Wenn Sie auf der Suche nach hochwertigen Stiefeletten sind, die Handwerkskunst, Exklusivit\u00e4t und den Trend zu Country-Stiefeletten vereinen, ist das Modell 621 DASLU LINI die richtige Wahl f\u00fcr Sie.<\/p>\n","protected":false},"excerpt":{"rendered":"<p>Ein Design, das vom ersten Moment an Charakter ausstrahlt. Vielseitig und leicht zu kombinieren, ohne dabei an Pers\u00f6nlichkeit einzub\u00fc\u00dfen. Ein subtiles Statement von gutem Geschmack und Selbstbewusstsein.<\/p>\n","protected":false},"featured_media":713461,"template":"","meta":{"_mbp_gutenberg_autopost":false},"product_brand":[],"product_cat":[1174,167,226,224],"product_tag":[],"class_list":{"0":"post-713130","1":"product","2":"type-product","3":"status-publish","4":"has-post-thumbnail","6":"product_cat-black-friday-de","7":"product_cat-damen","8":"product_cat-damen-stiefeletten","9":"product_cat-luxusstiefel-damen","11":"first","12":"outofstock","13":"taxable","14":"shipping-taxable","15":"product-type-variable"},"supplier_id":null,"supplier_sku":"","barcode":null,"atum_controlled":true,"out_stock_date":null,"out_stock_threshold":null,"inheritable":true,"inbound_stock":0,"stock_on_hold":6,"sold_today":3,"sales_last_days":3,"reserved_stock":0,"customer_returns":0,"warehouse_damage":0,"lost_in_post":0,"other_logs":0,"out_stock_days":null,"lost_sales":0,"has_location":false,"update_date":"2026-03-16T12:49:47","atum_locations":[],"atum_stock_status":"outofstock","restock_status":false,"low_stock_amount":"","sales_update_date":"2026-03-12T13:44:04","calc_backorders":null,"yoast_head":"<!-- This site is optimized with the Yoast SEO plugin v27.2 - https:\/\/yoast.com\/product\/yoast-seo-wordpress\/ -->\n<title>Marineblaue Python-Stiefeletten f\u00fcr Damen | Tony Mora Luxus-Exotenleder<\/title>\n<meta name=\"description\" content=\"Exklusive Stiefeletten aus exotischem Pythonleder in Marineblau. Elegantes und komfortables Design mit Goodyear-Konstruktion. Perfekt f\u00fcr jeden Anlass.\" \/>\n<meta name=\"robots\" content=\"index, follow, max-snippet:-1, max-image-preview:large, max-video-preview:-1\" \/>\n<link rel=\"canonical\" href=\"https:\/\/tonymora.com\/de\/produkt\/621-daslu-lini-meerespython\/\" \/>\n<meta property=\"og:locale\" content=\"de_DE\" \/>\n<meta property=\"og:type\" content=\"article\" \/>\n<meta property=\"og:title\" content=\"Marineblaue Python-Stiefeletten f\u00fcr Damen | Tony Mora Luxus-Exotenleder\" \/>\n<meta property=\"og:description\" content=\"Exklusive Stiefeletten aus exotischem Pythonleder in Marineblau. Elegantes und komfortables Design mit Goodyear-Konstruktion. Perfekt f\u00fcr jeden Anlass.\" \/>\n<meta property=\"og:url\" content=\"https:\/\/tonymora.com\/de\/produkt\/621-daslu-lini-meerespython\/\" \/>\n<meta property=\"og:site_name\" content=\"Tony Mora\u00ae Boots Official Store\" \/>\n<meta property=\"article:publisher\" content=\"https:\/\/www.facebook.com\/Tonymoraofficial\/\" \/>\n<meta property=\"article:modified_time\" content=\"2026-01-25T18:43:18+00:00\" \/>\n<meta property=\"og:image\" content=\"https:\/\/tonymora.com\/wp-content\/uploads\/2024\/05\/1-7.jpg\" \/>\n\t<meta property=\"og:image:width\" content=\"866\" \/>\n\t<meta property=\"og:image:height\" content=\"1032\" \/>\n\t<meta property=\"og:image:type\" content=\"image\/jpeg\" \/>\n<meta name=\"twitter:card\" content=\"summary_large_image\" \/>\n<meta name=\"twitter:label1\" content=\"Gesch\u00e4tzte Lesezeit\" \/>\n\t<meta name=\"twitter:data1\" content=\"1\u00a0Minute\" \/>\n<script type=\"application\/ld+json\" class=\"yoast-schema-graph\">{\"@context\":\"https:\/\/schema.org\",\"@graph\":[{\"@type\":\"WebPage\",\"@id\":\"https:\/\/tonymora.com\/de\/produkt\/621-daslu-lini-meerespython\/\",\"url\":\"https:\/\/tonymora.com\/de\/produkt\/621-daslu-lini-meerespython\/\",\"name\":\"Marineblaue Python-Stiefeletten f\u00fcr Damen | Tony Mora Luxus-Exotenleder\",\"isPartOf\":{\"@id\":\"https:\/\/tonymora.com\/de\/#website\"},\"primaryImageOfPage\":{\"@id\":\"https:\/\/tonymora.com\/de\/produkt\/621-daslu-lini-meerespython\/#primaryimage\"},\"image\":{\"@id\":\"https:\/\/tonymora.com\/de\/produkt\/621-daslu-lini-meerespython\/#primaryimage\"},\"thumbnailUrl\":\"https:\/\/tonymora.com\/wp-content\/uploads\/2024\/05\/1-7.jpg\",\"datePublished\":\"2024-05-17T16:25:32+00:00\",\"dateModified\":\"2026-01-25T18:43:18+00:00\",\"description\":\"Exklusive Stiefeletten aus exotischem Pythonleder in Marineblau. Elegantes und komfortables Design mit Goodyear-Konstruktion. Perfekt f\u00fcr jeden Anlass.\",\"breadcrumb\":{\"@id\":\"https:\/\/tonymora.com\/de\/produkt\/621-daslu-lini-meerespython\/#breadcrumb\"},\"inLanguage\":\"de\",\"potentialAction\":[{\"@type\":\"ReadAction\",\"target\":[\"https:\/\/tonymora.com\/de\/produkt\/621-daslu-lini-meerespython\/\"]}]},{\"@type\":\"ImageObject\",\"inLanguage\":\"de\",\"@id\":\"https:\/\/tonymora.com\/de\/produkt\/621-daslu-lini-meerespython\/#primaryimage\",\"url\":\"https:\/\/tonymora.com\/wp-content\/uploads\/2024\/05\/1-7.jpg\",\"contentUrl\":\"https:\/\/tonymora.com\/wp-content\/uploads\/2024\/05\/1-7.jpg\",\"width\":866,\"height\":1032,\"caption\":\"Botines Cowboy Pit\u00f3n Marino\"},{\"@type\":\"BreadcrumbList\",\"@id\":\"https:\/\/tonymora.com\/de\/produkt\/621-daslu-lini-meerespython\/#breadcrumb\",\"itemListElement\":[{\"@type\":\"ListItem\",\"position\":1,\"name\":\"Portada\",\"item\":\"https:\/\/tonymora.com\/de\/\"},{\"@type\":\"ListItem\",\"position\":2,\"name\":\"Shop\",\"item\":\"https:\/\/tonymora.com\/de\/shop\/\"},{\"@type\":\"ListItem\",\"position\":3,\"name\":\"Black Friday\",\"item\":\"https:\/\/tonymora.com\/de\/produkt-kategorie\/black-friday-de\/\"},{\"@type\":\"ListItem\",\"position\":4,\"name\":\"621 DASLU LINI MEERESPYTHON\"}]},{\"@type\":\"WebSite\",\"@id\":\"https:\/\/tonymora.com\/de\/#website\",\"url\":\"https:\/\/tonymora.com\/de\/\",\"name\":\"Tony Mora\u00ae Boots Official Store\",\"description\":\"Cowboy Boots\",\"publisher\":{\"@id\":\"https:\/\/tonymora.com\/de\/#organization\"},\"potentialAction\":[{\"@type\":\"SearchAction\",\"target\":{\"@type\":\"EntryPoint\",\"urlTemplate\":\"https:\/\/tonymora.com\/de\/?s={search_term_string}\"},\"query-input\":{\"@type\":\"PropertyValueSpecification\",\"valueRequired\":true,\"valueName\":\"search_term_string\"}}],\"inLanguage\":\"de\"},{\"@type\":\"Organization\",\"@id\":\"https:\/\/tonymora.com\/de\/#organization\",\"name\":\"Tony Mora Boots\",\"url\":\"https:\/\/tonymora.com\/de\/\",\"logo\":{\"@type\":\"ImageObject\",\"inLanguage\":\"de\",\"@id\":\"https:\/\/tonymora.com\/de\/#\/schema\/logo\/image\/\",\"url\":\"https:\/\/tonymora.com\/wp-content\/uploads\/2023\/12\/LOGO.jpg\",\"contentUrl\":\"https:\/\/tonymora.com\/wp-content\/uploads\/2023\/12\/LOGO.jpg\",\"width\":2272,\"height\":1411,\"caption\":\"Tony Mora Boots\"},\"image\":{\"@id\":\"https:\/\/tonymora.com\/de\/#\/schema\/logo\/image\/\"},\"sameAs\":[\"https:\/\/www.facebook.com\/Tonymoraofficial\/\",\"https:\/\/www.instagram.com\/tonymoraofficial\/?hl=es\"]}]}<\/script>\n<!-- \/ Yoast SEO plugin. -->","yoast_head_json":{"title":"Marineblaue Python-Stiefeletten f\u00fcr Damen | Tony Mora Luxus-Exotenleder","description":"Exklusive Stiefeletten aus exotischem Pythonleder in Marineblau. Elegantes und komfortables Design mit Goodyear-Konstruktion. Perfekt f\u00fcr jeden Anlass.","robots":{"index":"index","follow":"follow","max-snippet":"max-snippet:-1","max-image-preview":"max-image-preview:large","max-video-preview":"max-video-preview:-1"},"canonical":"https:\/\/tonymora.com\/de\/produkt\/621-daslu-lini-meerespython\/","og_locale":"de_DE","og_type":"article","og_title":"Marineblaue Python-Stiefeletten f\u00fcr Damen | Tony Mora Luxus-Exotenleder","og_description":"Exklusive Stiefeletten aus exotischem Pythonleder in Marineblau. Elegantes und komfortables Design mit Goodyear-Konstruktion. Perfekt f\u00fcr jeden Anlass.","og_url":"https:\/\/tonymora.com\/de\/produkt\/621-daslu-lini-meerespython\/","og_site_name":"Tony Mora\u00ae Boots Official Store","article_publisher":"https:\/\/www.facebook.com\/Tonymoraofficial\/","article_modified_time":"2026-01-25T18:43:18+00:00","og_image":[{"width":866,"height":1032,"url":"https:\/\/tonymora.com\/wp-content\/uploads\/2024\/05\/1-7.jpg","type":"image\/jpeg"}],"twitter_card":"summary_large_image","twitter_misc":{"Gesch\u00e4tzte Lesezeit":"1\u00a0Minute"},"schema":{"@context":"https:\/\/schema.org","@graph":[{"@type":"WebPage","@id":"https:\/\/tonymora.com\/de\/produkt\/621-daslu-lini-meerespython\/","url":"https:\/\/tonymora.com\/de\/produkt\/621-daslu-lini-meerespython\/","name":"Marineblaue Python-Stiefeletten f\u00fcr Damen | Tony Mora Luxus-Exotenleder","isPartOf":{"@id":"https:\/\/tonymora.com\/de\/#website"},"primaryImageOfPage":{"@id":"https:\/\/tonymora.com\/de\/produkt\/621-daslu-lini-meerespython\/#primaryimage"},"image":{"@id":"https:\/\/tonymora.com\/de\/produkt\/621-daslu-lini-meerespython\/#primaryimage"},"thumbnailUrl":"https:\/\/tonymora.com\/wp-content\/uploads\/2024\/05\/1-7.jpg","datePublished":"2024-05-17T16:25:32+00:00","dateModified":"2026-01-25T18:43:18+00:00","description":"Exklusive Stiefeletten aus exotischem Pythonleder in Marineblau. Elegantes und komfortables Design mit Goodyear-Konstruktion. Perfekt f\u00fcr jeden Anlass.","breadcrumb":{"@id":"https:\/\/tonymora.com\/de\/produkt\/621-daslu-lini-meerespython\/#breadcrumb"},"inLanguage":"de","potentialAction":[{"@type":"ReadAction","target":["https:\/\/tonymora.com\/de\/produkt\/621-daslu-lini-meerespython\/"]}]},{"@type":"ImageObject","inLanguage":"de","@id":"https:\/\/tonymora.com\/de\/produkt\/621-daslu-lini-meerespython\/#primaryimage","url":"https:\/\/tonymora.com\/wp-content\/uploads\/2024\/05\/1-7.jpg","contentUrl":"https:\/\/tonymora.com\/wp-content\/uploads\/2024\/05\/1-7.jpg","width":866,"height":1032,"caption":"Botines Cowboy Pit\u00f3n Marino"},{"@type":"BreadcrumbList","@id":"https:\/\/tonymora.com\/de\/produkt\/621-daslu-lini-meerespython\/#breadcrumb","itemListElement":[{"@type":"ListItem","position":1,"name":"Portada","item":"https:\/\/tonymora.com\/de\/"},{"@type":"ListItem","position":2,"name":"Shop","item":"https:\/\/tonymora.com\/de\/shop\/"},{"@type":"ListItem","position":3,"name":"Black Friday","item":"https:\/\/tonymora.com\/de\/produkt-kategorie\/black-friday-de\/"},{"@type":"ListItem","position":4,"name":"621 DASLU LINI MEERESPYTHON"}]},{"@type":"WebSite","@id":"https:\/\/tonymora.com\/de\/#website","url":"https:\/\/tonymora.com\/de\/","name":"Tony Mora\u00ae Boots Official Store","description":"Cowboy Boots","publisher":{"@id":"https:\/\/tonymora.com\/de\/#organization"},"potentialAction":[{"@type":"SearchAction","target":{"@type":"EntryPoint","urlTemplate":"https:\/\/tonymora.com\/de\/?s={search_term_string}"},"query-input":{"@type":"PropertyValueSpecification","valueRequired":true,"valueName":"search_term_string"}}],"inLanguage":"de"},{"@type":"Organization","@id":"https:\/\/tonymora.com\/de\/#organization","name":"Tony Mora Boots","url":"https:\/\/tonymora.com\/de\/","logo":{"@type":"ImageObject","inLanguage":"de","@id":"https:\/\/tonymora.com\/de\/#\/schema\/logo\/image\/","url":"https:\/\/tonymora.com\/wp-content\/uploads\/2023\/12\/LOGO.jpg","contentUrl":"https:\/\/tonymora.com\/wp-content\/uploads\/2023\/12\/LOGO.jpg","width":2272,"height":1411,"caption":"Tony Mora Boots"},"image":{"@id":"https:\/\/tonymora.com\/de\/#\/schema\/logo\/image\/"},"sameAs":["https:\/\/www.facebook.com\/Tonymoraofficial\/","https:\/\/www.instagram.com\/tonymoraofficial\/?hl=es"]}]}},"_links":{"self":[{"href":"https:\/\/tonymora.com\/de\/wp-json\/wp\/v2\/product\/713130","targetHints":{"allow":["GET"]}}],"collection":[{"href":"https:\/\/tonymora.com\/de\/wp-json\/wp\/v2\/product"}],"about":[{"href":"https:\/\/tonymora.com\/de\/wp-json\/wp\/v2\/types\/product"}],"wp:featuredmedia":[{"embeddable":true,"href":"https:\/\/tonymora.com\/de\/wp-json\/wp\/v2\/media\/713461"}],"wp:attachment":[{"href":"https:\/\/tonymora.com\/de\/wp-json\/wp\/v2\/media?parent=713130"}],"wp:term":[{"taxonomy":"product_brand","embeddable":true,"href":"https:\/\/tonymora.com\/de\/wp-json\/wp\/v2\/product_brand?post=713130"},{"taxonomy":"product_cat","embeddable":true,"href":"https:\/\/tonymora.com\/de\/wp-json\/wp\/v2\/product_cat?post=713130"},{"taxonomy":"product_tag","embeddable":true,"href":"https:\/\/tonymora.com\/de\/wp-json\/wp\/v2\/product_tag?post=713130"}],"curies":[{"name":"wp","href":"https:\/\/api.w.org\/{rel}","templated":true}]}}