{"id":713485,"date":"2024-05-30T11:25:32","date_gmt":"2024-05-30T09:25:32","guid":{"rendered":"https:\/\/tonymora.com\/?post_type=product&#038;p=713485"},"modified":"2025-11-25T20:44:23","modified_gmt":"2025-11-25T19:44:23","slug":"621-daslu-lini-piton-bc-claenzend-schwarz","status":"publish","type":"product","link":"https:\/\/tonymora.com\/de\/produkt\/621-daslu-lini-piton-bc-claenzend-schwarz\/","title":{"rendered":"621 DASLU LINI PITON BC GL\u00c4NZEND SCHWARZ"},"content":{"rendered":"<p style=\"text-align: left;\">Die luxuri\u00f6seste Stiefelette von Tony Mora aus gl\u00e4nzendem, schwarzem, exotischem Pythonleder, das diesem strapazierf\u00e4higen und sch\u00f6nen Leder eine einzigartige und klassische Note verleiht, damit Sie sich ganz besonders f\u00fchlen. Sie k\u00f6nnen sie mit all Ihren Stilen kombinieren, um sie jeden Tag oder zu einem besonderen Date zu tragen. Zusammen mit dem Mini-Absatz und der Goodyear-Welted-Konstruktion k\u00f6nnen Sie den Komfort und den Luxus dieser Stiefelette genie\u00dfen, wo immer Sie hingehen.<\/p>\n","protected":false},"excerpt":{"rendered":"<p>Ein St\u00fcck, das mit unaufdringlicher Selbstsicherheit besticht.<br \/>\nDer letzte Schliff, der Schlichtheit in etwas Unvergessliches verwandelt.<\/p>\n","protected":false},"featured_media":713980,"template":"","meta":{"_mbp_gutenberg_autopost":false},"product_brand":[],"product_cat":[1174,167,226,224],"product_tag":[],"class_list":{"0":"post-713485","1":"product","2":"type-product","3":"status-publish","4":"has-post-thumbnail","6":"product_cat-black-friday-de","7":"product_cat-damen","8":"product_cat-damen-stiefeletten","9":"product_cat-luxusstiefel-damen","11":"first","12":"instock","13":"taxable","14":"shipping-taxable","15":"purchasable","16":"product-type-variable"},"supplier_id":null,"supplier_sku":"","barcode":null,"atum_controlled":true,"out_stock_date":null,"out_stock_threshold":null,"inheritable":true,"inbound_stock":0,"stock_on_hold":4,"sold_today":1,"sales_last_days":1,"reserved_stock":0,"customer_returns":0,"warehouse_damage":0,"lost_in_post":0,"other_logs":0,"out_stock_days":null,"lost_sales":0,"has_location":false,"update_date":"2026-03-28T09:56:39","atum_locations":[],"atum_stock_status":"instock","restock_status":false,"low_stock_amount":"","sales_update_date":"2026-03-12T13:44:04","calc_backorders":null,"yoast_head":"<!-- This site is optimized with the Yoast SEO plugin v27.4 - https:\/\/yoast.com\/product\/yoast-seo-wordpress\/ -->\n<title>Schwarze, gl\u00e4nzende Python-Stiefeletten f\u00fcr Damen | Tony Mora<\/title>\n<meta name=\"description\" content=\"Stiefeletten aus gl\u00e4nzendem, schwarzem, exotischem Pythonleder. Elegant, bequem und einzigartig, ideal, um mit Stil aufzufallen. Tony Mora-Design mit Luxussiegel.\" \/>\n<meta name=\"robots\" content=\"index, follow, max-snippet:-1, max-image-preview:large, max-video-preview:-1\" \/>\n<link rel=\"canonical\" href=\"https:\/\/tonymora.com\/de\/produkt\/621-daslu-lini-piton-bc-claenzend-schwarz\/\" \/>\n<meta property=\"og:locale\" content=\"de_DE\" \/>\n<meta property=\"og:type\" content=\"article\" \/>\n<meta property=\"og:title\" content=\"Schwarze, gl\u00e4nzende Python-Stiefeletten f\u00fcr Damen | Tony Mora\" \/>\n<meta property=\"og:description\" content=\"Stiefeletten aus gl\u00e4nzendem, schwarzem, exotischem Pythonleder. Elegant, bequem und einzigartig, ideal, um mit Stil aufzufallen. Tony Mora-Design mit Luxussiegel.\" \/>\n<meta property=\"og:url\" content=\"https:\/\/tonymora.com\/de\/produkt\/621-daslu-lini-piton-bc-claenzend-schwarz\/\" \/>\n<meta property=\"og:site_name\" content=\"Tony Mora\u00ae Boots Official Store\" \/>\n<meta property=\"article:publisher\" content=\"https:\/\/www.facebook.com\/Tonymoraofficial\/\" \/>\n<meta property=\"article:modified_time\" content=\"2025-11-25T19:44:23+00:00\" \/>\n<meta property=\"og:image\" content=\"https:\/\/tonymora.com\/wp-content\/uploads\/2024\/05\/9-6.jpg\" \/>\n\t<meta property=\"og:image:width\" content=\"866\" \/>\n\t<meta property=\"og:image:height\" content=\"1032\" \/>\n\t<meta property=\"og:image:type\" content=\"image\/jpeg\" \/>\n<meta name=\"twitter:card\" content=\"summary_large_image\" \/>\n<meta name=\"twitter:label1\" content=\"Gesch\u00e4tzte Lesezeit\" \/>\n\t<meta name=\"twitter:data1\" content=\"1\u00a0Minute\" \/>\n<script type=\"application\/ld+json\" class=\"yoast-schema-graph\">{\"@context\":\"https:\\\/\\\/schema.org\",\"@graph\":[{\"@type\":\"WebPage\",\"@id\":\"https:\\\/\\\/tonymora.com\\\/de\\\/produkt\\\/621-daslu-lini-piton-bc-claenzend-schwarz\\\/\",\"url\":\"https:\\\/\\\/tonymora.com\\\/de\\\/produkt\\\/621-daslu-lini-piton-bc-claenzend-schwarz\\\/\",\"name\":\"Schwarze, gl\u00e4nzende Python-Stiefeletten f\u00fcr Damen | Tony Mora\",\"isPartOf\":{\"@id\":\"https:\\\/\\\/tonymora.com\\\/de\\\/#website\"},\"primaryImageOfPage\":{\"@id\":\"https:\\\/\\\/tonymora.com\\\/de\\\/produkt\\\/621-daslu-lini-piton-bc-claenzend-schwarz\\\/#primaryimage\"},\"image\":{\"@id\":\"https:\\\/\\\/tonymora.com\\\/de\\\/produkt\\\/621-daslu-lini-piton-bc-claenzend-schwarz\\\/#primaryimage\"},\"thumbnailUrl\":\"https:\\\/\\\/tonymora.com\\\/wp-content\\\/uploads\\\/2024\\\/05\\\/9-6.jpg\",\"datePublished\":\"2024-05-30T09:25:32+00:00\",\"dateModified\":\"2025-11-25T19:44:23+00:00\",\"description\":\"Stiefeletten aus gl\u00e4nzendem, schwarzem, exotischem Pythonleder. Elegant, bequem und einzigartig, ideal, um mit Stil aufzufallen. Tony Mora-Design mit Luxussiegel.\",\"breadcrumb\":{\"@id\":\"https:\\\/\\\/tonymora.com\\\/de\\\/produkt\\\/621-daslu-lini-piton-bc-claenzend-schwarz\\\/#breadcrumb\"},\"inLanguage\":\"de\",\"potentialAction\":[{\"@type\":\"ReadAction\",\"target\":[\"https:\\\/\\\/tonymora.com\\\/de\\\/produkt\\\/621-daslu-lini-piton-bc-claenzend-schwarz\\\/\"]}]},{\"@type\":\"ImageObject\",\"inLanguage\":\"de\",\"@id\":\"https:\\\/\\\/tonymora.com\\\/de\\\/produkt\\\/621-daslu-lini-piton-bc-claenzend-schwarz\\\/#primaryimage\",\"url\":\"https:\\\/\\\/tonymora.com\\\/wp-content\\\/uploads\\\/2024\\\/05\\\/9-6.jpg\",\"contentUrl\":\"https:\\\/\\\/tonymora.com\\\/wp-content\\\/uploads\\\/2024\\\/05\\\/9-6.jpg\",\"width\":866,\"height\":1032,\"caption\":\"Botines negros de pit\u00f3n brillante para mujer\"},{\"@type\":\"BreadcrumbList\",\"@id\":\"https:\\\/\\\/tonymora.com\\\/de\\\/produkt\\\/621-daslu-lini-piton-bc-claenzend-schwarz\\\/#breadcrumb\",\"itemListElement\":[{\"@type\":\"ListItem\",\"position\":1,\"name\":\"Portada\",\"item\":\"https:\\\/\\\/tonymora.com\\\/de\\\/\"},{\"@type\":\"ListItem\",\"position\":2,\"name\":\"Shop\",\"item\":\"https:\\\/\\\/tonymora.com\\\/de\\\/shop\\\/\"},{\"@type\":\"ListItem\",\"position\":3,\"name\":\"Black Friday\",\"item\":\"https:\\\/\\\/tonymora.com\\\/de\\\/produkt-kategorie\\\/black-friday-de\\\/\"},{\"@type\":\"ListItem\",\"position\":4,\"name\":\"621 DASLU LINI PITON BC GL\u00c4NZEND SCHWARZ\"}]},{\"@type\":\"WebSite\",\"@id\":\"https:\\\/\\\/tonymora.com\\\/de\\\/#website\",\"url\":\"https:\\\/\\\/tonymora.com\\\/de\\\/\",\"name\":\"Tony Mora\u00ae Boots Official Store\",\"description\":\"Cowboy Boots\",\"publisher\":{\"@id\":\"https:\\\/\\\/tonymora.com\\\/de\\\/#organization\"},\"potentialAction\":[{\"@type\":\"SearchAction\",\"target\":{\"@type\":\"EntryPoint\",\"urlTemplate\":\"https:\\\/\\\/tonymora.com\\\/de\\\/?s={search_term_string}\"},\"query-input\":{\"@type\":\"PropertyValueSpecification\",\"valueRequired\":true,\"valueName\":\"search_term_string\"}}],\"inLanguage\":\"de\"},{\"@type\":\"Organization\",\"@id\":\"https:\\\/\\\/tonymora.com\\\/de\\\/#organization\",\"name\":\"Tony Mora Boots\",\"url\":\"https:\\\/\\\/tonymora.com\\\/de\\\/\",\"logo\":{\"@type\":\"ImageObject\",\"inLanguage\":\"de\",\"@id\":\"https:\\\/\\\/tonymora.com\\\/de\\\/#\\\/schema\\\/logo\\\/image\\\/\",\"url\":\"https:\\\/\\\/tonymora.com\\\/wp-content\\\/uploads\\\/2023\\\/12\\\/LOGO.jpg\",\"contentUrl\":\"https:\\\/\\\/tonymora.com\\\/wp-content\\\/uploads\\\/2023\\\/12\\\/LOGO.jpg\",\"width\":2272,\"height\":1411,\"caption\":\"Tony Mora Boots\"},\"image\":{\"@id\":\"https:\\\/\\\/tonymora.com\\\/de\\\/#\\\/schema\\\/logo\\\/image\\\/\"},\"sameAs\":[\"https:\\\/\\\/www.facebook.com\\\/Tonymoraofficial\\\/\",\"https:\\\/\\\/www.instagram.com\\\/tonymoraofficial\\\/?hl=es\"]}]}<\/script>\n<!-- \/ Yoast SEO plugin. -->","yoast_head_json":{"title":"Schwarze, gl\u00e4nzende Python-Stiefeletten f\u00fcr Damen | Tony Mora","description":"Stiefeletten aus gl\u00e4nzendem, schwarzem, exotischem Pythonleder. Elegant, bequem und einzigartig, ideal, um mit Stil aufzufallen. Tony Mora-Design mit Luxussiegel.","robots":{"index":"index","follow":"follow","max-snippet":"max-snippet:-1","max-image-preview":"max-image-preview:large","max-video-preview":"max-video-preview:-1"},"canonical":"https:\/\/tonymora.com\/de\/produkt\/621-daslu-lini-piton-bc-claenzend-schwarz\/","og_locale":"de_DE","og_type":"article","og_title":"Schwarze, gl\u00e4nzende Python-Stiefeletten f\u00fcr Damen | Tony Mora","og_description":"Stiefeletten aus gl\u00e4nzendem, schwarzem, exotischem Pythonleder. Elegant, bequem und einzigartig, ideal, um mit Stil aufzufallen. Tony Mora-Design mit Luxussiegel.","og_url":"https:\/\/tonymora.com\/de\/produkt\/621-daslu-lini-piton-bc-claenzend-schwarz\/","og_site_name":"Tony Mora\u00ae Boots Official Store","article_publisher":"https:\/\/www.facebook.com\/Tonymoraofficial\/","article_modified_time":"2025-11-25T19:44:23+00:00","og_image":[{"width":866,"height":1032,"url":"https:\/\/tonymora.com\/wp-content\/uploads\/2024\/05\/9-6.jpg","type":"image\/jpeg"}],"twitter_card":"summary_large_image","twitter_misc":{"Gesch\u00e4tzte Lesezeit":"1\u00a0Minute"},"schema":{"@context":"https:\/\/schema.org","@graph":[{"@type":"WebPage","@id":"https:\/\/tonymora.com\/de\/produkt\/621-daslu-lini-piton-bc-claenzend-schwarz\/","url":"https:\/\/tonymora.com\/de\/produkt\/621-daslu-lini-piton-bc-claenzend-schwarz\/","name":"Schwarze, gl\u00e4nzende Python-Stiefeletten f\u00fcr Damen | Tony Mora","isPartOf":{"@id":"https:\/\/tonymora.com\/de\/#website"},"primaryImageOfPage":{"@id":"https:\/\/tonymora.com\/de\/produkt\/621-daslu-lini-piton-bc-claenzend-schwarz\/#primaryimage"},"image":{"@id":"https:\/\/tonymora.com\/de\/produkt\/621-daslu-lini-piton-bc-claenzend-schwarz\/#primaryimage"},"thumbnailUrl":"https:\/\/tonymora.com\/wp-content\/uploads\/2024\/05\/9-6.jpg","datePublished":"2024-05-30T09:25:32+00:00","dateModified":"2025-11-25T19:44:23+00:00","description":"Stiefeletten aus gl\u00e4nzendem, schwarzem, exotischem Pythonleder. Elegant, bequem und einzigartig, ideal, um mit Stil aufzufallen. Tony Mora-Design mit Luxussiegel.","breadcrumb":{"@id":"https:\/\/tonymora.com\/de\/produkt\/621-daslu-lini-piton-bc-claenzend-schwarz\/#breadcrumb"},"inLanguage":"de","potentialAction":[{"@type":"ReadAction","target":["https:\/\/tonymora.com\/de\/produkt\/621-daslu-lini-piton-bc-claenzend-schwarz\/"]}]},{"@type":"ImageObject","inLanguage":"de","@id":"https:\/\/tonymora.com\/de\/produkt\/621-daslu-lini-piton-bc-claenzend-schwarz\/#primaryimage","url":"https:\/\/tonymora.com\/wp-content\/uploads\/2024\/05\/9-6.jpg","contentUrl":"https:\/\/tonymora.com\/wp-content\/uploads\/2024\/05\/9-6.jpg","width":866,"height":1032,"caption":"Botines negros de pit\u00f3n brillante para mujer"},{"@type":"BreadcrumbList","@id":"https:\/\/tonymora.com\/de\/produkt\/621-daslu-lini-piton-bc-claenzend-schwarz\/#breadcrumb","itemListElement":[{"@type":"ListItem","position":1,"name":"Portada","item":"https:\/\/tonymora.com\/de\/"},{"@type":"ListItem","position":2,"name":"Shop","item":"https:\/\/tonymora.com\/de\/shop\/"},{"@type":"ListItem","position":3,"name":"Black Friday","item":"https:\/\/tonymora.com\/de\/produkt-kategorie\/black-friday-de\/"},{"@type":"ListItem","position":4,"name":"621 DASLU LINI PITON BC GL\u00c4NZEND SCHWARZ"}]},{"@type":"WebSite","@id":"https:\/\/tonymora.com\/de\/#website","url":"https:\/\/tonymora.com\/de\/","name":"Tony Mora\u00ae Boots Official Store","description":"Cowboy Boots","publisher":{"@id":"https:\/\/tonymora.com\/de\/#organization"},"potentialAction":[{"@type":"SearchAction","target":{"@type":"EntryPoint","urlTemplate":"https:\/\/tonymora.com\/de\/?s={search_term_string}"},"query-input":{"@type":"PropertyValueSpecification","valueRequired":true,"valueName":"search_term_string"}}],"inLanguage":"de"},{"@type":"Organization","@id":"https:\/\/tonymora.com\/de\/#organization","name":"Tony Mora Boots","url":"https:\/\/tonymora.com\/de\/","logo":{"@type":"ImageObject","inLanguage":"de","@id":"https:\/\/tonymora.com\/de\/#\/schema\/logo\/image\/","url":"https:\/\/tonymora.com\/wp-content\/uploads\/2023\/12\/LOGO.jpg","contentUrl":"https:\/\/tonymora.com\/wp-content\/uploads\/2023\/12\/LOGO.jpg","width":2272,"height":1411,"caption":"Tony Mora Boots"},"image":{"@id":"https:\/\/tonymora.com\/de\/#\/schema\/logo\/image\/"},"sameAs":["https:\/\/www.facebook.com\/Tonymoraofficial\/","https:\/\/www.instagram.com\/tonymoraofficial\/?hl=es"]}]}},"_links":{"self":[{"href":"https:\/\/tonymora.com\/de\/wp-json\/wp\/v2\/product\/713485","targetHints":{"allow":["GET"]}}],"collection":[{"href":"https:\/\/tonymora.com\/de\/wp-json\/wp\/v2\/product"}],"about":[{"href":"https:\/\/tonymora.com\/de\/wp-json\/wp\/v2\/types\/product"}],"wp:featuredmedia":[{"embeddable":true,"href":"https:\/\/tonymora.com\/de\/wp-json\/wp\/v2\/media\/713980"}],"wp:attachment":[{"href":"https:\/\/tonymora.com\/de\/wp-json\/wp\/v2\/media?parent=713485"}],"wp:term":[{"taxonomy":"product_brand","embeddable":true,"href":"https:\/\/tonymora.com\/de\/wp-json\/wp\/v2\/product_brand?post=713485"},{"taxonomy":"product_cat","embeddable":true,"href":"https:\/\/tonymora.com\/de\/wp-json\/wp\/v2\/product_cat?post=713485"},{"taxonomy":"product_tag","embeddable":true,"href":"https:\/\/tonymora.com\/de\/wp-json\/wp\/v2\/product_tag?post=713485"}],"curies":[{"name":"wp","href":"https:\/\/api.w.org\/{rel}","templated":true}]}}