{"id":713995,"date":"2024-07-05T11:39:20","date_gmt":"2024-07-05T09:39:20","guid":{"rendered":"https:\/\/tonymora.com\/?post_type=product&#038;p=713995"},"modified":"2024-10-27T18:32:55","modified_gmt":"2024-10-27T17:32:55","slug":"621-mon-paseo-florantic-fuchsia","status":"publish","type":"product","link":"https:\/\/tonymora.com\/de\/produkt\/621-mon-paseo-florantic-fuchsia\/","title":{"rendered":"621 MON PASEO FLORANTIC FUCHSIA"},"content":{"rendered":"<p>Unverwechselbare Eleganz und raffinierter Stil mit der handgefertigten Stiefelette von Tony Mora:<br \/>\nDieses exklusive Modell aus dem exotischen Leder Florantic Bordeaux zeichnet sich durch seine fuchsiafarbene F\u00e4rbung und seinen spektakul\u00e4ren Glanz aus, der nicht unbemerkt bleibt.<\/p>\n<p>Jedes Detail dieser Stiefelette spiegelt die meisterhafte Handwerkskunst von Tony Mora wider, von der Auswahl des Leders bis zur endg\u00fcltigen Konfektionierung. Der Lini-Absatz verleiht den Stiefeln einen Hauch von Raffinesse und Komfort und macht sie zu einer perfekten Wahl f\u00fcr alle, die das Traditionelle mit dem Modernen verbinden wollen.<\/p>\n","protected":false},"excerpt":{"rendered":"<p>Ein Design, das vom ersten Moment an Charakter ausstrahlt. Das Detail, das den Look unverwechselbar macht. Entworfen f\u00fcr unvergessliche Momente, nicht f\u00fcr kurzlebige Trends.<\/p>\n","protected":false},"featured_media":714040,"template":"","meta":{"_mbp_gutenberg_autopost":false},"product_brand":[],"product_cat":[167,226,224],"product_tag":[],"class_list":{"0":"post-713995","1":"product","2":"type-product","3":"status-publish","4":"has-post-thumbnail","6":"product_cat-damen","7":"product_cat-damen-stiefeletten","8":"product_cat-luxusstiefel-damen","10":"first","11":"outofstock","12":"taxable","13":"shipping-taxable","14":"product-type-variable"},"supplier_id":null,"supplier_sku":"","barcode":null,"atum_controlled":true,"out_stock_date":null,"out_stock_threshold":null,"inheritable":true,"inbound_stock":0,"stock_on_hold":0,"sold_today":0,"sales_last_days":0,"reserved_stock":0,"customer_returns":0,"warehouse_damage":0,"lost_in_post":0,"other_logs":0,"out_stock_days":null,"lost_sales":0,"has_location":false,"update_date":"2026-03-12T13:44:04","atum_locations":[],"atum_stock_status":"outofstock","restock_status":false,"low_stock_amount":"","sales_update_date":"2026-03-12T13:44:04","calc_backorders":null,"yoast_head":"<!-- This site is optimized with the Yoast SEO plugin v27.2 - https:\/\/yoast.com\/product\/yoast-seo-wordpress\/ -->\n<title>621 MON PASEO FLORANTIC FUCHSIA - Tony Mora\u00ae Boots Official Store<\/title>\n<meta name=\"description\" content=\"Die luxuri\u00f6sesten Booties von Tony Mora, entworfen mit exotischem rotem Python-Leder, die dieser strapazierf\u00e4higen und sehr sch\u00f6nen Haut.\" \/>\n<meta name=\"robots\" content=\"index, follow, max-snippet:-1, max-image-preview:large, max-video-preview:-1\" \/>\n<link rel=\"canonical\" href=\"https:\/\/tonymora.com\/de\/produkt\/621-mon-paseo-florantic-fuchsia\/\" \/>\n<meta property=\"og:locale\" content=\"de_DE\" \/>\n<meta property=\"og:type\" content=\"article\" \/>\n<meta property=\"og:title\" content=\"621 MON PASEO FLORANTIC FUCHSIA - Tony Mora\u00ae Boots Official Store\" \/>\n<meta property=\"og:description\" content=\"Die luxuri\u00f6sesten Booties von Tony Mora, entworfen mit exotischem rotem Python-Leder, die dieser strapazierf\u00e4higen und sehr sch\u00f6nen Haut.\" \/>\n<meta property=\"og:url\" content=\"https:\/\/tonymora.com\/de\/produkt\/621-mon-paseo-florantic-fuchsia\/\" \/>\n<meta property=\"og:site_name\" content=\"Tony Mora\u00ae Boots Official Store\" \/>\n<meta property=\"article:publisher\" content=\"https:\/\/www.facebook.com\/Tonymoraofficial\/\" \/>\n<meta property=\"article:modified_time\" content=\"2024-10-27T17:32:55+00:00\" \/>\n<meta property=\"og:image\" content=\"https:\/\/tonymora.com\/wp-content\/uploads\/2024\/07\/11.jpg\" \/>\n\t<meta property=\"og:image:width\" content=\"866\" \/>\n\t<meta property=\"og:image:height\" content=\"1032\" \/>\n\t<meta property=\"og:image:type\" content=\"image\/jpeg\" \/>\n<meta name=\"twitter:card\" content=\"summary_large_image\" \/>\n<meta name=\"twitter:label1\" content=\"Gesch\u00e4tzte Lesezeit\" \/>\n\t<meta name=\"twitter:data1\" content=\"1\u00a0Minute\" \/>\n<script type=\"application\/ld+json\" class=\"yoast-schema-graph\">{\"@context\":\"https:\/\/schema.org\",\"@graph\":[{\"@type\":\"WebPage\",\"@id\":\"https:\/\/tonymora.com\/de\/produkt\/621-mon-paseo-florantic-fuchsia\/\",\"url\":\"https:\/\/tonymora.com\/de\/produkt\/621-mon-paseo-florantic-fuchsia\/\",\"name\":\"621 MON PASEO FLORANTIC FUCHSIA - Tony Mora\u00ae Boots Official Store\",\"isPartOf\":{\"@id\":\"https:\/\/tonymora.com\/de\/#website\"},\"primaryImageOfPage\":{\"@id\":\"https:\/\/tonymora.com\/de\/produkt\/621-mon-paseo-florantic-fuchsia\/#primaryimage\"},\"image\":{\"@id\":\"https:\/\/tonymora.com\/de\/produkt\/621-mon-paseo-florantic-fuchsia\/#primaryimage\"},\"thumbnailUrl\":\"https:\/\/tonymora.com\/wp-content\/uploads\/2024\/07\/11.jpg\",\"datePublished\":\"2024-07-05T09:39:20+00:00\",\"dateModified\":\"2024-10-27T17:32:55+00:00\",\"description\":\"Die luxuri\u00f6sesten Booties von Tony Mora, entworfen mit exotischem rotem Python-Leder, die dieser strapazierf\u00e4higen und sehr sch\u00f6nen Haut.\",\"breadcrumb\":{\"@id\":\"https:\/\/tonymora.com\/de\/produkt\/621-mon-paseo-florantic-fuchsia\/#breadcrumb\"},\"inLanguage\":\"de\",\"potentialAction\":[{\"@type\":\"ReadAction\",\"target\":[\"https:\/\/tonymora.com\/de\/produkt\/621-mon-paseo-florantic-fuchsia\/\"]}]},{\"@type\":\"ImageObject\",\"inLanguage\":\"de\",\"@id\":\"https:\/\/tonymora.com\/de\/produkt\/621-mon-paseo-florantic-fuchsia\/#primaryimage\",\"url\":\"https:\/\/tonymora.com\/wp-content\/uploads\/2024\/07\/11.jpg\",\"contentUrl\":\"https:\/\/tonymora.com\/wp-content\/uploads\/2024\/07\/11.jpg\",\"width\":866,\"height\":1032},{\"@type\":\"BreadcrumbList\",\"@id\":\"https:\/\/tonymora.com\/de\/produkt\/621-mon-paseo-florantic-fuchsia\/#breadcrumb\",\"itemListElement\":[{\"@type\":\"ListItem\",\"position\":1,\"name\":\"Portada\",\"item\":\"https:\/\/tonymora.com\/de\/\"},{\"@type\":\"ListItem\",\"position\":2,\"name\":\"Shop\",\"item\":\"https:\/\/tonymora.com\/de\/shop\/\"},{\"@type\":\"ListItem\",\"position\":3,\"name\":\"Black Friday\",\"item\":\"https:\/\/tonymora.com\/de\/produkt-kategorie\/black-friday-de\/\"},{\"@type\":\"ListItem\",\"position\":4,\"name\":\"621 MON PASEO FLORANTIC FUCHSIA\"}]},{\"@type\":\"WebSite\",\"@id\":\"https:\/\/tonymora.com\/de\/#website\",\"url\":\"https:\/\/tonymora.com\/de\/\",\"name\":\"Tony Mora\u00ae Boots Official Store\",\"description\":\"Cowboy Boots\",\"publisher\":{\"@id\":\"https:\/\/tonymora.com\/de\/#organization\"},\"potentialAction\":[{\"@type\":\"SearchAction\",\"target\":{\"@type\":\"EntryPoint\",\"urlTemplate\":\"https:\/\/tonymora.com\/de\/?s={search_term_string}\"},\"query-input\":{\"@type\":\"PropertyValueSpecification\",\"valueRequired\":true,\"valueName\":\"search_term_string\"}}],\"inLanguage\":\"de\"},{\"@type\":\"Organization\",\"@id\":\"https:\/\/tonymora.com\/de\/#organization\",\"name\":\"Tony Mora Boots\",\"url\":\"https:\/\/tonymora.com\/de\/\",\"logo\":{\"@type\":\"ImageObject\",\"inLanguage\":\"de\",\"@id\":\"https:\/\/tonymora.com\/de\/#\/schema\/logo\/image\/\",\"url\":\"https:\/\/tonymora.com\/wp-content\/uploads\/2023\/12\/LOGO.jpg\",\"contentUrl\":\"https:\/\/tonymora.com\/wp-content\/uploads\/2023\/12\/LOGO.jpg\",\"width\":2272,\"height\":1411,\"caption\":\"Tony Mora Boots\"},\"image\":{\"@id\":\"https:\/\/tonymora.com\/de\/#\/schema\/logo\/image\/\"},\"sameAs\":[\"https:\/\/www.facebook.com\/Tonymoraofficial\/\",\"https:\/\/www.instagram.com\/tonymoraofficial\/?hl=es\"]}]}<\/script>\n<!-- \/ Yoast SEO plugin. -->","yoast_head_json":{"title":"621 MON PASEO FLORANTIC FUCHSIA - Tony Mora\u00ae Boots Official Store","description":"Die luxuri\u00f6sesten Booties von Tony Mora, entworfen mit exotischem rotem Python-Leder, die dieser strapazierf\u00e4higen und sehr sch\u00f6nen Haut.","robots":{"index":"index","follow":"follow","max-snippet":"max-snippet:-1","max-image-preview":"max-image-preview:large","max-video-preview":"max-video-preview:-1"},"canonical":"https:\/\/tonymora.com\/de\/produkt\/621-mon-paseo-florantic-fuchsia\/","og_locale":"de_DE","og_type":"article","og_title":"621 MON PASEO FLORANTIC FUCHSIA - Tony Mora\u00ae Boots Official Store","og_description":"Die luxuri\u00f6sesten Booties von Tony Mora, entworfen mit exotischem rotem Python-Leder, die dieser strapazierf\u00e4higen und sehr sch\u00f6nen Haut.","og_url":"https:\/\/tonymora.com\/de\/produkt\/621-mon-paseo-florantic-fuchsia\/","og_site_name":"Tony Mora\u00ae Boots Official Store","article_publisher":"https:\/\/www.facebook.com\/Tonymoraofficial\/","article_modified_time":"2024-10-27T17:32:55+00:00","og_image":[{"width":866,"height":1032,"url":"https:\/\/tonymora.com\/wp-content\/uploads\/2024\/07\/11.jpg","type":"image\/jpeg"}],"twitter_card":"summary_large_image","twitter_misc":{"Gesch\u00e4tzte Lesezeit":"1\u00a0Minute"},"schema":{"@context":"https:\/\/schema.org","@graph":[{"@type":"WebPage","@id":"https:\/\/tonymora.com\/de\/produkt\/621-mon-paseo-florantic-fuchsia\/","url":"https:\/\/tonymora.com\/de\/produkt\/621-mon-paseo-florantic-fuchsia\/","name":"621 MON PASEO FLORANTIC FUCHSIA - Tony Mora\u00ae Boots Official Store","isPartOf":{"@id":"https:\/\/tonymora.com\/de\/#website"},"primaryImageOfPage":{"@id":"https:\/\/tonymora.com\/de\/produkt\/621-mon-paseo-florantic-fuchsia\/#primaryimage"},"image":{"@id":"https:\/\/tonymora.com\/de\/produkt\/621-mon-paseo-florantic-fuchsia\/#primaryimage"},"thumbnailUrl":"https:\/\/tonymora.com\/wp-content\/uploads\/2024\/07\/11.jpg","datePublished":"2024-07-05T09:39:20+00:00","dateModified":"2024-10-27T17:32:55+00:00","description":"Die luxuri\u00f6sesten Booties von Tony Mora, entworfen mit exotischem rotem Python-Leder, die dieser strapazierf\u00e4higen und sehr sch\u00f6nen Haut.","breadcrumb":{"@id":"https:\/\/tonymora.com\/de\/produkt\/621-mon-paseo-florantic-fuchsia\/#breadcrumb"},"inLanguage":"de","potentialAction":[{"@type":"ReadAction","target":["https:\/\/tonymora.com\/de\/produkt\/621-mon-paseo-florantic-fuchsia\/"]}]},{"@type":"ImageObject","inLanguage":"de","@id":"https:\/\/tonymora.com\/de\/produkt\/621-mon-paseo-florantic-fuchsia\/#primaryimage","url":"https:\/\/tonymora.com\/wp-content\/uploads\/2024\/07\/11.jpg","contentUrl":"https:\/\/tonymora.com\/wp-content\/uploads\/2024\/07\/11.jpg","width":866,"height":1032},{"@type":"BreadcrumbList","@id":"https:\/\/tonymora.com\/de\/produkt\/621-mon-paseo-florantic-fuchsia\/#breadcrumb","itemListElement":[{"@type":"ListItem","position":1,"name":"Portada","item":"https:\/\/tonymora.com\/de\/"},{"@type":"ListItem","position":2,"name":"Shop","item":"https:\/\/tonymora.com\/de\/shop\/"},{"@type":"ListItem","position":3,"name":"Black Friday","item":"https:\/\/tonymora.com\/de\/produkt-kategorie\/black-friday-de\/"},{"@type":"ListItem","position":4,"name":"621 MON PASEO FLORANTIC FUCHSIA"}]},{"@type":"WebSite","@id":"https:\/\/tonymora.com\/de\/#website","url":"https:\/\/tonymora.com\/de\/","name":"Tony Mora\u00ae Boots Official Store","description":"Cowboy Boots","publisher":{"@id":"https:\/\/tonymora.com\/de\/#organization"},"potentialAction":[{"@type":"SearchAction","target":{"@type":"EntryPoint","urlTemplate":"https:\/\/tonymora.com\/de\/?s={search_term_string}"},"query-input":{"@type":"PropertyValueSpecification","valueRequired":true,"valueName":"search_term_string"}}],"inLanguage":"de"},{"@type":"Organization","@id":"https:\/\/tonymora.com\/de\/#organization","name":"Tony Mora Boots","url":"https:\/\/tonymora.com\/de\/","logo":{"@type":"ImageObject","inLanguage":"de","@id":"https:\/\/tonymora.com\/de\/#\/schema\/logo\/image\/","url":"https:\/\/tonymora.com\/wp-content\/uploads\/2023\/12\/LOGO.jpg","contentUrl":"https:\/\/tonymora.com\/wp-content\/uploads\/2023\/12\/LOGO.jpg","width":2272,"height":1411,"caption":"Tony Mora Boots"},"image":{"@id":"https:\/\/tonymora.com\/de\/#\/schema\/logo\/image\/"},"sameAs":["https:\/\/www.facebook.com\/Tonymoraofficial\/","https:\/\/www.instagram.com\/tonymoraofficial\/?hl=es"]}]}},"_links":{"self":[{"href":"https:\/\/tonymora.com\/de\/wp-json\/wp\/v2\/product\/713995","targetHints":{"allow":["GET"]}}],"collection":[{"href":"https:\/\/tonymora.com\/de\/wp-json\/wp\/v2\/product"}],"about":[{"href":"https:\/\/tonymora.com\/de\/wp-json\/wp\/v2\/types\/product"}],"wp:featuredmedia":[{"embeddable":true,"href":"https:\/\/tonymora.com\/de\/wp-json\/wp\/v2\/media\/714040"}],"wp:attachment":[{"href":"https:\/\/tonymora.com\/de\/wp-json\/wp\/v2\/media?parent=713995"}],"wp:term":[{"taxonomy":"product_brand","embeddable":true,"href":"https:\/\/tonymora.com\/de\/wp-json\/wp\/v2\/product_brand?post=713995"},{"taxonomy":"product_cat","embeddable":true,"href":"https:\/\/tonymora.com\/de\/wp-json\/wp\/v2\/product_cat?post=713995"},{"taxonomy":"product_tag","embeddable":true,"href":"https:\/\/tonymora.com\/de\/wp-json\/wp\/v2\/product_tag?post=713995"}],"curies":[{"name":"wp","href":"https:\/\/api.w.org\/{rel}","templated":true}]}}