{"id":714144,"date":"2024-07-05T16:34:18","date_gmt":"2024-07-05T14:34:18","guid":{"rendered":"https:\/\/tonymora.com\/?post_type=product&#038;p=714144"},"modified":"2026-02-02T22:34:42","modified_gmt":"2026-02-02T21:34:42","slug":"6152-skorpion-doug-alt-gefleckt","status":"publish","type":"product","link":"https:\/\/tonymora.com\/de\/produkt\/6152-skorpion-doug-alt-gefleckt\/","title":{"rendered":"6152 SKORPION DOUG\/ ALT GEFLECKT"},"content":{"rendered":"<p>Unser exklusiver, handgefertigter, mehrschichtiger Bootie aus exotischem Leder mit abgewetztem Finish f\u00fcr einen Used-Look, ideal f\u00fcr Liebhaber des Vintage-Stils. Diese Stiefelette wurde entworfen, um Antic Vintage-Looks zu unterstreichen, und verf\u00fcgt \u00fcber einen Gummizug, der das Tragen mit Skinny Jeans erleichtert.<\/p>\n<p>Die Stiefelette mit geradem Absatz und Scorpio-Zehe vereint Komfort und Stil in Perfektion. Das einzigartige Design wurde mit viel Liebe zum Detail gefertigt und richtet sich an M\u00e4nner, die ein unverwechselbares und vielseitiges Schuhwerk suchen. Die Tony Mora Stiefelette eignet sich sowohl f\u00fcr gewagte als auch f\u00fcr l\u00e4ssige Looks und ist die ultimative Wahl, um mit Eleganz und Charakter ein Statement zu setzen.<\/p>\n","protected":false},"excerpt":{"rendered":"<p>Ein Angebot mit Herz, geschaffen, um Sie aufrichtig zu begleiten. Stilvoll gestaltet, um Sie bei jedem Anlass zu begleiten. Ideal, um Sie vom Tag bis in die Nacht mit derselben Souver\u00e4nit\u00e4t zu tragen.<\/p>\n","protected":false},"featured_media":714081,"template":"","meta":{"_mbp_gutenberg_autopost":false},"product_brand":[],"product_cat":[1174,218,214,221,222],"product_tag":[],"class_list":{"0":"post-714144","1":"product","2":"type-product","3":"status-publish","4":"has-post-thumbnail","6":"product_cat-black-friday-de","7":"product_cat-luxusstiefel-herren","8":"product_cat-herren","9":"product_cat-stiefeletten-herren","10":"product_cat-schuhe-herren","12":"first","13":"outofstock","14":"taxable","15":"shipping-taxable","16":"purchasable","17":"product-type-variable"},"supplier_id":null,"supplier_sku":"","barcode":null,"atum_controlled":true,"out_stock_date":null,"out_stock_threshold":null,"inheritable":true,"inbound_stock":0,"stock_on_hold":5,"sold_today":4,"sales_last_days":4,"reserved_stock":0,"customer_returns":0,"warehouse_damage":0,"lost_in_post":0,"other_logs":0,"out_stock_days":null,"lost_sales":0,"has_location":false,"update_date":"2026-03-17T10:38:13","atum_locations":[],"atum_stock_status":"instock","restock_status":false,"low_stock_amount":"","sales_update_date":"2026-03-07T13:54:53","calc_backorders":null,"yoast_head":"<!-- This site is optimized with the Yoast SEO plugin v27.2 - https:\/\/yoast.com\/product\/yoast-seo-wordpress\/ -->\n<title>6152 SKORPION DOUG\/ ALT GEFLECKT - Tony Mora\u00ae Boots Official Store<\/title>\n<meta name=\"description\" content=\"Einer der spektakul\u00e4rsten Stiefel von Tony Mora. Entwickelt mit Fettzug schwarz, eine unserer Lieblings-Skins f\u00fcr diese Kombination aus Design und Farbe.\" \/>\n<meta name=\"robots\" content=\"index, follow, max-snippet:-1, max-image-preview:large, max-video-preview:-1\" \/>\n<link rel=\"canonical\" href=\"https:\/\/tonymora.com\/de\/produkt\/6152-skorpion-doug-alt-gefleckt\/\" \/>\n<meta property=\"og:locale\" content=\"de_DE\" \/>\n<meta property=\"og:type\" content=\"article\" \/>\n<meta property=\"og:title\" content=\"6152 SKORPION DOUG\/ ALT GEFLECKT - Tony Mora\u00ae Boots Official Store\" \/>\n<meta property=\"og:description\" content=\"Einer der spektakul\u00e4rsten Stiefel von Tony Mora. Entwickelt mit Fettzug schwarz, eine unserer Lieblings-Skins f\u00fcr diese Kombination aus Design und Farbe.\" \/>\n<meta property=\"og:url\" content=\"https:\/\/tonymora.com\/de\/produkt\/6152-skorpion-doug-alt-gefleckt\/\" \/>\n<meta property=\"og:site_name\" content=\"Tony Mora\u00ae Boots Official Store\" \/>\n<meta property=\"article:publisher\" content=\"https:\/\/www.facebook.com\/Tonymoraofficial\/\" \/>\n<meta property=\"article:modified_time\" content=\"2026-02-02T21:34:42+00:00\" \/>\n<meta property=\"og:image\" content=\"https:\/\/tonymora.com\/wp-content\/uploads\/2024\/07\/12.jpg\" \/>\n\t<meta property=\"og:image:width\" content=\"866\" \/>\n\t<meta property=\"og:image:height\" content=\"1032\" \/>\n\t<meta property=\"og:image:type\" content=\"image\/jpeg\" \/>\n<meta name=\"twitter:card\" content=\"summary_large_image\" \/>\n<meta name=\"twitter:label1\" content=\"Gesch\u00e4tzte Lesezeit\" \/>\n\t<meta name=\"twitter:data1\" content=\"1\u00a0Minute\" \/>\n<script type=\"application\/ld+json\" class=\"yoast-schema-graph\">{\"@context\":\"https:\/\/schema.org\",\"@graph\":[{\"@type\":\"WebPage\",\"@id\":\"https:\/\/tonymora.com\/de\/produkt\/6152-skorpion-doug-alt-gefleckt\/\",\"url\":\"https:\/\/tonymora.com\/de\/produkt\/6152-skorpion-doug-alt-gefleckt\/\",\"name\":\"6152 SKORPION DOUG\/ ALT GEFLECKT - Tony Mora\u00ae Boots Official Store\",\"isPartOf\":{\"@id\":\"https:\/\/tonymora.com\/de\/#website\"},\"primaryImageOfPage\":{\"@id\":\"https:\/\/tonymora.com\/de\/produkt\/6152-skorpion-doug-alt-gefleckt\/#primaryimage\"},\"image\":{\"@id\":\"https:\/\/tonymora.com\/de\/produkt\/6152-skorpion-doug-alt-gefleckt\/#primaryimage\"},\"thumbnailUrl\":\"https:\/\/tonymora.com\/wp-content\/uploads\/2024\/07\/12.jpg\",\"datePublished\":\"2024-07-05T14:34:18+00:00\",\"dateModified\":\"2026-02-02T21:34:42+00:00\",\"description\":\"Einer der spektakul\u00e4rsten Stiefel von Tony Mora. Entwickelt mit Fettzug schwarz, eine unserer Lieblings-Skins f\u00fcr diese Kombination aus Design und Farbe.\",\"breadcrumb\":{\"@id\":\"https:\/\/tonymora.com\/de\/produkt\/6152-skorpion-doug-alt-gefleckt\/#breadcrumb\"},\"inLanguage\":\"de\",\"potentialAction\":[{\"@type\":\"ReadAction\",\"target\":[\"https:\/\/tonymora.com\/de\/produkt\/6152-skorpion-doug-alt-gefleckt\/\"]}]},{\"@type\":\"ImageObject\",\"inLanguage\":\"de\",\"@id\":\"https:\/\/tonymora.com\/de\/produkt\/6152-skorpion-doug-alt-gefleckt\/#primaryimage\",\"url\":\"https:\/\/tonymora.com\/wp-content\/uploads\/2024\/07\/12.jpg\",\"contentUrl\":\"https:\/\/tonymora.com\/wp-content\/uploads\/2024\/07\/12.jpg\",\"width\":866,\"height\":1032,\"caption\":\"Bot\u00edn de piel ex\u00f3tica\"},{\"@type\":\"BreadcrumbList\",\"@id\":\"https:\/\/tonymora.com\/de\/produkt\/6152-skorpion-doug-alt-gefleckt\/#breadcrumb\",\"itemListElement\":[{\"@type\":\"ListItem\",\"position\":1,\"name\":\"Portada\",\"item\":\"https:\/\/tonymora.com\/de\/\"},{\"@type\":\"ListItem\",\"position\":2,\"name\":\"Shop\",\"item\":\"https:\/\/tonymora.com\/de\/shop\/\"},{\"@type\":\"ListItem\",\"position\":3,\"name\":\"Herren\",\"item\":\"https:\/\/tonymora.com\/de\/produkt-kategorie\/herren\/\"},{\"@type\":\"ListItem\",\"position\":4,\"name\":\"Exotische Stiefel f\u00fcr Herren\",\"item\":\"https:\/\/tonymora.com\/de\/produkt-kategorie\/herren\/luxusstiefel-herren\/\"},{\"@type\":\"ListItem\",\"position\":5,\"name\":\"6152 SKORPION DOUG\/ ALT GEFLECKT\"}]},{\"@type\":\"WebSite\",\"@id\":\"https:\/\/tonymora.com\/de\/#website\",\"url\":\"https:\/\/tonymora.com\/de\/\",\"name\":\"Tony Mora\u00ae Boots Official Store\",\"description\":\"Cowboy Boots\",\"publisher\":{\"@id\":\"https:\/\/tonymora.com\/de\/#organization\"},\"potentialAction\":[{\"@type\":\"SearchAction\",\"target\":{\"@type\":\"EntryPoint\",\"urlTemplate\":\"https:\/\/tonymora.com\/de\/?s={search_term_string}\"},\"query-input\":{\"@type\":\"PropertyValueSpecification\",\"valueRequired\":true,\"valueName\":\"search_term_string\"}}],\"inLanguage\":\"de\"},{\"@type\":\"Organization\",\"@id\":\"https:\/\/tonymora.com\/de\/#organization\",\"name\":\"Tony Mora Boots\",\"url\":\"https:\/\/tonymora.com\/de\/\",\"logo\":{\"@type\":\"ImageObject\",\"inLanguage\":\"de\",\"@id\":\"https:\/\/tonymora.com\/de\/#\/schema\/logo\/image\/\",\"url\":\"https:\/\/tonymora.com\/wp-content\/uploads\/2023\/12\/LOGO.jpg\",\"contentUrl\":\"https:\/\/tonymora.com\/wp-content\/uploads\/2023\/12\/LOGO.jpg\",\"width\":2272,\"height\":1411,\"caption\":\"Tony Mora Boots\"},\"image\":{\"@id\":\"https:\/\/tonymora.com\/de\/#\/schema\/logo\/image\/\"},\"sameAs\":[\"https:\/\/www.facebook.com\/Tonymoraofficial\/\",\"https:\/\/www.instagram.com\/tonymoraofficial\/?hl=es\"]}]}<\/script>\n<!-- \/ Yoast SEO plugin. -->","yoast_head_json":{"title":"6152 SKORPION DOUG\/ ALT GEFLECKT - Tony Mora\u00ae Boots Official Store","description":"Einer der spektakul\u00e4rsten Stiefel von Tony Mora. Entwickelt mit Fettzug schwarz, eine unserer Lieblings-Skins f\u00fcr diese Kombination aus Design und Farbe.","robots":{"index":"index","follow":"follow","max-snippet":"max-snippet:-1","max-image-preview":"max-image-preview:large","max-video-preview":"max-video-preview:-1"},"canonical":"https:\/\/tonymora.com\/de\/produkt\/6152-skorpion-doug-alt-gefleckt\/","og_locale":"de_DE","og_type":"article","og_title":"6152 SKORPION DOUG\/ ALT GEFLECKT - Tony Mora\u00ae Boots Official Store","og_description":"Einer der spektakul\u00e4rsten Stiefel von Tony Mora. Entwickelt mit Fettzug schwarz, eine unserer Lieblings-Skins f\u00fcr diese Kombination aus Design und Farbe.","og_url":"https:\/\/tonymora.com\/de\/produkt\/6152-skorpion-doug-alt-gefleckt\/","og_site_name":"Tony Mora\u00ae Boots Official Store","article_publisher":"https:\/\/www.facebook.com\/Tonymoraofficial\/","article_modified_time":"2026-02-02T21:34:42+00:00","og_image":[{"width":866,"height":1032,"url":"https:\/\/tonymora.com\/wp-content\/uploads\/2024\/07\/12.jpg","type":"image\/jpeg"}],"twitter_card":"summary_large_image","twitter_misc":{"Gesch\u00e4tzte Lesezeit":"1\u00a0Minute"},"schema":{"@context":"https:\/\/schema.org","@graph":[{"@type":"WebPage","@id":"https:\/\/tonymora.com\/de\/produkt\/6152-skorpion-doug-alt-gefleckt\/","url":"https:\/\/tonymora.com\/de\/produkt\/6152-skorpion-doug-alt-gefleckt\/","name":"6152 SKORPION DOUG\/ ALT GEFLECKT - Tony Mora\u00ae Boots Official Store","isPartOf":{"@id":"https:\/\/tonymora.com\/de\/#website"},"primaryImageOfPage":{"@id":"https:\/\/tonymora.com\/de\/produkt\/6152-skorpion-doug-alt-gefleckt\/#primaryimage"},"image":{"@id":"https:\/\/tonymora.com\/de\/produkt\/6152-skorpion-doug-alt-gefleckt\/#primaryimage"},"thumbnailUrl":"https:\/\/tonymora.com\/wp-content\/uploads\/2024\/07\/12.jpg","datePublished":"2024-07-05T14:34:18+00:00","dateModified":"2026-02-02T21:34:42+00:00","description":"Einer der spektakul\u00e4rsten Stiefel von Tony Mora. Entwickelt mit Fettzug schwarz, eine unserer Lieblings-Skins f\u00fcr diese Kombination aus Design und Farbe.","breadcrumb":{"@id":"https:\/\/tonymora.com\/de\/produkt\/6152-skorpion-doug-alt-gefleckt\/#breadcrumb"},"inLanguage":"de","potentialAction":[{"@type":"ReadAction","target":["https:\/\/tonymora.com\/de\/produkt\/6152-skorpion-doug-alt-gefleckt\/"]}]},{"@type":"ImageObject","inLanguage":"de","@id":"https:\/\/tonymora.com\/de\/produkt\/6152-skorpion-doug-alt-gefleckt\/#primaryimage","url":"https:\/\/tonymora.com\/wp-content\/uploads\/2024\/07\/12.jpg","contentUrl":"https:\/\/tonymora.com\/wp-content\/uploads\/2024\/07\/12.jpg","width":866,"height":1032,"caption":"Bot\u00edn de piel ex\u00f3tica"},{"@type":"BreadcrumbList","@id":"https:\/\/tonymora.com\/de\/produkt\/6152-skorpion-doug-alt-gefleckt\/#breadcrumb","itemListElement":[{"@type":"ListItem","position":1,"name":"Portada","item":"https:\/\/tonymora.com\/de\/"},{"@type":"ListItem","position":2,"name":"Shop","item":"https:\/\/tonymora.com\/de\/shop\/"},{"@type":"ListItem","position":3,"name":"Herren","item":"https:\/\/tonymora.com\/de\/produkt-kategorie\/herren\/"},{"@type":"ListItem","position":4,"name":"Exotische Stiefel f\u00fcr Herren","item":"https:\/\/tonymora.com\/de\/produkt-kategorie\/herren\/luxusstiefel-herren\/"},{"@type":"ListItem","position":5,"name":"6152 SKORPION DOUG\/ ALT GEFLECKT"}]},{"@type":"WebSite","@id":"https:\/\/tonymora.com\/de\/#website","url":"https:\/\/tonymora.com\/de\/","name":"Tony Mora\u00ae Boots Official Store","description":"Cowboy Boots","publisher":{"@id":"https:\/\/tonymora.com\/de\/#organization"},"potentialAction":[{"@type":"SearchAction","target":{"@type":"EntryPoint","urlTemplate":"https:\/\/tonymora.com\/de\/?s={search_term_string}"},"query-input":{"@type":"PropertyValueSpecification","valueRequired":true,"valueName":"search_term_string"}}],"inLanguage":"de"},{"@type":"Organization","@id":"https:\/\/tonymora.com\/de\/#organization","name":"Tony Mora Boots","url":"https:\/\/tonymora.com\/de\/","logo":{"@type":"ImageObject","inLanguage":"de","@id":"https:\/\/tonymora.com\/de\/#\/schema\/logo\/image\/","url":"https:\/\/tonymora.com\/wp-content\/uploads\/2023\/12\/LOGO.jpg","contentUrl":"https:\/\/tonymora.com\/wp-content\/uploads\/2023\/12\/LOGO.jpg","width":2272,"height":1411,"caption":"Tony Mora Boots"},"image":{"@id":"https:\/\/tonymora.com\/de\/#\/schema\/logo\/image\/"},"sameAs":["https:\/\/www.facebook.com\/Tonymoraofficial\/","https:\/\/www.instagram.com\/tonymoraofficial\/?hl=es"]}]}},"_links":{"self":[{"href":"https:\/\/tonymora.com\/de\/wp-json\/wp\/v2\/product\/714144","targetHints":{"allow":["GET"]}}],"collection":[{"href":"https:\/\/tonymora.com\/de\/wp-json\/wp\/v2\/product"}],"about":[{"href":"https:\/\/tonymora.com\/de\/wp-json\/wp\/v2\/types\/product"}],"wp:featuredmedia":[{"embeddable":true,"href":"https:\/\/tonymora.com\/de\/wp-json\/wp\/v2\/media\/714081"}],"wp:attachment":[{"href":"https:\/\/tonymora.com\/de\/wp-json\/wp\/v2\/media?parent=714144"}],"wp:term":[{"taxonomy":"product_brand","embeddable":true,"href":"https:\/\/tonymora.com\/de\/wp-json\/wp\/v2\/product_brand?post=714144"},{"taxonomy":"product_cat","embeddable":true,"href":"https:\/\/tonymora.com\/de\/wp-json\/wp\/v2\/product_cat?post=714144"},{"taxonomy":"product_tag","embeddable":true,"href":"https:\/\/tonymora.com\/de\/wp-json\/wp\/v2\/product_tag?post=714144"}],"curies":[{"name":"wp","href":"https:\/\/api.w.org\/{rel}","templated":true}]}}