{"id":714537,"date":"2024-07-22T12:15:17","date_gmt":"2024-07-22T10:15:17","guid":{"rendered":"https:\/\/tonymora.com\/?post_type=product&#038;p=714537"},"modified":"2025-11-10T14:56:07","modified_gmt":"2025-11-10T13:56:07","slug":"814-j-lini-piton-bc-mattschwarz-grau-spaltleder","status":"publish","type":"product","link":"https:\/\/tonymora.com\/de\/produkt\/814-j-lini-piton-bc-mattschwarz-grau-spaltleder\/","title":{"rendered":"814 J LINI PITON BC MATTSCHWARZ\/ GRAU SPALTLEDER"},"content":{"rendered":"<p>Tauchen Sie ein in die atemberaubende Welt der schwarzen Pythonstiefel, 100% exotisches und einzigartiges Leder, authentische Meisterwerke der Handwerkskunst, bei denen jedes St\u00fcck einzeln von Hand geschnitten wird. All dies kombiniert mit einem weichen und eleganten Obermaterial aus Spaltleder, das mit einem niedrigen, mit schwarzem Garn handbestickten Pythonboden kombiniert wird, der einen Hauch von unvergleichlicher Raffinesse verleiht. Im Inneren verwenden wir Kalbsleder f\u00fcr optimalen Komfort und Atmungsaktivit\u00e4t. Dieses einzigartige St\u00fcck wird mit dem &#8222;Goodyear welted&#8220;-System handgen\u00e4ht, um maximale Haltbarkeit und Qualit\u00e4t zu gew\u00e4hrleisten.<\/p>\n","protected":false},"excerpt":{"rendered":"<p>Unaufdringliche Eleganz f\u00fcr Kenner. Vielseitig und m\u00fchelos kombinierbar, ohne Ihre Pers\u00f6nlichkeit zu beeintr\u00e4chtigen.<br \/>\nEin Kleidungsst\u00fcck, das Ihre Identit\u00e4t unterstreicht und Ihnen m\u00fchelose Eleganz verleiht.<\/p>\n","protected":false},"featured_media":714797,"template":"","meta":{"_mbp_gutenberg_autopost":false},"product_brand":[],"product_cat":[169,170,167],"product_tag":[],"class_list":{"0":"post-714537","1":"product","2":"type-product","3":"status-publish","4":"has-post-thumbnail","6":"product_cat-casual-damenstiefel","7":"product_cat-cowboystiefel-damen","8":"product_cat-damen","10":"first","11":"instock","12":"taxable","13":"shipping-taxable","14":"purchasable","15":"product-type-variable"},"supplier_id":null,"supplier_sku":"","barcode":null,"atum_controlled":true,"out_stock_date":null,"out_stock_threshold":null,"inheritable":true,"inbound_stock":0,"stock_on_hold":3,"sold_today":1,"sales_last_days":3,"reserved_stock":0,"customer_returns":0,"warehouse_damage":0,"lost_in_post":0,"other_logs":0,"out_stock_days":null,"lost_sales":0,"has_location":false,"update_date":"2026-03-19T14:53:31","atum_locations":[],"atum_stock_status":"instock","restock_status":false,"low_stock_amount":"","sales_update_date":"2024-09-23T07:26:29","calc_backorders":null,"yoast_head":"<!-- This site is optimized with the Yoast SEO plugin v27.4 - https:\/\/yoast.com\/product\/yoast-seo-wordpress\/ -->\n<title>Cowboystiefel aus schwarzem Pythonleder und grauem Wildleder | Tony Mora<\/title>\n<meta name=\"description\" content=\"Cowboystiefel f\u00fcr Damen aus schwarzem Pythonleder und grauem Wildleder. Elegantes und handgefertigtes Design, handgen\u00e4ht mit Goodyear-Rahmensystem. Einzigartige Qualit\u00e4t und Besonderheit.\" \/>\n<meta name=\"robots\" content=\"index, follow, max-snippet:-1, max-image-preview:large, max-video-preview:-1\" \/>\n<link rel=\"canonical\" href=\"https:\/\/tonymora.com\/de\/produkt\/814-j-lini-piton-bc-mattschwarz-grau-spaltleder\/\" \/>\n<meta property=\"og:locale\" content=\"de_DE\" \/>\n<meta property=\"og:type\" content=\"article\" \/>\n<meta property=\"og:title\" content=\"Cowboystiefel aus schwarzem Pythonleder und grauem Wildleder | Tony Mora\" \/>\n<meta property=\"og:description\" content=\"Cowboystiefel f\u00fcr Damen aus schwarzem Pythonleder und grauem Wildleder. Elegantes und handgefertigtes Design, handgen\u00e4ht mit Goodyear-Rahmensystem. Einzigartige Qualit\u00e4t und Besonderheit.\" \/>\n<meta property=\"og:url\" content=\"https:\/\/tonymora.com\/de\/produkt\/814-j-lini-piton-bc-mattschwarz-grau-spaltleder\/\" \/>\n<meta property=\"og:site_name\" content=\"Tony Mora\u00ae Boots Official Store\" \/>\n<meta property=\"article:publisher\" content=\"https:\/\/www.facebook.com\/Tonymoraofficial\/\" \/>\n<meta property=\"article:modified_time\" content=\"2025-11-10T13:56:07+00:00\" \/>\n<meta property=\"og:image\" content=\"https:\/\/tonymora.com\/wp-content\/uploads\/2024\/07\/2-4.jpg\" \/>\n\t<meta property=\"og:image:width\" content=\"866\" \/>\n\t<meta property=\"og:image:height\" content=\"1032\" \/>\n\t<meta property=\"og:image:type\" content=\"image\/jpeg\" \/>\n<meta name=\"twitter:card\" content=\"summary_large_image\" \/>\n<meta name=\"twitter:label1\" content=\"Gesch\u00e4tzte Lesezeit\" \/>\n\t<meta name=\"twitter:data1\" content=\"1\u00a0Minute\" \/>\n<script type=\"application\/ld+json\" class=\"yoast-schema-graph\">{\"@context\":\"https:\\\/\\\/schema.org\",\"@graph\":[{\"@type\":\"WebPage\",\"@id\":\"https:\\\/\\\/tonymora.com\\\/de\\\/produkt\\\/814-j-lini-piton-bc-mattschwarz-grau-spaltleder\\\/\",\"url\":\"https:\\\/\\\/tonymora.com\\\/de\\\/produkt\\\/814-j-lini-piton-bc-mattschwarz-grau-spaltleder\\\/\",\"name\":\"Cowboystiefel aus schwarzem Pythonleder und grauem Wildleder | Tony Mora\",\"isPartOf\":{\"@id\":\"https:\\\/\\\/tonymora.com\\\/de\\\/#website\"},\"primaryImageOfPage\":{\"@id\":\"https:\\\/\\\/tonymora.com\\\/de\\\/produkt\\\/814-j-lini-piton-bc-mattschwarz-grau-spaltleder\\\/#primaryimage\"},\"image\":{\"@id\":\"https:\\\/\\\/tonymora.com\\\/de\\\/produkt\\\/814-j-lini-piton-bc-mattschwarz-grau-spaltleder\\\/#primaryimage\"},\"thumbnailUrl\":\"https:\\\/\\\/tonymora.com\\\/wp-content\\\/uploads\\\/2024\\\/07\\\/2-4.jpg\",\"datePublished\":\"2024-07-22T10:15:17+00:00\",\"dateModified\":\"2025-11-10T13:56:07+00:00\",\"description\":\"Cowboystiefel f\u00fcr Damen aus schwarzem Pythonleder und grauem Wildleder. Elegantes und handgefertigtes Design, handgen\u00e4ht mit Goodyear-Rahmensystem. Einzigartige Qualit\u00e4t und Besonderheit.\",\"breadcrumb\":{\"@id\":\"https:\\\/\\\/tonymora.com\\\/de\\\/produkt\\\/814-j-lini-piton-bc-mattschwarz-grau-spaltleder\\\/#breadcrumb\"},\"inLanguage\":\"de\",\"potentialAction\":[{\"@type\":\"ReadAction\",\"target\":[\"https:\\\/\\\/tonymora.com\\\/de\\\/produkt\\\/814-j-lini-piton-bc-mattschwarz-grau-spaltleder\\\/\"]}]},{\"@type\":\"ImageObject\",\"inLanguage\":\"de\",\"@id\":\"https:\\\/\\\/tonymora.com\\\/de\\\/produkt\\\/814-j-lini-piton-bc-mattschwarz-grau-spaltleder\\\/#primaryimage\",\"url\":\"https:\\\/\\\/tonymora.com\\\/wp-content\\\/uploads\\\/2024\\\/07\\\/2-4.jpg\",\"contentUrl\":\"https:\\\/\\\/tonymora.com\\\/wp-content\\\/uploads\\\/2024\\\/07\\\/2-4.jpg\",\"width\":866,\"height\":1032,\"caption\":\"Botas cowboy negras de pit\u00f3n para mujer\"},{\"@type\":\"BreadcrumbList\",\"@id\":\"https:\\\/\\\/tonymora.com\\\/de\\\/produkt\\\/814-j-lini-piton-bc-mattschwarz-grau-spaltleder\\\/#breadcrumb\",\"itemListElement\":[{\"@type\":\"ListItem\",\"position\":1,\"name\":\"Portada\",\"item\":\"https:\\\/\\\/tonymora.com\\\/de\\\/\"},{\"@type\":\"ListItem\",\"position\":2,\"name\":\"Shop\",\"item\":\"https:\\\/\\\/tonymora.com\\\/de\\\/shop\\\/\"},{\"@type\":\"ListItem\",\"position\":3,\"name\":\"Damen\",\"item\":\"https:\\\/\\\/tonymora.com\\\/de\\\/produkt-kategorie\\\/damen\\\/\"},{\"@type\":\"ListItem\",\"position\":4,\"name\":\"814 J LINI PITON BC MATTSCHWARZ\\\/ GRAU SPALTLEDER\"}]},{\"@type\":\"WebSite\",\"@id\":\"https:\\\/\\\/tonymora.com\\\/de\\\/#website\",\"url\":\"https:\\\/\\\/tonymora.com\\\/de\\\/\",\"name\":\"Tony Mora\u00ae Boots Official Store\",\"description\":\"Cowboy Boots\",\"publisher\":{\"@id\":\"https:\\\/\\\/tonymora.com\\\/de\\\/#organization\"},\"potentialAction\":[{\"@type\":\"SearchAction\",\"target\":{\"@type\":\"EntryPoint\",\"urlTemplate\":\"https:\\\/\\\/tonymora.com\\\/de\\\/?s={search_term_string}\"},\"query-input\":{\"@type\":\"PropertyValueSpecification\",\"valueRequired\":true,\"valueName\":\"search_term_string\"}}],\"inLanguage\":\"de\"},{\"@type\":\"Organization\",\"@id\":\"https:\\\/\\\/tonymora.com\\\/de\\\/#organization\",\"name\":\"Tony Mora Boots\",\"url\":\"https:\\\/\\\/tonymora.com\\\/de\\\/\",\"logo\":{\"@type\":\"ImageObject\",\"inLanguage\":\"de\",\"@id\":\"https:\\\/\\\/tonymora.com\\\/de\\\/#\\\/schema\\\/logo\\\/image\\\/\",\"url\":\"https:\\\/\\\/tonymora.com\\\/wp-content\\\/uploads\\\/2023\\\/12\\\/LOGO.jpg\",\"contentUrl\":\"https:\\\/\\\/tonymora.com\\\/wp-content\\\/uploads\\\/2023\\\/12\\\/LOGO.jpg\",\"width\":2272,\"height\":1411,\"caption\":\"Tony Mora Boots\"},\"image\":{\"@id\":\"https:\\\/\\\/tonymora.com\\\/de\\\/#\\\/schema\\\/logo\\\/image\\\/\"},\"sameAs\":[\"https:\\\/\\\/www.facebook.com\\\/Tonymoraofficial\\\/\",\"https:\\\/\\\/www.instagram.com\\\/tonymoraofficial\\\/?hl=es\"]}]}<\/script>\n<!-- \/ Yoast SEO plugin. -->","yoast_head_json":{"title":"Cowboystiefel aus schwarzem Pythonleder und grauem Wildleder | Tony Mora","description":"Cowboystiefel f\u00fcr Damen aus schwarzem Pythonleder und grauem Wildleder. Elegantes und handgefertigtes Design, handgen\u00e4ht mit Goodyear-Rahmensystem. Einzigartige Qualit\u00e4t und Besonderheit.","robots":{"index":"index","follow":"follow","max-snippet":"max-snippet:-1","max-image-preview":"max-image-preview:large","max-video-preview":"max-video-preview:-1"},"canonical":"https:\/\/tonymora.com\/de\/produkt\/814-j-lini-piton-bc-mattschwarz-grau-spaltleder\/","og_locale":"de_DE","og_type":"article","og_title":"Cowboystiefel aus schwarzem Pythonleder und grauem Wildleder | Tony Mora","og_description":"Cowboystiefel f\u00fcr Damen aus schwarzem Pythonleder und grauem Wildleder. Elegantes und handgefertigtes Design, handgen\u00e4ht mit Goodyear-Rahmensystem. Einzigartige Qualit\u00e4t und Besonderheit.","og_url":"https:\/\/tonymora.com\/de\/produkt\/814-j-lini-piton-bc-mattschwarz-grau-spaltleder\/","og_site_name":"Tony Mora\u00ae Boots Official Store","article_publisher":"https:\/\/www.facebook.com\/Tonymoraofficial\/","article_modified_time":"2025-11-10T13:56:07+00:00","og_image":[{"width":866,"height":1032,"url":"https:\/\/tonymora.com\/wp-content\/uploads\/2024\/07\/2-4.jpg","type":"image\/jpeg"}],"twitter_card":"summary_large_image","twitter_misc":{"Gesch\u00e4tzte Lesezeit":"1\u00a0Minute"},"schema":{"@context":"https:\/\/schema.org","@graph":[{"@type":"WebPage","@id":"https:\/\/tonymora.com\/de\/produkt\/814-j-lini-piton-bc-mattschwarz-grau-spaltleder\/","url":"https:\/\/tonymora.com\/de\/produkt\/814-j-lini-piton-bc-mattschwarz-grau-spaltleder\/","name":"Cowboystiefel aus schwarzem Pythonleder und grauem Wildleder | Tony Mora","isPartOf":{"@id":"https:\/\/tonymora.com\/de\/#website"},"primaryImageOfPage":{"@id":"https:\/\/tonymora.com\/de\/produkt\/814-j-lini-piton-bc-mattschwarz-grau-spaltleder\/#primaryimage"},"image":{"@id":"https:\/\/tonymora.com\/de\/produkt\/814-j-lini-piton-bc-mattschwarz-grau-spaltleder\/#primaryimage"},"thumbnailUrl":"https:\/\/tonymora.com\/wp-content\/uploads\/2024\/07\/2-4.jpg","datePublished":"2024-07-22T10:15:17+00:00","dateModified":"2025-11-10T13:56:07+00:00","description":"Cowboystiefel f\u00fcr Damen aus schwarzem Pythonleder und grauem Wildleder. Elegantes und handgefertigtes Design, handgen\u00e4ht mit Goodyear-Rahmensystem. Einzigartige Qualit\u00e4t und Besonderheit.","breadcrumb":{"@id":"https:\/\/tonymora.com\/de\/produkt\/814-j-lini-piton-bc-mattschwarz-grau-spaltleder\/#breadcrumb"},"inLanguage":"de","potentialAction":[{"@type":"ReadAction","target":["https:\/\/tonymora.com\/de\/produkt\/814-j-lini-piton-bc-mattschwarz-grau-spaltleder\/"]}]},{"@type":"ImageObject","inLanguage":"de","@id":"https:\/\/tonymora.com\/de\/produkt\/814-j-lini-piton-bc-mattschwarz-grau-spaltleder\/#primaryimage","url":"https:\/\/tonymora.com\/wp-content\/uploads\/2024\/07\/2-4.jpg","contentUrl":"https:\/\/tonymora.com\/wp-content\/uploads\/2024\/07\/2-4.jpg","width":866,"height":1032,"caption":"Botas cowboy negras de pit\u00f3n para mujer"},{"@type":"BreadcrumbList","@id":"https:\/\/tonymora.com\/de\/produkt\/814-j-lini-piton-bc-mattschwarz-grau-spaltleder\/#breadcrumb","itemListElement":[{"@type":"ListItem","position":1,"name":"Portada","item":"https:\/\/tonymora.com\/de\/"},{"@type":"ListItem","position":2,"name":"Shop","item":"https:\/\/tonymora.com\/de\/shop\/"},{"@type":"ListItem","position":3,"name":"Damen","item":"https:\/\/tonymora.com\/de\/produkt-kategorie\/damen\/"},{"@type":"ListItem","position":4,"name":"814 J LINI PITON BC MATTSCHWARZ\/ GRAU SPALTLEDER"}]},{"@type":"WebSite","@id":"https:\/\/tonymora.com\/de\/#website","url":"https:\/\/tonymora.com\/de\/","name":"Tony Mora\u00ae Boots Official Store","description":"Cowboy Boots","publisher":{"@id":"https:\/\/tonymora.com\/de\/#organization"},"potentialAction":[{"@type":"SearchAction","target":{"@type":"EntryPoint","urlTemplate":"https:\/\/tonymora.com\/de\/?s={search_term_string}"},"query-input":{"@type":"PropertyValueSpecification","valueRequired":true,"valueName":"search_term_string"}}],"inLanguage":"de"},{"@type":"Organization","@id":"https:\/\/tonymora.com\/de\/#organization","name":"Tony Mora Boots","url":"https:\/\/tonymora.com\/de\/","logo":{"@type":"ImageObject","inLanguage":"de","@id":"https:\/\/tonymora.com\/de\/#\/schema\/logo\/image\/","url":"https:\/\/tonymora.com\/wp-content\/uploads\/2023\/12\/LOGO.jpg","contentUrl":"https:\/\/tonymora.com\/wp-content\/uploads\/2023\/12\/LOGO.jpg","width":2272,"height":1411,"caption":"Tony Mora Boots"},"image":{"@id":"https:\/\/tonymora.com\/de\/#\/schema\/logo\/image\/"},"sameAs":["https:\/\/www.facebook.com\/Tonymoraofficial\/","https:\/\/www.instagram.com\/tonymoraofficial\/?hl=es"]}]}},"_links":{"self":[{"href":"https:\/\/tonymora.com\/de\/wp-json\/wp\/v2\/product\/714537","targetHints":{"allow":["GET"]}}],"collection":[{"href":"https:\/\/tonymora.com\/de\/wp-json\/wp\/v2\/product"}],"about":[{"href":"https:\/\/tonymora.com\/de\/wp-json\/wp\/v2\/types\/product"}],"wp:featuredmedia":[{"embeddable":true,"href":"https:\/\/tonymora.com\/de\/wp-json\/wp\/v2\/media\/714797"}],"wp:attachment":[{"href":"https:\/\/tonymora.com\/de\/wp-json\/wp\/v2\/media?parent=714537"}],"wp:term":[{"taxonomy":"product_brand","embeddable":true,"href":"https:\/\/tonymora.com\/de\/wp-json\/wp\/v2\/product_brand?post=714537"},{"taxonomy":"product_cat","embeddable":true,"href":"https:\/\/tonymora.com\/de\/wp-json\/wp\/v2\/product_cat?post=714537"},{"taxonomy":"product_tag","embeddable":true,"href":"https:\/\/tonymora.com\/de\/wp-json\/wp\/v2\/product_tag?post=714537"}],"curies":[{"name":"wp","href":"https:\/\/api.w.org\/{rel}","templated":true}]}}