{"id":715118,"date":"2024-09-03T13:17:37","date_gmt":"2024-09-03T11:17:37","guid":{"rendered":"https:\/\/tonymora.com\/?post_type=product&#038;p=715118"},"modified":"2025-08-01T09:13:29","modified_gmt":"2025-08-01T07:13:29","slug":"11261-braune-iguana","status":"publish","type":"product","link":"https:\/\/tonymora.com\/de\/produkt\/11261-braune-iguana\/","title":{"rendered":"11261 BRAUNE IGUANA"},"content":{"rendered":"<p class=\"p1\">Der braune G\u00fcrtel aus Iguana-Leder ist ein St\u00fcck, das die Farbtiefe mit der Einzigartigkeit seiner exotischen Textur vereint. Dieser G\u00fcrtel ist ideal f\u00fcr diejenigen, die ein Accessoire suchen, das ihren Geschmack f\u00fcr Qualit\u00e4t und einzigartigen Stil widerspiegelt. Perfekt, um jeden Look zu erg\u00e4nzen, verleiht dieser G\u00fcrtel einen Hauch von Raffinesse und Charakter.<\/p>\n<p>Wir garantieren, dass dieser Artikel aus echten, sorgf\u00e4ltig ausgew\u00e4hlten Eidechsenh\u00e4uten gefertigt und handgearbeitet ist.<\/p>\n","protected":false},"excerpt":{"rendered":"<p>Unaufdringliche Eleganz f\u00fcr Kenner. Ein Klassiker mit viel Pers\u00f6nlichkeit.<br \/>\nEin subtiles Statement von gutem Geschmack und Selbstbewusstsein.<\/p>\n","protected":false},"featured_media":716417,"template":"","meta":{"_mbp_gutenberg_autopost":false},"product_brand":[],"product_cat":[1174,214,1157],"product_tag":[],"class_list":{"0":"post-715118","1":"product","2":"type-product","3":"status-publish","4":"has-post-thumbnail","6":"product_cat-black-friday-de","7":"product_cat-herren","8":"product_cat-lederguertel-fuer-herren","10":"first","11":"outofstock","12":"taxable","13":"shipping-taxable","14":"purchasable","15":"product-type-variable"},"supplier_id":null,"supplier_sku":"","barcode":null,"atum_controlled":true,"out_stock_date":null,"out_stock_threshold":null,"inheritable":true,"inbound_stock":0,"stock_on_hold":2,"sold_today":1,"sales_last_days":1,"reserved_stock":0,"customer_returns":0,"warehouse_damage":0,"lost_in_post":0,"other_logs":0,"out_stock_days":null,"lost_sales":0,"has_location":false,"update_date":"2026-03-07T13:54:53","atum_locations":[],"atum_stock_status":"instock","restock_status":false,"low_stock_amount":"","sales_update_date":"2026-03-07T13:54:53","calc_backorders":null,"yoast_head":"<!-- This site is optimized with the Yoast SEO plugin v27.4 - https:\/\/yoast.com\/product\/yoast-seo-wordpress\/ -->\n<title>Handgefertigter G\u00fcrtel aus braunem Leguanfell | Tony Mora<\/title>\n<meta name=\"description\" content=\"Brauner G\u00fcrtel aus echter Leguanhaut mit exotischer und eleganter Textur. Handgefertigt, raffiniert und perfekt f\u00fcr einen einzigartigen Look mit Charakter.\" \/>\n<meta name=\"robots\" content=\"index, follow, max-snippet:-1, max-image-preview:large, max-video-preview:-1\" \/>\n<link rel=\"canonical\" href=\"https:\/\/tonymora.com\/de\/produkt\/11261-braune-iguana\/\" \/>\n<meta property=\"og:locale\" content=\"de_DE\" \/>\n<meta property=\"og:type\" content=\"article\" \/>\n<meta property=\"og:title\" content=\"Handgefertigter G\u00fcrtel aus braunem Leguanfell | Tony Mora\" \/>\n<meta property=\"og:description\" content=\"Brauner G\u00fcrtel aus echter Leguanhaut mit exotischer und eleganter Textur. Handgefertigt, raffiniert und perfekt f\u00fcr einen einzigartigen Look mit Charakter.\" \/>\n<meta property=\"og:url\" content=\"https:\/\/tonymora.com\/de\/produkt\/11261-braune-iguana\/\" \/>\n<meta property=\"og:site_name\" content=\"Tony Mora\u00ae Boots Official Store\" \/>\n<meta property=\"article:publisher\" content=\"https:\/\/www.facebook.com\/Tonymoraofficial\/\" \/>\n<meta property=\"article:modified_time\" content=\"2025-08-01T07:13:29+00:00\" \/>\n<meta property=\"og:image\" content=\"https:\/\/tonymora.com\/wp-content\/uploads\/2024\/09\/5-6.jpg\" \/>\n\t<meta property=\"og:image:width\" content=\"866\" \/>\n\t<meta property=\"og:image:height\" content=\"1032\" \/>\n\t<meta property=\"og:image:type\" content=\"image\/jpeg\" \/>\n<meta name=\"twitter:card\" content=\"summary_large_image\" \/>\n<meta name=\"twitter:label1\" content=\"Gesch\u00e4tzte Lesezeit\" \/>\n\t<meta name=\"twitter:data1\" content=\"1\u00a0Minute\" \/>\n<script type=\"application\/ld+json\" class=\"yoast-schema-graph\">{\"@context\":\"https:\\\/\\\/schema.org\",\"@graph\":[{\"@type\":\"WebPage\",\"@id\":\"https:\\\/\\\/tonymora.com\\\/de\\\/produkt\\\/11261-braune-iguana\\\/\",\"url\":\"https:\\\/\\\/tonymora.com\\\/de\\\/produkt\\\/11261-braune-iguana\\\/\",\"name\":\"Handgefertigter G\u00fcrtel aus braunem Leguanfell | Tony Mora\",\"isPartOf\":{\"@id\":\"https:\\\/\\\/tonymora.com\\\/de\\\/#website\"},\"primaryImageOfPage\":{\"@id\":\"https:\\\/\\\/tonymora.com\\\/de\\\/produkt\\\/11261-braune-iguana\\\/#primaryimage\"},\"image\":{\"@id\":\"https:\\\/\\\/tonymora.com\\\/de\\\/produkt\\\/11261-braune-iguana\\\/#primaryimage\"},\"thumbnailUrl\":\"https:\\\/\\\/tonymora.com\\\/wp-content\\\/uploads\\\/2024\\\/09\\\/5-6.jpg\",\"datePublished\":\"2024-09-03T11:17:37+00:00\",\"dateModified\":\"2025-08-01T07:13:29+00:00\",\"description\":\"Brauner G\u00fcrtel aus echter Leguanhaut mit exotischer und eleganter Textur. Handgefertigt, raffiniert und perfekt f\u00fcr einen einzigartigen Look mit Charakter.\",\"breadcrumb\":{\"@id\":\"https:\\\/\\\/tonymora.com\\\/de\\\/produkt\\\/11261-braune-iguana\\\/#breadcrumb\"},\"inLanguage\":\"de\",\"potentialAction\":[{\"@type\":\"ReadAction\",\"target\":[\"https:\\\/\\\/tonymora.com\\\/de\\\/produkt\\\/11261-braune-iguana\\\/\"]}]},{\"@type\":\"ImageObject\",\"inLanguage\":\"de\",\"@id\":\"https:\\\/\\\/tonymora.com\\\/de\\\/produkt\\\/11261-braune-iguana\\\/#primaryimage\",\"url\":\"https:\\\/\\\/tonymora.com\\\/wp-content\\\/uploads\\\/2024\\\/09\\\/5-6.jpg\",\"contentUrl\":\"https:\\\/\\\/tonymora.com\\\/wp-content\\\/uploads\\\/2024\\\/09\\\/5-6.jpg\",\"width\":866,\"height\":1032,\"caption\":\"Cintur\u00f3n marr\u00f3n de piel de iguana aut\u00e9ntica\"},{\"@type\":\"BreadcrumbList\",\"@id\":\"https:\\\/\\\/tonymora.com\\\/de\\\/produkt\\\/11261-braune-iguana\\\/#breadcrumb\",\"itemListElement\":[{\"@type\":\"ListItem\",\"position\":1,\"name\":\"Portada\",\"item\":\"https:\\\/\\\/tonymora.com\\\/de\\\/\"},{\"@type\":\"ListItem\",\"position\":2,\"name\":\"Shop\",\"item\":\"https:\\\/\\\/tonymora.com\\\/de\\\/shop\\\/\"},{\"@type\":\"ListItem\",\"position\":3,\"name\":\"Lederg\u00fcrtel f\u00fcr Herren\",\"item\":\"https:\\\/\\\/tonymora.com\\\/de\\\/produkt-kategorie\\\/lederguertel-fuer-herren\\\/\"},{\"@type\":\"ListItem\",\"position\":4,\"name\":\"11261 BRAUNE IGUANA\"}]},{\"@type\":\"WebSite\",\"@id\":\"https:\\\/\\\/tonymora.com\\\/de\\\/#website\",\"url\":\"https:\\\/\\\/tonymora.com\\\/de\\\/\",\"name\":\"Tony Mora\u00ae Boots Official Store\",\"description\":\"Cowboy Boots\",\"publisher\":{\"@id\":\"https:\\\/\\\/tonymora.com\\\/de\\\/#organization\"},\"potentialAction\":[{\"@type\":\"SearchAction\",\"target\":{\"@type\":\"EntryPoint\",\"urlTemplate\":\"https:\\\/\\\/tonymora.com\\\/de\\\/?s={search_term_string}\"},\"query-input\":{\"@type\":\"PropertyValueSpecification\",\"valueRequired\":true,\"valueName\":\"search_term_string\"}}],\"inLanguage\":\"de\"},{\"@type\":\"Organization\",\"@id\":\"https:\\\/\\\/tonymora.com\\\/de\\\/#organization\",\"name\":\"Tony Mora Boots\",\"url\":\"https:\\\/\\\/tonymora.com\\\/de\\\/\",\"logo\":{\"@type\":\"ImageObject\",\"inLanguage\":\"de\",\"@id\":\"https:\\\/\\\/tonymora.com\\\/de\\\/#\\\/schema\\\/logo\\\/image\\\/\",\"url\":\"https:\\\/\\\/tonymora.com\\\/wp-content\\\/uploads\\\/2023\\\/12\\\/LOGO.jpg\",\"contentUrl\":\"https:\\\/\\\/tonymora.com\\\/wp-content\\\/uploads\\\/2023\\\/12\\\/LOGO.jpg\",\"width\":2272,\"height\":1411,\"caption\":\"Tony Mora Boots\"},\"image\":{\"@id\":\"https:\\\/\\\/tonymora.com\\\/de\\\/#\\\/schema\\\/logo\\\/image\\\/\"},\"sameAs\":[\"https:\\\/\\\/www.facebook.com\\\/Tonymoraofficial\\\/\",\"https:\\\/\\\/www.instagram.com\\\/tonymoraofficial\\\/?hl=es\"]}]}<\/script>\n<!-- \/ Yoast SEO plugin. -->","yoast_head_json":{"title":"Handgefertigter G\u00fcrtel aus braunem Leguanfell | Tony Mora","description":"Brauner G\u00fcrtel aus echter Leguanhaut mit exotischer und eleganter Textur. Handgefertigt, raffiniert und perfekt f\u00fcr einen einzigartigen Look mit Charakter.","robots":{"index":"index","follow":"follow","max-snippet":"max-snippet:-1","max-image-preview":"max-image-preview:large","max-video-preview":"max-video-preview:-1"},"canonical":"https:\/\/tonymora.com\/de\/produkt\/11261-braune-iguana\/","og_locale":"de_DE","og_type":"article","og_title":"Handgefertigter G\u00fcrtel aus braunem Leguanfell | Tony Mora","og_description":"Brauner G\u00fcrtel aus echter Leguanhaut mit exotischer und eleganter Textur. Handgefertigt, raffiniert und perfekt f\u00fcr einen einzigartigen Look mit Charakter.","og_url":"https:\/\/tonymora.com\/de\/produkt\/11261-braune-iguana\/","og_site_name":"Tony Mora\u00ae Boots Official Store","article_publisher":"https:\/\/www.facebook.com\/Tonymoraofficial\/","article_modified_time":"2025-08-01T07:13:29+00:00","og_image":[{"width":866,"height":1032,"url":"https:\/\/tonymora.com\/wp-content\/uploads\/2024\/09\/5-6.jpg","type":"image\/jpeg"}],"twitter_card":"summary_large_image","twitter_misc":{"Gesch\u00e4tzte Lesezeit":"1\u00a0Minute"},"schema":{"@context":"https:\/\/schema.org","@graph":[{"@type":"WebPage","@id":"https:\/\/tonymora.com\/de\/produkt\/11261-braune-iguana\/","url":"https:\/\/tonymora.com\/de\/produkt\/11261-braune-iguana\/","name":"Handgefertigter G\u00fcrtel aus braunem Leguanfell | Tony Mora","isPartOf":{"@id":"https:\/\/tonymora.com\/de\/#website"},"primaryImageOfPage":{"@id":"https:\/\/tonymora.com\/de\/produkt\/11261-braune-iguana\/#primaryimage"},"image":{"@id":"https:\/\/tonymora.com\/de\/produkt\/11261-braune-iguana\/#primaryimage"},"thumbnailUrl":"https:\/\/tonymora.com\/wp-content\/uploads\/2024\/09\/5-6.jpg","datePublished":"2024-09-03T11:17:37+00:00","dateModified":"2025-08-01T07:13:29+00:00","description":"Brauner G\u00fcrtel aus echter Leguanhaut mit exotischer und eleganter Textur. Handgefertigt, raffiniert und perfekt f\u00fcr einen einzigartigen Look mit Charakter.","breadcrumb":{"@id":"https:\/\/tonymora.com\/de\/produkt\/11261-braune-iguana\/#breadcrumb"},"inLanguage":"de","potentialAction":[{"@type":"ReadAction","target":["https:\/\/tonymora.com\/de\/produkt\/11261-braune-iguana\/"]}]},{"@type":"ImageObject","inLanguage":"de","@id":"https:\/\/tonymora.com\/de\/produkt\/11261-braune-iguana\/#primaryimage","url":"https:\/\/tonymora.com\/wp-content\/uploads\/2024\/09\/5-6.jpg","contentUrl":"https:\/\/tonymora.com\/wp-content\/uploads\/2024\/09\/5-6.jpg","width":866,"height":1032,"caption":"Cintur\u00f3n marr\u00f3n de piel de iguana aut\u00e9ntica"},{"@type":"BreadcrumbList","@id":"https:\/\/tonymora.com\/de\/produkt\/11261-braune-iguana\/#breadcrumb","itemListElement":[{"@type":"ListItem","position":1,"name":"Portada","item":"https:\/\/tonymora.com\/de\/"},{"@type":"ListItem","position":2,"name":"Shop","item":"https:\/\/tonymora.com\/de\/shop\/"},{"@type":"ListItem","position":3,"name":"Lederg\u00fcrtel f\u00fcr Herren","item":"https:\/\/tonymora.com\/de\/produkt-kategorie\/lederguertel-fuer-herren\/"},{"@type":"ListItem","position":4,"name":"11261 BRAUNE IGUANA"}]},{"@type":"WebSite","@id":"https:\/\/tonymora.com\/de\/#website","url":"https:\/\/tonymora.com\/de\/","name":"Tony Mora\u00ae Boots Official Store","description":"Cowboy Boots","publisher":{"@id":"https:\/\/tonymora.com\/de\/#organization"},"potentialAction":[{"@type":"SearchAction","target":{"@type":"EntryPoint","urlTemplate":"https:\/\/tonymora.com\/de\/?s={search_term_string}"},"query-input":{"@type":"PropertyValueSpecification","valueRequired":true,"valueName":"search_term_string"}}],"inLanguage":"de"},{"@type":"Organization","@id":"https:\/\/tonymora.com\/de\/#organization","name":"Tony Mora Boots","url":"https:\/\/tonymora.com\/de\/","logo":{"@type":"ImageObject","inLanguage":"de","@id":"https:\/\/tonymora.com\/de\/#\/schema\/logo\/image\/","url":"https:\/\/tonymora.com\/wp-content\/uploads\/2023\/12\/LOGO.jpg","contentUrl":"https:\/\/tonymora.com\/wp-content\/uploads\/2023\/12\/LOGO.jpg","width":2272,"height":1411,"caption":"Tony Mora Boots"},"image":{"@id":"https:\/\/tonymora.com\/de\/#\/schema\/logo\/image\/"},"sameAs":["https:\/\/www.facebook.com\/Tonymoraofficial\/","https:\/\/www.instagram.com\/tonymoraofficial\/?hl=es"]}]}},"_links":{"self":[{"href":"https:\/\/tonymora.com\/de\/wp-json\/wp\/v2\/product\/715118","targetHints":{"allow":["GET"]}}],"collection":[{"href":"https:\/\/tonymora.com\/de\/wp-json\/wp\/v2\/product"}],"about":[{"href":"https:\/\/tonymora.com\/de\/wp-json\/wp\/v2\/types\/product"}],"wp:featuredmedia":[{"embeddable":true,"href":"https:\/\/tonymora.com\/de\/wp-json\/wp\/v2\/media\/716417"}],"wp:attachment":[{"href":"https:\/\/tonymora.com\/de\/wp-json\/wp\/v2\/media?parent=715118"}],"wp:term":[{"taxonomy":"product_brand","embeddable":true,"href":"https:\/\/tonymora.com\/de\/wp-json\/wp\/v2\/product_brand?post=715118"},{"taxonomy":"product_cat","embeddable":true,"href":"https:\/\/tonymora.com\/de\/wp-json\/wp\/v2\/product_cat?post=715118"},{"taxonomy":"product_tag","embeddable":true,"href":"https:\/\/tonymora.com\/de\/wp-json\/wp\/v2\/product_tag?post=715118"}],"curies":[{"name":"wp","href":"https:\/\/api.w.org\/{rel}","templated":true}]}}