{"id":715161,"date":"2024-09-03T13:38:06","date_gmt":"2024-09-03T11:38:06","guid":{"rendered":"https:\/\/tonymora.com\/?post_type=product&#038;p=715161"},"modified":"2025-11-30T16:30:29","modified_gmt":"2025-11-30T15:30:29","slug":"11261-schwarze-iguana","status":"publish","type":"product","link":"https:\/\/tonymora.com\/de\/produkt\/11261-schwarze-iguana\/","title":{"rendered":"11261 SCHWARZE IGUANA"},"content":{"rendered":"<p class=\"p1\">Dieser schwarze G\u00fcrtel, gefertigt aus Iguana-Leder, ist die Definition von Luxus und Raffinesse. Seine exotische Textur und sein tiefer Farbton verleihen jedem Outfit einen Hauch von Distinktion und machen ihn zu einem unverzichtbaren Accessoire f\u00fcr alle, die sich abheben m\u00f6chten. Perfekt, um deinen Outfits eine exklusive Note zu verleihen, steht dieser G\u00fcrtel f\u00fcr Eleganz.<\/p>\n<p>Wir garantieren, dass dieser Artikel aus echten, sorgf\u00e4ltig ausgew\u00e4hlten Eidechsenh\u00e4uten gefertigt und handgearbeitet ist.<\/p>\n","protected":false},"excerpt":{"rendered":"<p>Ein Stil, der ohne Worte von Identit\u00e4t erz\u00e4hlt. Absolute Eleganz in dunklem Ton.<br \/>\nIdeal, um Sie vom Tag bis in die Nacht mit derselben Souver\u00e4nit\u00e4t zu begleiten.<\/p>\n","protected":false},"featured_media":716399,"template":"","meta":{"_mbp_gutenberg_autopost":false},"product_brand":[],"product_cat":[1174,214,1157],"product_tag":[],"class_list":{"0":"post-715161","1":"product","2":"type-product","3":"status-publish","4":"has-post-thumbnail","6":"product_cat-black-friday-de","7":"product_cat-herren","8":"product_cat-lederguertel-fuer-herren","10":"first","11":"outofstock","12":"taxable","13":"shipping-taxable","14":"purchasable","15":"product-type-variable"},"_links":{"self":[{"href":"https:\/\/tonymora.com\/de\/wp-json\/wp\/v2\/product\/715161","targetHints":{"allow":["GET"]}}],"collection":[{"href":"https:\/\/tonymora.com\/de\/wp-json\/wp\/v2\/product"}],"about":[{"href":"https:\/\/tonymora.com\/de\/wp-json\/wp\/v2\/types\/product"}],"wp:featuredmedia":[{"embeddable":true,"href":"https:\/\/tonymora.com\/de\/wp-json\/wp\/v2\/media\/716399"}],"wp:attachment":[{"href":"https:\/\/tonymora.com\/de\/wp-json\/wp\/v2\/media?parent=715161"}],"wp:term":[{"taxonomy":"product_brand","embeddable":true,"href":"https:\/\/tonymora.com\/de\/wp-json\/wp\/v2\/product_brand?post=715161"},{"taxonomy":"product_cat","embeddable":true,"href":"https:\/\/tonymora.com\/de\/wp-json\/wp\/v2\/product_cat?post=715161"},{"taxonomy":"product_tag","embeddable":true,"href":"https:\/\/tonymora.com\/de\/wp-json\/wp\/v2\/product_tag?post=715161"}],"curies":[{"name":"wp","href":"https:\/\/api.w.org\/{rel}","templated":true}]}}