{"id":715241,"date":"2024-09-13T09:27:48","date_gmt":"2024-09-13T07:27:48","guid":{"rendered":"https:\/\/tonymora.com\/?post_type=product&#038;p=715241"},"modified":"2025-08-01T09:13:28","modified_gmt":"2025-08-01T07:13:28","slug":"boss-2477-asturias-381-cognac","status":"publish","type":"product","link":"https:\/\/tonymora.com\/de\/produkt\/boss-2477-asturias-381-cognac\/","title":{"rendered":"BOSS 2477 ASTURIAS 381 COGNAC"},"content":{"rendered":"<p>Die Oxford-Schuhe von Tony Mora zeichnen sich durch ihre Eleganz und handwerkliche Qualit\u00e4t aus. Hergestellt aus hochwertigem Rindsleder, verf\u00fcgen diese Modelle \u00fcber gestanzte Details, die ihnen eine unverwechselbare und einzigartige Note verleihen. Die Farbe Rot-Kognak hebt ihr klassisches Design hervor und macht sie zu einem zeitlosen und raffinierten St\u00fcck, perfekt f\u00fcr den modernen Mann, der stilvoll auffallen m\u00f6chte.<\/p>\n","protected":false},"excerpt":{"rendered":"<p>Nat\u00fcrliche Eleganz in einer Silhouette, die Blicke auf sich zieht. Absolute Eleganz in dunklem Ton.<br \/>\nEntworfen f\u00fcr alle, die Eleganz als Haltung verstehen.<\/p>\n","protected":false},"featured_media":715255,"template":"","meta":{"_mbp_gutenberg_autopost":false},"product_brand":[],"product_cat":[1174,214,1143,222],"product_tag":[],"class_list":{"0":"post-715241","1":"product","2":"type-product","3":"status-publish","4":"has-post-thumbnail","6":"product_cat-black-friday-de","7":"product_cat-herren","8":"product_cat-luxusstiefel-herren-de","9":"product_cat-schuhe-herren","11":"first","12":"instock","13":"taxable","14":"shipping-taxable","15":"purchasable","16":"product-type-variable"},"supplier_id":null,"supplier_sku":"","barcode":null,"atum_controlled":true,"out_stock_date":null,"out_stock_threshold":null,"inheritable":true,"inbound_stock":0,"stock_on_hold":0,"sold_today":null,"sales_last_days":null,"reserved_stock":0,"customer_returns":0,"warehouse_damage":0,"lost_in_post":0,"other_logs":0,"out_stock_days":null,"lost_sales":null,"has_location":false,"update_date":"2026-03-26T12:38:21","atum_locations":[],"atum_stock_status":"instock","restock_status":false,"low_stock_amount":"","sales_update_date":"2026-03-07T13:54:53","calc_backorders":null,"yoast_head":"<!-- This site is optimized with the Yoast SEO plugin v27.2 - https:\/\/yoast.com\/product\/yoast-seo-wordpress\/ -->\n<title>Cognacrote Oxford-Schuhe aus Leder f\u00fcr Herren | Tony Mora<\/title>\n<meta name=\"description\" content=\"Cognacrote Oxford-Schuhe aus Rindsleder mit handgefertigten Details und klassischem Design. Elegant, zeitlos und perfekt, um mit Stil aufzufallen.\" \/>\n<meta name=\"robots\" content=\"index, follow, max-snippet:-1, max-image-preview:large, max-video-preview:-1\" \/>\n<link rel=\"canonical\" href=\"https:\/\/tonymora.com\/de\/produkt\/boss-2477-asturias-381-cognac\/\" \/>\n<meta property=\"og:locale\" content=\"de_DE\" \/>\n<meta property=\"og:type\" content=\"article\" \/>\n<meta property=\"og:title\" content=\"Cognacrote Oxford-Schuhe aus Leder f\u00fcr Herren | Tony Mora\" \/>\n<meta property=\"og:description\" content=\"Cognacrote Oxford-Schuhe aus Rindsleder mit handgefertigten Details und klassischem Design. Elegant, zeitlos und perfekt, um mit Stil aufzufallen.\" \/>\n<meta property=\"og:url\" content=\"https:\/\/tonymora.com\/de\/produkt\/boss-2477-asturias-381-cognac\/\" \/>\n<meta property=\"og:site_name\" content=\"Tony Mora\u00ae Boots Official Store\" \/>\n<meta property=\"article:publisher\" content=\"https:\/\/www.facebook.com\/Tonymoraofficial\/\" \/>\n<meta property=\"article:modified_time\" content=\"2025-08-01T07:13:28+00:00\" \/>\n<meta property=\"og:image\" content=\"https:\/\/tonymora.com\/wp-content\/uploads\/2024\/09\/2.jpg\" \/>\n\t<meta property=\"og:image:width\" content=\"866\" \/>\n\t<meta property=\"og:image:height\" content=\"1032\" \/>\n\t<meta property=\"og:image:type\" content=\"image\/jpeg\" \/>\n<meta name=\"twitter:card\" content=\"summary_large_image\" \/>\n<meta name=\"twitter:label1\" content=\"Gesch\u00e4tzte Lesezeit\" \/>\n\t<meta name=\"twitter:data1\" content=\"1\u00a0Minute\" \/>\n<script type=\"application\/ld+json\" class=\"yoast-schema-graph\">{\"@context\":\"https:\/\/schema.org\",\"@graph\":[{\"@type\":\"WebPage\",\"@id\":\"https:\/\/tonymora.com\/de\/produkt\/boss-2477-asturias-381-cognac\/\",\"url\":\"https:\/\/tonymora.com\/de\/produkt\/boss-2477-asturias-381-cognac\/\",\"name\":\"Cognacrote Oxford-Schuhe aus Leder f\u00fcr Herren | Tony Mora\",\"isPartOf\":{\"@id\":\"https:\/\/tonymora.com\/de\/#website\"},\"primaryImageOfPage\":{\"@id\":\"https:\/\/tonymora.com\/de\/produkt\/boss-2477-asturias-381-cognac\/#primaryimage\"},\"image\":{\"@id\":\"https:\/\/tonymora.com\/de\/produkt\/boss-2477-asturias-381-cognac\/#primaryimage\"},\"thumbnailUrl\":\"https:\/\/tonymora.com\/wp-content\/uploads\/2024\/09\/2.jpg\",\"datePublished\":\"2024-09-13T07:27:48+00:00\",\"dateModified\":\"2025-08-01T07:13:28+00:00\",\"description\":\"Cognacrote Oxford-Schuhe aus Rindsleder mit handgefertigten Details und klassischem Design. Elegant, zeitlos und perfekt, um mit Stil aufzufallen.\",\"breadcrumb\":{\"@id\":\"https:\/\/tonymora.com\/de\/produkt\/boss-2477-asturias-381-cognac\/#breadcrumb\"},\"inLanguage\":\"de\",\"potentialAction\":[{\"@type\":\"ReadAction\",\"target\":[\"https:\/\/tonymora.com\/de\/produkt\/boss-2477-asturias-381-cognac\/\"]}]},{\"@type\":\"ImageObject\",\"inLanguage\":\"de\",\"@id\":\"https:\/\/tonymora.com\/de\/produkt\/boss-2477-asturias-381-cognac\/#primaryimage\",\"url\":\"https:\/\/tonymora.com\/wp-content\/uploads\/2024\/09\/2.jpg\",\"contentUrl\":\"https:\/\/tonymora.com\/wp-content\/uploads\/2024\/09\/2.jpg\",\"width\":866,\"height\":1032,\"caption\":\"Zapatos oxford de piel vacuno rojo cognac, con detalles artesanales y dise\u00f1o cl\u00e1sico para hombre\"},{\"@type\":\"BreadcrumbList\",\"@id\":\"https:\/\/tonymora.com\/de\/produkt\/boss-2477-asturias-381-cognac\/#breadcrumb\",\"itemListElement\":[{\"@type\":\"ListItem\",\"position\":1,\"name\":\"Portada\",\"item\":\"https:\/\/tonymora.com\/de\/\"},{\"@type\":\"ListItem\",\"position\":2,\"name\":\"Shop\",\"item\":\"https:\/\/tonymora.com\/de\/shop\/\"},{\"@type\":\"ListItem\",\"position\":3,\"name\":\"Herren\",\"item\":\"https:\/\/tonymora.com\/de\/produkt-kategorie\/herren\/\"},{\"@type\":\"ListItem\",\"position\":4,\"name\":\"BOSS 2477 ASTURIAS 381 COGNAC\"}]},{\"@type\":\"WebSite\",\"@id\":\"https:\/\/tonymora.com\/de\/#website\",\"url\":\"https:\/\/tonymora.com\/de\/\",\"name\":\"Tony Mora\u00ae Boots Official Store\",\"description\":\"Cowboy Boots\",\"publisher\":{\"@id\":\"https:\/\/tonymora.com\/de\/#organization\"},\"potentialAction\":[{\"@type\":\"SearchAction\",\"target\":{\"@type\":\"EntryPoint\",\"urlTemplate\":\"https:\/\/tonymora.com\/de\/?s={search_term_string}\"},\"query-input\":{\"@type\":\"PropertyValueSpecification\",\"valueRequired\":true,\"valueName\":\"search_term_string\"}}],\"inLanguage\":\"de\"},{\"@type\":\"Organization\",\"@id\":\"https:\/\/tonymora.com\/de\/#organization\",\"name\":\"Tony Mora Boots\",\"url\":\"https:\/\/tonymora.com\/de\/\",\"logo\":{\"@type\":\"ImageObject\",\"inLanguage\":\"de\",\"@id\":\"https:\/\/tonymora.com\/de\/#\/schema\/logo\/image\/\",\"url\":\"https:\/\/tonymora.com\/wp-content\/uploads\/2023\/12\/LOGO.jpg\",\"contentUrl\":\"https:\/\/tonymora.com\/wp-content\/uploads\/2023\/12\/LOGO.jpg\",\"width\":2272,\"height\":1411,\"caption\":\"Tony Mora Boots\"},\"image\":{\"@id\":\"https:\/\/tonymora.com\/de\/#\/schema\/logo\/image\/\"},\"sameAs\":[\"https:\/\/www.facebook.com\/Tonymoraofficial\/\",\"https:\/\/www.instagram.com\/tonymoraofficial\/?hl=es\"]}]}<\/script>\n<!-- \/ Yoast SEO plugin. -->","yoast_head_json":{"title":"Cognacrote Oxford-Schuhe aus Leder f\u00fcr Herren | Tony Mora","description":"Cognacrote Oxford-Schuhe aus Rindsleder mit handgefertigten Details und klassischem Design. Elegant, zeitlos und perfekt, um mit Stil aufzufallen.","robots":{"index":"index","follow":"follow","max-snippet":"max-snippet:-1","max-image-preview":"max-image-preview:large","max-video-preview":"max-video-preview:-1"},"canonical":"https:\/\/tonymora.com\/de\/produkt\/boss-2477-asturias-381-cognac\/","og_locale":"de_DE","og_type":"article","og_title":"Cognacrote Oxford-Schuhe aus Leder f\u00fcr Herren | Tony Mora","og_description":"Cognacrote Oxford-Schuhe aus Rindsleder mit handgefertigten Details und klassischem Design. Elegant, zeitlos und perfekt, um mit Stil aufzufallen.","og_url":"https:\/\/tonymora.com\/de\/produkt\/boss-2477-asturias-381-cognac\/","og_site_name":"Tony Mora\u00ae Boots Official Store","article_publisher":"https:\/\/www.facebook.com\/Tonymoraofficial\/","article_modified_time":"2025-08-01T07:13:28+00:00","og_image":[{"width":866,"height":1032,"url":"https:\/\/tonymora.com\/wp-content\/uploads\/2024\/09\/2.jpg","type":"image\/jpeg"}],"twitter_card":"summary_large_image","twitter_misc":{"Gesch\u00e4tzte Lesezeit":"1\u00a0Minute"},"schema":{"@context":"https:\/\/schema.org","@graph":[{"@type":"WebPage","@id":"https:\/\/tonymora.com\/de\/produkt\/boss-2477-asturias-381-cognac\/","url":"https:\/\/tonymora.com\/de\/produkt\/boss-2477-asturias-381-cognac\/","name":"Cognacrote Oxford-Schuhe aus Leder f\u00fcr Herren | Tony Mora","isPartOf":{"@id":"https:\/\/tonymora.com\/de\/#website"},"primaryImageOfPage":{"@id":"https:\/\/tonymora.com\/de\/produkt\/boss-2477-asturias-381-cognac\/#primaryimage"},"image":{"@id":"https:\/\/tonymora.com\/de\/produkt\/boss-2477-asturias-381-cognac\/#primaryimage"},"thumbnailUrl":"https:\/\/tonymora.com\/wp-content\/uploads\/2024\/09\/2.jpg","datePublished":"2024-09-13T07:27:48+00:00","dateModified":"2025-08-01T07:13:28+00:00","description":"Cognacrote Oxford-Schuhe aus Rindsleder mit handgefertigten Details und klassischem Design. Elegant, zeitlos und perfekt, um mit Stil aufzufallen.","breadcrumb":{"@id":"https:\/\/tonymora.com\/de\/produkt\/boss-2477-asturias-381-cognac\/#breadcrumb"},"inLanguage":"de","potentialAction":[{"@type":"ReadAction","target":["https:\/\/tonymora.com\/de\/produkt\/boss-2477-asturias-381-cognac\/"]}]},{"@type":"ImageObject","inLanguage":"de","@id":"https:\/\/tonymora.com\/de\/produkt\/boss-2477-asturias-381-cognac\/#primaryimage","url":"https:\/\/tonymora.com\/wp-content\/uploads\/2024\/09\/2.jpg","contentUrl":"https:\/\/tonymora.com\/wp-content\/uploads\/2024\/09\/2.jpg","width":866,"height":1032,"caption":"Zapatos oxford de piel vacuno rojo cognac, con detalles artesanales y dise\u00f1o cl\u00e1sico para hombre"},{"@type":"BreadcrumbList","@id":"https:\/\/tonymora.com\/de\/produkt\/boss-2477-asturias-381-cognac\/#breadcrumb","itemListElement":[{"@type":"ListItem","position":1,"name":"Portada","item":"https:\/\/tonymora.com\/de\/"},{"@type":"ListItem","position":2,"name":"Shop","item":"https:\/\/tonymora.com\/de\/shop\/"},{"@type":"ListItem","position":3,"name":"Herren","item":"https:\/\/tonymora.com\/de\/produkt-kategorie\/herren\/"},{"@type":"ListItem","position":4,"name":"BOSS 2477 ASTURIAS 381 COGNAC"}]},{"@type":"WebSite","@id":"https:\/\/tonymora.com\/de\/#website","url":"https:\/\/tonymora.com\/de\/","name":"Tony Mora\u00ae Boots Official Store","description":"Cowboy Boots","publisher":{"@id":"https:\/\/tonymora.com\/de\/#organization"},"potentialAction":[{"@type":"SearchAction","target":{"@type":"EntryPoint","urlTemplate":"https:\/\/tonymora.com\/de\/?s={search_term_string}"},"query-input":{"@type":"PropertyValueSpecification","valueRequired":true,"valueName":"search_term_string"}}],"inLanguage":"de"},{"@type":"Organization","@id":"https:\/\/tonymora.com\/de\/#organization","name":"Tony Mora Boots","url":"https:\/\/tonymora.com\/de\/","logo":{"@type":"ImageObject","inLanguage":"de","@id":"https:\/\/tonymora.com\/de\/#\/schema\/logo\/image\/","url":"https:\/\/tonymora.com\/wp-content\/uploads\/2023\/12\/LOGO.jpg","contentUrl":"https:\/\/tonymora.com\/wp-content\/uploads\/2023\/12\/LOGO.jpg","width":2272,"height":1411,"caption":"Tony Mora Boots"},"image":{"@id":"https:\/\/tonymora.com\/de\/#\/schema\/logo\/image\/"},"sameAs":["https:\/\/www.facebook.com\/Tonymoraofficial\/","https:\/\/www.instagram.com\/tonymoraofficial\/?hl=es"]}]}},"_links":{"self":[{"href":"https:\/\/tonymora.com\/de\/wp-json\/wp\/v2\/product\/715241","targetHints":{"allow":["GET"]}}],"collection":[{"href":"https:\/\/tonymora.com\/de\/wp-json\/wp\/v2\/product"}],"about":[{"href":"https:\/\/tonymora.com\/de\/wp-json\/wp\/v2\/types\/product"}],"wp:featuredmedia":[{"embeddable":true,"href":"https:\/\/tonymora.com\/de\/wp-json\/wp\/v2\/media\/715255"}],"wp:attachment":[{"href":"https:\/\/tonymora.com\/de\/wp-json\/wp\/v2\/media?parent=715241"}],"wp:term":[{"taxonomy":"product_brand","embeddable":true,"href":"https:\/\/tonymora.com\/de\/wp-json\/wp\/v2\/product_brand?post=715241"},{"taxonomy":"product_cat","embeddable":true,"href":"https:\/\/tonymora.com\/de\/wp-json\/wp\/v2\/product_cat?post=715241"},{"taxonomy":"product_tag","embeddable":true,"href":"https:\/\/tonymora.com\/de\/wp-json\/wp\/v2\/product_tag?post=715241"}],"curies":[{"name":"wp","href":"https:\/\/api.w.org\/{rel}","templated":true}]}}