{"id":715439,"date":"2024-09-16T19:02:02","date_gmt":"2024-09-16T17:02:02","guid":{"rendered":"https:\/\/tonymora.com\/?post_type=product&#038;p=715439"},"modified":"2026-04-27T07:31:12","modified_gmt":"2026-04-27T05:31:12","slug":"umhaengetasche-aus-rot-geflechtem-pythonleder","status":"publish","type":"product","link":"https:\/\/tonymora.com\/de\/produkt\/umhaengetasche-aus-rot-geflechtem-pythonleder\/","title":{"rendered":"UMH\u00c4NGETASCHE AUS ROT GEFLECKTEM PYTHONLEDER"},"content":{"rendered":"<p>Diese exklusive Tasche von Tony Mora, aus Pythonleder in einem leuchtenden Rot gefertigt, ist das perfekte Accessoire f\u00fcr alle, die einen Hauch von Raffinesse und Stil suchen. Die exotische Textur des Leders, kombiniert mit goldenen Details und einem Quastenverschluss, macht sie zu einem einzigartigen und auff\u00e4lligen St\u00fcck. Ihr elegantes und modernes Design macht sie ideal f\u00fcr besondere Anl\u00e4sse oder um jeden Alltagslook aufzuwerten. Ein Accessoire, das handwerkliche Qualit\u00e4t und Charakter vereint \u2013 perfekt, um \u00fcberall aufzufallen.<\/p>\n","protected":false},"excerpt":{"rendered":"<p>Charakter und Raffinesse in perfekter Balance. Absolute Eleganz in dunklem Ton.<\/p>\n<p>Ein subtiles Statement von gutem Geschmack und Selbstbewusstsein.<\/p>\n","protected":false},"featured_media":716104,"template":"","meta":{"_mbp_gutenberg_autopost":false},"product_brand":[],"product_cat":[1174,167,541],"product_tag":[],"class_list":{"0":"post-715439","1":"product","2":"type-product","3":"status-publish","4":"has-post-thumbnail","6":"product_cat-black-friday-de","7":"product_cat-damen","8":"product_cat-handtaschen","10":"first","11":"instock","12":"taxable","13":"shipping-taxable","14":"purchasable","15":"product-type-simple"},"_links":{"self":[{"href":"https:\/\/tonymora.com\/de\/wp-json\/wp\/v2\/product\/715439","targetHints":{"allow":["GET"]}}],"collection":[{"href":"https:\/\/tonymora.com\/de\/wp-json\/wp\/v2\/product"}],"about":[{"href":"https:\/\/tonymora.com\/de\/wp-json\/wp\/v2\/types\/product"}],"wp:featuredmedia":[{"embeddable":true,"href":"https:\/\/tonymora.com\/de\/wp-json\/wp\/v2\/media\/716104"}],"wp:attachment":[{"href":"https:\/\/tonymora.com\/de\/wp-json\/wp\/v2\/media?parent=715439"}],"wp:term":[{"taxonomy":"product_brand","embeddable":true,"href":"https:\/\/tonymora.com\/de\/wp-json\/wp\/v2\/product_brand?post=715439"},{"taxonomy":"product_cat","embeddable":true,"href":"https:\/\/tonymora.com\/de\/wp-json\/wp\/v2\/product_cat?post=715439"},{"taxonomy":"product_tag","embeddable":true,"href":"https:\/\/tonymora.com\/de\/wp-json\/wp\/v2\/product_tag?post=715439"}],"curies":[{"name":"wp","href":"https:\/\/api.w.org\/{rel}","templated":true}]}}