{"id":715445,"date":"2024-09-16T19:56:33","date_gmt":"2024-09-16T17:56:33","guid":{"rendered":"https:\/\/tonymora.com\/?post_type=product&#038;p=715445"},"modified":"2026-04-26T07:31:59","modified_gmt":"2026-04-26T05:31:59","slug":"tote-tasche-aus-kalbsleder-madison-tuerkis","status":"publish","type":"product","link":"https:\/\/tonymora.com\/de\/produkt\/tote-tasche-aus-kalbsleder-madison-tuerkis\/","title":{"rendered":"TOTE-TASCHE AUS KALBSLEDER MADISON T\u00dcRKIS"},"content":{"rendered":"<h3><b>Damen Tote Bag aus geflochtenem Leder in T\u00fcrkis<\/b><\/h3>\n<p>Raffinesse und Handwerkskunst vereinen sich in dieser eleganten Tasche von Tony Mora, <strong>gefertigt aus erstklassigem Rindsleder.<\/strong> Mit einem geflochtenen Design in warmen und t\u00fcrkisfarbenen T\u00f6nen ist diese Tasche ein einzigartiges St\u00fcck, das durch Originalit\u00e4t und Stil besticht.<\/p>\n<p>Die Ledergriffe bieten Komfort und Widerstandsf\u00e4higkeit und machen sie zum perfekten Accessoire f\u00fcr den Alltag sowie f\u00fcr besondere Anl\u00e4sse. Eine Tasche, die Tradition und Moderne verbindet \u2013 ideal f\u00fcr alle, die einen exklusiven und zeitlosen Look suchen.<\/p>\n","protected":false},"excerpt":{"rendered":"<p>Nat\u00fcrliche Eleganz in einer Silhouette, die alle Blicke auf sich zieht. Ein Klassiker mit viel Pers\u00f6nlichkeit. Ideal, um Sie vom Tag bis in die Nacht mit demselben Selbstbewusstsein zu begleiten.<\/p>\n","protected":false},"featured_media":716035,"template":"","meta":{"_mbp_gutenberg_autopost":false},"product_brand":[],"product_cat":[1174,167,541],"product_tag":[],"class_list":{"0":"post-715445","1":"product","2":"type-product","3":"status-publish","4":"has-post-thumbnail","6":"product_cat-black-friday-de","7":"product_cat-damen","8":"product_cat-handtaschen","10":"first","11":"instock","12":"taxable","13":"shipping-taxable","14":"purchasable","15":"product-type-simple"},"supplier_id":null,"supplier_sku":"","barcode":null,"atum_controlled":true,"out_stock_date":null,"out_stock_threshold":null,"inheritable":false,"inbound_stock":0,"stock_on_hold":0,"sold_today":0,"sales_last_days":0,"reserved_stock":0,"customer_returns":0,"warehouse_damage":0,"lost_in_post":0,"other_logs":0,"out_stock_days":0,"lost_sales":0,"has_location":false,"update_date":"2026-03-17T11:50:00","atum_locations":[],"atum_stock_status":"instock","restock_status":false,"low_stock_amount":"","sales_update_date":"2025-03-02T08:50:53","calc_backorders":null,"yoast_head":"<!-- This site is optimized with the Yoast SEO plugin v27.4 - https:\/\/yoast.com\/product\/yoast-seo-wordpress\/ -->\n<title>Damen Tote Bag T\u00fcrkis Geflochten | Tony Mora Madison<\/title>\n<meta name=\"description\" content=\"Exklusive Damen Tote Bag aus geflochtenem Rindsleder in T\u00fcrkis. Einzigartiges Design, robust und handgefertigt. Zeitloser Stil mit Gratisversand.\" \/>\n<meta name=\"robots\" content=\"index, follow, max-snippet:-1, max-image-preview:large, max-video-preview:-1\" \/>\n<link rel=\"canonical\" href=\"https:\/\/tonymora.com\/de\/produkt\/tote-tasche-aus-kalbsleder-madison-tuerkis\/\" \/>\n<meta property=\"og:locale\" content=\"de_DE\" \/>\n<meta property=\"og:type\" content=\"article\" \/>\n<meta property=\"og:title\" content=\"Damen Tote Bag T\u00fcrkis Geflochten | Tony Mora Madison\" \/>\n<meta property=\"og:description\" content=\"Exklusive Damen Tote Bag aus geflochtenem Rindsleder in T\u00fcrkis. Einzigartiges Design, robust und handgefertigt. Zeitloser Stil mit Gratisversand.\" \/>\n<meta property=\"og:url\" content=\"https:\/\/tonymora.com\/de\/produkt\/tote-tasche-aus-kalbsleder-madison-tuerkis\/\" \/>\n<meta property=\"og:site_name\" content=\"Tony Mora\u00ae Boots Official Store\" \/>\n<meta property=\"article:publisher\" content=\"https:\/\/www.facebook.com\/Tonymoraofficial\/\" \/>\n<meta property=\"article:modified_time\" content=\"2026-04-26T05:31:59+00:00\" \/>\n<meta property=\"og:image\" content=\"https:\/\/tonymora.com\/wp-content\/uploads\/2024\/09\/35-1.jpg\" \/>\n\t<meta property=\"og:image:width\" content=\"866\" \/>\n\t<meta property=\"og:image:height\" content=\"1032\" \/>\n\t<meta property=\"og:image:type\" content=\"image\/jpeg\" \/>\n<meta name=\"twitter:card\" content=\"summary_large_image\" \/>\n<meta name=\"twitter:label1\" content=\"Gesch\u00e4tzte Lesezeit\" \/>\n\t<meta name=\"twitter:data1\" content=\"1\u00a0Minute\" \/>\n<script type=\"application\/ld+json\" class=\"yoast-schema-graph\">{\"@context\":\"https:\\\/\\\/schema.org\",\"@graph\":[{\"@type\":\"WebPage\",\"@id\":\"https:\\\/\\\/tonymora.com\\\/de\\\/produkt\\\/tote-tasche-aus-kalbsleder-madison-tuerkis\\\/\",\"url\":\"https:\\\/\\\/tonymora.com\\\/de\\\/produkt\\\/tote-tasche-aus-kalbsleder-madison-tuerkis\\\/\",\"name\":\"Damen Tote Bag T\u00fcrkis Geflochten | Tony Mora Madison\",\"isPartOf\":{\"@id\":\"https:\\\/\\\/tonymora.com\\\/de\\\/#website\"},\"primaryImageOfPage\":{\"@id\":\"https:\\\/\\\/tonymora.com\\\/de\\\/produkt\\\/tote-tasche-aus-kalbsleder-madison-tuerkis\\\/#primaryimage\"},\"image\":{\"@id\":\"https:\\\/\\\/tonymora.com\\\/de\\\/produkt\\\/tote-tasche-aus-kalbsleder-madison-tuerkis\\\/#primaryimage\"},\"thumbnailUrl\":\"https:\\\/\\\/tonymora.com\\\/wp-content\\\/uploads\\\/2024\\\/09\\\/35-1.jpg\",\"datePublished\":\"2024-09-16T17:56:33+00:00\",\"dateModified\":\"2026-04-26T05:31:59+00:00\",\"description\":\"Exklusive Damen Tote Bag aus geflochtenem Rindsleder in T\u00fcrkis. Einzigartiges Design, robust und handgefertigt. Zeitloser Stil mit Gratisversand.\",\"breadcrumb\":{\"@id\":\"https:\\\/\\\/tonymora.com\\\/de\\\/produkt\\\/tote-tasche-aus-kalbsleder-madison-tuerkis\\\/#breadcrumb\"},\"inLanguage\":\"de\",\"potentialAction\":[{\"@type\":\"ReadAction\",\"target\":[\"https:\\\/\\\/tonymora.com\\\/de\\\/produkt\\\/tote-tasche-aus-kalbsleder-madison-tuerkis\\\/\"]}]},{\"@type\":\"ImageObject\",\"inLanguage\":\"de\",\"@id\":\"https:\\\/\\\/tonymora.com\\\/de\\\/produkt\\\/tote-tasche-aus-kalbsleder-madison-tuerkis\\\/#primaryimage\",\"url\":\"https:\\\/\\\/tonymora.com\\\/wp-content\\\/uploads\\\/2024\\\/09\\\/35-1.jpg\",\"contentUrl\":\"https:\\\/\\\/tonymora.com\\\/wp-content\\\/uploads\\\/2024\\\/09\\\/35-1.jpg\",\"width\":866,\"height\":1032,\"caption\":\"Tote Bag de Mujer en Piel Trenzada Turquesa -\"},{\"@type\":\"BreadcrumbList\",\"@id\":\"https:\\\/\\\/tonymora.com\\\/de\\\/produkt\\\/tote-tasche-aus-kalbsleder-madison-tuerkis\\\/#breadcrumb\",\"itemListElement\":[{\"@type\":\"ListItem\",\"position\":1,\"name\":\"Portada\",\"item\":\"https:\\\/\\\/tonymora.com\\\/de\\\/\"},{\"@type\":\"ListItem\",\"position\":2,\"name\":\"Shop\",\"item\":\"https:\\\/\\\/tonymora.com\\\/de\\\/shop\\\/\"},{\"@type\":\"ListItem\",\"position\":3,\"name\":\"Damen\",\"item\":\"https:\\\/\\\/tonymora.com\\\/de\\\/produkt-kategorie\\\/damen\\\/\"},{\"@type\":\"ListItem\",\"position\":4,\"name\":\"Handtaschen\",\"item\":\"https:\\\/\\\/tonymora.com\\\/de\\\/produkt-kategorie\\\/damen\\\/handtaschen\\\/\"},{\"@type\":\"ListItem\",\"position\":5,\"name\":\"TOTE-TASCHE AUS KALBSLEDER MADISON T\u00dcRKIS\"}]},{\"@type\":\"WebSite\",\"@id\":\"https:\\\/\\\/tonymora.com\\\/de\\\/#website\",\"url\":\"https:\\\/\\\/tonymora.com\\\/de\\\/\",\"name\":\"Tony Mora\u00ae Boots Official Store\",\"description\":\"Cowboy Boots\",\"publisher\":{\"@id\":\"https:\\\/\\\/tonymora.com\\\/de\\\/#organization\"},\"potentialAction\":[{\"@type\":\"SearchAction\",\"target\":{\"@type\":\"EntryPoint\",\"urlTemplate\":\"https:\\\/\\\/tonymora.com\\\/de\\\/?s={search_term_string}\"},\"query-input\":{\"@type\":\"PropertyValueSpecification\",\"valueRequired\":true,\"valueName\":\"search_term_string\"}}],\"inLanguage\":\"de\"},{\"@type\":\"Organization\",\"@id\":\"https:\\\/\\\/tonymora.com\\\/de\\\/#organization\",\"name\":\"Tony Mora Boots\",\"url\":\"https:\\\/\\\/tonymora.com\\\/de\\\/\",\"logo\":{\"@type\":\"ImageObject\",\"inLanguage\":\"de\",\"@id\":\"https:\\\/\\\/tonymora.com\\\/de\\\/#\\\/schema\\\/logo\\\/image\\\/\",\"url\":\"https:\\\/\\\/tonymora.com\\\/wp-content\\\/uploads\\\/2023\\\/12\\\/LOGO.jpg\",\"contentUrl\":\"https:\\\/\\\/tonymora.com\\\/wp-content\\\/uploads\\\/2023\\\/12\\\/LOGO.jpg\",\"width\":2272,\"height\":1411,\"caption\":\"Tony Mora Boots\"},\"image\":{\"@id\":\"https:\\\/\\\/tonymora.com\\\/de\\\/#\\\/schema\\\/logo\\\/image\\\/\"},\"sameAs\":[\"https:\\\/\\\/www.facebook.com\\\/Tonymoraofficial\\\/\",\"https:\\\/\\\/www.instagram.com\\\/tonymoraofficial\\\/?hl=es\"]}]}<\/script>\n<!-- \/ Yoast SEO plugin. -->","yoast_head_json":{"title":"Damen Tote Bag T\u00fcrkis Geflochten | Tony Mora Madison","description":"Exklusive Damen Tote Bag aus geflochtenem Rindsleder in T\u00fcrkis. Einzigartiges Design, robust und handgefertigt. Zeitloser Stil mit Gratisversand.","robots":{"index":"index","follow":"follow","max-snippet":"max-snippet:-1","max-image-preview":"max-image-preview:large","max-video-preview":"max-video-preview:-1"},"canonical":"https:\/\/tonymora.com\/de\/produkt\/tote-tasche-aus-kalbsleder-madison-tuerkis\/","og_locale":"de_DE","og_type":"article","og_title":"Damen Tote Bag T\u00fcrkis Geflochten | Tony Mora Madison","og_description":"Exklusive Damen Tote Bag aus geflochtenem Rindsleder in T\u00fcrkis. Einzigartiges Design, robust und handgefertigt. Zeitloser Stil mit Gratisversand.","og_url":"https:\/\/tonymora.com\/de\/produkt\/tote-tasche-aus-kalbsleder-madison-tuerkis\/","og_site_name":"Tony Mora\u00ae Boots Official Store","article_publisher":"https:\/\/www.facebook.com\/Tonymoraofficial\/","article_modified_time":"2026-04-26T05:31:59+00:00","og_image":[{"width":866,"height":1032,"url":"https:\/\/tonymora.com\/wp-content\/uploads\/2024\/09\/35-1.jpg","type":"image\/jpeg"}],"twitter_card":"summary_large_image","twitter_misc":{"Gesch\u00e4tzte Lesezeit":"1\u00a0Minute"},"schema":{"@context":"https:\/\/schema.org","@graph":[{"@type":"WebPage","@id":"https:\/\/tonymora.com\/de\/produkt\/tote-tasche-aus-kalbsleder-madison-tuerkis\/","url":"https:\/\/tonymora.com\/de\/produkt\/tote-tasche-aus-kalbsleder-madison-tuerkis\/","name":"Damen Tote Bag T\u00fcrkis Geflochten | Tony Mora Madison","isPartOf":{"@id":"https:\/\/tonymora.com\/de\/#website"},"primaryImageOfPage":{"@id":"https:\/\/tonymora.com\/de\/produkt\/tote-tasche-aus-kalbsleder-madison-tuerkis\/#primaryimage"},"image":{"@id":"https:\/\/tonymora.com\/de\/produkt\/tote-tasche-aus-kalbsleder-madison-tuerkis\/#primaryimage"},"thumbnailUrl":"https:\/\/tonymora.com\/wp-content\/uploads\/2024\/09\/35-1.jpg","datePublished":"2024-09-16T17:56:33+00:00","dateModified":"2026-04-26T05:31:59+00:00","description":"Exklusive Damen Tote Bag aus geflochtenem Rindsleder in T\u00fcrkis. Einzigartiges Design, robust und handgefertigt. Zeitloser Stil mit Gratisversand.","breadcrumb":{"@id":"https:\/\/tonymora.com\/de\/produkt\/tote-tasche-aus-kalbsleder-madison-tuerkis\/#breadcrumb"},"inLanguage":"de","potentialAction":[{"@type":"ReadAction","target":["https:\/\/tonymora.com\/de\/produkt\/tote-tasche-aus-kalbsleder-madison-tuerkis\/"]}]},{"@type":"ImageObject","inLanguage":"de","@id":"https:\/\/tonymora.com\/de\/produkt\/tote-tasche-aus-kalbsleder-madison-tuerkis\/#primaryimage","url":"https:\/\/tonymora.com\/wp-content\/uploads\/2024\/09\/35-1.jpg","contentUrl":"https:\/\/tonymora.com\/wp-content\/uploads\/2024\/09\/35-1.jpg","width":866,"height":1032,"caption":"Tote Bag de Mujer en Piel Trenzada Turquesa -"},{"@type":"BreadcrumbList","@id":"https:\/\/tonymora.com\/de\/produkt\/tote-tasche-aus-kalbsleder-madison-tuerkis\/#breadcrumb","itemListElement":[{"@type":"ListItem","position":1,"name":"Portada","item":"https:\/\/tonymora.com\/de\/"},{"@type":"ListItem","position":2,"name":"Shop","item":"https:\/\/tonymora.com\/de\/shop\/"},{"@type":"ListItem","position":3,"name":"Damen","item":"https:\/\/tonymora.com\/de\/produkt-kategorie\/damen\/"},{"@type":"ListItem","position":4,"name":"Handtaschen","item":"https:\/\/tonymora.com\/de\/produkt-kategorie\/damen\/handtaschen\/"},{"@type":"ListItem","position":5,"name":"TOTE-TASCHE AUS KALBSLEDER MADISON T\u00dcRKIS"}]},{"@type":"WebSite","@id":"https:\/\/tonymora.com\/de\/#website","url":"https:\/\/tonymora.com\/de\/","name":"Tony Mora\u00ae Boots Official Store","description":"Cowboy Boots","publisher":{"@id":"https:\/\/tonymora.com\/de\/#organization"},"potentialAction":[{"@type":"SearchAction","target":{"@type":"EntryPoint","urlTemplate":"https:\/\/tonymora.com\/de\/?s={search_term_string}"},"query-input":{"@type":"PropertyValueSpecification","valueRequired":true,"valueName":"search_term_string"}}],"inLanguage":"de"},{"@type":"Organization","@id":"https:\/\/tonymora.com\/de\/#organization","name":"Tony Mora Boots","url":"https:\/\/tonymora.com\/de\/","logo":{"@type":"ImageObject","inLanguage":"de","@id":"https:\/\/tonymora.com\/de\/#\/schema\/logo\/image\/","url":"https:\/\/tonymora.com\/wp-content\/uploads\/2023\/12\/LOGO.jpg","contentUrl":"https:\/\/tonymora.com\/wp-content\/uploads\/2023\/12\/LOGO.jpg","width":2272,"height":1411,"caption":"Tony Mora Boots"},"image":{"@id":"https:\/\/tonymora.com\/de\/#\/schema\/logo\/image\/"},"sameAs":["https:\/\/www.facebook.com\/Tonymoraofficial\/","https:\/\/www.instagram.com\/tonymoraofficial\/?hl=es"]}]}},"_links":{"self":[{"href":"https:\/\/tonymora.com\/de\/wp-json\/wp\/v2\/product\/715445","targetHints":{"allow":["GET"]}}],"collection":[{"href":"https:\/\/tonymora.com\/de\/wp-json\/wp\/v2\/product"}],"about":[{"href":"https:\/\/tonymora.com\/de\/wp-json\/wp\/v2\/types\/product"}],"wp:featuredmedia":[{"embeddable":true,"href":"https:\/\/tonymora.com\/de\/wp-json\/wp\/v2\/media\/716035"}],"wp:attachment":[{"href":"https:\/\/tonymora.com\/de\/wp-json\/wp\/v2\/media?parent=715445"}],"wp:term":[{"taxonomy":"product_brand","embeddable":true,"href":"https:\/\/tonymora.com\/de\/wp-json\/wp\/v2\/product_brand?post=715445"},{"taxonomy":"product_cat","embeddable":true,"href":"https:\/\/tonymora.com\/de\/wp-json\/wp\/v2\/product_cat?post=715445"},{"taxonomy":"product_tag","embeddable":true,"href":"https:\/\/tonymora.com\/de\/wp-json\/wp\/v2\/product_tag?post=715445"}],"curies":[{"name":"wp","href":"https:\/\/api.w.org\/{rel}","templated":true}]}}