{"id":716006,"date":"2024-09-30T14:16:16","date_gmt":"2024-09-30T12:16:16","guid":{"rendered":"https:\/\/tonymora.com\/?post_type=product&#038;p=716006"},"modified":"2025-12-10T10:37:38","modified_gmt":"2025-12-10T09:37:38","slug":"boho-wildleder-tabak","status":"publish","type":"product","link":"https:\/\/tonymora.com\/de\/produkt\/boho-wildleder-tabak\/","title":{"rendered":"BOHO WILDLEDER TABAK"},"content":{"rendered":"<p>Die Tabakfarbenes Wildledertasche ist ein unverzichtbares St\u00fcck f\u00fcr diejenigen, die Stil und Funktionalit\u00e4t suchen. Mit einem bohemischen Design, das durch Fransen betont wird, zeichnet sich diese Tasche von Tony Mora durch ihre Handwerkskunst und einzigartigen Details aus. Die Weichheit des Wildleders in Kombination mit Lederverst\u00e4rkungen und einem verstellbaren Verschluss macht sie zu einem praktischen und vielseitigen Accessoire. Ideal sowohl f\u00fcr l\u00e4ssige Outfits als auch f\u00fcr besondere Anl\u00e4sse, vereint diese Tasche Tradition und Moderne und verleiht jedem Outfit einen Hauch von Eleganz. Perfekt f\u00fcr diejenigen, die mit einem entspannten, aber eleganten Stil auffallen m\u00f6chten.<\/p>\n","protected":false},"excerpt":{"rendered":"<p>Zeitlose Eleganz mit unverwechselbarem Charakter. Vielseitig und leicht zu kombinieren, ohne dabei an Pers\u00f6nlichkeit einzub\u00fc\u00dfen.<br \/>\nEine Wahl, die Sie wegen des guten Gef\u00fchls, das sie Ihnen vermittelt, in Erinnerung behalten werden.<\/p>\n","protected":false},"featured_media":716010,"template":"","meta":{"_mbp_gutenberg_autopost":false},"product_brand":[],"product_cat":[1174,167,541],"product_tag":[],"class_list":{"0":"post-716006","1":"product","2":"type-product","3":"status-publish","4":"has-post-thumbnail","6":"product_cat-black-friday-de","7":"product_cat-damen","8":"product_cat-handtaschen","10":"first","11":"outofstock","12":"taxable","13":"shipping-taxable","14":"purchasable","15":"product-type-simple"},"supplier_id":null,"supplier_sku":"","barcode":null,"atum_controlled":true,"out_stock_date":"2025-12-10 09:37:42","out_stock_threshold":null,"inheritable":false,"inbound_stock":0,"stock_on_hold":1,"sold_today":1,"sales_last_days":1,"reserved_stock":0,"customer_returns":0,"warehouse_damage":0,"lost_in_post":0,"other_logs":0,"out_stock_days":0,"lost_sales":0,"has_location":false,"update_date":"2025-12-10T08:38:03","atum_locations":[],"atum_stock_status":"outofstock","restock_status":false,"low_stock_amount":"","sales_update_date":"2025-12-10T08:38:03","calc_backorders":null,"yoast_head":"<!-- This site is optimized with the Yoast SEO plugin v27.2 - https:\/\/yoast.com\/product\/yoast-seo-wordpress\/ -->\n<title>Tabakfarbene Boho-Tasche aus Wildleder mit Fransen und verstellbarem Verschluss<\/title>\n<meta name=\"description\" content=\"Tabakfarbene Wildledertasche mit Fransen und Lederdetails. B\u00f6hmisches Design, verstellbarer Verschluss und einzigartiger Stil. Die handwerkliche Qualit\u00e4t von Tony Mora.\" \/>\n<meta name=\"robots\" content=\"index, follow, max-snippet:-1, max-image-preview:large, max-video-preview:-1\" \/>\n<link rel=\"canonical\" href=\"https:\/\/tonymora.com\/de\/produkt\/boho-wildleder-tabak\/\" \/>\n<meta property=\"og:locale\" content=\"de_DE\" \/>\n<meta property=\"og:type\" content=\"article\" \/>\n<meta property=\"og:title\" content=\"Tabakfarbene Boho-Tasche aus Wildleder mit Fransen und verstellbarem Verschluss\" \/>\n<meta property=\"og:description\" content=\"Tabakfarbene Wildledertasche mit Fransen und Lederdetails. B\u00f6hmisches Design, verstellbarer Verschluss und einzigartiger Stil. Die handwerkliche Qualit\u00e4t von Tony Mora.\" \/>\n<meta property=\"og:url\" content=\"https:\/\/tonymora.com\/de\/produkt\/boho-wildleder-tabak\/\" \/>\n<meta property=\"og:site_name\" content=\"Tony Mora\u00ae Boots Official Store\" \/>\n<meta property=\"article:publisher\" content=\"https:\/\/www.facebook.com\/Tonymoraofficial\/\" \/>\n<meta property=\"article:modified_time\" content=\"2025-12-10T09:37:38+00:00\" \/>\n<meta property=\"og:image\" content=\"https:\/\/tonymora.com\/wp-content\/uploads\/2024\/09\/5-5.jpg\" \/>\n\t<meta property=\"og:image:width\" content=\"866\" \/>\n\t<meta property=\"og:image:height\" content=\"1032\" \/>\n\t<meta property=\"og:image:type\" content=\"image\/jpeg\" \/>\n<meta name=\"twitter:card\" content=\"summary_large_image\" \/>\n<meta name=\"twitter:label1\" content=\"Gesch\u00e4tzte Lesezeit\" \/>\n\t<meta name=\"twitter:data1\" content=\"1\u00a0Minute\" \/>\n<script type=\"application\/ld+json\" class=\"yoast-schema-graph\">{\"@context\":\"https:\/\/schema.org\",\"@graph\":[{\"@type\":\"WebPage\",\"@id\":\"https:\/\/tonymora.com\/de\/produkt\/boho-wildleder-tabak\/\",\"url\":\"https:\/\/tonymora.com\/de\/produkt\/boho-wildleder-tabak\/\",\"name\":\"Tabakfarbene Boho-Tasche aus Wildleder mit Fransen und verstellbarem Verschluss\",\"isPartOf\":{\"@id\":\"https:\/\/tonymora.com\/de\/#website\"},\"primaryImageOfPage\":{\"@id\":\"https:\/\/tonymora.com\/de\/produkt\/boho-wildleder-tabak\/#primaryimage\"},\"image\":{\"@id\":\"https:\/\/tonymora.com\/de\/produkt\/boho-wildleder-tabak\/#primaryimage\"},\"thumbnailUrl\":\"https:\/\/tonymora.com\/wp-content\/uploads\/2024\/09\/5-5.jpg\",\"datePublished\":\"2024-09-30T12:16:16+00:00\",\"dateModified\":\"2025-12-10T09:37:38+00:00\",\"description\":\"Tabakfarbene Wildledertasche mit Fransen und Lederdetails. B\u00f6hmisches Design, verstellbarer Verschluss und einzigartiger Stil. Die handwerkliche Qualit\u00e4t von Tony Mora.\",\"breadcrumb\":{\"@id\":\"https:\/\/tonymora.com\/de\/produkt\/boho-wildleder-tabak\/#breadcrumb\"},\"inLanguage\":\"de\",\"potentialAction\":[{\"@type\":\"ReadAction\",\"target\":[\"https:\/\/tonymora.com\/de\/produkt\/boho-wildleder-tabak\/\"]}]},{\"@type\":\"ImageObject\",\"inLanguage\":\"de\",\"@id\":\"https:\/\/tonymora.com\/de\/produkt\/boho-wildleder-tabak\/#primaryimage\",\"url\":\"https:\/\/tonymora.com\/wp-content\/uploads\/2024\/09\/5-5.jpg\",\"contentUrl\":\"https:\/\/tonymora.com\/wp-content\/uploads\/2024\/09\/5-5.jpg\",\"width\":866,\"height\":1032},{\"@type\":\"BreadcrumbList\",\"@id\":\"https:\/\/tonymora.com\/de\/produkt\/boho-wildleder-tabak\/#breadcrumb\",\"itemListElement\":[{\"@type\":\"ListItem\",\"position\":1,\"name\":\"Portada\",\"item\":\"https:\/\/tonymora.com\/de\/\"},{\"@type\":\"ListItem\",\"position\":2,\"name\":\"Shop\",\"item\":\"https:\/\/tonymora.com\/de\/shop\/\"},{\"@type\":\"ListItem\",\"position\":3,\"name\":\"Damen\",\"item\":\"https:\/\/tonymora.com\/de\/produkt-kategorie\/damen\/\"},{\"@type\":\"ListItem\",\"position\":4,\"name\":\"Handtaschen\",\"item\":\"https:\/\/tonymora.com\/de\/produkt-kategorie\/damen\/handtaschen\/\"},{\"@type\":\"ListItem\",\"position\":5,\"name\":\"BOHO WILDLEDER TABAK\"}]},{\"@type\":\"WebSite\",\"@id\":\"https:\/\/tonymora.com\/de\/#website\",\"url\":\"https:\/\/tonymora.com\/de\/\",\"name\":\"Tony Mora\u00ae Boots Official Store\",\"description\":\"Cowboy Boots\",\"publisher\":{\"@id\":\"https:\/\/tonymora.com\/de\/#organization\"},\"potentialAction\":[{\"@type\":\"SearchAction\",\"target\":{\"@type\":\"EntryPoint\",\"urlTemplate\":\"https:\/\/tonymora.com\/de\/?s={search_term_string}\"},\"query-input\":{\"@type\":\"PropertyValueSpecification\",\"valueRequired\":true,\"valueName\":\"search_term_string\"}}],\"inLanguage\":\"de\"},{\"@type\":\"Organization\",\"@id\":\"https:\/\/tonymora.com\/de\/#organization\",\"name\":\"Tony Mora Boots\",\"url\":\"https:\/\/tonymora.com\/de\/\",\"logo\":{\"@type\":\"ImageObject\",\"inLanguage\":\"de\",\"@id\":\"https:\/\/tonymora.com\/de\/#\/schema\/logo\/image\/\",\"url\":\"https:\/\/tonymora.com\/wp-content\/uploads\/2023\/12\/LOGO.jpg\",\"contentUrl\":\"https:\/\/tonymora.com\/wp-content\/uploads\/2023\/12\/LOGO.jpg\",\"width\":2272,\"height\":1411,\"caption\":\"Tony Mora Boots\"},\"image\":{\"@id\":\"https:\/\/tonymora.com\/de\/#\/schema\/logo\/image\/\"},\"sameAs\":[\"https:\/\/www.facebook.com\/Tonymoraofficial\/\",\"https:\/\/www.instagram.com\/tonymoraofficial\/?hl=es\"]}]}<\/script>\n<!-- \/ Yoast SEO plugin. -->","yoast_head_json":{"title":"Tabakfarbene Boho-Tasche aus Wildleder mit Fransen und verstellbarem Verschluss","description":"Tabakfarbene Wildledertasche mit Fransen und Lederdetails. B\u00f6hmisches Design, verstellbarer Verschluss und einzigartiger Stil. Die handwerkliche Qualit\u00e4t von Tony Mora.","robots":{"index":"index","follow":"follow","max-snippet":"max-snippet:-1","max-image-preview":"max-image-preview:large","max-video-preview":"max-video-preview:-1"},"canonical":"https:\/\/tonymora.com\/de\/produkt\/boho-wildleder-tabak\/","og_locale":"de_DE","og_type":"article","og_title":"Tabakfarbene Boho-Tasche aus Wildleder mit Fransen und verstellbarem Verschluss","og_description":"Tabakfarbene Wildledertasche mit Fransen und Lederdetails. B\u00f6hmisches Design, verstellbarer Verschluss und einzigartiger Stil. Die handwerkliche Qualit\u00e4t von Tony Mora.","og_url":"https:\/\/tonymora.com\/de\/produkt\/boho-wildleder-tabak\/","og_site_name":"Tony Mora\u00ae Boots Official Store","article_publisher":"https:\/\/www.facebook.com\/Tonymoraofficial\/","article_modified_time":"2025-12-10T09:37:38+00:00","og_image":[{"width":866,"height":1032,"url":"https:\/\/tonymora.com\/wp-content\/uploads\/2024\/09\/5-5.jpg","type":"image\/jpeg"}],"twitter_card":"summary_large_image","twitter_misc":{"Gesch\u00e4tzte Lesezeit":"1\u00a0Minute"},"schema":{"@context":"https:\/\/schema.org","@graph":[{"@type":"WebPage","@id":"https:\/\/tonymora.com\/de\/produkt\/boho-wildleder-tabak\/","url":"https:\/\/tonymora.com\/de\/produkt\/boho-wildleder-tabak\/","name":"Tabakfarbene Boho-Tasche aus Wildleder mit Fransen und verstellbarem Verschluss","isPartOf":{"@id":"https:\/\/tonymora.com\/de\/#website"},"primaryImageOfPage":{"@id":"https:\/\/tonymora.com\/de\/produkt\/boho-wildleder-tabak\/#primaryimage"},"image":{"@id":"https:\/\/tonymora.com\/de\/produkt\/boho-wildleder-tabak\/#primaryimage"},"thumbnailUrl":"https:\/\/tonymora.com\/wp-content\/uploads\/2024\/09\/5-5.jpg","datePublished":"2024-09-30T12:16:16+00:00","dateModified":"2025-12-10T09:37:38+00:00","description":"Tabakfarbene Wildledertasche mit Fransen und Lederdetails. B\u00f6hmisches Design, verstellbarer Verschluss und einzigartiger Stil. Die handwerkliche Qualit\u00e4t von Tony Mora.","breadcrumb":{"@id":"https:\/\/tonymora.com\/de\/produkt\/boho-wildleder-tabak\/#breadcrumb"},"inLanguage":"de","potentialAction":[{"@type":"ReadAction","target":["https:\/\/tonymora.com\/de\/produkt\/boho-wildleder-tabak\/"]}]},{"@type":"ImageObject","inLanguage":"de","@id":"https:\/\/tonymora.com\/de\/produkt\/boho-wildleder-tabak\/#primaryimage","url":"https:\/\/tonymora.com\/wp-content\/uploads\/2024\/09\/5-5.jpg","contentUrl":"https:\/\/tonymora.com\/wp-content\/uploads\/2024\/09\/5-5.jpg","width":866,"height":1032},{"@type":"BreadcrumbList","@id":"https:\/\/tonymora.com\/de\/produkt\/boho-wildleder-tabak\/#breadcrumb","itemListElement":[{"@type":"ListItem","position":1,"name":"Portada","item":"https:\/\/tonymora.com\/de\/"},{"@type":"ListItem","position":2,"name":"Shop","item":"https:\/\/tonymora.com\/de\/shop\/"},{"@type":"ListItem","position":3,"name":"Damen","item":"https:\/\/tonymora.com\/de\/produkt-kategorie\/damen\/"},{"@type":"ListItem","position":4,"name":"Handtaschen","item":"https:\/\/tonymora.com\/de\/produkt-kategorie\/damen\/handtaschen\/"},{"@type":"ListItem","position":5,"name":"BOHO WILDLEDER TABAK"}]},{"@type":"WebSite","@id":"https:\/\/tonymora.com\/de\/#website","url":"https:\/\/tonymora.com\/de\/","name":"Tony Mora\u00ae Boots Official Store","description":"Cowboy Boots","publisher":{"@id":"https:\/\/tonymora.com\/de\/#organization"},"potentialAction":[{"@type":"SearchAction","target":{"@type":"EntryPoint","urlTemplate":"https:\/\/tonymora.com\/de\/?s={search_term_string}"},"query-input":{"@type":"PropertyValueSpecification","valueRequired":true,"valueName":"search_term_string"}}],"inLanguage":"de"},{"@type":"Organization","@id":"https:\/\/tonymora.com\/de\/#organization","name":"Tony Mora Boots","url":"https:\/\/tonymora.com\/de\/","logo":{"@type":"ImageObject","inLanguage":"de","@id":"https:\/\/tonymora.com\/de\/#\/schema\/logo\/image\/","url":"https:\/\/tonymora.com\/wp-content\/uploads\/2023\/12\/LOGO.jpg","contentUrl":"https:\/\/tonymora.com\/wp-content\/uploads\/2023\/12\/LOGO.jpg","width":2272,"height":1411,"caption":"Tony Mora Boots"},"image":{"@id":"https:\/\/tonymora.com\/de\/#\/schema\/logo\/image\/"},"sameAs":["https:\/\/www.facebook.com\/Tonymoraofficial\/","https:\/\/www.instagram.com\/tonymoraofficial\/?hl=es"]}]}},"_links":{"self":[{"href":"https:\/\/tonymora.com\/de\/wp-json\/wp\/v2\/product\/716006","targetHints":{"allow":["GET"]}}],"collection":[{"href":"https:\/\/tonymora.com\/de\/wp-json\/wp\/v2\/product"}],"about":[{"href":"https:\/\/tonymora.com\/de\/wp-json\/wp\/v2\/types\/product"}],"wp:featuredmedia":[{"embeddable":true,"href":"https:\/\/tonymora.com\/de\/wp-json\/wp\/v2\/media\/716010"}],"wp:attachment":[{"href":"https:\/\/tonymora.com\/de\/wp-json\/wp\/v2\/media?parent=716006"}],"wp:term":[{"taxonomy":"product_brand","embeddable":true,"href":"https:\/\/tonymora.com\/de\/wp-json\/wp\/v2\/product_brand?post=716006"},{"taxonomy":"product_cat","embeddable":true,"href":"https:\/\/tonymora.com\/de\/wp-json\/wp\/v2\/product_cat?post=716006"},{"taxonomy":"product_tag","embeddable":true,"href":"https:\/\/tonymora.com\/de\/wp-json\/wp\/v2\/product_tag?post=716006"}],"curies":[{"name":"wp","href":"https:\/\/api.w.org\/{rel}","templated":true}]}}