{"id":716112,"date":"2024-09-30T16:13:47","date_gmt":"2024-09-30T14:13:47","guid":{"rendered":"https:\/\/tonymora.com\/?post_type=product&#038;p=716112"},"modified":"2025-08-01T09:13:29","modified_gmt":"2025-08-01T07:13:29","slug":"clutch-kaninchen-print","status":"publish","type":"product","link":"https:\/\/tonymora.com\/de\/produkt\/clutch-kaninchen-print\/","title":{"rendered":"CLUTCH KANINCHEN PRINT"},"content":{"rendered":"<p style=\"text-align: left;\">Diese Tasche von Tony Mora besticht durch ihren Leoparden-Print und ist ideal f\u00fcr alle, die mit einem exklusiven und gewagten Accessoire im Trend liegen m\u00f6chten. Hergestellt aus weichen Materialien, ist ihre Textur so auff\u00e4llig wie angenehm. Neben ihrem beeindruckenden Design bietet sie dank ihrer gro\u00dfz\u00fcgigen Gr\u00f6\u00dfe ausreichend Platz, um alle wichtigen Dinge komfortabel und stilvoll zu transportieren. Das Tony Mora-Logo auf der Vorderseite garantiert ihre Authentizit\u00e4t und Qualit\u00e4t, was diese Tasche zu einem unverzichtbaren Accessoire f\u00fcr all jene macht, die mit Eleganz im Alltag auffallen m\u00f6chten.<\/p>\n","protected":false},"excerpt":{"rendered":"<p>Ein Kleidungsst\u00fcck, das mit unaufdringlicher Selbstsicherheit besticht.<br \/>\nIdeal, um Sie vom Tag bis in die Nacht mit derselben Souver\u00e4nit\u00e4t zu begleiten.<\/p>\n","protected":false},"featured_media":716116,"template":"","meta":{"_mbp_gutenberg_autopost":false},"product_brand":[],"product_cat":[1174,167,541],"product_tag":[],"class_list":{"0":"post-716112","1":"product","2":"type-product","3":"status-publish","4":"has-post-thumbnail","6":"product_cat-black-friday-de","7":"product_cat-damen","8":"product_cat-handtaschen","10":"first","11":"instock","12":"taxable","13":"shipping-taxable","14":"purchasable","15":"product-type-simple"},"supplier_id":null,"supplier_sku":"","barcode":null,"atum_controlled":false,"out_stock_date":null,"out_stock_threshold":null,"inheritable":false,"inbound_stock":null,"stock_on_hold":0,"sold_today":0,"sales_last_days":0,"reserved_stock":null,"customer_returns":null,"warehouse_damage":null,"lost_in_post":null,"other_logs":null,"out_stock_days":0,"lost_sales":0,"has_location":false,"update_date":"2026-03-17T11:54:01","atum_locations":[],"atum_stock_status":"instock","restock_status":false,"low_stock_amount":0,"sales_update_date":"2026-03-12T22:31:22","calc_backorders":null,"yoast_head":"<!-- This site is optimized with the Yoast SEO plugin v27.2 - https:\/\/yoast.com\/product\/yoast-seo-wordpress\/ -->\n<title>Clutch mit Leopardenmuster aus weichem Leder | Tony Mora<\/title>\n<meta name=\"description\" content=\"Clutch aus Leder mit Leopardenmuster. Auff\u00e4lliger und exklusiver Stil, ideal, um mit Eleganz aufzufallen. Authentisches und einzigartiges Design von Tony Mora.\" \/>\n<meta name=\"robots\" content=\"index, follow, max-snippet:-1, max-image-preview:large, max-video-preview:-1\" \/>\n<link rel=\"canonical\" href=\"https:\/\/tonymora.com\/de\/produkt\/clutch-kaninchen-print\/\" \/>\n<meta property=\"og:locale\" content=\"de_DE\" \/>\n<meta property=\"og:type\" content=\"article\" \/>\n<meta property=\"og:title\" content=\"Clutch mit Leopardenmuster aus weichem Leder | Tony Mora\" \/>\n<meta property=\"og:description\" content=\"Clutch aus Leder mit Leopardenmuster. Auff\u00e4lliger und exklusiver Stil, ideal, um mit Eleganz aufzufallen. Authentisches und einzigartiges Design von Tony Mora.\" \/>\n<meta property=\"og:url\" content=\"https:\/\/tonymora.com\/de\/produkt\/clutch-kaninchen-print\/\" \/>\n<meta property=\"og:site_name\" content=\"Tony Mora\u00ae Boots Official Store\" \/>\n<meta property=\"article:publisher\" content=\"https:\/\/www.facebook.com\/Tonymoraofficial\/\" \/>\n<meta property=\"article:modified_time\" content=\"2025-08-01T07:13:29+00:00\" \/>\n<meta property=\"og:image\" content=\"https:\/\/tonymora.com\/wp-content\/uploads\/2024\/09\/50-1.jpg\" \/>\n\t<meta property=\"og:image:width\" content=\"866\" \/>\n\t<meta property=\"og:image:height\" content=\"1032\" \/>\n\t<meta property=\"og:image:type\" content=\"image\/jpeg\" \/>\n<meta name=\"twitter:card\" content=\"summary_large_image\" \/>\n<meta name=\"twitter:label1\" content=\"Gesch\u00e4tzte Lesezeit\" \/>\n\t<meta name=\"twitter:data1\" content=\"1\u00a0Minute\" \/>\n<script type=\"application\/ld+json\" class=\"yoast-schema-graph\">{\"@context\":\"https:\/\/schema.org\",\"@graph\":[{\"@type\":\"WebPage\",\"@id\":\"https:\/\/tonymora.com\/de\/produkt\/clutch-kaninchen-print\/\",\"url\":\"https:\/\/tonymora.com\/de\/produkt\/clutch-kaninchen-print\/\",\"name\":\"Clutch mit Leopardenmuster aus weichem Leder | Tony Mora\",\"isPartOf\":{\"@id\":\"https:\/\/tonymora.com\/de\/#website\"},\"primaryImageOfPage\":{\"@id\":\"https:\/\/tonymora.com\/de\/produkt\/clutch-kaninchen-print\/#primaryimage\"},\"image\":{\"@id\":\"https:\/\/tonymora.com\/de\/produkt\/clutch-kaninchen-print\/#primaryimage\"},\"thumbnailUrl\":\"https:\/\/tonymora.com\/wp-content\/uploads\/2024\/09\/50-1.jpg\",\"datePublished\":\"2024-09-30T14:13:47+00:00\",\"dateModified\":\"2025-08-01T07:13:29+00:00\",\"description\":\"Clutch aus Leder mit Leopardenmuster. Auff\u00e4lliger und exklusiver Stil, ideal, um mit Eleganz aufzufallen. Authentisches und einzigartiges Design von Tony Mora.\",\"breadcrumb\":{\"@id\":\"https:\/\/tonymora.com\/de\/produkt\/clutch-kaninchen-print\/#breadcrumb\"},\"inLanguage\":\"de\",\"potentialAction\":[{\"@type\":\"ReadAction\",\"target\":[\"https:\/\/tonymora.com\/de\/produkt\/clutch-kaninchen-print\/\"]}]},{\"@type\":\"ImageObject\",\"inLanguage\":\"de\",\"@id\":\"https:\/\/tonymora.com\/de\/produkt\/clutch-kaninchen-print\/#primaryimage\",\"url\":\"https:\/\/tonymora.com\/wp-content\/uploads\/2024\/09\/50-1.jpg\",\"contentUrl\":\"https:\/\/tonymora.com\/wp-content\/uploads\/2024\/09\/50-1.jpg\",\"width\":866,\"height\":1032,\"caption\":\"Bolso clutch print leopardo\"},{\"@type\":\"BreadcrumbList\",\"@id\":\"https:\/\/tonymora.com\/de\/produkt\/clutch-kaninchen-print\/#breadcrumb\",\"itemListElement\":[{\"@type\":\"ListItem\",\"position\":1,\"name\":\"Portada\",\"item\":\"https:\/\/tonymora.com\/de\/\"},{\"@type\":\"ListItem\",\"position\":2,\"name\":\"Shop\",\"item\":\"https:\/\/tonymora.com\/de\/shop\/\"},{\"@type\":\"ListItem\",\"position\":3,\"name\":\"Damen\",\"item\":\"https:\/\/tonymora.com\/de\/produkt-kategorie\/damen\/\"},{\"@type\":\"ListItem\",\"position\":4,\"name\":\"CLUTCH KANINCHEN PRINT\"}]},{\"@type\":\"WebSite\",\"@id\":\"https:\/\/tonymora.com\/de\/#website\",\"url\":\"https:\/\/tonymora.com\/de\/\",\"name\":\"Tony Mora\u00ae Boots Official Store\",\"description\":\"Cowboy Boots\",\"publisher\":{\"@id\":\"https:\/\/tonymora.com\/de\/#organization\"},\"potentialAction\":[{\"@type\":\"SearchAction\",\"target\":{\"@type\":\"EntryPoint\",\"urlTemplate\":\"https:\/\/tonymora.com\/de\/?s={search_term_string}\"},\"query-input\":{\"@type\":\"PropertyValueSpecification\",\"valueRequired\":true,\"valueName\":\"search_term_string\"}}],\"inLanguage\":\"de\"},{\"@type\":\"Organization\",\"@id\":\"https:\/\/tonymora.com\/de\/#organization\",\"name\":\"Tony Mora Boots\",\"url\":\"https:\/\/tonymora.com\/de\/\",\"logo\":{\"@type\":\"ImageObject\",\"inLanguage\":\"de\",\"@id\":\"https:\/\/tonymora.com\/de\/#\/schema\/logo\/image\/\",\"url\":\"https:\/\/tonymora.com\/wp-content\/uploads\/2023\/12\/LOGO.jpg\",\"contentUrl\":\"https:\/\/tonymora.com\/wp-content\/uploads\/2023\/12\/LOGO.jpg\",\"width\":2272,\"height\":1411,\"caption\":\"Tony Mora Boots\"},\"image\":{\"@id\":\"https:\/\/tonymora.com\/de\/#\/schema\/logo\/image\/\"},\"sameAs\":[\"https:\/\/www.facebook.com\/Tonymoraofficial\/\",\"https:\/\/www.instagram.com\/tonymoraofficial\/?hl=es\"]}]}<\/script>\n<!-- \/ Yoast SEO plugin. -->","yoast_head_json":{"title":"Clutch mit Leopardenmuster aus weichem Leder | Tony Mora","description":"Clutch aus Leder mit Leopardenmuster. Auff\u00e4lliger und exklusiver Stil, ideal, um mit Eleganz aufzufallen. Authentisches und einzigartiges Design von Tony Mora.","robots":{"index":"index","follow":"follow","max-snippet":"max-snippet:-1","max-image-preview":"max-image-preview:large","max-video-preview":"max-video-preview:-1"},"canonical":"https:\/\/tonymora.com\/de\/produkt\/clutch-kaninchen-print\/","og_locale":"de_DE","og_type":"article","og_title":"Clutch mit Leopardenmuster aus weichem Leder | Tony Mora","og_description":"Clutch aus Leder mit Leopardenmuster. Auff\u00e4lliger und exklusiver Stil, ideal, um mit Eleganz aufzufallen. Authentisches und einzigartiges Design von Tony Mora.","og_url":"https:\/\/tonymora.com\/de\/produkt\/clutch-kaninchen-print\/","og_site_name":"Tony Mora\u00ae Boots Official Store","article_publisher":"https:\/\/www.facebook.com\/Tonymoraofficial\/","article_modified_time":"2025-08-01T07:13:29+00:00","og_image":[{"width":866,"height":1032,"url":"https:\/\/tonymora.com\/wp-content\/uploads\/2024\/09\/50-1.jpg","type":"image\/jpeg"}],"twitter_card":"summary_large_image","twitter_misc":{"Gesch\u00e4tzte Lesezeit":"1\u00a0Minute"},"schema":{"@context":"https:\/\/schema.org","@graph":[{"@type":"WebPage","@id":"https:\/\/tonymora.com\/de\/produkt\/clutch-kaninchen-print\/","url":"https:\/\/tonymora.com\/de\/produkt\/clutch-kaninchen-print\/","name":"Clutch mit Leopardenmuster aus weichem Leder | Tony Mora","isPartOf":{"@id":"https:\/\/tonymora.com\/de\/#website"},"primaryImageOfPage":{"@id":"https:\/\/tonymora.com\/de\/produkt\/clutch-kaninchen-print\/#primaryimage"},"image":{"@id":"https:\/\/tonymora.com\/de\/produkt\/clutch-kaninchen-print\/#primaryimage"},"thumbnailUrl":"https:\/\/tonymora.com\/wp-content\/uploads\/2024\/09\/50-1.jpg","datePublished":"2024-09-30T14:13:47+00:00","dateModified":"2025-08-01T07:13:29+00:00","description":"Clutch aus Leder mit Leopardenmuster. Auff\u00e4lliger und exklusiver Stil, ideal, um mit Eleganz aufzufallen. Authentisches und einzigartiges Design von Tony Mora.","breadcrumb":{"@id":"https:\/\/tonymora.com\/de\/produkt\/clutch-kaninchen-print\/#breadcrumb"},"inLanguage":"de","potentialAction":[{"@type":"ReadAction","target":["https:\/\/tonymora.com\/de\/produkt\/clutch-kaninchen-print\/"]}]},{"@type":"ImageObject","inLanguage":"de","@id":"https:\/\/tonymora.com\/de\/produkt\/clutch-kaninchen-print\/#primaryimage","url":"https:\/\/tonymora.com\/wp-content\/uploads\/2024\/09\/50-1.jpg","contentUrl":"https:\/\/tonymora.com\/wp-content\/uploads\/2024\/09\/50-1.jpg","width":866,"height":1032,"caption":"Bolso clutch print leopardo"},{"@type":"BreadcrumbList","@id":"https:\/\/tonymora.com\/de\/produkt\/clutch-kaninchen-print\/#breadcrumb","itemListElement":[{"@type":"ListItem","position":1,"name":"Portada","item":"https:\/\/tonymora.com\/de\/"},{"@type":"ListItem","position":2,"name":"Shop","item":"https:\/\/tonymora.com\/de\/shop\/"},{"@type":"ListItem","position":3,"name":"Damen","item":"https:\/\/tonymora.com\/de\/produkt-kategorie\/damen\/"},{"@type":"ListItem","position":4,"name":"CLUTCH KANINCHEN PRINT"}]},{"@type":"WebSite","@id":"https:\/\/tonymora.com\/de\/#website","url":"https:\/\/tonymora.com\/de\/","name":"Tony Mora\u00ae Boots Official Store","description":"Cowboy Boots","publisher":{"@id":"https:\/\/tonymora.com\/de\/#organization"},"potentialAction":[{"@type":"SearchAction","target":{"@type":"EntryPoint","urlTemplate":"https:\/\/tonymora.com\/de\/?s={search_term_string}"},"query-input":{"@type":"PropertyValueSpecification","valueRequired":true,"valueName":"search_term_string"}}],"inLanguage":"de"},{"@type":"Organization","@id":"https:\/\/tonymora.com\/de\/#organization","name":"Tony Mora Boots","url":"https:\/\/tonymora.com\/de\/","logo":{"@type":"ImageObject","inLanguage":"de","@id":"https:\/\/tonymora.com\/de\/#\/schema\/logo\/image\/","url":"https:\/\/tonymora.com\/wp-content\/uploads\/2023\/12\/LOGO.jpg","contentUrl":"https:\/\/tonymora.com\/wp-content\/uploads\/2023\/12\/LOGO.jpg","width":2272,"height":1411,"caption":"Tony Mora Boots"},"image":{"@id":"https:\/\/tonymora.com\/de\/#\/schema\/logo\/image\/"},"sameAs":["https:\/\/www.facebook.com\/Tonymoraofficial\/","https:\/\/www.instagram.com\/tonymoraofficial\/?hl=es"]}]}},"_links":{"self":[{"href":"https:\/\/tonymora.com\/de\/wp-json\/wp\/v2\/product\/716112","targetHints":{"allow":["GET"]}}],"collection":[{"href":"https:\/\/tonymora.com\/de\/wp-json\/wp\/v2\/product"}],"about":[{"href":"https:\/\/tonymora.com\/de\/wp-json\/wp\/v2\/types\/product"}],"wp:featuredmedia":[{"embeddable":true,"href":"https:\/\/tonymora.com\/de\/wp-json\/wp\/v2\/media\/716116"}],"wp:attachment":[{"href":"https:\/\/tonymora.com\/de\/wp-json\/wp\/v2\/media?parent=716112"}],"wp:term":[{"taxonomy":"product_brand","embeddable":true,"href":"https:\/\/tonymora.com\/de\/wp-json\/wp\/v2\/product_brand?post=716112"},{"taxonomy":"product_cat","embeddable":true,"href":"https:\/\/tonymora.com\/de\/wp-json\/wp\/v2\/product_cat?post=716112"},{"taxonomy":"product_tag","embeddable":true,"href":"https:\/\/tonymora.com\/de\/wp-json\/wp\/v2\/product_tag?post=716112"}],"curies":[{"name":"wp","href":"https:\/\/api.w.org\/{rel}","templated":true}]}}