{"id":716131,"date":"2024-09-30T16:34:42","date_gmt":"2024-09-30T14:34:42","guid":{"rendered":"https:\/\/tonymora.com\/?post_type=product&#038;p=716131"},"modified":"2025-11-20T09:52:24","modified_gmt":"2025-11-20T08:52:24","slug":"shopper-bag-buff-braun-tabak-wildleder","status":"publish","type":"product","link":"https:\/\/tonymora.com\/de\/produkt\/shopper-bag-buff-braun-tabak-wildleder\/","title":{"rendered":"SHOPPER BAG BUFF BRAUN \/ TABAK-WILDLEDER"},"content":{"rendered":"<p>Diese Tasche kombiniert Stil und Funktionalit\u00e4t mit ihrem weichen Tabak-Wildleder und einer markanten Schmetterlingsgravur auf der Vorderseite. Die handwerklichen Details, wie die Lederabschl\u00fcsse und Quasten, unterstreichen ihren einzigartigen Charakter. Ihr ger\u00e4umiges Inneres macht sie zum idealen Begleiter, um alles N\u00f6tige elegant zu transportieren. Die emblematische Plakette von Tony Mora garantiert die Authentizit\u00e4t und Qualit\u00e4t dieses St\u00fccks.<\/p>\n","protected":false},"excerpt":{"rendered":"<p>Eine Wahl, die auf den ersten Blick etwas Besonderes ist.<\/p>\n<p>F\u00fcr alle, die Stil mit Bedeutung und echter Ausstrahlung suchen.<\/p>\n","protected":false},"featured_media":716134,"template":"","meta":{"_mbp_gutenberg_autopost":false},"product_brand":[],"product_cat":[1174,167,541],"product_tag":[],"class_list":{"0":"post-716131","1":"product","2":"type-product","3":"status-publish","4":"has-post-thumbnail","6":"product_cat-black-friday-de","7":"product_cat-damen","8":"product_cat-handtaschen","10":"first","11":"instock","12":"taxable","13":"shipping-taxable","14":"purchasable","15":"product-type-simple"},"supplier_id":null,"supplier_sku":"","barcode":null,"atum_controlled":true,"out_stock_date":null,"out_stock_threshold":null,"inheritable":false,"inbound_stock":0,"stock_on_hold":1,"sold_today":0,"sales_last_days":1,"reserved_stock":0,"customer_returns":0,"warehouse_damage":0,"lost_in_post":0,"other_logs":0,"out_stock_days":0,"lost_sales":0,"has_location":false,"update_date":"2026-03-17T11:56:54","atum_locations":[],"atum_stock_status":"instock","restock_status":false,"low_stock_amount":"","sales_update_date":"2025-11-27T06:54:53","calc_backorders":null,"yoast_head":"<!-- This site is optimized with the Yoast SEO plugin v27.4 - https:\/\/yoast.com\/product\/yoast-seo-wordpress\/ -->\n<title>Tabakfarbene Wildleder-Shoppertasche mit Schmetterlingsdruck<\/title>\n<meta name=\"description\" content=\"Weiche, tabakfarbene Wildledertasche mit handgefertigter Schmetterlingsgravur, ger\u00e4umig und funktional. Eleganz und Qualit\u00e4t von Tony Mora f\u00fcr Ihren Alltag.\" \/>\n<meta name=\"robots\" content=\"index, follow, max-snippet:-1, max-image-preview:large, max-video-preview:-1\" \/>\n<link rel=\"canonical\" href=\"https:\/\/tonymora.com\/de\/produkt\/shopper-bag-buff-braun-tabak-wildleder\/\" \/>\n<meta property=\"og:locale\" content=\"de_DE\" \/>\n<meta property=\"og:type\" content=\"article\" \/>\n<meta property=\"og:title\" content=\"Tabakfarbene Wildleder-Shoppertasche mit Schmetterlingsdruck\" \/>\n<meta property=\"og:description\" content=\"Weiche, tabakfarbene Wildledertasche mit handgefertigter Schmetterlingsgravur, ger\u00e4umig und funktional. Eleganz und Qualit\u00e4t von Tony Mora f\u00fcr Ihren Alltag.\" \/>\n<meta property=\"og:url\" content=\"https:\/\/tonymora.com\/de\/produkt\/shopper-bag-buff-braun-tabak-wildleder\/\" \/>\n<meta property=\"og:site_name\" content=\"Tony Mora\u00ae Boots Official Store\" \/>\n<meta property=\"article:publisher\" content=\"https:\/\/www.facebook.com\/Tonymoraofficial\/\" \/>\n<meta property=\"article:modified_time\" content=\"2025-11-20T08:52:24+00:00\" \/>\n<meta property=\"og:image\" content=\"https:\/\/tonymora.com\/wp-content\/uploads\/2024\/09\/55-1.jpg\" \/>\n\t<meta property=\"og:image:width\" content=\"866\" \/>\n\t<meta property=\"og:image:height\" content=\"1032\" \/>\n\t<meta property=\"og:image:type\" content=\"image\/jpeg\" \/>\n<meta name=\"twitter:card\" content=\"summary_large_image\" \/>\n<meta name=\"twitter:label1\" content=\"Gesch\u00e4tzte Lesezeit\" \/>\n\t<meta name=\"twitter:data1\" content=\"1\u00a0Minute\" \/>\n<script type=\"application\/ld+json\" class=\"yoast-schema-graph\">{\"@context\":\"https:\\\/\\\/schema.org\",\"@graph\":[{\"@type\":\"WebPage\",\"@id\":\"https:\\\/\\\/tonymora.com\\\/de\\\/produkt\\\/shopper-bag-buff-braun-tabak-wildleder\\\/\",\"url\":\"https:\\\/\\\/tonymora.com\\\/de\\\/produkt\\\/shopper-bag-buff-braun-tabak-wildleder\\\/\",\"name\":\"Tabakfarbene Wildleder-Shoppertasche mit Schmetterlingsdruck\",\"isPartOf\":{\"@id\":\"https:\\\/\\\/tonymora.com\\\/de\\\/#website\"},\"primaryImageOfPage\":{\"@id\":\"https:\\\/\\\/tonymora.com\\\/de\\\/produkt\\\/shopper-bag-buff-braun-tabak-wildleder\\\/#primaryimage\"},\"image\":{\"@id\":\"https:\\\/\\\/tonymora.com\\\/de\\\/produkt\\\/shopper-bag-buff-braun-tabak-wildleder\\\/#primaryimage\"},\"thumbnailUrl\":\"https:\\\/\\\/tonymora.com\\\/wp-content\\\/uploads\\\/2024\\\/09\\\/55-1.jpg\",\"datePublished\":\"2024-09-30T14:34:42+00:00\",\"dateModified\":\"2025-11-20T08:52:24+00:00\",\"description\":\"Weiche, tabakfarbene Wildledertasche mit handgefertigter Schmetterlingsgravur, ger\u00e4umig und funktional. Eleganz und Qualit\u00e4t von Tony Mora f\u00fcr Ihren Alltag.\",\"breadcrumb\":{\"@id\":\"https:\\\/\\\/tonymora.com\\\/de\\\/produkt\\\/shopper-bag-buff-braun-tabak-wildleder\\\/#breadcrumb\"},\"inLanguage\":\"de\",\"potentialAction\":[{\"@type\":\"ReadAction\",\"target\":[\"https:\\\/\\\/tonymora.com\\\/de\\\/produkt\\\/shopper-bag-buff-braun-tabak-wildleder\\\/\"]}]},{\"@type\":\"ImageObject\",\"inLanguage\":\"de\",\"@id\":\"https:\\\/\\\/tonymora.com\\\/de\\\/produkt\\\/shopper-bag-buff-braun-tabak-wildleder\\\/#primaryimage\",\"url\":\"https:\\\/\\\/tonymora.com\\\/wp-content\\\/uploads\\\/2024\\\/09\\\/55-1.jpg\",\"contentUrl\":\"https:\\\/\\\/tonymora.com\\\/wp-content\\\/uploads\\\/2024\\\/09\\\/55-1.jpg\",\"width\":866,\"height\":1032},{\"@type\":\"BreadcrumbList\",\"@id\":\"https:\\\/\\\/tonymora.com\\\/de\\\/produkt\\\/shopper-bag-buff-braun-tabak-wildleder\\\/#breadcrumb\",\"itemListElement\":[{\"@type\":\"ListItem\",\"position\":1,\"name\":\"Portada\",\"item\":\"https:\\\/\\\/tonymora.com\\\/de\\\/\"},{\"@type\":\"ListItem\",\"position\":2,\"name\":\"Shop\",\"item\":\"https:\\\/\\\/tonymora.com\\\/de\\\/shop\\\/\"},{\"@type\":\"ListItem\",\"position\":3,\"name\":\"Damen\",\"item\":\"https:\\\/\\\/tonymora.com\\\/de\\\/produkt-kategorie\\\/damen\\\/\"},{\"@type\":\"ListItem\",\"position\":4,\"name\":\"Handtaschen\",\"item\":\"https:\\\/\\\/tonymora.com\\\/de\\\/produkt-kategorie\\\/damen\\\/handtaschen\\\/\"},{\"@type\":\"ListItem\",\"position\":5,\"name\":\"SHOPPER BAG BUFF BRAUN \\\/ TABAK-WILDLEDER\"}]},{\"@type\":\"WebSite\",\"@id\":\"https:\\\/\\\/tonymora.com\\\/de\\\/#website\",\"url\":\"https:\\\/\\\/tonymora.com\\\/de\\\/\",\"name\":\"Tony Mora\u00ae Boots Official Store\",\"description\":\"Cowboy Boots\",\"publisher\":{\"@id\":\"https:\\\/\\\/tonymora.com\\\/de\\\/#organization\"},\"potentialAction\":[{\"@type\":\"SearchAction\",\"target\":{\"@type\":\"EntryPoint\",\"urlTemplate\":\"https:\\\/\\\/tonymora.com\\\/de\\\/?s={search_term_string}\"},\"query-input\":{\"@type\":\"PropertyValueSpecification\",\"valueRequired\":true,\"valueName\":\"search_term_string\"}}],\"inLanguage\":\"de\"},{\"@type\":\"Organization\",\"@id\":\"https:\\\/\\\/tonymora.com\\\/de\\\/#organization\",\"name\":\"Tony Mora Boots\",\"url\":\"https:\\\/\\\/tonymora.com\\\/de\\\/\",\"logo\":{\"@type\":\"ImageObject\",\"inLanguage\":\"de\",\"@id\":\"https:\\\/\\\/tonymora.com\\\/de\\\/#\\\/schema\\\/logo\\\/image\\\/\",\"url\":\"https:\\\/\\\/tonymora.com\\\/wp-content\\\/uploads\\\/2023\\\/12\\\/LOGO.jpg\",\"contentUrl\":\"https:\\\/\\\/tonymora.com\\\/wp-content\\\/uploads\\\/2023\\\/12\\\/LOGO.jpg\",\"width\":2272,\"height\":1411,\"caption\":\"Tony Mora Boots\"},\"image\":{\"@id\":\"https:\\\/\\\/tonymora.com\\\/de\\\/#\\\/schema\\\/logo\\\/image\\\/\"},\"sameAs\":[\"https:\\\/\\\/www.facebook.com\\\/Tonymoraofficial\\\/\",\"https:\\\/\\\/www.instagram.com\\\/tonymoraofficial\\\/?hl=es\"]}]}<\/script>\n<!-- \/ Yoast SEO plugin. -->","yoast_head_json":{"title":"Tabakfarbene Wildleder-Shoppertasche mit Schmetterlingsdruck","description":"Weiche, tabakfarbene Wildledertasche mit handgefertigter Schmetterlingsgravur, ger\u00e4umig und funktional. Eleganz und Qualit\u00e4t von Tony Mora f\u00fcr Ihren Alltag.","robots":{"index":"index","follow":"follow","max-snippet":"max-snippet:-1","max-image-preview":"max-image-preview:large","max-video-preview":"max-video-preview:-1"},"canonical":"https:\/\/tonymora.com\/de\/produkt\/shopper-bag-buff-braun-tabak-wildleder\/","og_locale":"de_DE","og_type":"article","og_title":"Tabakfarbene Wildleder-Shoppertasche mit Schmetterlingsdruck","og_description":"Weiche, tabakfarbene Wildledertasche mit handgefertigter Schmetterlingsgravur, ger\u00e4umig und funktional. Eleganz und Qualit\u00e4t von Tony Mora f\u00fcr Ihren Alltag.","og_url":"https:\/\/tonymora.com\/de\/produkt\/shopper-bag-buff-braun-tabak-wildleder\/","og_site_name":"Tony Mora\u00ae Boots Official Store","article_publisher":"https:\/\/www.facebook.com\/Tonymoraofficial\/","article_modified_time":"2025-11-20T08:52:24+00:00","og_image":[{"width":866,"height":1032,"url":"https:\/\/tonymora.com\/wp-content\/uploads\/2024\/09\/55-1.jpg","type":"image\/jpeg"}],"twitter_card":"summary_large_image","twitter_misc":{"Gesch\u00e4tzte Lesezeit":"1\u00a0Minute"},"schema":{"@context":"https:\/\/schema.org","@graph":[{"@type":"WebPage","@id":"https:\/\/tonymora.com\/de\/produkt\/shopper-bag-buff-braun-tabak-wildleder\/","url":"https:\/\/tonymora.com\/de\/produkt\/shopper-bag-buff-braun-tabak-wildleder\/","name":"Tabakfarbene Wildleder-Shoppertasche mit Schmetterlingsdruck","isPartOf":{"@id":"https:\/\/tonymora.com\/de\/#website"},"primaryImageOfPage":{"@id":"https:\/\/tonymora.com\/de\/produkt\/shopper-bag-buff-braun-tabak-wildleder\/#primaryimage"},"image":{"@id":"https:\/\/tonymora.com\/de\/produkt\/shopper-bag-buff-braun-tabak-wildleder\/#primaryimage"},"thumbnailUrl":"https:\/\/tonymora.com\/wp-content\/uploads\/2024\/09\/55-1.jpg","datePublished":"2024-09-30T14:34:42+00:00","dateModified":"2025-11-20T08:52:24+00:00","description":"Weiche, tabakfarbene Wildledertasche mit handgefertigter Schmetterlingsgravur, ger\u00e4umig und funktional. Eleganz und Qualit\u00e4t von Tony Mora f\u00fcr Ihren Alltag.","breadcrumb":{"@id":"https:\/\/tonymora.com\/de\/produkt\/shopper-bag-buff-braun-tabak-wildleder\/#breadcrumb"},"inLanguage":"de","potentialAction":[{"@type":"ReadAction","target":["https:\/\/tonymora.com\/de\/produkt\/shopper-bag-buff-braun-tabak-wildleder\/"]}]},{"@type":"ImageObject","inLanguage":"de","@id":"https:\/\/tonymora.com\/de\/produkt\/shopper-bag-buff-braun-tabak-wildleder\/#primaryimage","url":"https:\/\/tonymora.com\/wp-content\/uploads\/2024\/09\/55-1.jpg","contentUrl":"https:\/\/tonymora.com\/wp-content\/uploads\/2024\/09\/55-1.jpg","width":866,"height":1032},{"@type":"BreadcrumbList","@id":"https:\/\/tonymora.com\/de\/produkt\/shopper-bag-buff-braun-tabak-wildleder\/#breadcrumb","itemListElement":[{"@type":"ListItem","position":1,"name":"Portada","item":"https:\/\/tonymora.com\/de\/"},{"@type":"ListItem","position":2,"name":"Shop","item":"https:\/\/tonymora.com\/de\/shop\/"},{"@type":"ListItem","position":3,"name":"Damen","item":"https:\/\/tonymora.com\/de\/produkt-kategorie\/damen\/"},{"@type":"ListItem","position":4,"name":"Handtaschen","item":"https:\/\/tonymora.com\/de\/produkt-kategorie\/damen\/handtaschen\/"},{"@type":"ListItem","position":5,"name":"SHOPPER BAG BUFF BRAUN \/ TABAK-WILDLEDER"}]},{"@type":"WebSite","@id":"https:\/\/tonymora.com\/de\/#website","url":"https:\/\/tonymora.com\/de\/","name":"Tony Mora\u00ae Boots Official Store","description":"Cowboy Boots","publisher":{"@id":"https:\/\/tonymora.com\/de\/#organization"},"potentialAction":[{"@type":"SearchAction","target":{"@type":"EntryPoint","urlTemplate":"https:\/\/tonymora.com\/de\/?s={search_term_string}"},"query-input":{"@type":"PropertyValueSpecification","valueRequired":true,"valueName":"search_term_string"}}],"inLanguage":"de"},{"@type":"Organization","@id":"https:\/\/tonymora.com\/de\/#organization","name":"Tony Mora Boots","url":"https:\/\/tonymora.com\/de\/","logo":{"@type":"ImageObject","inLanguage":"de","@id":"https:\/\/tonymora.com\/de\/#\/schema\/logo\/image\/","url":"https:\/\/tonymora.com\/wp-content\/uploads\/2023\/12\/LOGO.jpg","contentUrl":"https:\/\/tonymora.com\/wp-content\/uploads\/2023\/12\/LOGO.jpg","width":2272,"height":1411,"caption":"Tony Mora Boots"},"image":{"@id":"https:\/\/tonymora.com\/de\/#\/schema\/logo\/image\/"},"sameAs":["https:\/\/www.facebook.com\/Tonymoraofficial\/","https:\/\/www.instagram.com\/tonymoraofficial\/?hl=es"]}]}},"_links":{"self":[{"href":"https:\/\/tonymora.com\/de\/wp-json\/wp\/v2\/product\/716131","targetHints":{"allow":["GET"]}}],"collection":[{"href":"https:\/\/tonymora.com\/de\/wp-json\/wp\/v2\/product"}],"about":[{"href":"https:\/\/tonymora.com\/de\/wp-json\/wp\/v2\/types\/product"}],"wp:featuredmedia":[{"embeddable":true,"href":"https:\/\/tonymora.com\/de\/wp-json\/wp\/v2\/media\/716134"}],"wp:attachment":[{"href":"https:\/\/tonymora.com\/de\/wp-json\/wp\/v2\/media?parent=716131"}],"wp:term":[{"taxonomy":"product_brand","embeddable":true,"href":"https:\/\/tonymora.com\/de\/wp-json\/wp\/v2\/product_brand?post=716131"},{"taxonomy":"product_cat","embeddable":true,"href":"https:\/\/tonymora.com\/de\/wp-json\/wp\/v2\/product_cat?post=716131"},{"taxonomy":"product_tag","embeddable":true,"href":"https:\/\/tonymora.com\/de\/wp-json\/wp\/v2\/product_tag?post=716131"}],"curies":[{"name":"wp","href":"https:\/\/api.w.org\/{rel}","templated":true}]}}