{"id":716171,"date":"2024-10-01T09:48:00","date_gmt":"2024-10-01T07:48:00","guid":{"rendered":"https:\/\/tonymora.com\/?post_type=product&#038;p=716171"},"modified":"2026-04-11T07:32:12","modified_gmt":"2026-04-11T05:32:12","slug":"shopper-bag-kaninchen-print","status":"publish","type":"product","link":"https:\/\/tonymora.com\/de\/produkt\/shopper-bag-kaninchen-print\/","title":{"rendered":"SHOPPER BAG KANINCHEN-PRINT"},"content":{"rendered":"<p style=\"text-align: left;>Gefertigt aus weichem Kaninchenfell, macht der mutige und moderne Animal-print einen auff\u00e4lligen Eindruck. Die Lederdetails betonen seine Eleganz, w\u00e4hrend das ger\u00e4umige Innere es zum perfekten Begleiter f\u00fcr den Alltag macht. Neben seinem auff\u00e4lligen Design ist es praktisch und funktional, bietet genug Platz, um alle wichtigen Dinge stilvoll zu transportieren. Die ikonische Tony Mora-Plakette setzt einen letzten Akzent und garantiert die Authentizit\u00e4t und Qualit\u00e4t dieses exklusiven St\u00fccks, ideal f\u00fcr diejenigen, die mit einem einzigartigen und raffinierten Accessoire auffallen m\u00f6chten.<\/p>\n","protected":false},"excerpt":{"rendered":"<p>Charakter und Eleganz in perfekter Balance. Vielseitig und leicht kombinierbar, ohne dabei an Pers\u00f6nlichkeit einzub\u00fc\u00dfen. Ein subtiles Statement von gutem Geschmack und Selbstbewusstsein.<\/p>\n","protected":false},"featured_media":716179,"template":"","meta":{"_mbp_gutenberg_autopost":false},"product_brand":[],"product_cat":[1174,167,541],"product_tag":[],"class_list":{"0":"post-716171","1":"product","2":"type-product","3":"status-publish","4":"has-post-thumbnail","6":"product_cat-black-friday-de","7":"product_cat-damen","8":"product_cat-handtaschen","10":"first","11":"instock","12":"taxable","13":"shipping-taxable","14":"purchasable","15":"product-type-simple"},"supplier_id":null,"supplier_sku":"","barcode":null,"atum_controlled":true,"out_stock_date":null,"out_stock_threshold":null,"inheritable":false,"inbound_stock":0,"stock_on_hold":0,"sold_today":0,"sales_last_days":0,"reserved_stock":0,"customer_returns":0,"warehouse_damage":0,"lost_in_post":0,"other_logs":0,"out_stock_days":0,"lost_sales":0,"has_location":false,"update_date":"2026-03-17T11:55:28","atum_locations":[],"atum_stock_status":"instock","restock_status":false,"low_stock_amount":2,"sales_update_date":"2025-04-29T06:57:26","calc_backorders":null,"yoast_head":"<!-- This site is optimized with the Yoast SEO plugin v27.2 - https:\/\/yoast.com\/product\/yoast-seo-wordpress\/ -->\n<title>Shopper Bag mit Kaninchen-Print | Elegante und moderne Tasche<\/title>\n<meta name=\"description\" content=\"Shopper-Tasche aus weichem Kaninchenfell mit Animal-Print. Elegant, funktional und ger\u00e4umig. Perfekt f\u00fcr den t\u00e4glichen Gebrauch. Kaufen Sie bei Tony Mora.\" \/>\n<meta name=\"robots\" content=\"index, follow, max-snippet:-1, max-image-preview:large, max-video-preview:-1\" \/>\n<link rel=\"canonical\" href=\"https:\/\/tonymora.com\/de\/produkt\/shopper-bag-kaninchen-print\/\" \/>\n<meta property=\"og:locale\" content=\"de_DE\" \/>\n<meta property=\"og:type\" content=\"article\" \/>\n<meta property=\"og:title\" content=\"Shopper Bag mit Kaninchen-Print | Elegante und moderne Tasche\" \/>\n<meta property=\"og:description\" content=\"Shopper-Tasche aus weichem Kaninchenfell mit Animal-Print. Elegant, funktional und ger\u00e4umig. Perfekt f\u00fcr den t\u00e4glichen Gebrauch. Kaufen Sie bei Tony Mora.\" \/>\n<meta property=\"og:url\" content=\"https:\/\/tonymora.com\/de\/produkt\/shopper-bag-kaninchen-print\/\" \/>\n<meta property=\"og:site_name\" content=\"Tony Mora\u00ae Boots Official Store\" \/>\n<meta property=\"article:publisher\" content=\"https:\/\/www.facebook.com\/Tonymoraofficial\/\" \/>\n<meta property=\"article:modified_time\" content=\"2026-04-11T05:32:12+00:00\" \/>\n<meta property=\"og:image\" content=\"https:\/\/tonymora.com\/wp-content\/uploads\/2024\/10\/44.jpg\" \/>\n\t<meta property=\"og:image:width\" content=\"866\" \/>\n\t<meta property=\"og:image:height\" content=\"1032\" \/>\n\t<meta property=\"og:image:type\" content=\"image\/jpeg\" \/>\n<meta name=\"twitter:card\" content=\"summary_large_image\" \/>\n<meta name=\"twitter:label1\" content=\"Gesch\u00e4tzte Lesezeit\" \/>\n\t<meta name=\"twitter:data1\" content=\"1\u00a0Minute\" \/>\n<script type=\"application\/ld+json\" class=\"yoast-schema-graph\">{\"@context\":\"https:\/\/schema.org\",\"@graph\":[{\"@type\":\"WebPage\",\"@id\":\"https:\/\/tonymora.com\/de\/produkt\/shopper-bag-kaninchen-print\/\",\"url\":\"https:\/\/tonymora.com\/de\/produkt\/shopper-bag-kaninchen-print\/\",\"name\":\"Shopper Bag mit Kaninchen-Print | Elegante und moderne Tasche\",\"isPartOf\":{\"@id\":\"https:\/\/tonymora.com\/de\/#website\"},\"primaryImageOfPage\":{\"@id\":\"https:\/\/tonymora.com\/de\/produkt\/shopper-bag-kaninchen-print\/#primaryimage\"},\"image\":{\"@id\":\"https:\/\/tonymora.com\/de\/produkt\/shopper-bag-kaninchen-print\/#primaryimage\"},\"thumbnailUrl\":\"https:\/\/tonymora.com\/wp-content\/uploads\/2024\/10\/44.jpg\",\"datePublished\":\"2024-10-01T07:48:00+00:00\",\"dateModified\":\"2026-04-11T05:32:12+00:00\",\"description\":\"Shopper-Tasche aus weichem Kaninchenfell mit Animal-Print. Elegant, funktional und ger\u00e4umig. Perfekt f\u00fcr den t\u00e4glichen Gebrauch. Kaufen Sie bei Tony Mora.\",\"breadcrumb\":{\"@id\":\"https:\/\/tonymora.com\/de\/produkt\/shopper-bag-kaninchen-print\/#breadcrumb\"},\"inLanguage\":\"de\",\"potentialAction\":[{\"@type\":\"ReadAction\",\"target\":[\"https:\/\/tonymora.com\/de\/produkt\/shopper-bag-kaninchen-print\/\"]}]},{\"@type\":\"ImageObject\",\"inLanguage\":\"de\",\"@id\":\"https:\/\/tonymora.com\/de\/produkt\/shopper-bag-kaninchen-print\/#primaryimage\",\"url\":\"https:\/\/tonymora.com\/wp-content\/uploads\/2024\/10\/44.jpg\",\"contentUrl\":\"https:\/\/tonymora.com\/wp-content\/uploads\/2024\/10\/44.jpg\",\"width\":866,\"height\":1032},{\"@type\":\"BreadcrumbList\",\"@id\":\"https:\/\/tonymora.com\/de\/produkt\/shopper-bag-kaninchen-print\/#breadcrumb\",\"itemListElement\":[{\"@type\":\"ListItem\",\"position\":1,\"name\":\"Portada\",\"item\":\"https:\/\/tonymora.com\/de\/\"},{\"@type\":\"ListItem\",\"position\":2,\"name\":\"Shop\",\"item\":\"https:\/\/tonymora.com\/de\/shop\/\"},{\"@type\":\"ListItem\",\"position\":3,\"name\":\"Damen\",\"item\":\"https:\/\/tonymora.com\/de\/produkt-kategorie\/damen\/\"},{\"@type\":\"ListItem\",\"position\":4,\"name\":\"SHOPPER BAG KANINCHEN-PRINT\"}]},{\"@type\":\"WebSite\",\"@id\":\"https:\/\/tonymora.com\/de\/#website\",\"url\":\"https:\/\/tonymora.com\/de\/\",\"name\":\"Tony Mora\u00ae Boots Official Store\",\"description\":\"Cowboy Boots\",\"publisher\":{\"@id\":\"https:\/\/tonymora.com\/de\/#organization\"},\"potentialAction\":[{\"@type\":\"SearchAction\",\"target\":{\"@type\":\"EntryPoint\",\"urlTemplate\":\"https:\/\/tonymora.com\/de\/?s={search_term_string}\"},\"query-input\":{\"@type\":\"PropertyValueSpecification\",\"valueRequired\":true,\"valueName\":\"search_term_string\"}}],\"inLanguage\":\"de\"},{\"@type\":\"Organization\",\"@id\":\"https:\/\/tonymora.com\/de\/#organization\",\"name\":\"Tony Mora Boots\",\"url\":\"https:\/\/tonymora.com\/de\/\",\"logo\":{\"@type\":\"ImageObject\",\"inLanguage\":\"de\",\"@id\":\"https:\/\/tonymora.com\/de\/#\/schema\/logo\/image\/\",\"url\":\"https:\/\/tonymora.com\/wp-content\/uploads\/2023\/12\/LOGO.jpg\",\"contentUrl\":\"https:\/\/tonymora.com\/wp-content\/uploads\/2023\/12\/LOGO.jpg\",\"width\":2272,\"height\":1411,\"caption\":\"Tony Mora Boots\"},\"image\":{\"@id\":\"https:\/\/tonymora.com\/de\/#\/schema\/logo\/image\/\"},\"sameAs\":[\"https:\/\/www.facebook.com\/Tonymoraofficial\/\",\"https:\/\/www.instagram.com\/tonymoraofficial\/?hl=es\"]}]}<\/script>\n<!-- \/ Yoast SEO plugin. -->","yoast_head_json":{"title":"Shopper Bag mit Kaninchen-Print | Elegante und moderne Tasche","description":"Shopper-Tasche aus weichem Kaninchenfell mit Animal-Print. Elegant, funktional und ger\u00e4umig. Perfekt f\u00fcr den t\u00e4glichen Gebrauch. Kaufen Sie bei Tony Mora.","robots":{"index":"index","follow":"follow","max-snippet":"max-snippet:-1","max-image-preview":"max-image-preview:large","max-video-preview":"max-video-preview:-1"},"canonical":"https:\/\/tonymora.com\/de\/produkt\/shopper-bag-kaninchen-print\/","og_locale":"de_DE","og_type":"article","og_title":"Shopper Bag mit Kaninchen-Print | Elegante und moderne Tasche","og_description":"Shopper-Tasche aus weichem Kaninchenfell mit Animal-Print. Elegant, funktional und ger\u00e4umig. Perfekt f\u00fcr den t\u00e4glichen Gebrauch. Kaufen Sie bei Tony Mora.","og_url":"https:\/\/tonymora.com\/de\/produkt\/shopper-bag-kaninchen-print\/","og_site_name":"Tony Mora\u00ae Boots Official Store","article_publisher":"https:\/\/www.facebook.com\/Tonymoraofficial\/","article_modified_time":"2026-04-11T05:32:12+00:00","og_image":[{"width":866,"height":1032,"url":"https:\/\/tonymora.com\/wp-content\/uploads\/2024\/10\/44.jpg","type":"image\/jpeg"}],"twitter_card":"summary_large_image","twitter_misc":{"Gesch\u00e4tzte Lesezeit":"1\u00a0Minute"},"schema":{"@context":"https:\/\/schema.org","@graph":[{"@type":"WebPage","@id":"https:\/\/tonymora.com\/de\/produkt\/shopper-bag-kaninchen-print\/","url":"https:\/\/tonymora.com\/de\/produkt\/shopper-bag-kaninchen-print\/","name":"Shopper Bag mit Kaninchen-Print | Elegante und moderne Tasche","isPartOf":{"@id":"https:\/\/tonymora.com\/de\/#website"},"primaryImageOfPage":{"@id":"https:\/\/tonymora.com\/de\/produkt\/shopper-bag-kaninchen-print\/#primaryimage"},"image":{"@id":"https:\/\/tonymora.com\/de\/produkt\/shopper-bag-kaninchen-print\/#primaryimage"},"thumbnailUrl":"https:\/\/tonymora.com\/wp-content\/uploads\/2024\/10\/44.jpg","datePublished":"2024-10-01T07:48:00+00:00","dateModified":"2026-04-11T05:32:12+00:00","description":"Shopper-Tasche aus weichem Kaninchenfell mit Animal-Print. Elegant, funktional und ger\u00e4umig. Perfekt f\u00fcr den t\u00e4glichen Gebrauch. Kaufen Sie bei Tony Mora.","breadcrumb":{"@id":"https:\/\/tonymora.com\/de\/produkt\/shopper-bag-kaninchen-print\/#breadcrumb"},"inLanguage":"de","potentialAction":[{"@type":"ReadAction","target":["https:\/\/tonymora.com\/de\/produkt\/shopper-bag-kaninchen-print\/"]}]},{"@type":"ImageObject","inLanguage":"de","@id":"https:\/\/tonymora.com\/de\/produkt\/shopper-bag-kaninchen-print\/#primaryimage","url":"https:\/\/tonymora.com\/wp-content\/uploads\/2024\/10\/44.jpg","contentUrl":"https:\/\/tonymora.com\/wp-content\/uploads\/2024\/10\/44.jpg","width":866,"height":1032},{"@type":"BreadcrumbList","@id":"https:\/\/tonymora.com\/de\/produkt\/shopper-bag-kaninchen-print\/#breadcrumb","itemListElement":[{"@type":"ListItem","position":1,"name":"Portada","item":"https:\/\/tonymora.com\/de\/"},{"@type":"ListItem","position":2,"name":"Shop","item":"https:\/\/tonymora.com\/de\/shop\/"},{"@type":"ListItem","position":3,"name":"Damen","item":"https:\/\/tonymora.com\/de\/produkt-kategorie\/damen\/"},{"@type":"ListItem","position":4,"name":"SHOPPER BAG KANINCHEN-PRINT"}]},{"@type":"WebSite","@id":"https:\/\/tonymora.com\/de\/#website","url":"https:\/\/tonymora.com\/de\/","name":"Tony Mora\u00ae Boots Official Store","description":"Cowboy Boots","publisher":{"@id":"https:\/\/tonymora.com\/de\/#organization"},"potentialAction":[{"@type":"SearchAction","target":{"@type":"EntryPoint","urlTemplate":"https:\/\/tonymora.com\/de\/?s={search_term_string}"},"query-input":{"@type":"PropertyValueSpecification","valueRequired":true,"valueName":"search_term_string"}}],"inLanguage":"de"},{"@type":"Organization","@id":"https:\/\/tonymora.com\/de\/#organization","name":"Tony Mora Boots","url":"https:\/\/tonymora.com\/de\/","logo":{"@type":"ImageObject","inLanguage":"de","@id":"https:\/\/tonymora.com\/de\/#\/schema\/logo\/image\/","url":"https:\/\/tonymora.com\/wp-content\/uploads\/2023\/12\/LOGO.jpg","contentUrl":"https:\/\/tonymora.com\/wp-content\/uploads\/2023\/12\/LOGO.jpg","width":2272,"height":1411,"caption":"Tony Mora Boots"},"image":{"@id":"https:\/\/tonymora.com\/de\/#\/schema\/logo\/image\/"},"sameAs":["https:\/\/www.facebook.com\/Tonymoraofficial\/","https:\/\/www.instagram.com\/tonymoraofficial\/?hl=es"]}]}},"_links":{"self":[{"href":"https:\/\/tonymora.com\/de\/wp-json\/wp\/v2\/product\/716171","targetHints":{"allow":["GET"]}}],"collection":[{"href":"https:\/\/tonymora.com\/de\/wp-json\/wp\/v2\/product"}],"about":[{"href":"https:\/\/tonymora.com\/de\/wp-json\/wp\/v2\/types\/product"}],"wp:featuredmedia":[{"embeddable":true,"href":"https:\/\/tonymora.com\/de\/wp-json\/wp\/v2\/media\/716179"}],"wp:attachment":[{"href":"https:\/\/tonymora.com\/de\/wp-json\/wp\/v2\/media?parent=716171"}],"wp:term":[{"taxonomy":"product_brand","embeddable":true,"href":"https:\/\/tonymora.com\/de\/wp-json\/wp\/v2\/product_brand?post=716171"},{"taxonomy":"product_cat","embeddable":true,"href":"https:\/\/tonymora.com\/de\/wp-json\/wp\/v2\/product_cat?post=716171"},{"taxonomy":"product_tag","embeddable":true,"href":"https:\/\/tonymora.com\/de\/wp-json\/wp\/v2\/product_tag?post=716171"}],"curies":[{"name":"wp","href":"https:\/\/api.w.org\/{rel}","templated":true}]}}