{"id":716241,"date":"2024-10-01T10:21:05","date_gmt":"2024-10-01T08:21:05","guid":{"rendered":"https:\/\/tonymora.com\/?post_type=product&#038;p=716241"},"modified":"2025-11-27T19:33:02","modified_gmt":"2025-11-27T18:33:02","slug":"gefleckte-graue-kobra-umhaengetasche","status":"publish","type":"product","link":"https:\/\/tonymora.com\/de\/produkt\/gefleckte-graue-kobra-umhaengetasche\/","title":{"rendered":"GEFLECKTE GRAUE KOBRA-UMH\u00c4NGETASCHE"},"content":{"rendered":"<p>Gefertigt aus geflecktem grauem Kobra-Leder, besticht diese Umh\u00e4ngetasche durch ihr kompaktes Design und ihren einzigartigen Stil. Die nat\u00fcrliche Struktur des Kobra-Leders verleiht ihr ein raffiniertes und modernes Aussehen, w\u00e4hrend ihre kleine Gr\u00f6\u00dfe sie praktisch f\u00fcr den t\u00e4glichen Gebrauch macht. Der Frontverschluss und der verstellbare Gurt sorgen f\u00fcr Komfort und Vielseitigkeit. Es ist das perfekte Accessoire f\u00fcr alle, die ihrem Look einen Hauch von Luxus und Exklusivit\u00e4t hinzuf\u00fcgen m\u00f6chten, ohne auf Funktionalit\u00e4t zu verzichten. Die Logo-Plakette von Tony Mora an der Vorderseite garantiert die Authentizit\u00e4t und Qualit\u00e4t, f\u00fcr die die Marke bekannt ist.<\/p>\n","protected":false},"excerpt":{"rendered":"<p>Ein Stil, der Identit\u00e4t ausdr\u00fcckt, ganz ohne Worte. Ein Accessoire mit Pers\u00f6nlichkeit und nat\u00fcrlicher Eleganz.<br \/>\nEine Wahl, die in Erinnerung bleibt, weil sie ein so gutes Gef\u00fchl vermittelt.<\/p>\n","protected":false},"featured_media":716245,"template":"","meta":{"_mbp_gutenberg_autopost":false},"product_brand":[],"product_cat":[1174,214,1192],"product_tag":[],"class_list":{"0":"post-716241","1":"product","2":"type-product","3":"status-publish","4":"has-post-thumbnail","6":"product_cat-black-friday-de","7":"product_cat-herren","8":"product_cat-umhaengetasche-de","10":"first","11":"instock","12":"sale","13":"taxable","14":"shipping-taxable","15":"purchasable","16":"product-type-simple"},"supplier_id":null,"supplier_sku":"","barcode":null,"atum_controlled":true,"out_stock_date":null,"out_stock_threshold":null,"inheritable":false,"inbound_stock":0,"stock_on_hold":1,"sold_today":0,"sales_last_days":0,"reserved_stock":0,"customer_returns":0,"warehouse_damage":0,"lost_in_post":0,"other_logs":0,"out_stock_days":0,"lost_sales":0,"has_location":false,"update_date":"2026-03-17T11:17:41","atum_locations":[],"atum_stock_status":"instock","restock_status":false,"low_stock_amount":"","sales_update_date":"2026-03-07T13:54:53","calc_backorders":null,"yoast_head":"<!-- This site is optimized with the Yoast SEO plugin v27.4 - https:\/\/yoast.com\/product\/yoast-seo-wordpress\/ -->\n<title>Kompakte Umh\u00e4ngetasche aus grauem Cobra-Leder f\u00fcr Herren | Moderner Stil<\/title>\n<meta name=\"description\" content=\"Umh\u00e4ngetasche aus graumeliertem Kobraleder, kompaktes und elegantes Design. Mit Frontverschluss und verstellbarem Riemen f\u00fcr maximalen Komfort. Tony Mora-Qualit\u00e4t.\" \/>\n<meta name=\"robots\" content=\"index, follow, max-snippet:-1, max-image-preview:large, max-video-preview:-1\" \/>\n<link rel=\"canonical\" href=\"https:\/\/tonymora.com\/de\/produkt\/gefleckte-graue-kobra-umhaengetasche\/\" \/>\n<meta property=\"og:locale\" content=\"de_DE\" \/>\n<meta property=\"og:type\" content=\"article\" \/>\n<meta property=\"og:title\" content=\"Kompakte Umh\u00e4ngetasche aus grauem Cobra-Leder f\u00fcr Herren | Moderner Stil\" \/>\n<meta property=\"og:description\" content=\"Umh\u00e4ngetasche aus graumeliertem Kobraleder, kompaktes und elegantes Design. Mit Frontverschluss und verstellbarem Riemen f\u00fcr maximalen Komfort. Tony Mora-Qualit\u00e4t.\" \/>\n<meta property=\"og:url\" content=\"https:\/\/tonymora.com\/de\/produkt\/gefleckte-graue-kobra-umhaengetasche\/\" \/>\n<meta property=\"og:site_name\" content=\"Tony Mora\u00ae Boots Official Store\" \/>\n<meta property=\"article:publisher\" content=\"https:\/\/www.facebook.com\/Tonymoraofficial\/\" \/>\n<meta property=\"article:modified_time\" content=\"2025-11-27T18:33:02+00:00\" \/>\n<meta property=\"og:image\" content=\"https:\/\/tonymora.com\/wp-content\/uploads\/2024\/10\/95.jpg\" \/>\n\t<meta property=\"og:image:width\" content=\"866\" \/>\n\t<meta property=\"og:image:height\" content=\"1032\" \/>\n\t<meta property=\"og:image:type\" content=\"image\/jpeg\" \/>\n<meta name=\"twitter:card\" content=\"summary_large_image\" \/>\n<meta name=\"twitter:label1\" content=\"Gesch\u00e4tzte Lesezeit\" \/>\n\t<meta name=\"twitter:data1\" content=\"1\u00a0Minute\" \/>\n<script type=\"application\/ld+json\" class=\"yoast-schema-graph\">{\"@context\":\"https:\\\/\\\/schema.org\",\"@graph\":[{\"@type\":\"WebPage\",\"@id\":\"https:\\\/\\\/tonymora.com\\\/de\\\/produkt\\\/gefleckte-graue-kobra-umhaengetasche\\\/\",\"url\":\"https:\\\/\\\/tonymora.com\\\/de\\\/produkt\\\/gefleckte-graue-kobra-umhaengetasche\\\/\",\"name\":\"Kompakte Umh\u00e4ngetasche aus grauem Cobra-Leder f\u00fcr Herren | Moderner Stil\",\"isPartOf\":{\"@id\":\"https:\\\/\\\/tonymora.com\\\/de\\\/#website\"},\"primaryImageOfPage\":{\"@id\":\"https:\\\/\\\/tonymora.com\\\/de\\\/produkt\\\/gefleckte-graue-kobra-umhaengetasche\\\/#primaryimage\"},\"image\":{\"@id\":\"https:\\\/\\\/tonymora.com\\\/de\\\/produkt\\\/gefleckte-graue-kobra-umhaengetasche\\\/#primaryimage\"},\"thumbnailUrl\":\"https:\\\/\\\/tonymora.com\\\/wp-content\\\/uploads\\\/2024\\\/10\\\/95.jpg\",\"datePublished\":\"2024-10-01T08:21:05+00:00\",\"dateModified\":\"2025-11-27T18:33:02+00:00\",\"description\":\"Umh\u00e4ngetasche aus graumeliertem Kobraleder, kompaktes und elegantes Design. Mit Frontverschluss und verstellbarem Riemen f\u00fcr maximalen Komfort. Tony Mora-Qualit\u00e4t.\",\"breadcrumb\":{\"@id\":\"https:\\\/\\\/tonymora.com\\\/de\\\/produkt\\\/gefleckte-graue-kobra-umhaengetasche\\\/#breadcrumb\"},\"inLanguage\":\"de\",\"potentialAction\":[{\"@type\":\"ReadAction\",\"target\":[\"https:\\\/\\\/tonymora.com\\\/de\\\/produkt\\\/gefleckte-graue-kobra-umhaengetasche\\\/\"]}]},{\"@type\":\"ImageObject\",\"inLanguage\":\"de\",\"@id\":\"https:\\\/\\\/tonymora.com\\\/de\\\/produkt\\\/gefleckte-graue-kobra-umhaengetasche\\\/#primaryimage\",\"url\":\"https:\\\/\\\/tonymora.com\\\/wp-content\\\/uploads\\\/2024\\\/10\\\/95.jpg\",\"contentUrl\":\"https:\\\/\\\/tonymora.com\\\/wp-content\\\/uploads\\\/2024\\\/10\\\/95.jpg\",\"width\":866,\"height\":1032},{\"@type\":\"BreadcrumbList\",\"@id\":\"https:\\\/\\\/tonymora.com\\\/de\\\/produkt\\\/gefleckte-graue-kobra-umhaengetasche\\\/#breadcrumb\",\"itemListElement\":[{\"@type\":\"ListItem\",\"position\":1,\"name\":\"Portada\",\"item\":\"https:\\\/\\\/tonymora.com\\\/de\\\/\"},{\"@type\":\"ListItem\",\"position\":2,\"name\":\"Shop\",\"item\":\"https:\\\/\\\/tonymora.com\\\/de\\\/shop\\\/\"},{\"@type\":\"ListItem\",\"position\":3,\"name\":\"Herren\",\"item\":\"https:\\\/\\\/tonymora.com\\\/de\\\/produkt-kategorie\\\/herren\\\/\"},{\"@type\":\"ListItem\",\"position\":4,\"name\":\"Umh\u00e4ngetasche\",\"item\":\"https:\\\/\\\/tonymora.com\\\/de\\\/produkt-kategorie\\\/herren\\\/umhaengetasche-de\\\/\"},{\"@type\":\"ListItem\",\"position\":5,\"name\":\"GEFLECKTE GRAUE KOBRA-UMH\u00c4NGETASCHE\"}]},{\"@type\":\"WebSite\",\"@id\":\"https:\\\/\\\/tonymora.com\\\/de\\\/#website\",\"url\":\"https:\\\/\\\/tonymora.com\\\/de\\\/\",\"name\":\"Tony Mora\u00ae Boots Official Store\",\"description\":\"Cowboy Boots\",\"publisher\":{\"@id\":\"https:\\\/\\\/tonymora.com\\\/de\\\/#organization\"},\"potentialAction\":[{\"@type\":\"SearchAction\",\"target\":{\"@type\":\"EntryPoint\",\"urlTemplate\":\"https:\\\/\\\/tonymora.com\\\/de\\\/?s={search_term_string}\"},\"query-input\":{\"@type\":\"PropertyValueSpecification\",\"valueRequired\":true,\"valueName\":\"search_term_string\"}}],\"inLanguage\":\"de\"},{\"@type\":\"Organization\",\"@id\":\"https:\\\/\\\/tonymora.com\\\/de\\\/#organization\",\"name\":\"Tony Mora Boots\",\"url\":\"https:\\\/\\\/tonymora.com\\\/de\\\/\",\"logo\":{\"@type\":\"ImageObject\",\"inLanguage\":\"de\",\"@id\":\"https:\\\/\\\/tonymora.com\\\/de\\\/#\\\/schema\\\/logo\\\/image\\\/\",\"url\":\"https:\\\/\\\/tonymora.com\\\/wp-content\\\/uploads\\\/2023\\\/12\\\/LOGO.jpg\",\"contentUrl\":\"https:\\\/\\\/tonymora.com\\\/wp-content\\\/uploads\\\/2023\\\/12\\\/LOGO.jpg\",\"width\":2272,\"height\":1411,\"caption\":\"Tony Mora Boots\"},\"image\":{\"@id\":\"https:\\\/\\\/tonymora.com\\\/de\\\/#\\\/schema\\\/logo\\\/image\\\/\"},\"sameAs\":[\"https:\\\/\\\/www.facebook.com\\\/Tonymoraofficial\\\/\",\"https:\\\/\\\/www.instagram.com\\\/tonymoraofficial\\\/?hl=es\"]}]}<\/script>\n<!-- \/ Yoast SEO plugin. -->","yoast_head_json":{"title":"Kompakte Umh\u00e4ngetasche aus grauem Cobra-Leder f\u00fcr Herren | Moderner Stil","description":"Umh\u00e4ngetasche aus graumeliertem Kobraleder, kompaktes und elegantes Design. Mit Frontverschluss und verstellbarem Riemen f\u00fcr maximalen Komfort. Tony Mora-Qualit\u00e4t.","robots":{"index":"index","follow":"follow","max-snippet":"max-snippet:-1","max-image-preview":"max-image-preview:large","max-video-preview":"max-video-preview:-1"},"canonical":"https:\/\/tonymora.com\/de\/produkt\/gefleckte-graue-kobra-umhaengetasche\/","og_locale":"de_DE","og_type":"article","og_title":"Kompakte Umh\u00e4ngetasche aus grauem Cobra-Leder f\u00fcr Herren | Moderner Stil","og_description":"Umh\u00e4ngetasche aus graumeliertem Kobraleder, kompaktes und elegantes Design. Mit Frontverschluss und verstellbarem Riemen f\u00fcr maximalen Komfort. Tony Mora-Qualit\u00e4t.","og_url":"https:\/\/tonymora.com\/de\/produkt\/gefleckte-graue-kobra-umhaengetasche\/","og_site_name":"Tony Mora\u00ae Boots Official Store","article_publisher":"https:\/\/www.facebook.com\/Tonymoraofficial\/","article_modified_time":"2025-11-27T18:33:02+00:00","og_image":[{"width":866,"height":1032,"url":"https:\/\/tonymora.com\/wp-content\/uploads\/2024\/10\/95.jpg","type":"image\/jpeg"}],"twitter_card":"summary_large_image","twitter_misc":{"Gesch\u00e4tzte Lesezeit":"1\u00a0Minute"},"schema":{"@context":"https:\/\/schema.org","@graph":[{"@type":"WebPage","@id":"https:\/\/tonymora.com\/de\/produkt\/gefleckte-graue-kobra-umhaengetasche\/","url":"https:\/\/tonymora.com\/de\/produkt\/gefleckte-graue-kobra-umhaengetasche\/","name":"Kompakte Umh\u00e4ngetasche aus grauem Cobra-Leder f\u00fcr Herren | Moderner Stil","isPartOf":{"@id":"https:\/\/tonymora.com\/de\/#website"},"primaryImageOfPage":{"@id":"https:\/\/tonymora.com\/de\/produkt\/gefleckte-graue-kobra-umhaengetasche\/#primaryimage"},"image":{"@id":"https:\/\/tonymora.com\/de\/produkt\/gefleckte-graue-kobra-umhaengetasche\/#primaryimage"},"thumbnailUrl":"https:\/\/tonymora.com\/wp-content\/uploads\/2024\/10\/95.jpg","datePublished":"2024-10-01T08:21:05+00:00","dateModified":"2025-11-27T18:33:02+00:00","description":"Umh\u00e4ngetasche aus graumeliertem Kobraleder, kompaktes und elegantes Design. Mit Frontverschluss und verstellbarem Riemen f\u00fcr maximalen Komfort. Tony Mora-Qualit\u00e4t.","breadcrumb":{"@id":"https:\/\/tonymora.com\/de\/produkt\/gefleckte-graue-kobra-umhaengetasche\/#breadcrumb"},"inLanguage":"de","potentialAction":[{"@type":"ReadAction","target":["https:\/\/tonymora.com\/de\/produkt\/gefleckte-graue-kobra-umhaengetasche\/"]}]},{"@type":"ImageObject","inLanguage":"de","@id":"https:\/\/tonymora.com\/de\/produkt\/gefleckte-graue-kobra-umhaengetasche\/#primaryimage","url":"https:\/\/tonymora.com\/wp-content\/uploads\/2024\/10\/95.jpg","contentUrl":"https:\/\/tonymora.com\/wp-content\/uploads\/2024\/10\/95.jpg","width":866,"height":1032},{"@type":"BreadcrumbList","@id":"https:\/\/tonymora.com\/de\/produkt\/gefleckte-graue-kobra-umhaengetasche\/#breadcrumb","itemListElement":[{"@type":"ListItem","position":1,"name":"Portada","item":"https:\/\/tonymora.com\/de\/"},{"@type":"ListItem","position":2,"name":"Shop","item":"https:\/\/tonymora.com\/de\/shop\/"},{"@type":"ListItem","position":3,"name":"Herren","item":"https:\/\/tonymora.com\/de\/produkt-kategorie\/herren\/"},{"@type":"ListItem","position":4,"name":"Umh\u00e4ngetasche","item":"https:\/\/tonymora.com\/de\/produkt-kategorie\/herren\/umhaengetasche-de\/"},{"@type":"ListItem","position":5,"name":"GEFLECKTE GRAUE KOBRA-UMH\u00c4NGETASCHE"}]},{"@type":"WebSite","@id":"https:\/\/tonymora.com\/de\/#website","url":"https:\/\/tonymora.com\/de\/","name":"Tony Mora\u00ae Boots Official Store","description":"Cowboy Boots","publisher":{"@id":"https:\/\/tonymora.com\/de\/#organization"},"potentialAction":[{"@type":"SearchAction","target":{"@type":"EntryPoint","urlTemplate":"https:\/\/tonymora.com\/de\/?s={search_term_string}"},"query-input":{"@type":"PropertyValueSpecification","valueRequired":true,"valueName":"search_term_string"}}],"inLanguage":"de"},{"@type":"Organization","@id":"https:\/\/tonymora.com\/de\/#organization","name":"Tony Mora Boots","url":"https:\/\/tonymora.com\/de\/","logo":{"@type":"ImageObject","inLanguage":"de","@id":"https:\/\/tonymora.com\/de\/#\/schema\/logo\/image\/","url":"https:\/\/tonymora.com\/wp-content\/uploads\/2023\/12\/LOGO.jpg","contentUrl":"https:\/\/tonymora.com\/wp-content\/uploads\/2023\/12\/LOGO.jpg","width":2272,"height":1411,"caption":"Tony Mora Boots"},"image":{"@id":"https:\/\/tonymora.com\/de\/#\/schema\/logo\/image\/"},"sameAs":["https:\/\/www.facebook.com\/Tonymoraofficial\/","https:\/\/www.instagram.com\/tonymoraofficial\/?hl=es"]}]}},"_links":{"self":[{"href":"https:\/\/tonymora.com\/de\/wp-json\/wp\/v2\/product\/716241","targetHints":{"allow":["GET"]}}],"collection":[{"href":"https:\/\/tonymora.com\/de\/wp-json\/wp\/v2\/product"}],"about":[{"href":"https:\/\/tonymora.com\/de\/wp-json\/wp\/v2\/types\/product"}],"wp:featuredmedia":[{"embeddable":true,"href":"https:\/\/tonymora.com\/de\/wp-json\/wp\/v2\/media\/716245"}],"wp:attachment":[{"href":"https:\/\/tonymora.com\/de\/wp-json\/wp\/v2\/media?parent=716241"}],"wp:term":[{"taxonomy":"product_brand","embeddable":true,"href":"https:\/\/tonymora.com\/de\/wp-json\/wp\/v2\/product_brand?post=716241"},{"taxonomy":"product_cat","embeddable":true,"href":"https:\/\/tonymora.com\/de\/wp-json\/wp\/v2\/product_cat?post=716241"},{"taxonomy":"product_tag","embeddable":true,"href":"https:\/\/tonymora.com\/de\/wp-json\/wp\/v2\/product_tag?post=716241"}],"curies":[{"name":"wp","href":"https:\/\/api.w.org\/{rel}","templated":true}]}}