{"id":716271,"date":"2024-10-01T10:37:12","date_gmt":"2024-10-01T08:37:12","guid":{"rendered":"https:\/\/tonymora.com\/?post_type=product&#038;p=716271"},"modified":"2025-08-01T09:13:29","modified_gmt":"2025-08-01T07:13:29","slug":"clutch-aus-langhaarigem-schwarzem-kaninchenfell","status":"publish","type":"product","link":"https:\/\/tonymora.com\/de\/produkt\/clutch-aus-langhaarigem-schwarzem-kaninchenfell\/","title":{"rendered":"CLUTCH AUS LANGHAARIGEM SCHWARZEM KANINCHENFELL"},"content":{"rendered":"<p>Diese elegante, einzigartig designte Tasche ist das ideale Accessoire f\u00fcr alle, die auf der Suche nach Unterscheidung und Eleganz sind. Der Taschenk\u00f6rper besteht aus langem, schwarzem Kaninchenfell, das eine weiche und luxuri\u00f6se Textur bietet. Die Details, wie der verstellbare lange Riemen und die kleinen Henkel, sind aus echtem Pythonleder gefertigt und verleihen der Tasche einen exotischen und exklusiven Touch. Zus\u00e4tzlich verf\u00fcgt sie \u00fcber bezaubernde Pompons, die ebenfalls aus Pythonleder gefertigt sind und den Stil perfekt erg\u00e4nzen. Diese Tasche kombiniert Funktionalit\u00e4t und Glamour und ist ideal f\u00fcr alle, die auffallen m\u00f6chten, ohne auf Komfort zu verzichten.<\/p>\n","protected":false},"excerpt":{"rendered":"<p>Unaufdringliche Eleganz f\u00fcr anspruchsvolle Genie\u00dfer. Vielseitig und unkompliziert kombinierbar, ohne dabei die Pers\u00f6nlichkeit zu vernachl\u00e4ssigen.<br \/>\nF\u00fcr alle, die Stil mit Bedeutung und echter Ausstrahlung suchen.<\/p>\n","protected":false},"featured_media":716275,"template":"","meta":{"_mbp_gutenberg_autopost":false},"product_brand":[],"product_cat":[1174,167,541],"product_tag":[],"class_list":{"0":"post-716271","1":"product","2":"type-product","3":"status-publish","4":"has-post-thumbnail","6":"product_cat-black-friday-de","7":"product_cat-damen","8":"product_cat-handtaschen","10":"first","11":"instock","12":"taxable","13":"shipping-taxable","14":"purchasable","15":"product-type-simple"},"supplier_id":null,"supplier_sku":"","barcode":null,"atum_controlled":true,"out_stock_date":null,"out_stock_threshold":null,"inheritable":false,"inbound_stock":0,"stock_on_hold":0,"sold_today":0,"sales_last_days":0,"reserved_stock":0,"customer_returns":0,"warehouse_damage":0,"lost_in_post":0,"other_logs":0,"out_stock_days":0,"lost_sales":0,"has_location":false,"update_date":"2026-03-17T11:30:41","atum_locations":[],"atum_stock_status":"instock","restock_status":false,"low_stock_amount":"","sales_update_date":"2025-09-12T05:31:34","calc_backorders":null,"yoast_head":"<!-- This site is optimized with the Yoast SEO plugin v27.2 - https:\/\/yoast.com\/product\/yoast-seo-wordpress\/ -->\n<title>Langhaarige schwarze Clutch mit Python-Details<\/title>\n<meta name=\"description\" content=\"Elegante Tasche aus langem, schwarzem Kaninchenfell mit Pompons und Griffen aus Pythonleder. Exklusives Design, das Glamour und Funktionalit\u00e4t vereint.\" \/>\n<meta name=\"robots\" content=\"index, follow, max-snippet:-1, max-image-preview:large, max-video-preview:-1\" \/>\n<link rel=\"canonical\" href=\"https:\/\/tonymora.com\/de\/produkt\/clutch-aus-langhaarigem-schwarzem-kaninchenfell\/\" \/>\n<meta property=\"og:locale\" content=\"de_DE\" \/>\n<meta property=\"og:type\" content=\"article\" \/>\n<meta property=\"og:title\" content=\"Langhaarige schwarze Clutch mit Python-Details\" \/>\n<meta property=\"og:description\" content=\"Elegante Tasche aus langem, schwarzem Kaninchenfell mit Pompons und Griffen aus Pythonleder. Exklusives Design, das Glamour und Funktionalit\u00e4t vereint.\" \/>\n<meta property=\"og:url\" content=\"https:\/\/tonymora.com\/de\/produkt\/clutch-aus-langhaarigem-schwarzem-kaninchenfell\/\" \/>\n<meta property=\"og:site_name\" content=\"Tony Mora\u00ae Boots Official Store\" \/>\n<meta property=\"article:publisher\" content=\"https:\/\/www.facebook.com\/Tonymoraofficial\/\" \/>\n<meta property=\"article:modified_time\" content=\"2025-08-01T07:13:29+00:00\" \/>\n<meta property=\"og:image\" content=\"https:\/\/tonymora.com\/wp-content\/uploads\/2024\/10\/86.jpg\" \/>\n\t<meta property=\"og:image:width\" content=\"866\" \/>\n\t<meta property=\"og:image:height\" content=\"1032\" \/>\n\t<meta property=\"og:image:type\" content=\"image\/jpeg\" \/>\n<meta name=\"twitter:card\" content=\"summary_large_image\" \/>\n<meta name=\"twitter:label1\" content=\"Gesch\u00e4tzte Lesezeit\" \/>\n\t<meta name=\"twitter:data1\" content=\"1\u00a0Minute\" \/>\n<script type=\"application\/ld+json\" class=\"yoast-schema-graph\">{\"@context\":\"https:\/\/schema.org\",\"@graph\":[{\"@type\":\"WebPage\",\"@id\":\"https:\/\/tonymora.com\/de\/produkt\/clutch-aus-langhaarigem-schwarzem-kaninchenfell\/\",\"url\":\"https:\/\/tonymora.com\/de\/produkt\/clutch-aus-langhaarigem-schwarzem-kaninchenfell\/\",\"name\":\"Langhaarige schwarze Clutch mit Python-Details\",\"isPartOf\":{\"@id\":\"https:\/\/tonymora.com\/de\/#website\"},\"primaryImageOfPage\":{\"@id\":\"https:\/\/tonymora.com\/de\/produkt\/clutch-aus-langhaarigem-schwarzem-kaninchenfell\/#primaryimage\"},\"image\":{\"@id\":\"https:\/\/tonymora.com\/de\/produkt\/clutch-aus-langhaarigem-schwarzem-kaninchenfell\/#primaryimage\"},\"thumbnailUrl\":\"https:\/\/tonymora.com\/wp-content\/uploads\/2024\/10\/86.jpg\",\"datePublished\":\"2024-10-01T08:37:12+00:00\",\"dateModified\":\"2025-08-01T07:13:29+00:00\",\"description\":\"Elegante Tasche aus langem, schwarzem Kaninchenfell mit Pompons und Griffen aus Pythonleder. Exklusives Design, das Glamour und Funktionalit\u00e4t vereint.\",\"breadcrumb\":{\"@id\":\"https:\/\/tonymora.com\/de\/produkt\/clutch-aus-langhaarigem-schwarzem-kaninchenfell\/#breadcrumb\"},\"inLanguage\":\"de\",\"potentialAction\":[{\"@type\":\"ReadAction\",\"target\":[\"https:\/\/tonymora.com\/de\/produkt\/clutch-aus-langhaarigem-schwarzem-kaninchenfell\/\"]}]},{\"@type\":\"ImageObject\",\"inLanguage\":\"de\",\"@id\":\"https:\/\/tonymora.com\/de\/produkt\/clutch-aus-langhaarigem-schwarzem-kaninchenfell\/#primaryimage\",\"url\":\"https:\/\/tonymora.com\/wp-content\/uploads\/2024\/10\/86.jpg\",\"contentUrl\":\"https:\/\/tonymora.com\/wp-content\/uploads\/2024\/10\/86.jpg\",\"width\":866,\"height\":1032},{\"@type\":\"BreadcrumbList\",\"@id\":\"https:\/\/tonymora.com\/de\/produkt\/clutch-aus-langhaarigem-schwarzem-kaninchenfell\/#breadcrumb\",\"itemListElement\":[{\"@type\":\"ListItem\",\"position\":1,\"name\":\"Portada\",\"item\":\"https:\/\/tonymora.com\/de\/\"},{\"@type\":\"ListItem\",\"position\":2,\"name\":\"Shop\",\"item\":\"https:\/\/tonymora.com\/de\/shop\/\"},{\"@type\":\"ListItem\",\"position\":3,\"name\":\"Damen\",\"item\":\"https:\/\/tonymora.com\/de\/produkt-kategorie\/damen\/\"},{\"@type\":\"ListItem\",\"position\":4,\"name\":\"Handtaschen\",\"item\":\"https:\/\/tonymora.com\/de\/produkt-kategorie\/damen\/handtaschen\/\"},{\"@type\":\"ListItem\",\"position\":5,\"name\":\"CLUTCH AUS LANGHAARIGEM SCHWARZEM KANINCHENFELL\"}]},{\"@type\":\"WebSite\",\"@id\":\"https:\/\/tonymora.com\/de\/#website\",\"url\":\"https:\/\/tonymora.com\/de\/\",\"name\":\"Tony Mora\u00ae Boots Official Store\",\"description\":\"Cowboy Boots\",\"publisher\":{\"@id\":\"https:\/\/tonymora.com\/de\/#organization\"},\"potentialAction\":[{\"@type\":\"SearchAction\",\"target\":{\"@type\":\"EntryPoint\",\"urlTemplate\":\"https:\/\/tonymora.com\/de\/?s={search_term_string}\"},\"query-input\":{\"@type\":\"PropertyValueSpecification\",\"valueRequired\":true,\"valueName\":\"search_term_string\"}}],\"inLanguage\":\"de\"},{\"@type\":\"Organization\",\"@id\":\"https:\/\/tonymora.com\/de\/#organization\",\"name\":\"Tony Mora Boots\",\"url\":\"https:\/\/tonymora.com\/de\/\",\"logo\":{\"@type\":\"ImageObject\",\"inLanguage\":\"de\",\"@id\":\"https:\/\/tonymora.com\/de\/#\/schema\/logo\/image\/\",\"url\":\"https:\/\/tonymora.com\/wp-content\/uploads\/2023\/12\/LOGO.jpg\",\"contentUrl\":\"https:\/\/tonymora.com\/wp-content\/uploads\/2023\/12\/LOGO.jpg\",\"width\":2272,\"height\":1411,\"caption\":\"Tony Mora Boots\"},\"image\":{\"@id\":\"https:\/\/tonymora.com\/de\/#\/schema\/logo\/image\/\"},\"sameAs\":[\"https:\/\/www.facebook.com\/Tonymoraofficial\/\",\"https:\/\/www.instagram.com\/tonymoraofficial\/?hl=es\"]}]}<\/script>\n<!-- \/ Yoast SEO plugin. -->","yoast_head_json":{"title":"Langhaarige schwarze Clutch mit Python-Details","description":"Elegante Tasche aus langem, schwarzem Kaninchenfell mit Pompons und Griffen aus Pythonleder. Exklusives Design, das Glamour und Funktionalit\u00e4t vereint.","robots":{"index":"index","follow":"follow","max-snippet":"max-snippet:-1","max-image-preview":"max-image-preview:large","max-video-preview":"max-video-preview:-1"},"canonical":"https:\/\/tonymora.com\/de\/produkt\/clutch-aus-langhaarigem-schwarzem-kaninchenfell\/","og_locale":"de_DE","og_type":"article","og_title":"Langhaarige schwarze Clutch mit Python-Details","og_description":"Elegante Tasche aus langem, schwarzem Kaninchenfell mit Pompons und Griffen aus Pythonleder. Exklusives Design, das Glamour und Funktionalit\u00e4t vereint.","og_url":"https:\/\/tonymora.com\/de\/produkt\/clutch-aus-langhaarigem-schwarzem-kaninchenfell\/","og_site_name":"Tony Mora\u00ae Boots Official Store","article_publisher":"https:\/\/www.facebook.com\/Tonymoraofficial\/","article_modified_time":"2025-08-01T07:13:29+00:00","og_image":[{"width":866,"height":1032,"url":"https:\/\/tonymora.com\/wp-content\/uploads\/2024\/10\/86.jpg","type":"image\/jpeg"}],"twitter_card":"summary_large_image","twitter_misc":{"Gesch\u00e4tzte Lesezeit":"1\u00a0Minute"},"schema":{"@context":"https:\/\/schema.org","@graph":[{"@type":"WebPage","@id":"https:\/\/tonymora.com\/de\/produkt\/clutch-aus-langhaarigem-schwarzem-kaninchenfell\/","url":"https:\/\/tonymora.com\/de\/produkt\/clutch-aus-langhaarigem-schwarzem-kaninchenfell\/","name":"Langhaarige schwarze Clutch mit Python-Details","isPartOf":{"@id":"https:\/\/tonymora.com\/de\/#website"},"primaryImageOfPage":{"@id":"https:\/\/tonymora.com\/de\/produkt\/clutch-aus-langhaarigem-schwarzem-kaninchenfell\/#primaryimage"},"image":{"@id":"https:\/\/tonymora.com\/de\/produkt\/clutch-aus-langhaarigem-schwarzem-kaninchenfell\/#primaryimage"},"thumbnailUrl":"https:\/\/tonymora.com\/wp-content\/uploads\/2024\/10\/86.jpg","datePublished":"2024-10-01T08:37:12+00:00","dateModified":"2025-08-01T07:13:29+00:00","description":"Elegante Tasche aus langem, schwarzem Kaninchenfell mit Pompons und Griffen aus Pythonleder. Exklusives Design, das Glamour und Funktionalit\u00e4t vereint.","breadcrumb":{"@id":"https:\/\/tonymora.com\/de\/produkt\/clutch-aus-langhaarigem-schwarzem-kaninchenfell\/#breadcrumb"},"inLanguage":"de","potentialAction":[{"@type":"ReadAction","target":["https:\/\/tonymora.com\/de\/produkt\/clutch-aus-langhaarigem-schwarzem-kaninchenfell\/"]}]},{"@type":"ImageObject","inLanguage":"de","@id":"https:\/\/tonymora.com\/de\/produkt\/clutch-aus-langhaarigem-schwarzem-kaninchenfell\/#primaryimage","url":"https:\/\/tonymora.com\/wp-content\/uploads\/2024\/10\/86.jpg","contentUrl":"https:\/\/tonymora.com\/wp-content\/uploads\/2024\/10\/86.jpg","width":866,"height":1032},{"@type":"BreadcrumbList","@id":"https:\/\/tonymora.com\/de\/produkt\/clutch-aus-langhaarigem-schwarzem-kaninchenfell\/#breadcrumb","itemListElement":[{"@type":"ListItem","position":1,"name":"Portada","item":"https:\/\/tonymora.com\/de\/"},{"@type":"ListItem","position":2,"name":"Shop","item":"https:\/\/tonymora.com\/de\/shop\/"},{"@type":"ListItem","position":3,"name":"Damen","item":"https:\/\/tonymora.com\/de\/produkt-kategorie\/damen\/"},{"@type":"ListItem","position":4,"name":"Handtaschen","item":"https:\/\/tonymora.com\/de\/produkt-kategorie\/damen\/handtaschen\/"},{"@type":"ListItem","position":5,"name":"CLUTCH AUS LANGHAARIGEM SCHWARZEM KANINCHENFELL"}]},{"@type":"WebSite","@id":"https:\/\/tonymora.com\/de\/#website","url":"https:\/\/tonymora.com\/de\/","name":"Tony Mora\u00ae Boots Official Store","description":"Cowboy Boots","publisher":{"@id":"https:\/\/tonymora.com\/de\/#organization"},"potentialAction":[{"@type":"SearchAction","target":{"@type":"EntryPoint","urlTemplate":"https:\/\/tonymora.com\/de\/?s={search_term_string}"},"query-input":{"@type":"PropertyValueSpecification","valueRequired":true,"valueName":"search_term_string"}}],"inLanguage":"de"},{"@type":"Organization","@id":"https:\/\/tonymora.com\/de\/#organization","name":"Tony Mora Boots","url":"https:\/\/tonymora.com\/de\/","logo":{"@type":"ImageObject","inLanguage":"de","@id":"https:\/\/tonymora.com\/de\/#\/schema\/logo\/image\/","url":"https:\/\/tonymora.com\/wp-content\/uploads\/2023\/12\/LOGO.jpg","contentUrl":"https:\/\/tonymora.com\/wp-content\/uploads\/2023\/12\/LOGO.jpg","width":2272,"height":1411,"caption":"Tony Mora Boots"},"image":{"@id":"https:\/\/tonymora.com\/de\/#\/schema\/logo\/image\/"},"sameAs":["https:\/\/www.facebook.com\/Tonymoraofficial\/","https:\/\/www.instagram.com\/tonymoraofficial\/?hl=es"]}]}},"_links":{"self":[{"href":"https:\/\/tonymora.com\/de\/wp-json\/wp\/v2\/product\/716271","targetHints":{"allow":["GET"]}}],"collection":[{"href":"https:\/\/tonymora.com\/de\/wp-json\/wp\/v2\/product"}],"about":[{"href":"https:\/\/tonymora.com\/de\/wp-json\/wp\/v2\/types\/product"}],"wp:featuredmedia":[{"embeddable":true,"href":"https:\/\/tonymora.com\/de\/wp-json\/wp\/v2\/media\/716275"}],"wp:attachment":[{"href":"https:\/\/tonymora.com\/de\/wp-json\/wp\/v2\/media?parent=716271"}],"wp:term":[{"taxonomy":"product_brand","embeddable":true,"href":"https:\/\/tonymora.com\/de\/wp-json\/wp\/v2\/product_brand?post=716271"},{"taxonomy":"product_cat","embeddable":true,"href":"https:\/\/tonymora.com\/de\/wp-json\/wp\/v2\/product_cat?post=716271"},{"taxonomy":"product_tag","embeddable":true,"href":"https:\/\/tonymora.com\/de\/wp-json\/wp\/v2\/product_tag?post=716271"}],"curies":[{"name":"wp","href":"https:\/\/api.w.org\/{rel}","templated":true}]}}