{"id":716301,"date":"2024-10-01T10:55:57","date_gmt":"2024-10-01T08:55:57","guid":{"rendered":"https:\/\/tonymora.com\/?post_type=product&#038;p=716301"},"modified":"2025-08-01T09:13:38","modified_gmt":"2025-08-01T07:13:38","slug":"tote-bag-schwarz-club-schwarzes-kaninchen","status":"publish","type":"product","link":"https:\/\/tonymora.com\/de\/produkt\/tote-bag-schwarz-club-schwarzes-kaninchen\/","title":{"rendered":"TOTE BAG SCHWARZ CLUB \/ SCHWARZES KANINCHEN"},"content":{"rendered":"<p>Diese Tasche ist die perfekte Kombination aus Luxus und Funktionalit\u00e4t. Das Design umfasst einen vorderen Abschnitt aus weichem schwarzem Kaninchenfell, der eine elegante Textur verleiht, w\u00e4hrend der Rest aus strapazierf\u00e4higem schwarzen Rindsleder gefertigt ist und Stil und Langlebigkeit garantiert. Ger\u00e4umig und praktisch, ist sie ideal f\u00fcr den t\u00e4glichen Gebrauch sowie f\u00fcr besondere Anl\u00e4sse, da sie gen\u00fcgend Platz f\u00fcr alle wichtigen Dinge bietet, ohne dabei an Eleganz einzub\u00fc\u00dfen. Die doppelten Lederhenkel sorgen f\u00fcr Komfort, w\u00e4hrend die Metallakzente einen Hauch von Raffinesse hinzuf\u00fcgen. Die vordere Plakette garantiert die Authentizit\u00e4t und Qualit\u00e4t dieses exklusiven Accessoires.<\/p>\n","protected":false},"excerpt":{"rendered":"<p>Unaufdringliche Eleganz f\u00fcr Kenner. Eine zeitlose Ikone mit unverwechselbarem Charakter.<br \/>\nEin zeitloser Klassiker, der heute, morgen und in vielen Jahren mit derselben Ausstrahlung getragen werden kann.<\/p>\n","protected":false},"featured_media":716305,"template":"","meta":{"_mbp_gutenberg_autopost":false},"product_brand":[],"product_cat":[1174,167,541],"product_tag":[],"class_list":{"0":"post-716301","1":"product","2":"type-product","3":"status-publish","4":"has-post-thumbnail","6":"product_cat-black-friday-de","7":"product_cat-damen","8":"product_cat-handtaschen","10":"first","11":"instock","12":"taxable","13":"shipping-taxable","14":"purchasable","15":"product-type-simple"},"supplier_id":null,"supplier_sku":"","barcode":null,"atum_controlled":true,"out_stock_date":null,"out_stock_threshold":null,"inheritable":false,"inbound_stock":0,"stock_on_hold":0,"sold_today":0,"sales_last_days":0,"reserved_stock":0,"customer_returns":0,"warehouse_damage":0,"lost_in_post":0,"other_logs":0,"out_stock_days":0,"lost_sales":0,"has_location":false,"update_date":"2026-03-17T11:37:47","atum_locations":[],"atum_stock_status":"instock","restock_status":false,"low_stock_amount":"","sales_update_date":"2026-02-09T11:27:29","calc_backorders":null,"yoast_head":"<!-- This site is optimized with the Yoast SEO plugin v27.4 - https:\/\/yoast.com\/product\/yoast-seo-wordpress\/ -->\n<title>Schwarze Einkaufstasche aus Kaninchenfell \u2013 Eleganz und Stil<\/title>\n<meta name=\"description\" content=\"Schwarze Einkaufstasche aus Leder mit Kaninchenfelldetail auf der Vorderseite. Anspruchsvolles, ger\u00e4umiges und langlebiges Design. Die ideale Erg\u00e4nzung mit dem Tony Mora Siegel.\" \/>\n<meta name=\"robots\" content=\"index, follow, max-snippet:-1, max-image-preview:large, max-video-preview:-1\" \/>\n<link rel=\"canonical\" href=\"https:\/\/tonymora.com\/de\/produkt\/tote-bag-schwarz-club-schwarzes-kaninchen\/\" \/>\n<meta property=\"og:locale\" content=\"de_DE\" \/>\n<meta property=\"og:type\" content=\"article\" \/>\n<meta property=\"og:title\" content=\"Schwarze Einkaufstasche aus Kaninchenfell \u2013 Eleganz und Stil\" \/>\n<meta property=\"og:description\" content=\"Schwarze Einkaufstasche aus Leder mit Kaninchenfelldetail auf der Vorderseite. Anspruchsvolles, ger\u00e4umiges und langlebiges Design. Die ideale Erg\u00e4nzung mit dem Tony Mora Siegel.\" \/>\n<meta property=\"og:url\" content=\"https:\/\/tonymora.com\/de\/produkt\/tote-bag-schwarz-club-schwarzes-kaninchen\/\" \/>\n<meta property=\"og:site_name\" content=\"Tony Mora\u00ae Boots Official Store\" \/>\n<meta property=\"article:publisher\" content=\"https:\/\/www.facebook.com\/Tonymoraofficial\/\" \/>\n<meta property=\"article:modified_time\" content=\"2025-08-01T07:13:38+00:00\" \/>\n<meta property=\"og:image\" content=\"https:\/\/tonymora.com\/wp-content\/uploads\/2024\/10\/74.jpg\" \/>\n\t<meta property=\"og:image:width\" content=\"866\" \/>\n\t<meta property=\"og:image:height\" content=\"1032\" \/>\n\t<meta property=\"og:image:type\" content=\"image\/jpeg\" \/>\n<meta name=\"twitter:card\" content=\"summary_large_image\" \/>\n<meta name=\"twitter:label1\" content=\"Gesch\u00e4tzte Lesezeit\" \/>\n\t<meta name=\"twitter:data1\" content=\"1\u00a0Minute\" \/>\n<script type=\"application\/ld+json\" class=\"yoast-schema-graph\">{\"@context\":\"https:\\\/\\\/schema.org\",\"@graph\":[{\"@type\":\"WebPage\",\"@id\":\"https:\\\/\\\/tonymora.com\\\/de\\\/produkt\\\/tote-bag-schwarz-club-schwarzes-kaninchen\\\/\",\"url\":\"https:\\\/\\\/tonymora.com\\\/de\\\/produkt\\\/tote-bag-schwarz-club-schwarzes-kaninchen\\\/\",\"name\":\"Schwarze Einkaufstasche aus Kaninchenfell \u2013 Eleganz und Stil\",\"isPartOf\":{\"@id\":\"https:\\\/\\\/tonymora.com\\\/de\\\/#website\"},\"primaryImageOfPage\":{\"@id\":\"https:\\\/\\\/tonymora.com\\\/de\\\/produkt\\\/tote-bag-schwarz-club-schwarzes-kaninchen\\\/#primaryimage\"},\"image\":{\"@id\":\"https:\\\/\\\/tonymora.com\\\/de\\\/produkt\\\/tote-bag-schwarz-club-schwarzes-kaninchen\\\/#primaryimage\"},\"thumbnailUrl\":\"https:\\\/\\\/tonymora.com\\\/wp-content\\\/uploads\\\/2024\\\/10\\\/74.jpg\",\"datePublished\":\"2024-10-01T08:55:57+00:00\",\"dateModified\":\"2025-08-01T07:13:38+00:00\",\"description\":\"Schwarze Einkaufstasche aus Leder mit Kaninchenfelldetail auf der Vorderseite. Anspruchsvolles, ger\u00e4umiges und langlebiges Design. Die ideale Erg\u00e4nzung mit dem Tony Mora Siegel.\",\"breadcrumb\":{\"@id\":\"https:\\\/\\\/tonymora.com\\\/de\\\/produkt\\\/tote-bag-schwarz-club-schwarzes-kaninchen\\\/#breadcrumb\"},\"inLanguage\":\"de\",\"potentialAction\":[{\"@type\":\"ReadAction\",\"target\":[\"https:\\\/\\\/tonymora.com\\\/de\\\/produkt\\\/tote-bag-schwarz-club-schwarzes-kaninchen\\\/\"]}]},{\"@type\":\"ImageObject\",\"inLanguage\":\"de\",\"@id\":\"https:\\\/\\\/tonymora.com\\\/de\\\/produkt\\\/tote-bag-schwarz-club-schwarzes-kaninchen\\\/#primaryimage\",\"url\":\"https:\\\/\\\/tonymora.com\\\/wp-content\\\/uploads\\\/2024\\\/10\\\/74.jpg\",\"contentUrl\":\"https:\\\/\\\/tonymora.com\\\/wp-content\\\/uploads\\\/2024\\\/10\\\/74.jpg\",\"width\":866,\"height\":1032,\"caption\":\"Bolso tote de piel negra\"},{\"@type\":\"BreadcrumbList\",\"@id\":\"https:\\\/\\\/tonymora.com\\\/de\\\/produkt\\\/tote-bag-schwarz-club-schwarzes-kaninchen\\\/#breadcrumb\",\"itemListElement\":[{\"@type\":\"ListItem\",\"position\":1,\"name\":\"Portada\",\"item\":\"https:\\\/\\\/tonymora.com\\\/de\\\/\"},{\"@type\":\"ListItem\",\"position\":2,\"name\":\"Shop\",\"item\":\"https:\\\/\\\/tonymora.com\\\/de\\\/shop\\\/\"},{\"@type\":\"ListItem\",\"position\":3,\"name\":\"Damen\",\"item\":\"https:\\\/\\\/tonymora.com\\\/de\\\/produkt-kategorie\\\/damen\\\/\"},{\"@type\":\"ListItem\",\"position\":4,\"name\":\"Handtaschen\",\"item\":\"https:\\\/\\\/tonymora.com\\\/de\\\/produkt-kategorie\\\/damen\\\/handtaschen\\\/\"},{\"@type\":\"ListItem\",\"position\":5,\"name\":\"TOTE BAG SCHWARZ CLUB \\\/ SCHWARZES KANINCHEN\"}]},{\"@type\":\"WebSite\",\"@id\":\"https:\\\/\\\/tonymora.com\\\/de\\\/#website\",\"url\":\"https:\\\/\\\/tonymora.com\\\/de\\\/\",\"name\":\"Tony Mora\u00ae Boots Official Store\",\"description\":\"Cowboy Boots\",\"publisher\":{\"@id\":\"https:\\\/\\\/tonymora.com\\\/de\\\/#organization\"},\"potentialAction\":[{\"@type\":\"SearchAction\",\"target\":{\"@type\":\"EntryPoint\",\"urlTemplate\":\"https:\\\/\\\/tonymora.com\\\/de\\\/?s={search_term_string}\"},\"query-input\":{\"@type\":\"PropertyValueSpecification\",\"valueRequired\":true,\"valueName\":\"search_term_string\"}}],\"inLanguage\":\"de\"},{\"@type\":\"Organization\",\"@id\":\"https:\\\/\\\/tonymora.com\\\/de\\\/#organization\",\"name\":\"Tony Mora Boots\",\"url\":\"https:\\\/\\\/tonymora.com\\\/de\\\/\",\"logo\":{\"@type\":\"ImageObject\",\"inLanguage\":\"de\",\"@id\":\"https:\\\/\\\/tonymora.com\\\/de\\\/#\\\/schema\\\/logo\\\/image\\\/\",\"url\":\"https:\\\/\\\/tonymora.com\\\/wp-content\\\/uploads\\\/2023\\\/12\\\/LOGO.jpg\",\"contentUrl\":\"https:\\\/\\\/tonymora.com\\\/wp-content\\\/uploads\\\/2023\\\/12\\\/LOGO.jpg\",\"width\":2272,\"height\":1411,\"caption\":\"Tony Mora Boots\"},\"image\":{\"@id\":\"https:\\\/\\\/tonymora.com\\\/de\\\/#\\\/schema\\\/logo\\\/image\\\/\"},\"sameAs\":[\"https:\\\/\\\/www.facebook.com\\\/Tonymoraofficial\\\/\",\"https:\\\/\\\/www.instagram.com\\\/tonymoraofficial\\\/?hl=es\"]}]}<\/script>\n<!-- \/ Yoast SEO plugin. -->","yoast_head_json":{"title":"Schwarze Einkaufstasche aus Kaninchenfell \u2013 Eleganz und Stil","description":"Schwarze Einkaufstasche aus Leder mit Kaninchenfelldetail auf der Vorderseite. Anspruchsvolles, ger\u00e4umiges und langlebiges Design. Die ideale Erg\u00e4nzung mit dem Tony Mora Siegel.","robots":{"index":"index","follow":"follow","max-snippet":"max-snippet:-1","max-image-preview":"max-image-preview:large","max-video-preview":"max-video-preview:-1"},"canonical":"https:\/\/tonymora.com\/de\/produkt\/tote-bag-schwarz-club-schwarzes-kaninchen\/","og_locale":"de_DE","og_type":"article","og_title":"Schwarze Einkaufstasche aus Kaninchenfell \u2013 Eleganz und Stil","og_description":"Schwarze Einkaufstasche aus Leder mit Kaninchenfelldetail auf der Vorderseite. Anspruchsvolles, ger\u00e4umiges und langlebiges Design. Die ideale Erg\u00e4nzung mit dem Tony Mora Siegel.","og_url":"https:\/\/tonymora.com\/de\/produkt\/tote-bag-schwarz-club-schwarzes-kaninchen\/","og_site_name":"Tony Mora\u00ae Boots Official Store","article_publisher":"https:\/\/www.facebook.com\/Tonymoraofficial\/","article_modified_time":"2025-08-01T07:13:38+00:00","og_image":[{"width":866,"height":1032,"url":"https:\/\/tonymora.com\/wp-content\/uploads\/2024\/10\/74.jpg","type":"image\/jpeg"}],"twitter_card":"summary_large_image","twitter_misc":{"Gesch\u00e4tzte Lesezeit":"1\u00a0Minute"},"schema":{"@context":"https:\/\/schema.org","@graph":[{"@type":"WebPage","@id":"https:\/\/tonymora.com\/de\/produkt\/tote-bag-schwarz-club-schwarzes-kaninchen\/","url":"https:\/\/tonymora.com\/de\/produkt\/tote-bag-schwarz-club-schwarzes-kaninchen\/","name":"Schwarze Einkaufstasche aus Kaninchenfell \u2013 Eleganz und Stil","isPartOf":{"@id":"https:\/\/tonymora.com\/de\/#website"},"primaryImageOfPage":{"@id":"https:\/\/tonymora.com\/de\/produkt\/tote-bag-schwarz-club-schwarzes-kaninchen\/#primaryimage"},"image":{"@id":"https:\/\/tonymora.com\/de\/produkt\/tote-bag-schwarz-club-schwarzes-kaninchen\/#primaryimage"},"thumbnailUrl":"https:\/\/tonymora.com\/wp-content\/uploads\/2024\/10\/74.jpg","datePublished":"2024-10-01T08:55:57+00:00","dateModified":"2025-08-01T07:13:38+00:00","description":"Schwarze Einkaufstasche aus Leder mit Kaninchenfelldetail auf der Vorderseite. Anspruchsvolles, ger\u00e4umiges und langlebiges Design. Die ideale Erg\u00e4nzung mit dem Tony Mora Siegel.","breadcrumb":{"@id":"https:\/\/tonymora.com\/de\/produkt\/tote-bag-schwarz-club-schwarzes-kaninchen\/#breadcrumb"},"inLanguage":"de","potentialAction":[{"@type":"ReadAction","target":["https:\/\/tonymora.com\/de\/produkt\/tote-bag-schwarz-club-schwarzes-kaninchen\/"]}]},{"@type":"ImageObject","inLanguage":"de","@id":"https:\/\/tonymora.com\/de\/produkt\/tote-bag-schwarz-club-schwarzes-kaninchen\/#primaryimage","url":"https:\/\/tonymora.com\/wp-content\/uploads\/2024\/10\/74.jpg","contentUrl":"https:\/\/tonymora.com\/wp-content\/uploads\/2024\/10\/74.jpg","width":866,"height":1032,"caption":"Bolso tote de piel negra"},{"@type":"BreadcrumbList","@id":"https:\/\/tonymora.com\/de\/produkt\/tote-bag-schwarz-club-schwarzes-kaninchen\/#breadcrumb","itemListElement":[{"@type":"ListItem","position":1,"name":"Portada","item":"https:\/\/tonymora.com\/de\/"},{"@type":"ListItem","position":2,"name":"Shop","item":"https:\/\/tonymora.com\/de\/shop\/"},{"@type":"ListItem","position":3,"name":"Damen","item":"https:\/\/tonymora.com\/de\/produkt-kategorie\/damen\/"},{"@type":"ListItem","position":4,"name":"Handtaschen","item":"https:\/\/tonymora.com\/de\/produkt-kategorie\/damen\/handtaschen\/"},{"@type":"ListItem","position":5,"name":"TOTE BAG SCHWARZ CLUB \/ SCHWARZES KANINCHEN"}]},{"@type":"WebSite","@id":"https:\/\/tonymora.com\/de\/#website","url":"https:\/\/tonymora.com\/de\/","name":"Tony Mora\u00ae Boots Official Store","description":"Cowboy Boots","publisher":{"@id":"https:\/\/tonymora.com\/de\/#organization"},"potentialAction":[{"@type":"SearchAction","target":{"@type":"EntryPoint","urlTemplate":"https:\/\/tonymora.com\/de\/?s={search_term_string}"},"query-input":{"@type":"PropertyValueSpecification","valueRequired":true,"valueName":"search_term_string"}}],"inLanguage":"de"},{"@type":"Organization","@id":"https:\/\/tonymora.com\/de\/#organization","name":"Tony Mora Boots","url":"https:\/\/tonymora.com\/de\/","logo":{"@type":"ImageObject","inLanguage":"de","@id":"https:\/\/tonymora.com\/de\/#\/schema\/logo\/image\/","url":"https:\/\/tonymora.com\/wp-content\/uploads\/2023\/12\/LOGO.jpg","contentUrl":"https:\/\/tonymora.com\/wp-content\/uploads\/2023\/12\/LOGO.jpg","width":2272,"height":1411,"caption":"Tony Mora Boots"},"image":{"@id":"https:\/\/tonymora.com\/de\/#\/schema\/logo\/image\/"},"sameAs":["https:\/\/www.facebook.com\/Tonymoraofficial\/","https:\/\/www.instagram.com\/tonymoraofficial\/?hl=es"]}]}},"_links":{"self":[{"href":"https:\/\/tonymora.com\/de\/wp-json\/wp\/v2\/product\/716301","targetHints":{"allow":["GET"]}}],"collection":[{"href":"https:\/\/tonymora.com\/de\/wp-json\/wp\/v2\/product"}],"about":[{"href":"https:\/\/tonymora.com\/de\/wp-json\/wp\/v2\/types\/product"}],"wp:featuredmedia":[{"embeddable":true,"href":"https:\/\/tonymora.com\/de\/wp-json\/wp\/v2\/media\/716305"}],"wp:attachment":[{"href":"https:\/\/tonymora.com\/de\/wp-json\/wp\/v2\/media?parent=716301"}],"wp:term":[{"taxonomy":"product_brand","embeddable":true,"href":"https:\/\/tonymora.com\/de\/wp-json\/wp\/v2\/product_brand?post=716301"},{"taxonomy":"product_cat","embeddable":true,"href":"https:\/\/tonymora.com\/de\/wp-json\/wp\/v2\/product_cat?post=716301"},{"taxonomy":"product_tag","embeddable":true,"href":"https:\/\/tonymora.com\/de\/wp-json\/wp\/v2\/product_tag?post=716301"}],"curies":[{"name":"wp","href":"https:\/\/api.w.org\/{rel}","templated":true}]}}