{"id":716521,"date":"2024-10-14T17:20:30","date_gmt":"2024-10-14T15:20:30","guid":{"rendered":"https:\/\/tonymora.com\/?post_type=product&#038;p=716521"},"modified":"2025-08-01T09:13:32","modified_gmt":"2025-08-01T07:13:32","slug":"1163-daslu-lini-madison-braun-samt-bone","status":"publish","type":"product","link":"https:\/\/tonymora.com\/de\/produkt\/1163-daslu-lini-madison-braun-samt-bone\/","title":{"rendered":"163 DASLU LINI MADISON BRAUN \/ SAMT BONE"},"content":{"rendered":"<p class=\"p1\">Diese Stiefel von Tony Mora sind die perfekte Kombination aus Stil und Komfort. Mit einem Design, das durch handwerkliche Details besticht, pr\u00e4sentieren diese Stiefel eine Fusion aus braunen T\u00f6nen und Beigefarbenem Veloursleder, das jedem Outfit einen eleganten Touch verleiht.<\/p>\n<p class=\"p1\">Ihr klassisches Design umfasst eine spitz zulaufende Zehenpartie und einen niedrigen Absatz, die Komfort und Bequemlichkeit gew\u00e4hrleisten. Ideal f\u00fcr diejenigen, die eine vielseitige Option suchen, die sich mit einer Vielzahl von Kleidungsst\u00fccken kombinieren l\u00e4sst, sei es mit Kleidern, Jeans oder R\u00f6cken. Diese Stiefel sind nicht nur ein Accessoire, sondern eine Stil-\u00c4u\u00dferung.<\/p>\n","protected":false},"excerpt":{"rendered":"<p>Nat\u00fcrliche Eleganz in einer Silhouette, die Blicke auf sich zieht. Ikonischer Charakter mit einem Hauch von Wildheit.<br \/>\nEin Kleidungsst\u00fcck, das heute, morgen und in vielen Jahren mit derselben Ausstrahlung getragen werden kann.<\/p>\n","protected":false},"featured_media":716533,"template":"","meta":{"_mbp_gutenberg_autopost":false},"product_brand":[],"product_cat":[1174,170,167],"product_tag":[],"class_list":{"0":"post-716521","1":"product","2":"type-product","3":"status-publish","4":"has-post-thumbnail","6":"product_cat-black-friday-de","7":"product_cat-cowboystiefel-damen","8":"product_cat-damen","10":"first","11":"instock","12":"taxable","13":"shipping-taxable","14":"purchasable","15":"product-type-variable"},"supplier_id":null,"supplier_sku":"","barcode":null,"atum_controlled":true,"out_stock_date":null,"out_stock_threshold":null,"inheritable":true,"inbound_stock":0,"stock_on_hold":1,"sold_today":0,"sales_last_days":0,"reserved_stock":0,"customer_returns":0,"warehouse_damage":0,"lost_in_post":0,"other_logs":0,"out_stock_days":null,"lost_sales":0,"has_location":false,"update_date":"2026-03-23T14:55:09","atum_locations":[],"atum_stock_status":"instock","restock_status":false,"low_stock_amount":"","sales_update_date":"2026-02-03T10:30:54","calc_backorders":null,"yoast_head":"<!-- This site is optimized with the Yoast SEO plugin v27.2 - https:\/\/yoast.com\/product\/yoast-seo-wordpress\/ -->\n<title>Braune Stiefel aus Rindsleder und Wildleder in Knochenoptik f\u00fcr Damen<\/title>\n<meta name=\"description\" content=\"Die Rindslederstiefel von Tony Mora sind die perfekte Wahl, um Ihrem Stil eine einzigartige Note zu verleihen. Sein gesticktes Design auf dem Schaft unterstreicht seine Authentizit\u00e4t und Vielseitigkeit.\" \/>\n<meta name=\"robots\" content=\"index, follow, max-snippet:-1, max-image-preview:large, max-video-preview:-1\" \/>\n<link rel=\"canonical\" href=\"https:\/\/tonymora.com\/de\/produkt\/1163-daslu-lini-madison-braun-samt-bone\/\" \/>\n<meta property=\"og:locale\" content=\"de_DE\" \/>\n<meta property=\"og:type\" content=\"article\" \/>\n<meta property=\"og:title\" content=\"Braune Stiefel aus Rindsleder und Wildleder in Knochenoptik f\u00fcr Damen\" \/>\n<meta property=\"og:description\" content=\"Die Rindslederstiefel von Tony Mora sind die perfekte Wahl, um Ihrem Stil eine einzigartige Note zu verleihen. Sein gesticktes Design auf dem Schaft unterstreicht seine Authentizit\u00e4t und Vielseitigkeit.\" \/>\n<meta property=\"og:url\" content=\"https:\/\/tonymora.com\/de\/produkt\/1163-daslu-lini-madison-braun-samt-bone\/\" \/>\n<meta property=\"og:site_name\" content=\"Tony Mora\u00ae Boots Official Store\" \/>\n<meta property=\"article:publisher\" content=\"https:\/\/www.facebook.com\/Tonymoraofficial\/\" \/>\n<meta property=\"article:modified_time\" content=\"2025-08-01T07:13:32+00:00\" \/>\n<meta property=\"og:image\" content=\"https:\/\/tonymora.com\/wp-content\/uploads\/2024\/10\/105.jpg\" \/>\n\t<meta property=\"og:image:width\" content=\"866\" \/>\n\t<meta property=\"og:image:height\" content=\"1032\" \/>\n\t<meta property=\"og:image:type\" content=\"image\/jpeg\" \/>\n<meta name=\"twitter:card\" content=\"summary_large_image\" \/>\n<meta name=\"twitter:label1\" content=\"Gesch\u00e4tzte Lesezeit\" \/>\n\t<meta name=\"twitter:data1\" content=\"1\u00a0Minute\" \/>\n<script type=\"application\/ld+json\" class=\"yoast-schema-graph\">{\"@context\":\"https:\/\/schema.org\",\"@graph\":[{\"@type\":\"WebPage\",\"@id\":\"https:\/\/tonymora.com\/de\/produkt\/1163-daslu-lini-madison-braun-samt-bone\/\",\"url\":\"https:\/\/tonymora.com\/de\/produkt\/1163-daslu-lini-madison-braun-samt-bone\/\",\"name\":\"Braune Stiefel aus Rindsleder und Wildleder in Knochenoptik f\u00fcr Damen\",\"isPartOf\":{\"@id\":\"https:\/\/tonymora.com\/de\/#website\"},\"primaryImageOfPage\":{\"@id\":\"https:\/\/tonymora.com\/de\/produkt\/1163-daslu-lini-madison-braun-samt-bone\/#primaryimage\"},\"image\":{\"@id\":\"https:\/\/tonymora.com\/de\/produkt\/1163-daslu-lini-madison-braun-samt-bone\/#primaryimage\"},\"thumbnailUrl\":\"https:\/\/tonymora.com\/wp-content\/uploads\/2024\/10\/105.jpg\",\"datePublished\":\"2024-10-14T15:20:30+00:00\",\"dateModified\":\"2025-08-01T07:13:32+00:00\",\"description\":\"Die Rindslederstiefel von Tony Mora sind die perfekte Wahl, um Ihrem Stil eine einzigartige Note zu verleihen. Sein gesticktes Design auf dem Schaft unterstreicht seine Authentizit\u00e4t und Vielseitigkeit.\",\"breadcrumb\":{\"@id\":\"https:\/\/tonymora.com\/de\/produkt\/1163-daslu-lini-madison-braun-samt-bone\/#breadcrumb\"},\"inLanguage\":\"de\",\"potentialAction\":[{\"@type\":\"ReadAction\",\"target\":[\"https:\/\/tonymora.com\/de\/produkt\/1163-daslu-lini-madison-braun-samt-bone\/\"]}]},{\"@type\":\"ImageObject\",\"inLanguage\":\"de\",\"@id\":\"https:\/\/tonymora.com\/de\/produkt\/1163-daslu-lini-madison-braun-samt-bone\/#primaryimage\",\"url\":\"https:\/\/tonymora.com\/wp-content\/uploads\/2024\/10\/105.jpg\",\"contentUrl\":\"https:\/\/tonymora.com\/wp-content\/uploads\/2024\/10\/105.jpg\",\"width\":866,\"height\":1032,\"caption\":\"Botas de piel de vacuno marr\u00f3n\"},{\"@type\":\"BreadcrumbList\",\"@id\":\"https:\/\/tonymora.com\/de\/produkt\/1163-daslu-lini-madison-braun-samt-bone\/#breadcrumb\",\"itemListElement\":[{\"@type\":\"ListItem\",\"position\":1,\"name\":\"Portada\",\"item\":\"https:\/\/tonymora.com\/de\/\"},{\"@type\":\"ListItem\",\"position\":2,\"name\":\"Shop\",\"item\":\"https:\/\/tonymora.com\/de\/shop\/\"},{\"@type\":\"ListItem\",\"position\":3,\"name\":\"Damen\",\"item\":\"https:\/\/tonymora.com\/de\/produkt-kategorie\/damen\/\"},{\"@type\":\"ListItem\",\"position\":4,\"name\":\"163 DASLU LINI MADISON BRAUN \/ SAMT BONE\"}]},{\"@type\":\"WebSite\",\"@id\":\"https:\/\/tonymora.com\/de\/#website\",\"url\":\"https:\/\/tonymora.com\/de\/\",\"name\":\"Tony Mora\u00ae Boots Official Store\",\"description\":\"Cowboy Boots\",\"publisher\":{\"@id\":\"https:\/\/tonymora.com\/de\/#organization\"},\"potentialAction\":[{\"@type\":\"SearchAction\",\"target\":{\"@type\":\"EntryPoint\",\"urlTemplate\":\"https:\/\/tonymora.com\/de\/?s={search_term_string}\"},\"query-input\":{\"@type\":\"PropertyValueSpecification\",\"valueRequired\":true,\"valueName\":\"search_term_string\"}}],\"inLanguage\":\"de\"},{\"@type\":\"Organization\",\"@id\":\"https:\/\/tonymora.com\/de\/#organization\",\"name\":\"Tony Mora Boots\",\"url\":\"https:\/\/tonymora.com\/de\/\",\"logo\":{\"@type\":\"ImageObject\",\"inLanguage\":\"de\",\"@id\":\"https:\/\/tonymora.com\/de\/#\/schema\/logo\/image\/\",\"url\":\"https:\/\/tonymora.com\/wp-content\/uploads\/2023\/12\/LOGO.jpg\",\"contentUrl\":\"https:\/\/tonymora.com\/wp-content\/uploads\/2023\/12\/LOGO.jpg\",\"width\":2272,\"height\":1411,\"caption\":\"Tony Mora Boots\"},\"image\":{\"@id\":\"https:\/\/tonymora.com\/de\/#\/schema\/logo\/image\/\"},\"sameAs\":[\"https:\/\/www.facebook.com\/Tonymoraofficial\/\",\"https:\/\/www.instagram.com\/tonymoraofficial\/?hl=es\"]}]}<\/script>\n<!-- \/ Yoast SEO plugin. -->","yoast_head_json":{"title":"Braune Stiefel aus Rindsleder und Wildleder in Knochenoptik f\u00fcr Damen","description":"Die Rindslederstiefel von Tony Mora sind die perfekte Wahl, um Ihrem Stil eine einzigartige Note zu verleihen. Sein gesticktes Design auf dem Schaft unterstreicht seine Authentizit\u00e4t und Vielseitigkeit.","robots":{"index":"index","follow":"follow","max-snippet":"max-snippet:-1","max-image-preview":"max-image-preview:large","max-video-preview":"max-video-preview:-1"},"canonical":"https:\/\/tonymora.com\/de\/produkt\/1163-daslu-lini-madison-braun-samt-bone\/","og_locale":"de_DE","og_type":"article","og_title":"Braune Stiefel aus Rindsleder und Wildleder in Knochenoptik f\u00fcr Damen","og_description":"Die Rindslederstiefel von Tony Mora sind die perfekte Wahl, um Ihrem Stil eine einzigartige Note zu verleihen. Sein gesticktes Design auf dem Schaft unterstreicht seine Authentizit\u00e4t und Vielseitigkeit.","og_url":"https:\/\/tonymora.com\/de\/produkt\/1163-daslu-lini-madison-braun-samt-bone\/","og_site_name":"Tony Mora\u00ae Boots Official Store","article_publisher":"https:\/\/www.facebook.com\/Tonymoraofficial\/","article_modified_time":"2025-08-01T07:13:32+00:00","og_image":[{"width":866,"height":1032,"url":"https:\/\/tonymora.com\/wp-content\/uploads\/2024\/10\/105.jpg","type":"image\/jpeg"}],"twitter_card":"summary_large_image","twitter_misc":{"Gesch\u00e4tzte Lesezeit":"1\u00a0Minute"},"schema":{"@context":"https:\/\/schema.org","@graph":[{"@type":"WebPage","@id":"https:\/\/tonymora.com\/de\/produkt\/1163-daslu-lini-madison-braun-samt-bone\/","url":"https:\/\/tonymora.com\/de\/produkt\/1163-daslu-lini-madison-braun-samt-bone\/","name":"Braune Stiefel aus Rindsleder und Wildleder in Knochenoptik f\u00fcr Damen","isPartOf":{"@id":"https:\/\/tonymora.com\/de\/#website"},"primaryImageOfPage":{"@id":"https:\/\/tonymora.com\/de\/produkt\/1163-daslu-lini-madison-braun-samt-bone\/#primaryimage"},"image":{"@id":"https:\/\/tonymora.com\/de\/produkt\/1163-daslu-lini-madison-braun-samt-bone\/#primaryimage"},"thumbnailUrl":"https:\/\/tonymora.com\/wp-content\/uploads\/2024\/10\/105.jpg","datePublished":"2024-10-14T15:20:30+00:00","dateModified":"2025-08-01T07:13:32+00:00","description":"Die Rindslederstiefel von Tony Mora sind die perfekte Wahl, um Ihrem Stil eine einzigartige Note zu verleihen. Sein gesticktes Design auf dem Schaft unterstreicht seine Authentizit\u00e4t und Vielseitigkeit.","breadcrumb":{"@id":"https:\/\/tonymora.com\/de\/produkt\/1163-daslu-lini-madison-braun-samt-bone\/#breadcrumb"},"inLanguage":"de","potentialAction":[{"@type":"ReadAction","target":["https:\/\/tonymora.com\/de\/produkt\/1163-daslu-lini-madison-braun-samt-bone\/"]}]},{"@type":"ImageObject","inLanguage":"de","@id":"https:\/\/tonymora.com\/de\/produkt\/1163-daslu-lini-madison-braun-samt-bone\/#primaryimage","url":"https:\/\/tonymora.com\/wp-content\/uploads\/2024\/10\/105.jpg","contentUrl":"https:\/\/tonymora.com\/wp-content\/uploads\/2024\/10\/105.jpg","width":866,"height":1032,"caption":"Botas de piel de vacuno marr\u00f3n"},{"@type":"BreadcrumbList","@id":"https:\/\/tonymora.com\/de\/produkt\/1163-daslu-lini-madison-braun-samt-bone\/#breadcrumb","itemListElement":[{"@type":"ListItem","position":1,"name":"Portada","item":"https:\/\/tonymora.com\/de\/"},{"@type":"ListItem","position":2,"name":"Shop","item":"https:\/\/tonymora.com\/de\/shop\/"},{"@type":"ListItem","position":3,"name":"Damen","item":"https:\/\/tonymora.com\/de\/produkt-kategorie\/damen\/"},{"@type":"ListItem","position":4,"name":"163 DASLU LINI MADISON BRAUN \/ SAMT BONE"}]},{"@type":"WebSite","@id":"https:\/\/tonymora.com\/de\/#website","url":"https:\/\/tonymora.com\/de\/","name":"Tony Mora\u00ae Boots Official Store","description":"Cowboy Boots","publisher":{"@id":"https:\/\/tonymora.com\/de\/#organization"},"potentialAction":[{"@type":"SearchAction","target":{"@type":"EntryPoint","urlTemplate":"https:\/\/tonymora.com\/de\/?s={search_term_string}"},"query-input":{"@type":"PropertyValueSpecification","valueRequired":true,"valueName":"search_term_string"}}],"inLanguage":"de"},{"@type":"Organization","@id":"https:\/\/tonymora.com\/de\/#organization","name":"Tony Mora Boots","url":"https:\/\/tonymora.com\/de\/","logo":{"@type":"ImageObject","inLanguage":"de","@id":"https:\/\/tonymora.com\/de\/#\/schema\/logo\/image\/","url":"https:\/\/tonymora.com\/wp-content\/uploads\/2023\/12\/LOGO.jpg","contentUrl":"https:\/\/tonymora.com\/wp-content\/uploads\/2023\/12\/LOGO.jpg","width":2272,"height":1411,"caption":"Tony Mora Boots"},"image":{"@id":"https:\/\/tonymora.com\/de\/#\/schema\/logo\/image\/"},"sameAs":["https:\/\/www.facebook.com\/Tonymoraofficial\/","https:\/\/www.instagram.com\/tonymoraofficial\/?hl=es"]}]}},"_links":{"self":[{"href":"https:\/\/tonymora.com\/de\/wp-json\/wp\/v2\/product\/716521","targetHints":{"allow":["GET"]}}],"collection":[{"href":"https:\/\/tonymora.com\/de\/wp-json\/wp\/v2\/product"}],"about":[{"href":"https:\/\/tonymora.com\/de\/wp-json\/wp\/v2\/types\/product"}],"wp:featuredmedia":[{"embeddable":true,"href":"https:\/\/tonymora.com\/de\/wp-json\/wp\/v2\/media\/716533"}],"wp:attachment":[{"href":"https:\/\/tonymora.com\/de\/wp-json\/wp\/v2\/media?parent=716521"}],"wp:term":[{"taxonomy":"product_brand","embeddable":true,"href":"https:\/\/tonymora.com\/de\/wp-json\/wp\/v2\/product_brand?post=716521"},{"taxonomy":"product_cat","embeddable":true,"href":"https:\/\/tonymora.com\/de\/wp-json\/wp\/v2\/product_cat?post=716521"},{"taxonomy":"product_tag","embeddable":true,"href":"https:\/\/tonymora.com\/de\/wp-json\/wp\/v2\/product_tag?post=716521"}],"curies":[{"name":"wp","href":"https:\/\/api.w.org\/{rel}","templated":true}]}}