{"id":718229,"date":"2025-04-08T23:21:26","date_gmt":"2025-04-08T21:21:26","guid":{"rendered":"https:\/\/tonymora.com\/?post_type=product&#038;p=718229"},"modified":"2025-12-16T01:50:49","modified_gmt":"2025-12-16T00:50:49","slug":"3684-daslu-lini-piton-bc-schwarz","status":"publish","type":"product","link":"https:\/\/tonymora.com\/de\/produkt\/3684-daslu-lini-piton-bc-schwarz\/","title":{"rendered":"3684 DASLU LINI PITON BC SCHWARZ"},"content":{"rendered":"<p>Authentizit\u00e4t, die auf den ersten Blick erkennbar ist. Dieser <strong>Stiefel mit niedrigem Schaft<\/strong>, der vollst\u00e4ndig aus exotischem schwarzem <strong>Pythonleder<\/strong> gefertigt ist, ist ein Stilstatement mit Charakter, wie man es nur bei Luxusschuhen findet.<\/p>\n<p>Unsere <strong>Stiefel aus schwarzem Pythonleder<\/strong> sind mit einer schmalen, eleganten Silhouette gestaltet, die sich perfekt an das Bein anpasst und die Figur betont, ohne jemals auf Komfort zu verzichten. Das einzigartige Muster des schwarzen Schlangenleders und sein dezenter Glanz machen jedes Paar zu einem exklusiven St\u00fcck.<\/p>\n<p>Diese <strong>Cowboystiefel mit niedrigem Schaft<\/strong> sind das Ergebnis des Know-hows unserer Handwerker auf Mallorca und stehen f\u00fcr h\u00f6chste Exklusivit\u00e4t. Sie sind ein Design f\u00fcr Frauen, die Qualit\u00e4t sch\u00e4tzen und Premium-Stiefel mit einer unvergleichlichen nat\u00fcrlichen Textur suchen.<\/p>\n<p>Wenn Sie auf der Suche nach dem Stiefel sind, der Ihren Stil definiert, w\u00e4hlen Sie das Modell 3684 DASLU LINI, eine perfekte Kombination aus avantgardistischem Design und der Zeitlosigkeit handgefertigter Schuhe.<\/p>\n","protected":false},"excerpt":{"rendered":"<p>Charakter und Eleganz in perfekter Balance. Ein ikonischer Charakter mit einem Hauch von Wildheit.<\/p>\n<p>Ein St\u00fcck, das Ihre Pers\u00f6nlichkeit unterstreicht und Ihnen m\u00fchelos Exklusivit\u00e4t verleiht.<\/p>\n","protected":false},"featured_media":717919,"template":"","meta":{"_mbp_gutenberg_autopost":false},"product_brand":[],"product_cat":[1174,169,167,226,1141,1139,1135],"product_tag":[],"class_list":{"0":"post-718229","1":"product","2":"type-product","3":"status-publish","4":"has-post-thumbnail","6":"product_cat-black-friday-de","7":"product_cat-casual-damenstiefel","8":"product_cat-damen","9":"product_cat-damen-stiefeletten","10":"product_cat-lederstiefel-damen","11":"product_cat-python-stiefel-damen","12":"product_cat-rabatte-damenstiefel","14":"first","15":"instock","16":"taxable","17":"shipping-taxable","18":"purchasable","19":"product-type-variable"},"supplier_id":null,"supplier_sku":"","barcode":null,"atum_controlled":true,"out_stock_date":null,"out_stock_threshold":null,"inheritable":true,"inbound_stock":0,"stock_on_hold":4,"sold_today":0,"sales_last_days":0,"reserved_stock":0,"customer_returns":0,"warehouse_damage":0,"lost_in_post":0,"other_logs":0,"out_stock_days":null,"lost_sales":0,"has_location":false,"update_date":"2026-03-23T14:22:19","atum_locations":[],"atum_stock_status":"instock","restock_status":false,"low_stock_amount":"","sales_update_date":"2026-02-09T11:28:51","calc_backorders":null,"yoast_head":"<!-- This site is optimized with the Yoast SEO plugin v27.2 - https:\/\/yoast.com\/product\/yoast-seo-wordpress\/ -->\n<title>Exklusive schwarze Pythonstiefel f\u00fcr Damen | Tony Mora<\/title>\n<meta name=\"description\" content=\"Entdecken Sie die Authentizit\u00e4t der Cowboystiefel aus schwarzem Pythonleder mit niedrigem Schaft. Exotisches Leder, schmale Silhouette, die die Figur betont, und handwerkliche Herstellung auf Mallorca.\" \/>\n<meta name=\"robots\" content=\"index, follow, max-snippet:-1, max-image-preview:large, max-video-preview:-1\" \/>\n<link rel=\"canonical\" href=\"https:\/\/tonymora.com\/de\/produkt\/3684-daslu-lini-piton-bc-schwarz\/\" \/>\n<meta property=\"og:locale\" content=\"de_DE\" \/>\n<meta property=\"og:type\" content=\"article\" \/>\n<meta property=\"og:title\" content=\"Exklusive schwarze Pythonstiefel f\u00fcr Damen | Tony Mora\" \/>\n<meta property=\"og:description\" content=\"Entdecken Sie die Authentizit\u00e4t der Cowboystiefel aus schwarzem Pythonleder mit niedrigem Schaft. Exotisches Leder, schmale Silhouette, die die Figur betont, und handwerkliche Herstellung auf Mallorca.\" \/>\n<meta property=\"og:url\" content=\"https:\/\/tonymora.com\/de\/produkt\/3684-daslu-lini-piton-bc-schwarz\/\" \/>\n<meta property=\"og:site_name\" content=\"Tony Mora\u00ae Boots Official Store\" \/>\n<meta property=\"article:publisher\" content=\"https:\/\/www.facebook.com\/Tonymoraofficial\/\" \/>\n<meta property=\"article:modified_time\" content=\"2025-12-16T00:50:49+00:00\" \/>\n<meta property=\"og:image\" content=\"https:\/\/tonymora.com\/wp-content\/uploads\/2025\/04\/57.jpg\" \/>\n\t<meta property=\"og:image:width\" content=\"866\" \/>\n\t<meta property=\"og:image:height\" content=\"1032\" \/>\n\t<meta property=\"og:image:type\" content=\"image\/jpeg\" \/>\n<meta name=\"twitter:card\" content=\"summary_large_image\" \/>\n<meta name=\"twitter:label1\" content=\"Gesch\u00e4tzte Lesezeit\" \/>\n\t<meta name=\"twitter:data1\" content=\"1\u00a0Minute\" \/>\n<script type=\"application\/ld+json\" class=\"yoast-schema-graph\">{\"@context\":\"https:\/\/schema.org\",\"@graph\":[{\"@type\":\"WebPage\",\"@id\":\"https:\/\/tonymora.com\/de\/produkt\/3684-daslu-lini-piton-bc-schwarz\/\",\"url\":\"https:\/\/tonymora.com\/de\/produkt\/3684-daslu-lini-piton-bc-schwarz\/\",\"name\":\"Exklusive schwarze Pythonstiefel f\u00fcr Damen | Tony Mora\",\"isPartOf\":{\"@id\":\"https:\/\/tonymora.com\/de\/#website\"},\"primaryImageOfPage\":{\"@id\":\"https:\/\/tonymora.com\/de\/produkt\/3684-daslu-lini-piton-bc-schwarz\/#primaryimage\"},\"image\":{\"@id\":\"https:\/\/tonymora.com\/de\/produkt\/3684-daslu-lini-piton-bc-schwarz\/#primaryimage\"},\"thumbnailUrl\":\"https:\/\/tonymora.com\/wp-content\/uploads\/2025\/04\/57.jpg\",\"datePublished\":\"2025-04-08T21:21:26+00:00\",\"dateModified\":\"2025-12-16T00:50:49+00:00\",\"description\":\"Entdecken Sie die Authentizit\u00e4t der Cowboystiefel aus schwarzem Pythonleder mit niedrigem Schaft. Exotisches Leder, schmale Silhouette, die die Figur betont, und handwerkliche Herstellung auf Mallorca.\",\"breadcrumb\":{\"@id\":\"https:\/\/tonymora.com\/de\/produkt\/3684-daslu-lini-piton-bc-schwarz\/#breadcrumb\"},\"inLanguage\":\"de\",\"potentialAction\":[{\"@type\":\"ReadAction\",\"target\":[\"https:\/\/tonymora.com\/de\/produkt\/3684-daslu-lini-piton-bc-schwarz\/\"]}]},{\"@type\":\"ImageObject\",\"inLanguage\":\"de\",\"@id\":\"https:\/\/tonymora.com\/de\/produkt\/3684-daslu-lini-piton-bc-schwarz\/#primaryimage\",\"url\":\"https:\/\/tonymora.com\/wp-content\/uploads\/2025\/04\/57.jpg\",\"contentUrl\":\"https:\/\/tonymora.com\/wp-content\/uploads\/2025\/04\/57.jpg\",\"width\":866,\"height\":1032,\"caption\":\"botas cowboy ca\u00f1a baja piel piton negro\"},{\"@type\":\"BreadcrumbList\",\"@id\":\"https:\/\/tonymora.com\/de\/produkt\/3684-daslu-lini-piton-bc-schwarz\/#breadcrumb\",\"itemListElement\":[{\"@type\":\"ListItem\",\"position\":1,\"name\":\"Portada\",\"item\":\"https:\/\/tonymora.com\/de\/\"},{\"@type\":\"ListItem\",\"position\":2,\"name\":\"Shop\",\"item\":\"https:\/\/tonymora.com\/de\/shop\/\"},{\"@type\":\"ListItem\",\"position\":3,\"name\":\"Damen\",\"item\":\"https:\/\/tonymora.com\/de\/produkt-kategorie\/damen\/\"},{\"@type\":\"ListItem\",\"position\":4,\"name\":\"3684 DASLU LINI PITON BC SCHWARZ\"}]},{\"@type\":\"WebSite\",\"@id\":\"https:\/\/tonymora.com\/de\/#website\",\"url\":\"https:\/\/tonymora.com\/de\/\",\"name\":\"Tony Mora\u00ae Boots Official Store\",\"description\":\"Cowboy Boots\",\"publisher\":{\"@id\":\"https:\/\/tonymora.com\/de\/#organization\"},\"potentialAction\":[{\"@type\":\"SearchAction\",\"target\":{\"@type\":\"EntryPoint\",\"urlTemplate\":\"https:\/\/tonymora.com\/de\/?s={search_term_string}\"},\"query-input\":{\"@type\":\"PropertyValueSpecification\",\"valueRequired\":true,\"valueName\":\"search_term_string\"}}],\"inLanguage\":\"de\"},{\"@type\":\"Organization\",\"@id\":\"https:\/\/tonymora.com\/de\/#organization\",\"name\":\"Tony Mora Boots\",\"url\":\"https:\/\/tonymora.com\/de\/\",\"logo\":{\"@type\":\"ImageObject\",\"inLanguage\":\"de\",\"@id\":\"https:\/\/tonymora.com\/de\/#\/schema\/logo\/image\/\",\"url\":\"https:\/\/tonymora.com\/wp-content\/uploads\/2023\/12\/LOGO.jpg\",\"contentUrl\":\"https:\/\/tonymora.com\/wp-content\/uploads\/2023\/12\/LOGO.jpg\",\"width\":2272,\"height\":1411,\"caption\":\"Tony Mora Boots\"},\"image\":{\"@id\":\"https:\/\/tonymora.com\/de\/#\/schema\/logo\/image\/\"},\"sameAs\":[\"https:\/\/www.facebook.com\/Tonymoraofficial\/\",\"https:\/\/www.instagram.com\/tonymoraofficial\/?hl=es\"]}]}<\/script>\n<!-- \/ Yoast SEO plugin. -->","yoast_head_json":{"title":"Exklusive schwarze Pythonstiefel f\u00fcr Damen | Tony Mora","description":"Entdecken Sie die Authentizit\u00e4t der Cowboystiefel aus schwarzem Pythonleder mit niedrigem Schaft. Exotisches Leder, schmale Silhouette, die die Figur betont, und handwerkliche Herstellung auf Mallorca.","robots":{"index":"index","follow":"follow","max-snippet":"max-snippet:-1","max-image-preview":"max-image-preview:large","max-video-preview":"max-video-preview:-1"},"canonical":"https:\/\/tonymora.com\/de\/produkt\/3684-daslu-lini-piton-bc-schwarz\/","og_locale":"de_DE","og_type":"article","og_title":"Exklusive schwarze Pythonstiefel f\u00fcr Damen | Tony Mora","og_description":"Entdecken Sie die Authentizit\u00e4t der Cowboystiefel aus schwarzem Pythonleder mit niedrigem Schaft. Exotisches Leder, schmale Silhouette, die die Figur betont, und handwerkliche Herstellung auf Mallorca.","og_url":"https:\/\/tonymora.com\/de\/produkt\/3684-daslu-lini-piton-bc-schwarz\/","og_site_name":"Tony Mora\u00ae Boots Official Store","article_publisher":"https:\/\/www.facebook.com\/Tonymoraofficial\/","article_modified_time":"2025-12-16T00:50:49+00:00","og_image":[{"width":866,"height":1032,"url":"https:\/\/tonymora.com\/wp-content\/uploads\/2025\/04\/57.jpg","type":"image\/jpeg"}],"twitter_card":"summary_large_image","twitter_misc":{"Gesch\u00e4tzte Lesezeit":"1\u00a0Minute"},"schema":{"@context":"https:\/\/schema.org","@graph":[{"@type":"WebPage","@id":"https:\/\/tonymora.com\/de\/produkt\/3684-daslu-lini-piton-bc-schwarz\/","url":"https:\/\/tonymora.com\/de\/produkt\/3684-daslu-lini-piton-bc-schwarz\/","name":"Exklusive schwarze Pythonstiefel f\u00fcr Damen | Tony Mora","isPartOf":{"@id":"https:\/\/tonymora.com\/de\/#website"},"primaryImageOfPage":{"@id":"https:\/\/tonymora.com\/de\/produkt\/3684-daslu-lini-piton-bc-schwarz\/#primaryimage"},"image":{"@id":"https:\/\/tonymora.com\/de\/produkt\/3684-daslu-lini-piton-bc-schwarz\/#primaryimage"},"thumbnailUrl":"https:\/\/tonymora.com\/wp-content\/uploads\/2025\/04\/57.jpg","datePublished":"2025-04-08T21:21:26+00:00","dateModified":"2025-12-16T00:50:49+00:00","description":"Entdecken Sie die Authentizit\u00e4t der Cowboystiefel aus schwarzem Pythonleder mit niedrigem Schaft. Exotisches Leder, schmale Silhouette, die die Figur betont, und handwerkliche Herstellung auf Mallorca.","breadcrumb":{"@id":"https:\/\/tonymora.com\/de\/produkt\/3684-daslu-lini-piton-bc-schwarz\/#breadcrumb"},"inLanguage":"de","potentialAction":[{"@type":"ReadAction","target":["https:\/\/tonymora.com\/de\/produkt\/3684-daslu-lini-piton-bc-schwarz\/"]}]},{"@type":"ImageObject","inLanguage":"de","@id":"https:\/\/tonymora.com\/de\/produkt\/3684-daslu-lini-piton-bc-schwarz\/#primaryimage","url":"https:\/\/tonymora.com\/wp-content\/uploads\/2025\/04\/57.jpg","contentUrl":"https:\/\/tonymora.com\/wp-content\/uploads\/2025\/04\/57.jpg","width":866,"height":1032,"caption":"botas cowboy ca\u00f1a baja piel piton negro"},{"@type":"BreadcrumbList","@id":"https:\/\/tonymora.com\/de\/produkt\/3684-daslu-lini-piton-bc-schwarz\/#breadcrumb","itemListElement":[{"@type":"ListItem","position":1,"name":"Portada","item":"https:\/\/tonymora.com\/de\/"},{"@type":"ListItem","position":2,"name":"Shop","item":"https:\/\/tonymora.com\/de\/shop\/"},{"@type":"ListItem","position":3,"name":"Damen","item":"https:\/\/tonymora.com\/de\/produkt-kategorie\/damen\/"},{"@type":"ListItem","position":4,"name":"3684 DASLU LINI PITON BC SCHWARZ"}]},{"@type":"WebSite","@id":"https:\/\/tonymora.com\/de\/#website","url":"https:\/\/tonymora.com\/de\/","name":"Tony Mora\u00ae Boots Official Store","description":"Cowboy Boots","publisher":{"@id":"https:\/\/tonymora.com\/de\/#organization"},"potentialAction":[{"@type":"SearchAction","target":{"@type":"EntryPoint","urlTemplate":"https:\/\/tonymora.com\/de\/?s={search_term_string}"},"query-input":{"@type":"PropertyValueSpecification","valueRequired":true,"valueName":"search_term_string"}}],"inLanguage":"de"},{"@type":"Organization","@id":"https:\/\/tonymora.com\/de\/#organization","name":"Tony Mora Boots","url":"https:\/\/tonymora.com\/de\/","logo":{"@type":"ImageObject","inLanguage":"de","@id":"https:\/\/tonymora.com\/de\/#\/schema\/logo\/image\/","url":"https:\/\/tonymora.com\/wp-content\/uploads\/2023\/12\/LOGO.jpg","contentUrl":"https:\/\/tonymora.com\/wp-content\/uploads\/2023\/12\/LOGO.jpg","width":2272,"height":1411,"caption":"Tony Mora Boots"},"image":{"@id":"https:\/\/tonymora.com\/de\/#\/schema\/logo\/image\/"},"sameAs":["https:\/\/www.facebook.com\/Tonymoraofficial\/","https:\/\/www.instagram.com\/tonymoraofficial\/?hl=es"]}]}},"_links":{"self":[{"href":"https:\/\/tonymora.com\/de\/wp-json\/wp\/v2\/product\/718229","targetHints":{"allow":["GET"]}}],"collection":[{"href":"https:\/\/tonymora.com\/de\/wp-json\/wp\/v2\/product"}],"about":[{"href":"https:\/\/tonymora.com\/de\/wp-json\/wp\/v2\/types\/product"}],"wp:featuredmedia":[{"embeddable":true,"href":"https:\/\/tonymora.com\/de\/wp-json\/wp\/v2\/media\/717919"}],"wp:attachment":[{"href":"https:\/\/tonymora.com\/de\/wp-json\/wp\/v2\/media?parent=718229"}],"wp:term":[{"taxonomy":"product_brand","embeddable":true,"href":"https:\/\/tonymora.com\/de\/wp-json\/wp\/v2\/product_brand?post=718229"},{"taxonomy":"product_cat","embeddable":true,"href":"https:\/\/tonymora.com\/de\/wp-json\/wp\/v2\/product_cat?post=718229"},{"taxonomy":"product_tag","embeddable":true,"href":"https:\/\/tonymora.com\/de\/wp-json\/wp\/v2\/product_tag?post=718229"}],"curies":[{"name":"wp","href":"https:\/\/api.w.org\/{rel}","templated":true}]}}