{"id":718322,"date":"2025-04-08T23:42:18","date_gmt":"2025-04-08T21:42:18","guid":{"rendered":"https:\/\/tonymora.com\/?post_type=product&#038;p=718322"},"modified":"2026-03-07T15:47:33","modified_gmt":"2026-03-07T14:47:33","slug":"4195-tx-straight-split-wildleder-brash-tabak","status":"publish","type":"product","link":"https:\/\/tonymora.com\/de\/produkt\/4195-tx-straight-split-wildleder-brash-tabak\/","title":{"rendered":"4195 TX STRAIGHT SPLIT WILDLEDER BRASH TABAK"},"content":{"rendered":"<p>Der klassische Biker-Spirit neu interpretiert mit W\u00e4rme und Stil.<\/p>\n<p>Dieses niedrig geschnittene Modell zeichnet sich durch seinen Charakter, aber auch durch seine Vielseitigkeit aus. Das Brash-Finish aus tabakfarbenem Spaltleder verleiht ihm Tiefe und einzigartige Nuancen, w\u00e4hrend die Metallic-Details die St\u00e4rke des Designs mit einer sauberen, authentischen \u00c4sthetik ausgleichen. Ein Stiefel f\u00fcr alle, die keine Kompromisse in Bezug auf ihre Pers\u00f6nlichkeit eingehen, sondern ein einfach zu tragendes Alltagsst\u00fcck suchen. K\u00fchn, elegant und mit einer mediterranen Seele.<\/p>\n","protected":false},"excerpt":{"rendered":"<p>Nat\u00fcrliche Eleganz in einer Silhouette, die alle Blicke auf sich zieht. Eine moderne Ikone mit unverwechselbarem Charakter.<br \/>\nF\u00fcr alle, die Stil mit Bedeutung und echter Pr\u00e4senz suchen.<\/p>\n","protected":false},"featured_media":717916,"template":"","meta":{"_mbp_gutenberg_autopost":false},"product_brand":[],"product_cat":[223,167,1141,1135],"product_tag":[],"class_list":{"0":"post-718322","1":"product","2":"type-product","3":"status-publish","4":"has-post-thumbnail","6":"product_cat-bikerstiefel-damen","7":"product_cat-damen","8":"product_cat-lederstiefel-damen","9":"product_cat-rabatte-damenstiefel","11":"first","12":"instock","13":"taxable","14":"shipping-taxable","15":"purchasable","16":"product-type-variable"},"supplier_id":null,"supplier_sku":"","barcode":null,"atum_controlled":true,"out_stock_date":null,"out_stock_threshold":null,"inheritable":true,"inbound_stock":0,"stock_on_hold":3,"sold_today":1,"sales_last_days":1,"reserved_stock":0,"customer_returns":0,"warehouse_damage":0,"lost_in_post":0,"other_logs":0,"out_stock_days":null,"lost_sales":0,"has_location":false,"update_date":"2026-03-21T16:25:59","atum_locations":[],"atum_stock_status":"instock","restock_status":false,"low_stock_amount":"","sales_update_date":"2026-03-07T13:45:36","calc_backorders":null,"yoast_head":"<!-- This site is optimized with the Yoast SEO plugin v27.2 - https:\/\/yoast.com\/product\/yoast-seo-wordpress\/ -->\n<title>Braune Bikerstiefel aus Leder f\u00fcr Damen | Stil und Haltbarkeit<\/title>\n<meta name=\"description\" content=\"Niedrige Stiefel aus tabakfarbenem Wildleder mit metallischen Details. Modernes, bequemes und vielseitiges Biker-Design, ideal kombinierbar mit jedem Alltagslook.\" \/>\n<meta name=\"robots\" content=\"index, follow, max-snippet:-1, max-image-preview:large, max-video-preview:-1\" \/>\n<link rel=\"canonical\" href=\"https:\/\/tonymora.com\/de\/produkt\/4195-tx-straight-split-wildleder-brash-tabak\/\" \/>\n<meta property=\"og:locale\" content=\"de_DE\" \/>\n<meta property=\"og:type\" content=\"article\" \/>\n<meta property=\"og:title\" content=\"Braune Bikerstiefel aus Leder f\u00fcr Damen | Stil und Haltbarkeit\" \/>\n<meta property=\"og:description\" content=\"Niedrige Stiefel aus tabakfarbenem Wildleder mit metallischen Details. Modernes, bequemes und vielseitiges Biker-Design, ideal kombinierbar mit jedem Alltagslook.\" \/>\n<meta property=\"og:url\" content=\"https:\/\/tonymora.com\/de\/produkt\/4195-tx-straight-split-wildleder-brash-tabak\/\" \/>\n<meta property=\"og:site_name\" content=\"Tony Mora\u00ae Boots Official Store\" \/>\n<meta property=\"article:publisher\" content=\"https:\/\/www.facebook.com\/Tonymoraofficial\/\" \/>\n<meta property=\"article:modified_time\" content=\"2026-03-07T14:47:33+00:00\" \/>\n<meta property=\"og:image\" content=\"https:\/\/tonymora.com\/wp-content\/uploads\/2025\/04\/56.jpg\" \/>\n\t<meta property=\"og:image:width\" content=\"866\" \/>\n\t<meta property=\"og:image:height\" content=\"1032\" \/>\n\t<meta property=\"og:image:type\" content=\"image\/jpeg\" \/>\n<meta name=\"twitter:card\" content=\"summary_large_image\" \/>\n<meta name=\"twitter:label1\" content=\"Gesch\u00e4tzte Lesezeit\" \/>\n\t<meta name=\"twitter:data1\" content=\"1\u00a0Minute\" \/>\n<script type=\"application\/ld+json\" class=\"yoast-schema-graph\">{\"@context\":\"https:\/\/schema.org\",\"@graph\":[{\"@type\":\"WebPage\",\"@id\":\"https:\/\/tonymora.com\/de\/produkt\/4195-tx-straight-split-wildleder-brash-tabak\/\",\"url\":\"https:\/\/tonymora.com\/de\/produkt\/4195-tx-straight-split-wildleder-brash-tabak\/\",\"name\":\"Braune Bikerstiefel aus Leder f\u00fcr Damen | Stil und Haltbarkeit\",\"isPartOf\":{\"@id\":\"https:\/\/tonymora.com\/de\/#website\"},\"primaryImageOfPage\":{\"@id\":\"https:\/\/tonymora.com\/de\/produkt\/4195-tx-straight-split-wildleder-brash-tabak\/#primaryimage\"},\"image\":{\"@id\":\"https:\/\/tonymora.com\/de\/produkt\/4195-tx-straight-split-wildleder-brash-tabak\/#primaryimage\"},\"thumbnailUrl\":\"https:\/\/tonymora.com\/wp-content\/uploads\/2025\/04\/56.jpg\",\"datePublished\":\"2025-04-08T21:42:18+00:00\",\"dateModified\":\"2026-03-07T14:47:33+00:00\",\"description\":\"Niedrige Stiefel aus tabakfarbenem Wildleder mit metallischen Details. Modernes, bequemes und vielseitiges Biker-Design, ideal kombinierbar mit jedem Alltagslook.\",\"breadcrumb\":{\"@id\":\"https:\/\/tonymora.com\/de\/produkt\/4195-tx-straight-split-wildleder-brash-tabak\/#breadcrumb\"},\"inLanguage\":\"de\",\"potentialAction\":[{\"@type\":\"ReadAction\",\"target\":[\"https:\/\/tonymora.com\/de\/produkt\/4195-tx-straight-split-wildleder-brash-tabak\/\"]}]},{\"@type\":\"ImageObject\",\"inLanguage\":\"de\",\"@id\":\"https:\/\/tonymora.com\/de\/produkt\/4195-tx-straight-split-wildleder-brash-tabak\/#primaryimage\",\"url\":\"https:\/\/tonymora.com\/wp-content\/uploads\/2025\/04\/56.jpg\",\"contentUrl\":\"https:\/\/tonymora.com\/wp-content\/uploads\/2025\/04\/56.jpg\",\"width\":866,\"height\":1032},{\"@type\":\"BreadcrumbList\",\"@id\":\"https:\/\/tonymora.com\/de\/produkt\/4195-tx-straight-split-wildleder-brash-tabak\/#breadcrumb\",\"itemListElement\":[{\"@type\":\"ListItem\",\"position\":1,\"name\":\"Portada\",\"item\":\"https:\/\/tonymora.com\/de\/\"},{\"@type\":\"ListItem\",\"position\":2,\"name\":\"Shop\",\"item\":\"https:\/\/tonymora.com\/de\/shop\/\"},{\"@type\":\"ListItem\",\"position\":3,\"name\":\"Rabatte Damenstiefel\",\"item\":\"https:\/\/tonymora.com\/de\/produkt-kategorie\/rabatte-damenstiefel\/\"},{\"@type\":\"ListItem\",\"position\":4,\"name\":\"Lederstiefel Damen\",\"item\":\"https:\/\/tonymora.com\/de\/produkt-kategorie\/rabatte-damenstiefel\/lederstiefel-damen\/\"},{\"@type\":\"ListItem\",\"position\":5,\"name\":\"4195 TX STRAIGHT SPLIT WILDLEDER BRASH TABAK\"}]},{\"@type\":\"WebSite\",\"@id\":\"https:\/\/tonymora.com\/de\/#website\",\"url\":\"https:\/\/tonymora.com\/de\/\",\"name\":\"Tony Mora\u00ae Boots Official Store\",\"description\":\"Cowboy Boots\",\"publisher\":{\"@id\":\"https:\/\/tonymora.com\/de\/#organization\"},\"potentialAction\":[{\"@type\":\"SearchAction\",\"target\":{\"@type\":\"EntryPoint\",\"urlTemplate\":\"https:\/\/tonymora.com\/de\/?s={search_term_string}\"},\"query-input\":{\"@type\":\"PropertyValueSpecification\",\"valueRequired\":true,\"valueName\":\"search_term_string\"}}],\"inLanguage\":\"de\"},{\"@type\":\"Organization\",\"@id\":\"https:\/\/tonymora.com\/de\/#organization\",\"name\":\"Tony Mora Boots\",\"url\":\"https:\/\/tonymora.com\/de\/\",\"logo\":{\"@type\":\"ImageObject\",\"inLanguage\":\"de\",\"@id\":\"https:\/\/tonymora.com\/de\/#\/schema\/logo\/image\/\",\"url\":\"https:\/\/tonymora.com\/wp-content\/uploads\/2023\/12\/LOGO.jpg\",\"contentUrl\":\"https:\/\/tonymora.com\/wp-content\/uploads\/2023\/12\/LOGO.jpg\",\"width\":2272,\"height\":1411,\"caption\":\"Tony Mora Boots\"},\"image\":{\"@id\":\"https:\/\/tonymora.com\/de\/#\/schema\/logo\/image\/\"},\"sameAs\":[\"https:\/\/www.facebook.com\/Tonymoraofficial\/\",\"https:\/\/www.instagram.com\/tonymoraofficial\/?hl=es\"]}]}<\/script>\n<!-- \/ Yoast SEO plugin. -->","yoast_head_json":{"title":"Braune Bikerstiefel aus Leder f\u00fcr Damen | Stil und Haltbarkeit","description":"Niedrige Stiefel aus tabakfarbenem Wildleder mit metallischen Details. Modernes, bequemes und vielseitiges Biker-Design, ideal kombinierbar mit jedem Alltagslook.","robots":{"index":"index","follow":"follow","max-snippet":"max-snippet:-1","max-image-preview":"max-image-preview:large","max-video-preview":"max-video-preview:-1"},"canonical":"https:\/\/tonymora.com\/de\/produkt\/4195-tx-straight-split-wildleder-brash-tabak\/","og_locale":"de_DE","og_type":"article","og_title":"Braune Bikerstiefel aus Leder f\u00fcr Damen | Stil und Haltbarkeit","og_description":"Niedrige Stiefel aus tabakfarbenem Wildleder mit metallischen Details. Modernes, bequemes und vielseitiges Biker-Design, ideal kombinierbar mit jedem Alltagslook.","og_url":"https:\/\/tonymora.com\/de\/produkt\/4195-tx-straight-split-wildleder-brash-tabak\/","og_site_name":"Tony Mora\u00ae Boots Official Store","article_publisher":"https:\/\/www.facebook.com\/Tonymoraofficial\/","article_modified_time":"2026-03-07T14:47:33+00:00","og_image":[{"width":866,"height":1032,"url":"https:\/\/tonymora.com\/wp-content\/uploads\/2025\/04\/56.jpg","type":"image\/jpeg"}],"twitter_card":"summary_large_image","twitter_misc":{"Gesch\u00e4tzte Lesezeit":"1\u00a0Minute"},"schema":{"@context":"https:\/\/schema.org","@graph":[{"@type":"WebPage","@id":"https:\/\/tonymora.com\/de\/produkt\/4195-tx-straight-split-wildleder-brash-tabak\/","url":"https:\/\/tonymora.com\/de\/produkt\/4195-tx-straight-split-wildleder-brash-tabak\/","name":"Braune Bikerstiefel aus Leder f\u00fcr Damen | Stil und Haltbarkeit","isPartOf":{"@id":"https:\/\/tonymora.com\/de\/#website"},"primaryImageOfPage":{"@id":"https:\/\/tonymora.com\/de\/produkt\/4195-tx-straight-split-wildleder-brash-tabak\/#primaryimage"},"image":{"@id":"https:\/\/tonymora.com\/de\/produkt\/4195-tx-straight-split-wildleder-brash-tabak\/#primaryimage"},"thumbnailUrl":"https:\/\/tonymora.com\/wp-content\/uploads\/2025\/04\/56.jpg","datePublished":"2025-04-08T21:42:18+00:00","dateModified":"2026-03-07T14:47:33+00:00","description":"Niedrige Stiefel aus tabakfarbenem Wildleder mit metallischen Details. Modernes, bequemes und vielseitiges Biker-Design, ideal kombinierbar mit jedem Alltagslook.","breadcrumb":{"@id":"https:\/\/tonymora.com\/de\/produkt\/4195-tx-straight-split-wildleder-brash-tabak\/#breadcrumb"},"inLanguage":"de","potentialAction":[{"@type":"ReadAction","target":["https:\/\/tonymora.com\/de\/produkt\/4195-tx-straight-split-wildleder-brash-tabak\/"]}]},{"@type":"ImageObject","inLanguage":"de","@id":"https:\/\/tonymora.com\/de\/produkt\/4195-tx-straight-split-wildleder-brash-tabak\/#primaryimage","url":"https:\/\/tonymora.com\/wp-content\/uploads\/2025\/04\/56.jpg","contentUrl":"https:\/\/tonymora.com\/wp-content\/uploads\/2025\/04\/56.jpg","width":866,"height":1032},{"@type":"BreadcrumbList","@id":"https:\/\/tonymora.com\/de\/produkt\/4195-tx-straight-split-wildleder-brash-tabak\/#breadcrumb","itemListElement":[{"@type":"ListItem","position":1,"name":"Portada","item":"https:\/\/tonymora.com\/de\/"},{"@type":"ListItem","position":2,"name":"Shop","item":"https:\/\/tonymora.com\/de\/shop\/"},{"@type":"ListItem","position":3,"name":"Rabatte Damenstiefel","item":"https:\/\/tonymora.com\/de\/produkt-kategorie\/rabatte-damenstiefel\/"},{"@type":"ListItem","position":4,"name":"Lederstiefel Damen","item":"https:\/\/tonymora.com\/de\/produkt-kategorie\/rabatte-damenstiefel\/lederstiefel-damen\/"},{"@type":"ListItem","position":5,"name":"4195 TX STRAIGHT SPLIT WILDLEDER BRASH TABAK"}]},{"@type":"WebSite","@id":"https:\/\/tonymora.com\/de\/#website","url":"https:\/\/tonymora.com\/de\/","name":"Tony Mora\u00ae Boots Official Store","description":"Cowboy Boots","publisher":{"@id":"https:\/\/tonymora.com\/de\/#organization"},"potentialAction":[{"@type":"SearchAction","target":{"@type":"EntryPoint","urlTemplate":"https:\/\/tonymora.com\/de\/?s={search_term_string}"},"query-input":{"@type":"PropertyValueSpecification","valueRequired":true,"valueName":"search_term_string"}}],"inLanguage":"de"},{"@type":"Organization","@id":"https:\/\/tonymora.com\/de\/#organization","name":"Tony Mora Boots","url":"https:\/\/tonymora.com\/de\/","logo":{"@type":"ImageObject","inLanguage":"de","@id":"https:\/\/tonymora.com\/de\/#\/schema\/logo\/image\/","url":"https:\/\/tonymora.com\/wp-content\/uploads\/2023\/12\/LOGO.jpg","contentUrl":"https:\/\/tonymora.com\/wp-content\/uploads\/2023\/12\/LOGO.jpg","width":2272,"height":1411,"caption":"Tony Mora Boots"},"image":{"@id":"https:\/\/tonymora.com\/de\/#\/schema\/logo\/image\/"},"sameAs":["https:\/\/www.facebook.com\/Tonymoraofficial\/","https:\/\/www.instagram.com\/tonymoraofficial\/?hl=es"]}]}},"_links":{"self":[{"href":"https:\/\/tonymora.com\/de\/wp-json\/wp\/v2\/product\/718322","targetHints":{"allow":["GET"]}}],"collection":[{"href":"https:\/\/tonymora.com\/de\/wp-json\/wp\/v2\/product"}],"about":[{"href":"https:\/\/tonymora.com\/de\/wp-json\/wp\/v2\/types\/product"}],"wp:featuredmedia":[{"embeddable":true,"href":"https:\/\/tonymora.com\/de\/wp-json\/wp\/v2\/media\/717916"}],"wp:attachment":[{"href":"https:\/\/tonymora.com\/de\/wp-json\/wp\/v2\/media?parent=718322"}],"wp:term":[{"taxonomy":"product_brand","embeddable":true,"href":"https:\/\/tonymora.com\/de\/wp-json\/wp\/v2\/product_brand?post=718322"},{"taxonomy":"product_cat","embeddable":true,"href":"https:\/\/tonymora.com\/de\/wp-json\/wp\/v2\/product_cat?post=718322"},{"taxonomy":"product_tag","embeddable":true,"href":"https:\/\/tonymora.com\/de\/wp-json\/wp\/v2\/product_tag?post=718322"}],"curies":[{"name":"wp","href":"https:\/\/api.w.org\/{rel}","templated":true}]}}