{"id":719123,"date":"2025-05-05T16:41:19","date_gmt":"2025-05-05T14:41:19","guid":{"rendered":"https:\/\/tonymora.com\/?post_type=product&#038;p=719123"},"modified":"2025-08-01T09:13:41","modified_gmt":"2025-08-01T07:13:41","slug":"1131-shopper-tasche-piton-hellgrau","status":"publish","type":"product","link":"https:\/\/tonymora.com\/de\/produkt\/1131-shopper-tasche-piton-hellgrau\/","title":{"rendered":"1131 SHOPPER TASCHE PITON HELLGRAU"},"content":{"rendered":"<p>Wilde Eleganz mit Tony Mora-Charakter.\u2028Diese gro\u00dfformatige Tasche wurde aus hochwertigem exotischem Pythonleder gefertigt, mit einer hypnotischen Textur und einem nat\u00fcrlichen hellgrauen Ton, der zu allem passt. Die Tasche ist mit einem Nadelverschluss und einem handgef\u00fctterten Griff ausgestattet und hat einen raffinierten und authentischen Stil, der unsere Marke ausmacht. Sie wird auf Mallorca handgefertigt und jedes St\u00fcck erz\u00e4hlt seine eigene Geschichte.\u2028Sie wurde f\u00fcr Frauen entworfen, die Authentizit\u00e4t und zeitlosen Stil zu sch\u00e4tzen wissen, und eignet sich sowohl f\u00fcr entspannte Looks als auch zur Aufwertung jedes Outfits.<\/p>\n","protected":false},"excerpt":{"rendered":"<p>Eine markante Silhouette, die jedes Outfit aufwertet. Klar und stilvoll mit modernem Flair.<br \/>\nEin Kleidungsst\u00fcck, das Ihre Pers\u00f6nlichkeit unterstreicht und Ihnen m\u00fchelos Eleganz verleiht.<\/p>\n","protected":false},"featured_media":718811,"template":"","meta":{"_mbp_gutenberg_autopost":false},"product_brand":[],"product_cat":[1174,167,541],"product_tag":[],"class_list":{"0":"post-719123","1":"product","2":"type-product","3":"status-publish","4":"has-post-thumbnail","6":"product_cat-black-friday-de","7":"product_cat-damen","8":"product_cat-handtaschen","10":"first","11":"outofstock","12":"taxable","13":"shipping-taxable","14":"purchasable","15":"product-type-simple"},"_links":{"self":[{"href":"https:\/\/tonymora.com\/de\/wp-json\/wp\/v2\/product\/719123","targetHints":{"allow":["GET"]}}],"collection":[{"href":"https:\/\/tonymora.com\/de\/wp-json\/wp\/v2\/product"}],"about":[{"href":"https:\/\/tonymora.com\/de\/wp-json\/wp\/v2\/types\/product"}],"wp:featuredmedia":[{"embeddable":true,"href":"https:\/\/tonymora.com\/de\/wp-json\/wp\/v2\/media\/718811"}],"wp:attachment":[{"href":"https:\/\/tonymora.com\/de\/wp-json\/wp\/v2\/media?parent=719123"}],"wp:term":[{"taxonomy":"product_brand","embeddable":true,"href":"https:\/\/tonymora.com\/de\/wp-json\/wp\/v2\/product_brand?post=719123"},{"taxonomy":"product_cat","embeddable":true,"href":"https:\/\/tonymora.com\/de\/wp-json\/wp\/v2\/product_cat?post=719123"},{"taxonomy":"product_tag","embeddable":true,"href":"https:\/\/tonymora.com\/de\/wp-json\/wp\/v2\/product_tag?post=719123"}],"curies":[{"name":"wp","href":"https:\/\/api.w.org\/{rel}","templated":true}]}}