{"id":719137,"date":"2025-05-05T19:11:31","date_gmt":"2025-05-05T17:11:31","guid":{"rendered":"https:\/\/tonymora.com\/?post_type=product&#038;p=719137"},"modified":"2025-08-01T09:13:46","modified_gmt":"2025-08-01T07:13:46","slug":"1288-kupplung-club-schwarz","status":"publish","type":"product","link":"https:\/\/tonymora.com\/de\/produkt\/1288-kupplung-club-schwarz\/","title":{"rendered":"1288 KUPPLUNG CLUB SCHWARZ"},"content":{"rendered":"<p>Diese schwarze Ledertasche ist die perfekte Mischung aus Eleganz und Funktionalit\u00e4t. Ihr weiches, umlaufendes Design passt sich dem Tempo des Alltags an, mit einem Hauch von Raffinesse, der sowohl zu urbanen als auch zu klassischeren Looks passt.<\/p>\n<p>Sie ist aus hochwertigem Naturleder gefertigt und bietet Stabilit\u00e4t, Leichtigkeit und ein gro\u00dfes Fassungsverm\u00f6gen. Ein unverzichtbares Accessoire, das perfekt zu Lederstiefeln passt und jedem Outfit Charakter und Charakter verleiht. Ein unverzichtbares Accessoire von Tony Mora, das nie versagt.<\/p>\n","protected":false},"excerpt":{"rendered":"<p>Nat\u00fcrliche Eleganz in einer Silhouette, die alle Blicke auf sich zieht. Entworfen f\u00fcr besondere Momente, nicht f\u00fcr Trends.<\/p>\n","protected":false},"featured_media":718865,"template":"","meta":{"_mbp_gutenberg_autopost":false},"product_brand":[],"product_cat":[1174,167,541],"product_tag":[],"class_list":{"0":"post-719137","1":"product","2":"type-product","3":"status-publish","4":"has-post-thumbnail","6":"product_cat-black-friday-de","7":"product_cat-damen","8":"product_cat-handtaschen","10":"first","11":"instock","12":"taxable","13":"shipping-taxable","14":"purchasable","15":"product-type-simple"},"_links":{"self":[{"href":"https:\/\/tonymora.com\/de\/wp-json\/wp\/v2\/product\/719137","targetHints":{"allow":["GET"]}}],"collection":[{"href":"https:\/\/tonymora.com\/de\/wp-json\/wp\/v2\/product"}],"about":[{"href":"https:\/\/tonymora.com\/de\/wp-json\/wp\/v2\/types\/product"}],"wp:featuredmedia":[{"embeddable":true,"href":"https:\/\/tonymora.com\/de\/wp-json\/wp\/v2\/media\/718865"}],"wp:attachment":[{"href":"https:\/\/tonymora.com\/de\/wp-json\/wp\/v2\/media?parent=719137"}],"wp:term":[{"taxonomy":"product_brand","embeddable":true,"href":"https:\/\/tonymora.com\/de\/wp-json\/wp\/v2\/product_brand?post=719137"},{"taxonomy":"product_cat","embeddable":true,"href":"https:\/\/tonymora.com\/de\/wp-json\/wp\/v2\/product_cat?post=719137"},{"taxonomy":"product_tag","embeddable":true,"href":"https:\/\/tonymora.com\/de\/wp-json\/wp\/v2\/product_tag?post=719137"}],"curies":[{"name":"wp","href":"https:\/\/api.w.org\/{rel}","templated":true}]}}