{"id":719143,"date":"2025-05-05T19:23:25","date_gmt":"2025-05-05T17:23:25","guid":{"rendered":"https:\/\/tonymora.com\/?post_type=product&#038;p=719143"},"modified":"2025-09-14T21:23:56","modified_gmt":"2025-09-14T19:23:56","slug":"1017-shopper-tasche-braun-spaltleder-gold","status":"publish","type":"product","link":"https:\/\/tonymora.com\/de\/produkt\/1017-shopper-tasche-braun-spaltleder-gold\/","title":{"rendered":"1017 SHOPPER-TASCHE BRAUN \/ SPALTLEDER GOLD"},"content":{"rendered":"<p>Diese Shopper-Tasche aus Leder ist Pers\u00f6nlichkeit pur. Das Finish mit Metallic-Effekt in goldenen Braunt\u00f6nen und das Schmetterlingsdetail aus hellem Wildleder auf der Vorderseite machen sie zu einem auff\u00e4lligen, femininen St\u00fcck mit ganz eigenem Charakter.<\/p>\n<p>Die Griffe aus antikem Leder mit dekorativen Schnallen verleihen ihr einen Hauch von rustikaler Raffinesse, w\u00e4hrend der ger\u00e4umige Innenraum und der sichere Verschluss sie ebenso funktional wie stilvoll machen. Eine mutige und praktische Wahl f\u00fcr alle, die nach einem besonderen Accessoire suchen, das jeden Look aufwertet.<\/p>\n","protected":false},"excerpt":{"rendered":"<p>Unaufdringliche Eleganz f\u00fcr Kenner. Funktionalit\u00e4t mit einem Hauch Raffinesse.<br \/>\nAuthentizit\u00e4t und Eleganz vereint.<\/p>\n","protected":false},"featured_media":718793,"template":"","meta":{"_mbp_gutenberg_autopost":false},"product_brand":[],"product_cat":[1174,167,541],"product_tag":[],"class_list":{"0":"post-719143","1":"product","2":"type-product","3":"status-publish","4":"has-post-thumbnail","6":"product_cat-black-friday-de","7":"product_cat-damen","8":"product_cat-handtaschen","10":"first","11":"outofstock","12":"taxable","13":"shipping-taxable","14":"purchasable","15":"product-type-simple"},"supplier_id":null,"supplier_sku":"","barcode":null,"atum_controlled":true,"out_stock_date":"2026-04-10 07:32:16","out_stock_threshold":null,"inheritable":false,"inbound_stock":0,"stock_on_hold":0,"sold_today":0,"sales_last_days":0,"reserved_stock":0,"customer_returns":0,"warehouse_damage":0,"lost_in_post":0,"other_logs":0,"out_stock_days":0,"lost_sales":0,"has_location":false,"update_date":"2026-04-10T05:32:16","atum_locations":[],"atum_stock_status":"instock","restock_status":false,"low_stock_amount":7,"sales_update_date":"2026-03-20T12:50:42","calc_backorders":null,"yoast_head":"<!-- This site is optimized with the Yoast SEO plugin v27.2 - https:\/\/yoast.com\/product\/yoast-seo-wordpress\/ -->\n<title>Goldbraune Leder-Shoppertasche mit Schmetterling | Tony Mora<\/title>\n<meta name=\"description\" content=\"Braune Shopper-Tasche aus Leder mit goldfarbenem Metallic-Finish und einem Schmetterling aus Wildleder. Feminines Design, ger\u00e4umiger Innenraum und Griffe aus gealtertem Leder.\" \/>\n<meta name=\"robots\" content=\"index, follow, max-snippet:-1, max-image-preview:large, max-video-preview:-1\" \/>\n<link rel=\"canonical\" href=\"https:\/\/tonymora.com\/de\/produkt\/1017-shopper-tasche-braun-spaltleder-gold\/\" \/>\n<meta property=\"og:locale\" content=\"de_DE\" \/>\n<meta property=\"og:type\" content=\"article\" \/>\n<meta property=\"og:title\" content=\"Goldbraune Leder-Shoppertasche mit Schmetterling | Tony Mora\" \/>\n<meta property=\"og:description\" content=\"Braune Shopper-Tasche aus Leder mit goldfarbenem Metallic-Finish und einem Schmetterling aus Wildleder. Feminines Design, ger\u00e4umiger Innenraum und Griffe aus gealtertem Leder.\" \/>\n<meta property=\"og:url\" content=\"https:\/\/tonymora.com\/de\/produkt\/1017-shopper-tasche-braun-spaltleder-gold\/\" \/>\n<meta property=\"og:site_name\" content=\"Tony Mora\u00ae Boots Official Store\" \/>\n<meta property=\"article:publisher\" content=\"https:\/\/www.facebook.com\/Tonymoraofficial\/\" \/>\n<meta property=\"article:modified_time\" content=\"2025-09-14T19:23:56+00:00\" \/>\n<meta property=\"og:image\" content=\"https:\/\/tonymora.com\/wp-content\/uploads\/2025\/05\/1-671x800.png\" \/>\n\t<meta property=\"og:image:width\" content=\"671\" \/>\n\t<meta property=\"og:image:height\" content=\"800\" \/>\n\t<meta property=\"og:image:type\" content=\"image\/png\" \/>\n<meta name=\"twitter:card\" content=\"summary_large_image\" \/>\n<meta name=\"twitter:label1\" content=\"Gesch\u00e4tzte Lesezeit\" \/>\n\t<meta name=\"twitter:data1\" content=\"1\u00a0Minute\" \/>\n<script type=\"application\/ld+json\" class=\"yoast-schema-graph\">{\"@context\":\"https:\/\/schema.org\",\"@graph\":[{\"@type\":\"WebPage\",\"@id\":\"https:\/\/tonymora.com\/de\/produkt\/1017-shopper-tasche-braun-spaltleder-gold\/\",\"url\":\"https:\/\/tonymora.com\/de\/produkt\/1017-shopper-tasche-braun-spaltleder-gold\/\",\"name\":\"Goldbraune Leder-Shoppertasche mit Schmetterling | Tony Mora\",\"isPartOf\":{\"@id\":\"https:\/\/tonymora.com\/de\/#website\"},\"primaryImageOfPage\":{\"@id\":\"https:\/\/tonymora.com\/de\/produkt\/1017-shopper-tasche-braun-spaltleder-gold\/#primaryimage\"},\"image\":{\"@id\":\"https:\/\/tonymora.com\/de\/produkt\/1017-shopper-tasche-braun-spaltleder-gold\/#primaryimage\"},\"thumbnailUrl\":\"https:\/\/tonymora.com\/wp-content\/uploads\/2025\/05\/1.png\",\"datePublished\":\"2025-05-05T17:23:25+00:00\",\"dateModified\":\"2025-09-14T19:23:56+00:00\",\"description\":\"Braune Shopper-Tasche aus Leder mit goldfarbenem Metallic-Finish und einem Schmetterling aus Wildleder. Feminines Design, ger\u00e4umiger Innenraum und Griffe aus gealtertem Leder.\",\"breadcrumb\":{\"@id\":\"https:\/\/tonymora.com\/de\/produkt\/1017-shopper-tasche-braun-spaltleder-gold\/#breadcrumb\"},\"inLanguage\":\"de\",\"potentialAction\":[{\"@type\":\"ReadAction\",\"target\":[\"https:\/\/tonymora.com\/de\/produkt\/1017-shopper-tasche-braun-spaltleder-gold\/\"]}]},{\"@type\":\"ImageObject\",\"inLanguage\":\"de\",\"@id\":\"https:\/\/tonymora.com\/de\/produkt\/1017-shopper-tasche-braun-spaltleder-gold\/#primaryimage\",\"url\":\"https:\/\/tonymora.com\/wp-content\/uploads\/2025\/05\/1.png\",\"contentUrl\":\"https:\/\/tonymora.com\/wp-content\/uploads\/2025\/05\/1.png\",\"width\":1840,\"height\":2193},{\"@type\":\"BreadcrumbList\",\"@id\":\"https:\/\/tonymora.com\/de\/produkt\/1017-shopper-tasche-braun-spaltleder-gold\/#breadcrumb\",\"itemListElement\":[{\"@type\":\"ListItem\",\"position\":1,\"name\":\"Portada\",\"item\":\"https:\/\/tonymora.com\/de\/\"},{\"@type\":\"ListItem\",\"position\":2,\"name\":\"Shop\",\"item\":\"https:\/\/tonymora.com\/de\/shop\/\"},{\"@type\":\"ListItem\",\"position\":3,\"name\":\"Damen\",\"item\":\"https:\/\/tonymora.com\/de\/produkt-kategorie\/damen\/\"},{\"@type\":\"ListItem\",\"position\":4,\"name\":\"Handtaschen\",\"item\":\"https:\/\/tonymora.com\/de\/produkt-kategorie\/damen\/handtaschen\/\"},{\"@type\":\"ListItem\",\"position\":5,\"name\":\"1017 SHOPPER-TASCHE BRAUN \/ SPALTLEDER GOLD\"}]},{\"@type\":\"WebSite\",\"@id\":\"https:\/\/tonymora.com\/de\/#website\",\"url\":\"https:\/\/tonymora.com\/de\/\",\"name\":\"Tony Mora\u00ae Boots Official Store\",\"description\":\"Cowboy Boots\",\"publisher\":{\"@id\":\"https:\/\/tonymora.com\/de\/#organization\"},\"potentialAction\":[{\"@type\":\"SearchAction\",\"target\":{\"@type\":\"EntryPoint\",\"urlTemplate\":\"https:\/\/tonymora.com\/de\/?s={search_term_string}\"},\"query-input\":{\"@type\":\"PropertyValueSpecification\",\"valueRequired\":true,\"valueName\":\"search_term_string\"}}],\"inLanguage\":\"de\"},{\"@type\":\"Organization\",\"@id\":\"https:\/\/tonymora.com\/de\/#organization\",\"name\":\"Tony Mora Boots\",\"url\":\"https:\/\/tonymora.com\/de\/\",\"logo\":{\"@type\":\"ImageObject\",\"inLanguage\":\"de\",\"@id\":\"https:\/\/tonymora.com\/de\/#\/schema\/logo\/image\/\",\"url\":\"https:\/\/tonymora.com\/wp-content\/uploads\/2023\/12\/LOGO.jpg\",\"contentUrl\":\"https:\/\/tonymora.com\/wp-content\/uploads\/2023\/12\/LOGO.jpg\",\"width\":2272,\"height\":1411,\"caption\":\"Tony Mora Boots\"},\"image\":{\"@id\":\"https:\/\/tonymora.com\/de\/#\/schema\/logo\/image\/\"},\"sameAs\":[\"https:\/\/www.facebook.com\/Tonymoraofficial\/\",\"https:\/\/www.instagram.com\/tonymoraofficial\/?hl=es\"]}]}<\/script>\n<!-- \/ Yoast SEO plugin. -->","yoast_head_json":{"title":"Goldbraune Leder-Shoppertasche mit Schmetterling | Tony Mora","description":"Braune Shopper-Tasche aus Leder mit goldfarbenem Metallic-Finish und einem Schmetterling aus Wildleder. Feminines Design, ger\u00e4umiger Innenraum und Griffe aus gealtertem Leder.","robots":{"index":"index","follow":"follow","max-snippet":"max-snippet:-1","max-image-preview":"max-image-preview:large","max-video-preview":"max-video-preview:-1"},"canonical":"https:\/\/tonymora.com\/de\/produkt\/1017-shopper-tasche-braun-spaltleder-gold\/","og_locale":"de_DE","og_type":"article","og_title":"Goldbraune Leder-Shoppertasche mit Schmetterling | Tony Mora","og_description":"Braune Shopper-Tasche aus Leder mit goldfarbenem Metallic-Finish und einem Schmetterling aus Wildleder. Feminines Design, ger\u00e4umiger Innenraum und Griffe aus gealtertem Leder.","og_url":"https:\/\/tonymora.com\/de\/produkt\/1017-shopper-tasche-braun-spaltleder-gold\/","og_site_name":"Tony Mora\u00ae Boots Official Store","article_publisher":"https:\/\/www.facebook.com\/Tonymoraofficial\/","article_modified_time":"2025-09-14T19:23:56+00:00","og_image":[{"width":671,"height":800,"url":"https:\/\/tonymora.com\/wp-content\/uploads\/2025\/05\/1-671x800.png","type":"image\/png"}],"twitter_card":"summary_large_image","twitter_misc":{"Gesch\u00e4tzte Lesezeit":"1\u00a0Minute"},"schema":{"@context":"https:\/\/schema.org","@graph":[{"@type":"WebPage","@id":"https:\/\/tonymora.com\/de\/produkt\/1017-shopper-tasche-braun-spaltleder-gold\/","url":"https:\/\/tonymora.com\/de\/produkt\/1017-shopper-tasche-braun-spaltleder-gold\/","name":"Goldbraune Leder-Shoppertasche mit Schmetterling | Tony Mora","isPartOf":{"@id":"https:\/\/tonymora.com\/de\/#website"},"primaryImageOfPage":{"@id":"https:\/\/tonymora.com\/de\/produkt\/1017-shopper-tasche-braun-spaltleder-gold\/#primaryimage"},"image":{"@id":"https:\/\/tonymora.com\/de\/produkt\/1017-shopper-tasche-braun-spaltleder-gold\/#primaryimage"},"thumbnailUrl":"https:\/\/tonymora.com\/wp-content\/uploads\/2025\/05\/1.png","datePublished":"2025-05-05T17:23:25+00:00","dateModified":"2025-09-14T19:23:56+00:00","description":"Braune Shopper-Tasche aus Leder mit goldfarbenem Metallic-Finish und einem Schmetterling aus Wildleder. Feminines Design, ger\u00e4umiger Innenraum und Griffe aus gealtertem Leder.","breadcrumb":{"@id":"https:\/\/tonymora.com\/de\/produkt\/1017-shopper-tasche-braun-spaltleder-gold\/#breadcrumb"},"inLanguage":"de","potentialAction":[{"@type":"ReadAction","target":["https:\/\/tonymora.com\/de\/produkt\/1017-shopper-tasche-braun-spaltleder-gold\/"]}]},{"@type":"ImageObject","inLanguage":"de","@id":"https:\/\/tonymora.com\/de\/produkt\/1017-shopper-tasche-braun-spaltleder-gold\/#primaryimage","url":"https:\/\/tonymora.com\/wp-content\/uploads\/2025\/05\/1.png","contentUrl":"https:\/\/tonymora.com\/wp-content\/uploads\/2025\/05\/1.png","width":1840,"height":2193},{"@type":"BreadcrumbList","@id":"https:\/\/tonymora.com\/de\/produkt\/1017-shopper-tasche-braun-spaltleder-gold\/#breadcrumb","itemListElement":[{"@type":"ListItem","position":1,"name":"Portada","item":"https:\/\/tonymora.com\/de\/"},{"@type":"ListItem","position":2,"name":"Shop","item":"https:\/\/tonymora.com\/de\/shop\/"},{"@type":"ListItem","position":3,"name":"Damen","item":"https:\/\/tonymora.com\/de\/produkt-kategorie\/damen\/"},{"@type":"ListItem","position":4,"name":"Handtaschen","item":"https:\/\/tonymora.com\/de\/produkt-kategorie\/damen\/handtaschen\/"},{"@type":"ListItem","position":5,"name":"1017 SHOPPER-TASCHE BRAUN \/ SPALTLEDER GOLD"}]},{"@type":"WebSite","@id":"https:\/\/tonymora.com\/de\/#website","url":"https:\/\/tonymora.com\/de\/","name":"Tony Mora\u00ae Boots Official Store","description":"Cowboy Boots","publisher":{"@id":"https:\/\/tonymora.com\/de\/#organization"},"potentialAction":[{"@type":"SearchAction","target":{"@type":"EntryPoint","urlTemplate":"https:\/\/tonymora.com\/de\/?s={search_term_string}"},"query-input":{"@type":"PropertyValueSpecification","valueRequired":true,"valueName":"search_term_string"}}],"inLanguage":"de"},{"@type":"Organization","@id":"https:\/\/tonymora.com\/de\/#organization","name":"Tony Mora Boots","url":"https:\/\/tonymora.com\/de\/","logo":{"@type":"ImageObject","inLanguage":"de","@id":"https:\/\/tonymora.com\/de\/#\/schema\/logo\/image\/","url":"https:\/\/tonymora.com\/wp-content\/uploads\/2023\/12\/LOGO.jpg","contentUrl":"https:\/\/tonymora.com\/wp-content\/uploads\/2023\/12\/LOGO.jpg","width":2272,"height":1411,"caption":"Tony Mora Boots"},"image":{"@id":"https:\/\/tonymora.com\/de\/#\/schema\/logo\/image\/"},"sameAs":["https:\/\/www.facebook.com\/Tonymoraofficial\/","https:\/\/www.instagram.com\/tonymoraofficial\/?hl=es"]}]}},"_links":{"self":[{"href":"https:\/\/tonymora.com\/de\/wp-json\/wp\/v2\/product\/719143","targetHints":{"allow":["GET"]}}],"collection":[{"href":"https:\/\/tonymora.com\/de\/wp-json\/wp\/v2\/product"}],"about":[{"href":"https:\/\/tonymora.com\/de\/wp-json\/wp\/v2\/types\/product"}],"wp:featuredmedia":[{"embeddable":true,"href":"https:\/\/tonymora.com\/de\/wp-json\/wp\/v2\/media\/718793"}],"wp:attachment":[{"href":"https:\/\/tonymora.com\/de\/wp-json\/wp\/v2\/media?parent=719143"}],"wp:term":[{"taxonomy":"product_brand","embeddable":true,"href":"https:\/\/tonymora.com\/de\/wp-json\/wp\/v2\/product_brand?post=719143"},{"taxonomy":"product_cat","embeddable":true,"href":"https:\/\/tonymora.com\/de\/wp-json\/wp\/v2\/product_cat?post=719143"},{"taxonomy":"product_tag","embeddable":true,"href":"https:\/\/tonymora.com\/de\/wp-json\/wp\/v2\/product_tag?post=719143"}],"curies":[{"name":"wp","href":"https:\/\/api.w.org\/{rel}","templated":true}]}}