{"id":719153,"date":"2025-05-05T19:57:34","date_gmt":"2025-05-05T17:57:34","guid":{"rendered":"https:\/\/tonymora.com\/?post_type=product&#038;p=719153"},"modified":"2025-08-01T09:13:46","modified_gmt":"2025-08-01T07:13:46","slug":"1263-boho-wildleder-blau","status":"publish","type":"product","link":"https:\/\/tonymora.com\/de\/produkt\/1263-boho-wildleder-blau\/","title":{"rendered":"1263 BOHO WILDLEDER BLAU"},"content":{"rendered":"<p>Diese blaue Boho-Tasche aus gespaltenem Wildleder ist eine Ode an den freien Geist und die Authentizit\u00e4t. Ihr Design mit langen Fransen und geflochtenen Details macht sie zu einem St\u00fcck mit eigenem Charakter, perfekt f\u00fcr alle, die ein Accessoire mit l\u00e4ssigem Stil und handwerklicher Seele suchen.<\/p>\n<p>Aus hochwertigem Spaltleder gefertigt, verbindet sie Funktionalit\u00e4t mit einem Boh\u00e8me-Touch, der sowohl zu urbanen Looks als auch zu l\u00e4ssigen Styles passt.<br \/>\nEine Tasche, die sich Ihnen und Ihrem Tempo anpasst, mit der Essenz von Tony Mora in jeder Naht.<\/p>\n","protected":false},"excerpt":{"rendered":"<p>Unaufdringliche Eleganz f\u00fcr Kenner. Perfekt f\u00fcr urbane Looks mit Charakter. Ein subtiles Statement von gutem Geschmack und Selbstbewusstsein.<\/p>\n","protected":false},"featured_media":718838,"template":"","meta":{"_mbp_gutenberg_autopost":false},"product_brand":[],"product_cat":[1174,167,541],"product_tag":[],"class_list":{"0":"post-719153","1":"product","2":"type-product","3":"status-publish","4":"has-post-thumbnail","6":"product_cat-black-friday-de","7":"product_cat-damen","8":"product_cat-handtaschen","10":"first","11":"outofstock","12":"taxable","13":"shipping-taxable","14":"purchasable","15":"product-type-simple"},"yoast_head":"<!-- This site is optimized with the Yoast SEO plugin v27.4 - https:\/\/yoast.com\/product\/yoast-seo-wordpress\/ -->\n<title>Blaue Boho-Tasche aus Wildleder | Design mit Fransen und geflochtenen Details | Tony Mora<\/title>\n<meta name=\"description\" content=\"Entdecken Sie die Tasche im Boho-Stil aus hochwertigem blauem Wildleder mit langen Fransen und geflochtenen Details. Vereint Boh\u00e8me-Stil und Funktionalit\u00e4t. Jetzt bei Tony Mora kaufen.\" \/>\n<meta name=\"robots\" content=\"index, follow, max-snippet:-1, max-image-preview:large, max-video-preview:-1\" \/>\n<link rel=\"canonical\" href=\"https:\/\/tonymora.com\/de\/produkt\/1263-boho-wildleder-blau\/\" \/>\n<meta property=\"og:locale\" content=\"de_DE\" \/>\n<meta property=\"og:type\" content=\"article\" \/>\n<meta property=\"og:title\" content=\"Blaue Boho-Tasche aus Wildleder | Design mit Fransen und geflochtenen Details | Tony Mora\" \/>\n<meta property=\"og:description\" content=\"Entdecken Sie die Tasche im Boho-Stil aus hochwertigem blauem Wildleder mit langen Fransen und geflochtenen Details. Vereint Boh\u00e8me-Stil und Funktionalit\u00e4t. Jetzt bei Tony Mora kaufen.\" \/>\n<meta property=\"og:url\" content=\"https:\/\/tonymora.com\/de\/produkt\/1263-boho-wildleder-blau\/\" \/>\n<meta property=\"og:site_name\" content=\"Tony Mora\u00ae Boots Official Store\" \/>\n<meta property=\"article:publisher\" content=\"https:\/\/www.facebook.com\/Tonymoraofficial\/\" \/>\n<meta property=\"article:modified_time\" content=\"2025-08-01T07:13:46+00:00\" \/>\n<meta property=\"og:image\" content=\"https:\/\/tonymora.com\/wp-content\/uploads\/2025\/05\/18-671x800.png\" \/>\n\t<meta property=\"og:image:width\" content=\"671\" \/>\n\t<meta property=\"og:image:height\" content=\"800\" \/>\n\t<meta property=\"og:image:type\" content=\"image\/png\" \/>\n<meta name=\"twitter:card\" content=\"summary_large_image\" \/>\n<meta name=\"twitter:label1\" content=\"Gesch\u00e4tzte Lesezeit\" \/>\n\t<meta name=\"twitter:data1\" content=\"1\u00a0Minute\" \/>\n<script type=\"application\/ld+json\" class=\"yoast-schema-graph\">{\"@context\":\"https:\\\/\\\/schema.org\",\"@graph\":[{\"@type\":\"WebPage\",\"@id\":\"https:\\\/\\\/tonymora.com\\\/de\\\/produkt\\\/1263-boho-wildleder-blau\\\/\",\"url\":\"https:\\\/\\\/tonymora.com\\\/de\\\/produkt\\\/1263-boho-wildleder-blau\\\/\",\"name\":\"Blaue Boho-Tasche aus Wildleder | Design mit Fransen und geflochtenen Details | Tony Mora\",\"isPartOf\":{\"@id\":\"https:\\\/\\\/tonymora.com\\\/de\\\/#website\"},\"primaryImageOfPage\":{\"@id\":\"https:\\\/\\\/tonymora.com\\\/de\\\/produkt\\\/1263-boho-wildleder-blau\\\/#primaryimage\"},\"image\":{\"@id\":\"https:\\\/\\\/tonymora.com\\\/de\\\/produkt\\\/1263-boho-wildleder-blau\\\/#primaryimage\"},\"thumbnailUrl\":\"https:\\\/\\\/tonymora.com\\\/wp-content\\\/uploads\\\/2025\\\/05\\\/18.png\",\"datePublished\":\"2025-05-05T17:57:34+00:00\",\"dateModified\":\"2025-08-01T07:13:46+00:00\",\"description\":\"Entdecken Sie die Tasche im Boho-Stil aus hochwertigem blauem Wildleder mit langen Fransen und geflochtenen Details. Vereint Boh\u00e8me-Stil und Funktionalit\u00e4t. Jetzt bei Tony Mora kaufen.\",\"breadcrumb\":{\"@id\":\"https:\\\/\\\/tonymora.com\\\/de\\\/produkt\\\/1263-boho-wildleder-blau\\\/#breadcrumb\"},\"inLanguage\":\"de\",\"potentialAction\":[{\"@type\":\"ReadAction\",\"target\":[\"https:\\\/\\\/tonymora.com\\\/de\\\/produkt\\\/1263-boho-wildleder-blau\\\/\"]}]},{\"@type\":\"ImageObject\",\"inLanguage\":\"de\",\"@id\":\"https:\\\/\\\/tonymora.com\\\/de\\\/produkt\\\/1263-boho-wildleder-blau\\\/#primaryimage\",\"url\":\"https:\\\/\\\/tonymora.com\\\/wp-content\\\/uploads\\\/2025\\\/05\\\/18.png\",\"contentUrl\":\"https:\\\/\\\/tonymora.com\\\/wp-content\\\/uploads\\\/2025\\\/05\\\/18.png\",\"width\":1840,\"height\":2193},{\"@type\":\"BreadcrumbList\",\"@id\":\"https:\\\/\\\/tonymora.com\\\/de\\\/produkt\\\/1263-boho-wildleder-blau\\\/#breadcrumb\",\"itemListElement\":[{\"@type\":\"ListItem\",\"position\":1,\"name\":\"Portada\",\"item\":\"https:\\\/\\\/tonymora.com\\\/de\\\/\"},{\"@type\":\"ListItem\",\"position\":2,\"name\":\"Shop\",\"item\":\"https:\\\/\\\/tonymora.com\\\/de\\\/shop\\\/\"},{\"@type\":\"ListItem\",\"position\":3,\"name\":\"Damen\",\"item\":\"https:\\\/\\\/tonymora.com\\\/de\\\/produkt-kategorie\\\/damen\\\/\"},{\"@type\":\"ListItem\",\"position\":4,\"name\":\"Handtaschen\",\"item\":\"https:\\\/\\\/tonymora.com\\\/de\\\/produkt-kategorie\\\/damen\\\/handtaschen\\\/\"},{\"@type\":\"ListItem\",\"position\":5,\"name\":\"1263 BOHO WILDLEDER BLAU\"}]},{\"@type\":\"WebSite\",\"@id\":\"https:\\\/\\\/tonymora.com\\\/de\\\/#website\",\"url\":\"https:\\\/\\\/tonymora.com\\\/de\\\/\",\"name\":\"Tony Mora\u00ae Boots Official Store\",\"description\":\"Cowboy Boots\",\"publisher\":{\"@id\":\"https:\\\/\\\/tonymora.com\\\/de\\\/#organization\"},\"potentialAction\":[{\"@type\":\"SearchAction\",\"target\":{\"@type\":\"EntryPoint\",\"urlTemplate\":\"https:\\\/\\\/tonymora.com\\\/de\\\/?s={search_term_string}\"},\"query-input\":{\"@type\":\"PropertyValueSpecification\",\"valueRequired\":true,\"valueName\":\"search_term_string\"}}],\"inLanguage\":\"de\"},{\"@type\":\"Organization\",\"@id\":\"https:\\\/\\\/tonymora.com\\\/de\\\/#organization\",\"name\":\"Tony Mora Boots\",\"url\":\"https:\\\/\\\/tonymora.com\\\/de\\\/\",\"logo\":{\"@type\":\"ImageObject\",\"inLanguage\":\"de\",\"@id\":\"https:\\\/\\\/tonymora.com\\\/de\\\/#\\\/schema\\\/logo\\\/image\\\/\",\"url\":\"https:\\\/\\\/tonymora.com\\\/wp-content\\\/uploads\\\/2023\\\/12\\\/LOGO.jpg\",\"contentUrl\":\"https:\\\/\\\/tonymora.com\\\/wp-content\\\/uploads\\\/2023\\\/12\\\/LOGO.jpg\",\"width\":2272,\"height\":1411,\"caption\":\"Tony Mora Boots\"},\"image\":{\"@id\":\"https:\\\/\\\/tonymora.com\\\/de\\\/#\\\/schema\\\/logo\\\/image\\\/\"},\"sameAs\":[\"https:\\\/\\\/www.facebook.com\\\/Tonymoraofficial\\\/\",\"https:\\\/\\\/www.instagram.com\\\/tonymoraofficial\\\/?hl=es\"]}]}<\/script>\n<!-- \/ Yoast SEO plugin. -->","yoast_head_json":{"title":"Blaue Boho-Tasche aus Wildleder | Design mit Fransen und geflochtenen Details | Tony Mora","description":"Entdecken Sie die Tasche im Boho-Stil aus hochwertigem blauem Wildleder mit langen Fransen und geflochtenen Details. Vereint Boh\u00e8me-Stil und Funktionalit\u00e4t. Jetzt bei Tony Mora kaufen.","robots":{"index":"index","follow":"follow","max-snippet":"max-snippet:-1","max-image-preview":"max-image-preview:large","max-video-preview":"max-video-preview:-1"},"canonical":"https:\/\/tonymora.com\/de\/produkt\/1263-boho-wildleder-blau\/","og_locale":"de_DE","og_type":"article","og_title":"Blaue Boho-Tasche aus Wildleder | Design mit Fransen und geflochtenen Details | Tony Mora","og_description":"Entdecken Sie die Tasche im Boho-Stil aus hochwertigem blauem Wildleder mit langen Fransen und geflochtenen Details. Vereint Boh\u00e8me-Stil und Funktionalit\u00e4t. Jetzt bei Tony Mora kaufen.","og_url":"https:\/\/tonymora.com\/de\/produkt\/1263-boho-wildleder-blau\/","og_site_name":"Tony Mora\u00ae Boots Official Store","article_publisher":"https:\/\/www.facebook.com\/Tonymoraofficial\/","article_modified_time":"2025-08-01T07:13:46+00:00","og_image":[{"width":671,"height":800,"url":"https:\/\/tonymora.com\/wp-content\/uploads\/2025\/05\/18-671x800.png","type":"image\/png"}],"twitter_card":"summary_large_image","twitter_misc":{"Gesch\u00e4tzte Lesezeit":"1\u00a0Minute"},"schema":{"@context":"https:\/\/schema.org","@graph":[{"@type":"WebPage","@id":"https:\/\/tonymora.com\/de\/produkt\/1263-boho-wildleder-blau\/","url":"https:\/\/tonymora.com\/de\/produkt\/1263-boho-wildleder-blau\/","name":"Blaue Boho-Tasche aus Wildleder | Design mit Fransen und geflochtenen Details | Tony Mora","isPartOf":{"@id":"https:\/\/tonymora.com\/de\/#website"},"primaryImageOfPage":{"@id":"https:\/\/tonymora.com\/de\/produkt\/1263-boho-wildleder-blau\/#primaryimage"},"image":{"@id":"https:\/\/tonymora.com\/de\/produkt\/1263-boho-wildleder-blau\/#primaryimage"},"thumbnailUrl":"https:\/\/tonymora.com\/wp-content\/uploads\/2025\/05\/18.png","datePublished":"2025-05-05T17:57:34+00:00","dateModified":"2025-08-01T07:13:46+00:00","description":"Entdecken Sie die Tasche im Boho-Stil aus hochwertigem blauem Wildleder mit langen Fransen und geflochtenen Details. Vereint Boh\u00e8me-Stil und Funktionalit\u00e4t. Jetzt bei Tony Mora kaufen.","breadcrumb":{"@id":"https:\/\/tonymora.com\/de\/produkt\/1263-boho-wildleder-blau\/#breadcrumb"},"inLanguage":"de","potentialAction":[{"@type":"ReadAction","target":["https:\/\/tonymora.com\/de\/produkt\/1263-boho-wildleder-blau\/"]}]},{"@type":"ImageObject","inLanguage":"de","@id":"https:\/\/tonymora.com\/de\/produkt\/1263-boho-wildleder-blau\/#primaryimage","url":"https:\/\/tonymora.com\/wp-content\/uploads\/2025\/05\/18.png","contentUrl":"https:\/\/tonymora.com\/wp-content\/uploads\/2025\/05\/18.png","width":1840,"height":2193},{"@type":"BreadcrumbList","@id":"https:\/\/tonymora.com\/de\/produkt\/1263-boho-wildleder-blau\/#breadcrumb","itemListElement":[{"@type":"ListItem","position":1,"name":"Portada","item":"https:\/\/tonymora.com\/de\/"},{"@type":"ListItem","position":2,"name":"Shop","item":"https:\/\/tonymora.com\/de\/shop\/"},{"@type":"ListItem","position":3,"name":"Damen","item":"https:\/\/tonymora.com\/de\/produkt-kategorie\/damen\/"},{"@type":"ListItem","position":4,"name":"Handtaschen","item":"https:\/\/tonymora.com\/de\/produkt-kategorie\/damen\/handtaschen\/"},{"@type":"ListItem","position":5,"name":"1263 BOHO WILDLEDER BLAU"}]},{"@type":"WebSite","@id":"https:\/\/tonymora.com\/de\/#website","url":"https:\/\/tonymora.com\/de\/","name":"Tony Mora\u00ae Boots Official Store","description":"Cowboy Boots","publisher":{"@id":"https:\/\/tonymora.com\/de\/#organization"},"potentialAction":[{"@type":"SearchAction","target":{"@type":"EntryPoint","urlTemplate":"https:\/\/tonymora.com\/de\/?s={search_term_string}"},"query-input":{"@type":"PropertyValueSpecification","valueRequired":true,"valueName":"search_term_string"}}],"inLanguage":"de"},{"@type":"Organization","@id":"https:\/\/tonymora.com\/de\/#organization","name":"Tony Mora Boots","url":"https:\/\/tonymora.com\/de\/","logo":{"@type":"ImageObject","inLanguage":"de","@id":"https:\/\/tonymora.com\/de\/#\/schema\/logo\/image\/","url":"https:\/\/tonymora.com\/wp-content\/uploads\/2023\/12\/LOGO.jpg","contentUrl":"https:\/\/tonymora.com\/wp-content\/uploads\/2023\/12\/LOGO.jpg","width":2272,"height":1411,"caption":"Tony Mora Boots"},"image":{"@id":"https:\/\/tonymora.com\/de\/#\/schema\/logo\/image\/"},"sameAs":["https:\/\/www.facebook.com\/Tonymoraofficial\/","https:\/\/www.instagram.com\/tonymoraofficial\/?hl=es"]}]}},"_links":{"self":[{"href":"https:\/\/tonymora.com\/de\/wp-json\/wp\/v2\/product\/719153","targetHints":{"allow":["GET"]}}],"collection":[{"href":"https:\/\/tonymora.com\/de\/wp-json\/wp\/v2\/product"}],"about":[{"href":"https:\/\/tonymora.com\/de\/wp-json\/wp\/v2\/types\/product"}],"wp:featuredmedia":[{"embeddable":true,"href":"https:\/\/tonymora.com\/de\/wp-json\/wp\/v2\/media\/718838"}],"wp:attachment":[{"href":"https:\/\/tonymora.com\/de\/wp-json\/wp\/v2\/media?parent=719153"}],"wp:term":[{"taxonomy":"product_brand","embeddable":true,"href":"https:\/\/tonymora.com\/de\/wp-json\/wp\/v2\/product_brand?post=719153"},{"taxonomy":"product_cat","embeddable":true,"href":"https:\/\/tonymora.com\/de\/wp-json\/wp\/v2\/product_cat?post=719153"},{"taxonomy":"product_tag","embeddable":true,"href":"https:\/\/tonymora.com\/de\/wp-json\/wp\/v2\/product_tag?post=719153"}],"curies":[{"name":"wp","href":"https:\/\/api.w.org\/{rel}","templated":true}]}}