{"id":719271,"date":"2025-05-20T16:19:23","date_gmt":"2025-05-20T14:19:23","guid":{"rendered":"https:\/\/tonymora.com\/?post_type=product&#038;p=719271"},"modified":"2026-01-28T12:34:13","modified_gmt":"2026-01-28T11:34:13","slug":"1088-j-lini-lackleder-flieder","status":"publish","type":"product","link":"https:\/\/tonymora.com\/de\/produkt\/1088-j-lini-lackleder-flieder\/","title":{"rendered":"1088 J LINI LACKLEDER FLIEDER"},"content":{"rendered":"<h3>Damen Schn\u00fcrstiefeletten aus lilafarbenem Lackleder<\/h3>\n<p>Unsere <b>Schn\u00fcrstiefeletten aus lilafarbenem Leder<\/b> sind die perfekte Verschmelzung von Klassik und Moderne und verleihen jedem Look eine ganz pers\u00f6nliche Note. Dieses gewagte und raffinierte Design bringt Farbe und Charakter in jedes Outfit \u2013 ideal f\u00fcr Frauen, die gelassene Raffinesse und einen urbanen Stil mit Ecken und Kanten suchen.<\/p>\n<p>Dank der verstellbaren Schn\u00fcrsenkel passen sie sich bequem Ihrer Fu\u00dfform an und begleiten Sie stilvoll durch den Alltag als dezentes Statement f\u00fcr guten Geschmack und Sicherheit. Diese Stiefeletten werden zu <b>100 % in Handarbeit auf Mallorca<\/b> nach dem <b>GOODYEAR-System<\/b> gefertigt, dem weltweiten Symbol f\u00fcr Qualit\u00e4t, Langlebigkeit und handwerkliche Exzellenz.<\/p>\n","protected":false},"excerpt":{"rendered":"<p>Charakter und Eleganz in perfekter Balance. Selbstbewusstes Auftreten und m\u00fcheloser Stil. Der letzte Schliff, der Schlichtheit in etwas Unvergessliches verwandelt.<\/p>\n","protected":false},"featured_media":719382,"template":"","meta":{"_mbp_gutenberg_autopost":false},"product_brand":[],"product_cat":[169,167,226,1141,1135],"product_tag":[],"class_list":{"0":"post-719271","1":"product","2":"type-product","3":"status-publish","4":"has-post-thumbnail","6":"product_cat-casual-damenstiefel","7":"product_cat-damen","8":"product_cat-damen-stiefeletten","9":"product_cat-lederstiefel-damen","10":"product_cat-rabatte-damenstiefel","12":"first","13":"instock","14":"taxable","15":"shipping-taxable","16":"purchasable","17":"product-type-variable"},"supplier_id":null,"supplier_sku":"","barcode":null,"atum_controlled":true,"out_stock_date":null,"out_stock_threshold":null,"inheritable":true,"inbound_stock":0,"stock_on_hold":2,"sold_today":2,"sales_last_days":2,"reserved_stock":0,"customer_returns":0,"warehouse_damage":0,"lost_in_post":0,"other_logs":0,"out_stock_days":null,"lost_sales":0,"has_location":false,"update_date":"2026-03-20T12:50:42","atum_locations":[],"atum_stock_status":"instock","restock_status":false,"low_stock_amount":"","sales_update_date":"2026-03-20T12:50:42","calc_backorders":null,"yoast_head":"<!-- This site is optimized with the Yoast SEO plugin v27.4 - https:\/\/yoast.com\/product\/yoast-seo-wordpress\/ -->\n<title>Damen Schn\u00fcrstiefeletten Lila Lackleder | Tony Mora Handarbeit<\/title>\n<meta name=\"description\" content=\"Exklusive Damen Schn\u00fcrstiefeletten in Lila. Handgefertigt auf Mallorca mit Goodyear-Konstruktion. Mutiges Design und h\u00f6chster Komfort. Gratis Versand!\" \/>\n<meta name=\"robots\" content=\"index, follow, max-snippet:-1, max-image-preview:large, max-video-preview:-1\" \/>\n<link rel=\"canonical\" href=\"https:\/\/tonymora.com\/de\/produkt\/1088-j-lini-lackleder-flieder\/\" \/>\n<meta property=\"og:locale\" content=\"de_DE\" \/>\n<meta property=\"og:type\" content=\"article\" \/>\n<meta property=\"og:title\" content=\"Damen Schn\u00fcrstiefeletten Lila Lackleder | Tony Mora Handarbeit\" \/>\n<meta property=\"og:description\" content=\"Exklusive Damen Schn\u00fcrstiefeletten in Lila. Handgefertigt auf Mallorca mit Goodyear-Konstruktion. Mutiges Design und h\u00f6chster Komfort. Gratis Versand!\" \/>\n<meta property=\"og:url\" content=\"https:\/\/tonymora.com\/de\/produkt\/1088-j-lini-lackleder-flieder\/\" \/>\n<meta property=\"og:site_name\" content=\"Tony Mora\u00ae Boots Official Store\" \/>\n<meta property=\"article:publisher\" content=\"https:\/\/www.facebook.com\/Tonymoraofficial\/\" \/>\n<meta property=\"article:modified_time\" content=\"2026-01-28T11:34:13+00:00\" \/>\n<meta property=\"og:image\" content=\"https:\/\/tonymora.com\/wp-content\/uploads\/2025\/05\/5-2-671x800.png\" \/>\n\t<meta property=\"og:image:width\" content=\"671\" \/>\n\t<meta property=\"og:image:height\" content=\"800\" \/>\n\t<meta property=\"og:image:type\" content=\"image\/png\" \/>\n<meta name=\"twitter:card\" content=\"summary_large_image\" \/>\n<meta name=\"twitter:label1\" content=\"Gesch\u00e4tzte Lesezeit\" \/>\n\t<meta name=\"twitter:data1\" content=\"1\u00a0Minute\" \/>\n<script type=\"application\/ld+json\" class=\"yoast-schema-graph\">{\"@context\":\"https:\\\/\\\/schema.org\",\"@graph\":[{\"@type\":\"WebPage\",\"@id\":\"https:\\\/\\\/tonymora.com\\\/de\\\/produkt\\\/1088-j-lini-lackleder-flieder\\\/\",\"url\":\"https:\\\/\\\/tonymora.com\\\/de\\\/produkt\\\/1088-j-lini-lackleder-flieder\\\/\",\"name\":\"Damen Schn\u00fcrstiefeletten Lila Lackleder | Tony Mora Handarbeit\",\"isPartOf\":{\"@id\":\"https:\\\/\\\/tonymora.com\\\/de\\\/#website\"},\"primaryImageOfPage\":{\"@id\":\"https:\\\/\\\/tonymora.com\\\/de\\\/produkt\\\/1088-j-lini-lackleder-flieder\\\/#primaryimage\"},\"image\":{\"@id\":\"https:\\\/\\\/tonymora.com\\\/de\\\/produkt\\\/1088-j-lini-lackleder-flieder\\\/#primaryimage\"},\"thumbnailUrl\":\"https:\\\/\\\/tonymora.com\\\/wp-content\\\/uploads\\\/2025\\\/05\\\/5-2.png\",\"datePublished\":\"2025-05-20T14:19:23+00:00\",\"dateModified\":\"2026-01-28T11:34:13+00:00\",\"description\":\"Exklusive Damen Schn\u00fcrstiefeletten in Lila. Handgefertigt auf Mallorca mit Goodyear-Konstruktion. Mutiges Design und h\u00f6chster Komfort. Gratis Versand!\",\"breadcrumb\":{\"@id\":\"https:\\\/\\\/tonymora.com\\\/de\\\/produkt\\\/1088-j-lini-lackleder-flieder\\\/#breadcrumb\"},\"inLanguage\":\"de\",\"potentialAction\":[{\"@type\":\"ReadAction\",\"target\":[\"https:\\\/\\\/tonymora.com\\\/de\\\/produkt\\\/1088-j-lini-lackleder-flieder\\\/\"]}]},{\"@type\":\"ImageObject\",\"inLanguage\":\"de\",\"@id\":\"https:\\\/\\\/tonymora.com\\\/de\\\/produkt\\\/1088-j-lini-lackleder-flieder\\\/#primaryimage\",\"url\":\"https:\\\/\\\/tonymora.com\\\/wp-content\\\/uploads\\\/2025\\\/05\\\/5-2.png\",\"contentUrl\":\"https:\\\/\\\/tonymora.com\\\/wp-content\\\/uploads\\\/2025\\\/05\\\/5-2.png\",\"width\":1949,\"height\":2322,\"caption\":\"Botines de Cordones Mujer Piel Lila Charol -\"},{\"@type\":\"BreadcrumbList\",\"@id\":\"https:\\\/\\\/tonymora.com\\\/de\\\/produkt\\\/1088-j-lini-lackleder-flieder\\\/#breadcrumb\",\"itemListElement\":[{\"@type\":\"ListItem\",\"position\":1,\"name\":\"Portada\",\"item\":\"https:\\\/\\\/tonymora.com\\\/de\\\/\"},{\"@type\":\"ListItem\",\"position\":2,\"name\":\"Shop\",\"item\":\"https:\\\/\\\/tonymora.com\\\/de\\\/shop\\\/\"},{\"@type\":\"ListItem\",\"position\":3,\"name\":\"Damen\",\"item\":\"https:\\\/\\\/tonymora.com\\\/de\\\/produkt-kategorie\\\/damen\\\/\"},{\"@type\":\"ListItem\",\"position\":4,\"name\":\"1088 J LINI LACKLEDER FLIEDER\"}]},{\"@type\":\"WebSite\",\"@id\":\"https:\\\/\\\/tonymora.com\\\/de\\\/#website\",\"url\":\"https:\\\/\\\/tonymora.com\\\/de\\\/\",\"name\":\"Tony Mora\u00ae Boots Official Store\",\"description\":\"Cowboy Boots\",\"publisher\":{\"@id\":\"https:\\\/\\\/tonymora.com\\\/de\\\/#organization\"},\"potentialAction\":[{\"@type\":\"SearchAction\",\"target\":{\"@type\":\"EntryPoint\",\"urlTemplate\":\"https:\\\/\\\/tonymora.com\\\/de\\\/?s={search_term_string}\"},\"query-input\":{\"@type\":\"PropertyValueSpecification\",\"valueRequired\":true,\"valueName\":\"search_term_string\"}}],\"inLanguage\":\"de\"},{\"@type\":\"Organization\",\"@id\":\"https:\\\/\\\/tonymora.com\\\/de\\\/#organization\",\"name\":\"Tony Mora Boots\",\"url\":\"https:\\\/\\\/tonymora.com\\\/de\\\/\",\"logo\":{\"@type\":\"ImageObject\",\"inLanguage\":\"de\",\"@id\":\"https:\\\/\\\/tonymora.com\\\/de\\\/#\\\/schema\\\/logo\\\/image\\\/\",\"url\":\"https:\\\/\\\/tonymora.com\\\/wp-content\\\/uploads\\\/2023\\\/12\\\/LOGO.jpg\",\"contentUrl\":\"https:\\\/\\\/tonymora.com\\\/wp-content\\\/uploads\\\/2023\\\/12\\\/LOGO.jpg\",\"width\":2272,\"height\":1411,\"caption\":\"Tony Mora Boots\"},\"image\":{\"@id\":\"https:\\\/\\\/tonymora.com\\\/de\\\/#\\\/schema\\\/logo\\\/image\\\/\"},\"sameAs\":[\"https:\\\/\\\/www.facebook.com\\\/Tonymoraofficial\\\/\",\"https:\\\/\\\/www.instagram.com\\\/tonymoraofficial\\\/?hl=es\"]}]}<\/script>\n<!-- \/ Yoast SEO plugin. -->","yoast_head_json":{"title":"Damen Schn\u00fcrstiefeletten Lila Lackleder | Tony Mora Handarbeit","description":"Exklusive Damen Schn\u00fcrstiefeletten in Lila. Handgefertigt auf Mallorca mit Goodyear-Konstruktion. Mutiges Design und h\u00f6chster Komfort. Gratis Versand!","robots":{"index":"index","follow":"follow","max-snippet":"max-snippet:-1","max-image-preview":"max-image-preview:large","max-video-preview":"max-video-preview:-1"},"canonical":"https:\/\/tonymora.com\/de\/produkt\/1088-j-lini-lackleder-flieder\/","og_locale":"de_DE","og_type":"article","og_title":"Damen Schn\u00fcrstiefeletten Lila Lackleder | Tony Mora Handarbeit","og_description":"Exklusive Damen Schn\u00fcrstiefeletten in Lila. Handgefertigt auf Mallorca mit Goodyear-Konstruktion. Mutiges Design und h\u00f6chster Komfort. Gratis Versand!","og_url":"https:\/\/tonymora.com\/de\/produkt\/1088-j-lini-lackleder-flieder\/","og_site_name":"Tony Mora\u00ae Boots Official Store","article_publisher":"https:\/\/www.facebook.com\/Tonymoraofficial\/","article_modified_time":"2026-01-28T11:34:13+00:00","og_image":[{"width":671,"height":800,"url":"https:\/\/tonymora.com\/wp-content\/uploads\/2025\/05\/5-2-671x800.png","type":"image\/png"}],"twitter_card":"summary_large_image","twitter_misc":{"Gesch\u00e4tzte Lesezeit":"1\u00a0Minute"},"schema":{"@context":"https:\/\/schema.org","@graph":[{"@type":"WebPage","@id":"https:\/\/tonymora.com\/de\/produkt\/1088-j-lini-lackleder-flieder\/","url":"https:\/\/tonymora.com\/de\/produkt\/1088-j-lini-lackleder-flieder\/","name":"Damen Schn\u00fcrstiefeletten Lila Lackleder | Tony Mora Handarbeit","isPartOf":{"@id":"https:\/\/tonymora.com\/de\/#website"},"primaryImageOfPage":{"@id":"https:\/\/tonymora.com\/de\/produkt\/1088-j-lini-lackleder-flieder\/#primaryimage"},"image":{"@id":"https:\/\/tonymora.com\/de\/produkt\/1088-j-lini-lackleder-flieder\/#primaryimage"},"thumbnailUrl":"https:\/\/tonymora.com\/wp-content\/uploads\/2025\/05\/5-2.png","datePublished":"2025-05-20T14:19:23+00:00","dateModified":"2026-01-28T11:34:13+00:00","description":"Exklusive Damen Schn\u00fcrstiefeletten in Lila. Handgefertigt auf Mallorca mit Goodyear-Konstruktion. Mutiges Design und h\u00f6chster Komfort. Gratis Versand!","breadcrumb":{"@id":"https:\/\/tonymora.com\/de\/produkt\/1088-j-lini-lackleder-flieder\/#breadcrumb"},"inLanguage":"de","potentialAction":[{"@type":"ReadAction","target":["https:\/\/tonymora.com\/de\/produkt\/1088-j-lini-lackleder-flieder\/"]}]},{"@type":"ImageObject","inLanguage":"de","@id":"https:\/\/tonymora.com\/de\/produkt\/1088-j-lini-lackleder-flieder\/#primaryimage","url":"https:\/\/tonymora.com\/wp-content\/uploads\/2025\/05\/5-2.png","contentUrl":"https:\/\/tonymora.com\/wp-content\/uploads\/2025\/05\/5-2.png","width":1949,"height":2322,"caption":"Botines de Cordones Mujer Piel Lila Charol -"},{"@type":"BreadcrumbList","@id":"https:\/\/tonymora.com\/de\/produkt\/1088-j-lini-lackleder-flieder\/#breadcrumb","itemListElement":[{"@type":"ListItem","position":1,"name":"Portada","item":"https:\/\/tonymora.com\/de\/"},{"@type":"ListItem","position":2,"name":"Shop","item":"https:\/\/tonymora.com\/de\/shop\/"},{"@type":"ListItem","position":3,"name":"Damen","item":"https:\/\/tonymora.com\/de\/produkt-kategorie\/damen\/"},{"@type":"ListItem","position":4,"name":"1088 J LINI LACKLEDER FLIEDER"}]},{"@type":"WebSite","@id":"https:\/\/tonymora.com\/de\/#website","url":"https:\/\/tonymora.com\/de\/","name":"Tony Mora\u00ae Boots Official Store","description":"Cowboy Boots","publisher":{"@id":"https:\/\/tonymora.com\/de\/#organization"},"potentialAction":[{"@type":"SearchAction","target":{"@type":"EntryPoint","urlTemplate":"https:\/\/tonymora.com\/de\/?s={search_term_string}"},"query-input":{"@type":"PropertyValueSpecification","valueRequired":true,"valueName":"search_term_string"}}],"inLanguage":"de"},{"@type":"Organization","@id":"https:\/\/tonymora.com\/de\/#organization","name":"Tony Mora Boots","url":"https:\/\/tonymora.com\/de\/","logo":{"@type":"ImageObject","inLanguage":"de","@id":"https:\/\/tonymora.com\/de\/#\/schema\/logo\/image\/","url":"https:\/\/tonymora.com\/wp-content\/uploads\/2023\/12\/LOGO.jpg","contentUrl":"https:\/\/tonymora.com\/wp-content\/uploads\/2023\/12\/LOGO.jpg","width":2272,"height":1411,"caption":"Tony Mora Boots"},"image":{"@id":"https:\/\/tonymora.com\/de\/#\/schema\/logo\/image\/"},"sameAs":["https:\/\/www.facebook.com\/Tonymoraofficial\/","https:\/\/www.instagram.com\/tonymoraofficial\/?hl=es"]}]}},"_links":{"self":[{"href":"https:\/\/tonymora.com\/de\/wp-json\/wp\/v2\/product\/719271","targetHints":{"allow":["GET"]}}],"collection":[{"href":"https:\/\/tonymora.com\/de\/wp-json\/wp\/v2\/product"}],"about":[{"href":"https:\/\/tonymora.com\/de\/wp-json\/wp\/v2\/types\/product"}],"wp:featuredmedia":[{"embeddable":true,"href":"https:\/\/tonymora.com\/de\/wp-json\/wp\/v2\/media\/719382"}],"wp:attachment":[{"href":"https:\/\/tonymora.com\/de\/wp-json\/wp\/v2\/media?parent=719271"}],"wp:term":[{"taxonomy":"product_brand","embeddable":true,"href":"https:\/\/tonymora.com\/de\/wp-json\/wp\/v2\/product_brand?post=719271"},{"taxonomy":"product_cat","embeddable":true,"href":"https:\/\/tonymora.com\/de\/wp-json\/wp\/v2\/product_cat?post=719271"},{"taxonomy":"product_tag","embeddable":true,"href":"https:\/\/tonymora.com\/de\/wp-json\/wp\/v2\/product_tag?post=719271"}],"curies":[{"name":"wp","href":"https:\/\/api.w.org\/{rel}","templated":true}]}}