{"id":719433,"date":"2025-05-20T18:05:32","date_gmt":"2025-05-20T16:05:32","guid":{"rendered":"https:\/\/tonymora.com\/?post_type=product&#038;p=719433"},"modified":"2025-11-20T13:55:03","modified_gmt":"2025-11-20T12:55:03","slug":"4083-daslu-lini-geteiltes-wildleder-brash-antik","status":"publish","type":"product","link":"https:\/\/tonymora.com\/de\/produkt\/4083-daslu-lini-geteiltes-wildleder-brash-antik\/","title":{"rendered":"4083 DASLU LINI GETEILTES WILDLEDER BRASH ANTIK"},"content":{"rendered":"<p>Diese rosafarbenen Wildlederstiefel (Brash Antique) interpretieren den Cowboy-Stil mit einem femininen, modernen und lebendigen Look neu. Der hohe Schaft mit traditioneller Stickerei verleiht Charakter und Authentizit\u00e4t, w\u00e4hrend die weiche Wildledertextur und das strukturierte Design f\u00fcr Komfort bei jedem Tragen sorgen. Sie werden zu 100 % von Hand auf Mallorca unter dem GOODYEAR System hergestellt und sind die perfekte Kombination aus Handwerkskunst, Mode und Pers\u00f6nlichkeit. Ein zeitloses Design f\u00fcr Frauen, die mit Eleganz und Originalit\u00e4t ein Stil-Statement setzen wollen.<\/p>\n","protected":false},"excerpt":{"rendered":"<p>Unaufdringliche Eleganz f\u00fcr Kenner. Klassischer Charakter mit modernem Flair.<br \/>\nIdealer Begleiter f\u00fcr jeden Anlass \u2013 vom Tag bis in die Nacht.<\/p>\n","protected":false},"featured_media":719379,"template":"","meta":{"_mbp_gutenberg_autopost":false},"product_brand":[],"product_cat":[1174,169,167,1141,1139,1135],"product_tag":[],"class_list":{"0":"post-719433","1":"product","2":"type-product","3":"status-publish","4":"has-post-thumbnail","6":"product_cat-black-friday-de","7":"product_cat-casual-damenstiefel","8":"product_cat-damen","9":"product_cat-lederstiefel-damen","10":"product_cat-python-stiefel-damen","11":"product_cat-rabatte-damenstiefel","13":"first","14":"instock","15":"taxable","16":"shipping-taxable","17":"purchasable","18":"product-type-variable"},"supplier_id":null,"supplier_sku":"","barcode":null,"atum_controlled":true,"out_stock_date":null,"out_stock_threshold":null,"inheritable":true,"inbound_stock":null,"stock_on_hold":2,"sold_today":1,"sales_last_days":1,"reserved_stock":null,"customer_returns":null,"warehouse_damage":null,"lost_in_post":null,"other_logs":null,"out_stock_days":null,"lost_sales":0,"has_location":false,"update_date":"2026-01-16T08:13:55","atum_locations":[],"atum_stock_status":"instock","restock_status":false,"low_stock_amount":"","sales_update_date":"2025-05-20T09:12:38","calc_backorders":null,"yoast_head":"<!-- This site is optimized with the Yoast SEO plugin v27.4 - https:\/\/yoast.com\/product\/yoast-seo-wordpress\/ -->\n<title>Vintage-Cowboystiefel aus rosa Wildleder | Tony Mora im Cowboy-Stil<\/title>\n<meta name=\"description\" content=\"Wildlederstiefel in Altrosa, feminines Cowboy-Design und traditionelle Stickerei. Handwerkskunst und Mode auf jedem Schritt. Perfekt f\u00fcr einen einzigartigen Stil.\" \/>\n<meta name=\"robots\" content=\"index, follow, max-snippet:-1, max-image-preview:large, max-video-preview:-1\" \/>\n<link rel=\"canonical\" href=\"https:\/\/tonymora.com\/de\/produkt\/4083-daslu-lini-geteiltes-wildleder-brash-antik\/\" \/>\n<meta property=\"og:locale\" content=\"de_DE\" \/>\n<meta property=\"og:type\" content=\"article\" \/>\n<meta property=\"og:title\" content=\"Vintage-Cowboystiefel aus rosa Wildleder | Tony Mora im Cowboy-Stil\" \/>\n<meta property=\"og:description\" content=\"Wildlederstiefel in Altrosa, feminines Cowboy-Design und traditionelle Stickerei. Handwerkskunst und Mode auf jedem Schritt. Perfekt f\u00fcr einen einzigartigen Stil.\" \/>\n<meta property=\"og:url\" content=\"https:\/\/tonymora.com\/de\/produkt\/4083-daslu-lini-geteiltes-wildleder-brash-antik\/\" \/>\n<meta property=\"og:site_name\" content=\"Tony Mora\u00ae Boots Official Store\" \/>\n<meta property=\"article:publisher\" content=\"https:\/\/www.facebook.com\/Tonymoraofficial\/\" \/>\n<meta property=\"article:modified_time\" content=\"2025-11-20T12:55:03+00:00\" \/>\n<meta property=\"og:image\" content=\"https:\/\/tonymora.com\/wp-content\/uploads\/2025\/05\/4-2-671x800.png\" \/>\n\t<meta property=\"og:image:width\" content=\"671\" \/>\n\t<meta property=\"og:image:height\" content=\"800\" \/>\n\t<meta property=\"og:image:type\" content=\"image\/png\" \/>\n<meta name=\"twitter:card\" content=\"summary_large_image\" \/>\n<meta name=\"twitter:label1\" content=\"Gesch\u00e4tzte Lesezeit\" \/>\n\t<meta name=\"twitter:data1\" content=\"1\u00a0Minute\" \/>\n<script type=\"application\/ld+json\" class=\"yoast-schema-graph\">{\"@context\":\"https:\\\/\\\/schema.org\",\"@graph\":[{\"@type\":\"WebPage\",\"@id\":\"https:\\\/\\\/tonymora.com\\\/de\\\/produkt\\\/4083-daslu-lini-geteiltes-wildleder-brash-antik\\\/\",\"url\":\"https:\\\/\\\/tonymora.com\\\/de\\\/produkt\\\/4083-daslu-lini-geteiltes-wildleder-brash-antik\\\/\",\"name\":\"Vintage-Cowboystiefel aus rosa Wildleder | Tony Mora im Cowboy-Stil\",\"isPartOf\":{\"@id\":\"https:\\\/\\\/tonymora.com\\\/de\\\/#website\"},\"primaryImageOfPage\":{\"@id\":\"https:\\\/\\\/tonymora.com\\\/de\\\/produkt\\\/4083-daslu-lini-geteiltes-wildleder-brash-antik\\\/#primaryimage\"},\"image\":{\"@id\":\"https:\\\/\\\/tonymora.com\\\/de\\\/produkt\\\/4083-daslu-lini-geteiltes-wildleder-brash-antik\\\/#primaryimage\"},\"thumbnailUrl\":\"https:\\\/\\\/tonymora.com\\\/wp-content\\\/uploads\\\/2025\\\/05\\\/4-2.png\",\"datePublished\":\"2025-05-20T16:05:32+00:00\",\"dateModified\":\"2025-11-20T12:55:03+00:00\",\"description\":\"Wildlederstiefel in Altrosa, feminines Cowboy-Design und traditionelle Stickerei. Handwerkskunst und Mode auf jedem Schritt. Perfekt f\u00fcr einen einzigartigen Stil.\",\"breadcrumb\":{\"@id\":\"https:\\\/\\\/tonymora.com\\\/de\\\/produkt\\\/4083-daslu-lini-geteiltes-wildleder-brash-antik\\\/#breadcrumb\"},\"inLanguage\":\"de\",\"potentialAction\":[{\"@type\":\"ReadAction\",\"target\":[\"https:\\\/\\\/tonymora.com\\\/de\\\/produkt\\\/4083-daslu-lini-geteiltes-wildleder-brash-antik\\\/\"]}]},{\"@type\":\"ImageObject\",\"inLanguage\":\"de\",\"@id\":\"https:\\\/\\\/tonymora.com\\\/de\\\/produkt\\\/4083-daslu-lini-geteiltes-wildleder-brash-antik\\\/#primaryimage\",\"url\":\"https:\\\/\\\/tonymora.com\\\/wp-content\\\/uploads\\\/2025\\\/05\\\/4-2.png\",\"contentUrl\":\"https:\\\/\\\/tonymora.com\\\/wp-content\\\/uploads\\\/2025\\\/05\\\/4-2.png\",\"width\":1949,\"height\":2322},{\"@type\":\"BreadcrumbList\",\"@id\":\"https:\\\/\\\/tonymora.com\\\/de\\\/produkt\\\/4083-daslu-lini-geteiltes-wildleder-brash-antik\\\/#breadcrumb\",\"itemListElement\":[{\"@type\":\"ListItem\",\"position\":1,\"name\":\"Portada\",\"item\":\"https:\\\/\\\/tonymora.com\\\/de\\\/\"},{\"@type\":\"ListItem\",\"position\":2,\"name\":\"Shop\",\"item\":\"https:\\\/\\\/tonymora.com\\\/de\\\/shop\\\/\"},{\"@type\":\"ListItem\",\"position\":3,\"name\":\"Damen\",\"item\":\"https:\\\/\\\/tonymora.com\\\/de\\\/produkt-kategorie\\\/damen\\\/\"},{\"@type\":\"ListItem\",\"position\":4,\"name\":\"4083 DASLU LINI GETEILTES WILDLEDER BRASH ANTIK\"}]},{\"@type\":\"WebSite\",\"@id\":\"https:\\\/\\\/tonymora.com\\\/de\\\/#website\",\"url\":\"https:\\\/\\\/tonymora.com\\\/de\\\/\",\"name\":\"Tony Mora\u00ae Boots Official Store\",\"description\":\"Cowboy Boots\",\"publisher\":{\"@id\":\"https:\\\/\\\/tonymora.com\\\/de\\\/#organization\"},\"potentialAction\":[{\"@type\":\"SearchAction\",\"target\":{\"@type\":\"EntryPoint\",\"urlTemplate\":\"https:\\\/\\\/tonymora.com\\\/de\\\/?s={search_term_string}\"},\"query-input\":{\"@type\":\"PropertyValueSpecification\",\"valueRequired\":true,\"valueName\":\"search_term_string\"}}],\"inLanguage\":\"de\"},{\"@type\":\"Organization\",\"@id\":\"https:\\\/\\\/tonymora.com\\\/de\\\/#organization\",\"name\":\"Tony Mora Boots\",\"url\":\"https:\\\/\\\/tonymora.com\\\/de\\\/\",\"logo\":{\"@type\":\"ImageObject\",\"inLanguage\":\"de\",\"@id\":\"https:\\\/\\\/tonymora.com\\\/de\\\/#\\\/schema\\\/logo\\\/image\\\/\",\"url\":\"https:\\\/\\\/tonymora.com\\\/wp-content\\\/uploads\\\/2023\\\/12\\\/LOGO.jpg\",\"contentUrl\":\"https:\\\/\\\/tonymora.com\\\/wp-content\\\/uploads\\\/2023\\\/12\\\/LOGO.jpg\",\"width\":2272,\"height\":1411,\"caption\":\"Tony Mora Boots\"},\"image\":{\"@id\":\"https:\\\/\\\/tonymora.com\\\/de\\\/#\\\/schema\\\/logo\\\/image\\\/\"},\"sameAs\":[\"https:\\\/\\\/www.facebook.com\\\/Tonymoraofficial\\\/\",\"https:\\\/\\\/www.instagram.com\\\/tonymoraofficial\\\/?hl=es\"]}]}<\/script>\n<!-- \/ Yoast SEO plugin. -->","yoast_head_json":{"title":"Vintage-Cowboystiefel aus rosa Wildleder | Tony Mora im Cowboy-Stil","description":"Wildlederstiefel in Altrosa, feminines Cowboy-Design und traditionelle Stickerei. Handwerkskunst und Mode auf jedem Schritt. Perfekt f\u00fcr einen einzigartigen Stil.","robots":{"index":"index","follow":"follow","max-snippet":"max-snippet:-1","max-image-preview":"max-image-preview:large","max-video-preview":"max-video-preview:-1"},"canonical":"https:\/\/tonymora.com\/de\/produkt\/4083-daslu-lini-geteiltes-wildleder-brash-antik\/","og_locale":"de_DE","og_type":"article","og_title":"Vintage-Cowboystiefel aus rosa Wildleder | Tony Mora im Cowboy-Stil","og_description":"Wildlederstiefel in Altrosa, feminines Cowboy-Design und traditionelle Stickerei. Handwerkskunst und Mode auf jedem Schritt. Perfekt f\u00fcr einen einzigartigen Stil.","og_url":"https:\/\/tonymora.com\/de\/produkt\/4083-daslu-lini-geteiltes-wildleder-brash-antik\/","og_site_name":"Tony Mora\u00ae Boots Official Store","article_publisher":"https:\/\/www.facebook.com\/Tonymoraofficial\/","article_modified_time":"2025-11-20T12:55:03+00:00","og_image":[{"width":671,"height":800,"url":"https:\/\/tonymora.com\/wp-content\/uploads\/2025\/05\/4-2-671x800.png","type":"image\/png"}],"twitter_card":"summary_large_image","twitter_misc":{"Gesch\u00e4tzte Lesezeit":"1\u00a0Minute"},"schema":{"@context":"https:\/\/schema.org","@graph":[{"@type":"WebPage","@id":"https:\/\/tonymora.com\/de\/produkt\/4083-daslu-lini-geteiltes-wildleder-brash-antik\/","url":"https:\/\/tonymora.com\/de\/produkt\/4083-daslu-lini-geteiltes-wildleder-brash-antik\/","name":"Vintage-Cowboystiefel aus rosa Wildleder | Tony Mora im Cowboy-Stil","isPartOf":{"@id":"https:\/\/tonymora.com\/de\/#website"},"primaryImageOfPage":{"@id":"https:\/\/tonymora.com\/de\/produkt\/4083-daslu-lini-geteiltes-wildleder-brash-antik\/#primaryimage"},"image":{"@id":"https:\/\/tonymora.com\/de\/produkt\/4083-daslu-lini-geteiltes-wildleder-brash-antik\/#primaryimage"},"thumbnailUrl":"https:\/\/tonymora.com\/wp-content\/uploads\/2025\/05\/4-2.png","datePublished":"2025-05-20T16:05:32+00:00","dateModified":"2025-11-20T12:55:03+00:00","description":"Wildlederstiefel in Altrosa, feminines Cowboy-Design und traditionelle Stickerei. Handwerkskunst und Mode auf jedem Schritt. Perfekt f\u00fcr einen einzigartigen Stil.","breadcrumb":{"@id":"https:\/\/tonymora.com\/de\/produkt\/4083-daslu-lini-geteiltes-wildleder-brash-antik\/#breadcrumb"},"inLanguage":"de","potentialAction":[{"@type":"ReadAction","target":["https:\/\/tonymora.com\/de\/produkt\/4083-daslu-lini-geteiltes-wildleder-brash-antik\/"]}]},{"@type":"ImageObject","inLanguage":"de","@id":"https:\/\/tonymora.com\/de\/produkt\/4083-daslu-lini-geteiltes-wildleder-brash-antik\/#primaryimage","url":"https:\/\/tonymora.com\/wp-content\/uploads\/2025\/05\/4-2.png","contentUrl":"https:\/\/tonymora.com\/wp-content\/uploads\/2025\/05\/4-2.png","width":1949,"height":2322},{"@type":"BreadcrumbList","@id":"https:\/\/tonymora.com\/de\/produkt\/4083-daslu-lini-geteiltes-wildleder-brash-antik\/#breadcrumb","itemListElement":[{"@type":"ListItem","position":1,"name":"Portada","item":"https:\/\/tonymora.com\/de\/"},{"@type":"ListItem","position":2,"name":"Shop","item":"https:\/\/tonymora.com\/de\/shop\/"},{"@type":"ListItem","position":3,"name":"Damen","item":"https:\/\/tonymora.com\/de\/produkt-kategorie\/damen\/"},{"@type":"ListItem","position":4,"name":"4083 DASLU LINI GETEILTES WILDLEDER BRASH ANTIK"}]},{"@type":"WebSite","@id":"https:\/\/tonymora.com\/de\/#website","url":"https:\/\/tonymora.com\/de\/","name":"Tony Mora\u00ae Boots Official Store","description":"Cowboy Boots","publisher":{"@id":"https:\/\/tonymora.com\/de\/#organization"},"potentialAction":[{"@type":"SearchAction","target":{"@type":"EntryPoint","urlTemplate":"https:\/\/tonymora.com\/de\/?s={search_term_string}"},"query-input":{"@type":"PropertyValueSpecification","valueRequired":true,"valueName":"search_term_string"}}],"inLanguage":"de"},{"@type":"Organization","@id":"https:\/\/tonymora.com\/de\/#organization","name":"Tony Mora Boots","url":"https:\/\/tonymora.com\/de\/","logo":{"@type":"ImageObject","inLanguage":"de","@id":"https:\/\/tonymora.com\/de\/#\/schema\/logo\/image\/","url":"https:\/\/tonymora.com\/wp-content\/uploads\/2023\/12\/LOGO.jpg","contentUrl":"https:\/\/tonymora.com\/wp-content\/uploads\/2023\/12\/LOGO.jpg","width":2272,"height":1411,"caption":"Tony Mora Boots"},"image":{"@id":"https:\/\/tonymora.com\/de\/#\/schema\/logo\/image\/"},"sameAs":["https:\/\/www.facebook.com\/Tonymoraofficial\/","https:\/\/www.instagram.com\/tonymoraofficial\/?hl=es"]}]}},"_links":{"self":[{"href":"https:\/\/tonymora.com\/de\/wp-json\/wp\/v2\/product\/719433","targetHints":{"allow":["GET"]}}],"collection":[{"href":"https:\/\/tonymora.com\/de\/wp-json\/wp\/v2\/product"}],"about":[{"href":"https:\/\/tonymora.com\/de\/wp-json\/wp\/v2\/types\/product"}],"wp:featuredmedia":[{"embeddable":true,"href":"https:\/\/tonymora.com\/de\/wp-json\/wp\/v2\/media\/719379"}],"wp:attachment":[{"href":"https:\/\/tonymora.com\/de\/wp-json\/wp\/v2\/media?parent=719433"}],"wp:term":[{"taxonomy":"product_brand","embeddable":true,"href":"https:\/\/tonymora.com\/de\/wp-json\/wp\/v2\/product_brand?post=719433"},{"taxonomy":"product_cat","embeddable":true,"href":"https:\/\/tonymora.com\/de\/wp-json\/wp\/v2\/product_cat?post=719433"},{"taxonomy":"product_tag","embeddable":true,"href":"https:\/\/tonymora.com\/de\/wp-json\/wp\/v2\/product_tag?post=719433"}],"curies":[{"name":"wp","href":"https:\/\/api.w.org\/{rel}","templated":true}]}}