{"id":719822,"date":"2025-06-18T10:30:21","date_gmt":"2025-06-18T08:30:21","guid":{"rendered":"https:\/\/tonymora.com\/?post_type=product&#038;p=719822"},"modified":"2025-10-30T10:08:39","modified_gmt":"2025-10-30T09:08:39","slug":"2107-daslu-daslu-daslu-python-schwarz-bc-matt","status":"publish","type":"product","link":"https:\/\/tonymora.com\/de\/produkt\/2107-daslu-daslu-daslu-python-schwarz-bc-matt\/","title":{"rendered":"2107 DASLU DASLU DASLU PYTHON SCHWARZ BC MATT"},"content":{"rendered":"<p data-start=\"1612\" data-end=\"1680\"><strong data-start=\"1612\" data-end=\"1680\">Hoher Stiefel aus echtem mattschwarzem Pythonleder \u2013 Absatz 6 cm<\/strong><\/p>\n<p data-start=\"1682\" data-end=\"1920\">Dieser elegante Stiefel mit hoher Schafth\u00f6he wird aus <strong data-start=\"1736\" data-end=\"1769\">echtem exotischen Pythonleder<\/strong> gefertigt und besticht durch sein mattes Finish in tiefem Schwarz. Die nat\u00fcrliche Schuppenstruktur verleiht jedem Paar eine exklusive, stilvolle Note.<\/p>\n<p data-start=\"1922\" data-end=\"2087\">Mit <strong data-start=\"1926\" data-end=\"1959\">schlanker, spitzer Silhouette<\/strong>, <strong data-start=\"1961\" data-end=\"1982\">6 cm hohem Absatz<\/strong> und einem <strong data-start=\"1993\" data-end=\"2027\">seitlichen Innenrei\u00dfverschluss<\/strong> bietet dieses Modell eleganten Stil mit hohem Tragekomfort.<\/p>\n<p data-start=\"2089\" data-end=\"2237\">Handgefertigt auf Mallorca nach dem traditionellen Verfahren <strong data-start=\"2150\" data-end=\"2169\">Goodyear Welted<\/strong> \u2013 f\u00fcr maximale Langlebigkeit, Pr\u00e4zision und handwerkliche Qualit\u00e4t.<\/p>\n<p data-start=\"2239\" data-end=\"2305\"><strong data-start=\"2239\" data-end=\"2305\">Ein Stiefel mit starker Ausstrahlung und zeitloser Raffinesse.<\/strong><\/p>\n","protected":false},"excerpt":{"rendered":"<p>Ein Design, das vom ersten Moment an Charakter ausstrahlt.<br \/>\nIdeal, um Sie Tag und Nacht mit derselben Souver\u00e4nit\u00e4t zu begleiten.<\/p>\n","protected":false},"featured_media":719785,"template":"","meta":{"_mbp_gutenberg_autopost":false},"product_brand":[],"product_cat":[1174,167,224,1139,1135],"product_tag":[],"class_list":{"0":"post-719822","1":"product","2":"type-product","3":"status-publish","4":"has-post-thumbnail","6":"product_cat-black-friday-de","7":"product_cat-damen","8":"product_cat-luxusstiefel-damen","9":"product_cat-python-stiefel-damen","10":"product_cat-rabatte-damenstiefel","12":"first","13":"instock","14":"taxable","15":"shipping-taxable","16":"purchasable","17":"product-type-variable"},"supplier_id":null,"supplier_sku":"","barcode":null,"atum_controlled":true,"out_stock_date":null,"out_stock_threshold":null,"inheritable":true,"inbound_stock":0,"stock_on_hold":4,"sold_today":2,"sales_last_days":2,"reserved_stock":0,"customer_returns":0,"warehouse_damage":0,"lost_in_post":0,"other_logs":0,"out_stock_days":null,"lost_sales":0,"has_location":false,"update_date":"2026-04-01T11:54:03","atum_locations":[],"atum_stock_status":"instock","restock_status":false,"low_stock_amount":"","sales_update_date":"2026-03-20T12:50:42","calc_backorders":null,"yoast_head":"<!-- This site is optimized with the Yoast SEO plugin v27.4 - https:\/\/yoast.com\/product\/yoast-seo-wordpress\/ -->\n<title>2107 DASLU DASLU DASLU PYTHON SCHWARZ BC MATT - Tony Mora\u00ae Boots Official Store<\/title>\n<meta name=\"description\" content=\"Stiefel, die die perfekte Kombination zwischen elegant und sexy sind. Ihre hohen Sch\u00e4fte kleiden und stilisieren die Form der Beine\" \/>\n<meta name=\"robots\" content=\"index, follow, max-snippet:-1, max-image-preview:large, max-video-preview:-1\" \/>\n<link rel=\"canonical\" href=\"https:\/\/tonymora.com\/de\/produkt\/2107-daslu-daslu-daslu-python-schwarz-bc-matt\/\" \/>\n<meta property=\"og:locale\" content=\"de_DE\" \/>\n<meta property=\"og:type\" content=\"article\" \/>\n<meta property=\"og:title\" content=\"2107 DASLU DASLU DASLU PYTHON SCHWARZ BC MATT - Tony Mora\u00ae Boots Official Store\" \/>\n<meta property=\"og:description\" content=\"Stiefel, die die perfekte Kombination zwischen elegant und sexy sind. Ihre hohen Sch\u00e4fte kleiden und stilisieren die Form der Beine\" \/>\n<meta property=\"og:url\" content=\"https:\/\/tonymora.com\/de\/produkt\/2107-daslu-daslu-daslu-python-schwarz-bc-matt\/\" \/>\n<meta property=\"og:site_name\" content=\"Tony Mora\u00ae Boots Official Store\" \/>\n<meta property=\"article:publisher\" content=\"https:\/\/www.facebook.com\/Tonymoraofficial\/\" \/>\n<meta property=\"article:modified_time\" content=\"2025-10-30T09:08:39+00:00\" \/>\n<meta property=\"og:image\" content=\"https:\/\/tonymora.com\/wp-content\/uploads\/2025\/06\/123-671x800.png\" \/>\n\t<meta property=\"og:image:width\" content=\"671\" \/>\n\t<meta property=\"og:image:height\" content=\"800\" \/>\n\t<meta property=\"og:image:type\" content=\"image\/png\" \/>\n<meta name=\"twitter:card\" content=\"summary_large_image\" \/>\n<meta name=\"twitter:label1\" content=\"Gesch\u00e4tzte Lesezeit\" \/>\n\t<meta name=\"twitter:data1\" content=\"1\u00a0Minute\" \/>\n<script type=\"application\/ld+json\" class=\"yoast-schema-graph\">{\"@context\":\"https:\\\/\\\/schema.org\",\"@graph\":[{\"@type\":\"WebPage\",\"@id\":\"https:\\\/\\\/tonymora.com\\\/de\\\/produkt\\\/2107-daslu-daslu-daslu-python-schwarz-bc-matt\\\/\",\"url\":\"https:\\\/\\\/tonymora.com\\\/de\\\/produkt\\\/2107-daslu-daslu-daslu-python-schwarz-bc-matt\\\/\",\"name\":\"2107 DASLU DASLU DASLU PYTHON SCHWARZ BC MATT - Tony Mora\u00ae Boots Official Store\",\"isPartOf\":{\"@id\":\"https:\\\/\\\/tonymora.com\\\/de\\\/#website\"},\"primaryImageOfPage\":{\"@id\":\"https:\\\/\\\/tonymora.com\\\/de\\\/produkt\\\/2107-daslu-daslu-daslu-python-schwarz-bc-matt\\\/#primaryimage\"},\"image\":{\"@id\":\"https:\\\/\\\/tonymora.com\\\/de\\\/produkt\\\/2107-daslu-daslu-daslu-python-schwarz-bc-matt\\\/#primaryimage\"},\"thumbnailUrl\":\"https:\\\/\\\/tonymora.com\\\/wp-content\\\/uploads\\\/2025\\\/06\\\/123.png\",\"datePublished\":\"2025-06-18T08:30:21+00:00\",\"dateModified\":\"2025-10-30T09:08:39+00:00\",\"description\":\"Stiefel, die die perfekte Kombination zwischen elegant und sexy sind. Ihre hohen Sch\u00e4fte kleiden und stilisieren die Form der Beine\",\"breadcrumb\":{\"@id\":\"https:\\\/\\\/tonymora.com\\\/de\\\/produkt\\\/2107-daslu-daslu-daslu-python-schwarz-bc-matt\\\/#breadcrumb\"},\"inLanguage\":\"de\",\"potentialAction\":[{\"@type\":\"ReadAction\",\"target\":[\"https:\\\/\\\/tonymora.com\\\/de\\\/produkt\\\/2107-daslu-daslu-daslu-python-schwarz-bc-matt\\\/\"]}]},{\"@type\":\"ImageObject\",\"inLanguage\":\"de\",\"@id\":\"https:\\\/\\\/tonymora.com\\\/de\\\/produkt\\\/2107-daslu-daslu-daslu-python-schwarz-bc-matt\\\/#primaryimage\",\"url\":\"https:\\\/\\\/tonymora.com\\\/wp-content\\\/uploads\\\/2025\\\/06\\\/123.png\",\"contentUrl\":\"https:\\\/\\\/tonymora.com\\\/wp-content\\\/uploads\\\/2025\\\/06\\\/123.png\",\"width\":2057,\"height\":2451},{\"@type\":\"BreadcrumbList\",\"@id\":\"https:\\\/\\\/tonymora.com\\\/de\\\/produkt\\\/2107-daslu-daslu-daslu-python-schwarz-bc-matt\\\/#breadcrumb\",\"itemListElement\":[{\"@type\":\"ListItem\",\"position\":1,\"name\":\"Portada\",\"item\":\"https:\\\/\\\/tonymora.com\\\/de\\\/\"},{\"@type\":\"ListItem\",\"position\":2,\"name\":\"Shop\",\"item\":\"https:\\\/\\\/tonymora.com\\\/de\\\/shop\\\/\"},{\"@type\":\"ListItem\",\"position\":3,\"name\":\"Black Friday\",\"item\":\"https:\\\/\\\/tonymora.com\\\/de\\\/produkt-kategorie\\\/black-friday-de\\\/\"},{\"@type\":\"ListItem\",\"position\":4,\"name\":\"2107 DASLU DASLU DASLU PYTHON SCHWARZ BC MATT\"}]},{\"@type\":\"WebSite\",\"@id\":\"https:\\\/\\\/tonymora.com\\\/de\\\/#website\",\"url\":\"https:\\\/\\\/tonymora.com\\\/de\\\/\",\"name\":\"Tony Mora\u00ae Boots Official Store\",\"description\":\"Cowboy Boots\",\"publisher\":{\"@id\":\"https:\\\/\\\/tonymora.com\\\/de\\\/#organization\"},\"potentialAction\":[{\"@type\":\"SearchAction\",\"target\":{\"@type\":\"EntryPoint\",\"urlTemplate\":\"https:\\\/\\\/tonymora.com\\\/de\\\/?s={search_term_string}\"},\"query-input\":{\"@type\":\"PropertyValueSpecification\",\"valueRequired\":true,\"valueName\":\"search_term_string\"}}],\"inLanguage\":\"de\"},{\"@type\":\"Organization\",\"@id\":\"https:\\\/\\\/tonymora.com\\\/de\\\/#organization\",\"name\":\"Tony Mora Boots\",\"url\":\"https:\\\/\\\/tonymora.com\\\/de\\\/\",\"logo\":{\"@type\":\"ImageObject\",\"inLanguage\":\"de\",\"@id\":\"https:\\\/\\\/tonymora.com\\\/de\\\/#\\\/schema\\\/logo\\\/image\\\/\",\"url\":\"https:\\\/\\\/tonymora.com\\\/wp-content\\\/uploads\\\/2023\\\/12\\\/LOGO.jpg\",\"contentUrl\":\"https:\\\/\\\/tonymora.com\\\/wp-content\\\/uploads\\\/2023\\\/12\\\/LOGO.jpg\",\"width\":2272,\"height\":1411,\"caption\":\"Tony Mora Boots\"},\"image\":{\"@id\":\"https:\\\/\\\/tonymora.com\\\/de\\\/#\\\/schema\\\/logo\\\/image\\\/\"},\"sameAs\":[\"https:\\\/\\\/www.facebook.com\\\/Tonymoraofficial\\\/\",\"https:\\\/\\\/www.instagram.com\\\/tonymoraofficial\\\/?hl=es\"]}]}<\/script>\n<!-- \/ Yoast SEO plugin. -->","yoast_head_json":{"title":"2107 DASLU DASLU DASLU PYTHON SCHWARZ BC MATT - Tony Mora\u00ae Boots Official Store","description":"Stiefel, die die perfekte Kombination zwischen elegant und sexy sind. Ihre hohen Sch\u00e4fte kleiden und stilisieren die Form der Beine","robots":{"index":"index","follow":"follow","max-snippet":"max-snippet:-1","max-image-preview":"max-image-preview:large","max-video-preview":"max-video-preview:-1"},"canonical":"https:\/\/tonymora.com\/de\/produkt\/2107-daslu-daslu-daslu-python-schwarz-bc-matt\/","og_locale":"de_DE","og_type":"article","og_title":"2107 DASLU DASLU DASLU PYTHON SCHWARZ BC MATT - Tony Mora\u00ae Boots Official Store","og_description":"Stiefel, die die perfekte Kombination zwischen elegant und sexy sind. Ihre hohen Sch\u00e4fte kleiden und stilisieren die Form der Beine","og_url":"https:\/\/tonymora.com\/de\/produkt\/2107-daslu-daslu-daslu-python-schwarz-bc-matt\/","og_site_name":"Tony Mora\u00ae Boots Official Store","article_publisher":"https:\/\/www.facebook.com\/Tonymoraofficial\/","article_modified_time":"2025-10-30T09:08:39+00:00","og_image":[{"width":671,"height":800,"url":"https:\/\/tonymora.com\/wp-content\/uploads\/2025\/06\/123-671x800.png","type":"image\/png"}],"twitter_card":"summary_large_image","twitter_misc":{"Gesch\u00e4tzte Lesezeit":"1\u00a0Minute"},"schema":{"@context":"https:\/\/schema.org","@graph":[{"@type":"WebPage","@id":"https:\/\/tonymora.com\/de\/produkt\/2107-daslu-daslu-daslu-python-schwarz-bc-matt\/","url":"https:\/\/tonymora.com\/de\/produkt\/2107-daslu-daslu-daslu-python-schwarz-bc-matt\/","name":"2107 DASLU DASLU DASLU PYTHON SCHWARZ BC MATT - Tony Mora\u00ae Boots Official Store","isPartOf":{"@id":"https:\/\/tonymora.com\/de\/#website"},"primaryImageOfPage":{"@id":"https:\/\/tonymora.com\/de\/produkt\/2107-daslu-daslu-daslu-python-schwarz-bc-matt\/#primaryimage"},"image":{"@id":"https:\/\/tonymora.com\/de\/produkt\/2107-daslu-daslu-daslu-python-schwarz-bc-matt\/#primaryimage"},"thumbnailUrl":"https:\/\/tonymora.com\/wp-content\/uploads\/2025\/06\/123.png","datePublished":"2025-06-18T08:30:21+00:00","dateModified":"2025-10-30T09:08:39+00:00","description":"Stiefel, die die perfekte Kombination zwischen elegant und sexy sind. Ihre hohen Sch\u00e4fte kleiden und stilisieren die Form der Beine","breadcrumb":{"@id":"https:\/\/tonymora.com\/de\/produkt\/2107-daslu-daslu-daslu-python-schwarz-bc-matt\/#breadcrumb"},"inLanguage":"de","potentialAction":[{"@type":"ReadAction","target":["https:\/\/tonymora.com\/de\/produkt\/2107-daslu-daslu-daslu-python-schwarz-bc-matt\/"]}]},{"@type":"ImageObject","inLanguage":"de","@id":"https:\/\/tonymora.com\/de\/produkt\/2107-daslu-daslu-daslu-python-schwarz-bc-matt\/#primaryimage","url":"https:\/\/tonymora.com\/wp-content\/uploads\/2025\/06\/123.png","contentUrl":"https:\/\/tonymora.com\/wp-content\/uploads\/2025\/06\/123.png","width":2057,"height":2451},{"@type":"BreadcrumbList","@id":"https:\/\/tonymora.com\/de\/produkt\/2107-daslu-daslu-daslu-python-schwarz-bc-matt\/#breadcrumb","itemListElement":[{"@type":"ListItem","position":1,"name":"Portada","item":"https:\/\/tonymora.com\/de\/"},{"@type":"ListItem","position":2,"name":"Shop","item":"https:\/\/tonymora.com\/de\/shop\/"},{"@type":"ListItem","position":3,"name":"Black Friday","item":"https:\/\/tonymora.com\/de\/produkt-kategorie\/black-friday-de\/"},{"@type":"ListItem","position":4,"name":"2107 DASLU DASLU DASLU PYTHON SCHWARZ BC MATT"}]},{"@type":"WebSite","@id":"https:\/\/tonymora.com\/de\/#website","url":"https:\/\/tonymora.com\/de\/","name":"Tony Mora\u00ae Boots Official Store","description":"Cowboy Boots","publisher":{"@id":"https:\/\/tonymora.com\/de\/#organization"},"potentialAction":[{"@type":"SearchAction","target":{"@type":"EntryPoint","urlTemplate":"https:\/\/tonymora.com\/de\/?s={search_term_string}"},"query-input":{"@type":"PropertyValueSpecification","valueRequired":true,"valueName":"search_term_string"}}],"inLanguage":"de"},{"@type":"Organization","@id":"https:\/\/tonymora.com\/de\/#organization","name":"Tony Mora Boots","url":"https:\/\/tonymora.com\/de\/","logo":{"@type":"ImageObject","inLanguage":"de","@id":"https:\/\/tonymora.com\/de\/#\/schema\/logo\/image\/","url":"https:\/\/tonymora.com\/wp-content\/uploads\/2023\/12\/LOGO.jpg","contentUrl":"https:\/\/tonymora.com\/wp-content\/uploads\/2023\/12\/LOGO.jpg","width":2272,"height":1411,"caption":"Tony Mora Boots"},"image":{"@id":"https:\/\/tonymora.com\/de\/#\/schema\/logo\/image\/"},"sameAs":["https:\/\/www.facebook.com\/Tonymoraofficial\/","https:\/\/www.instagram.com\/tonymoraofficial\/?hl=es"]}]}},"_links":{"self":[{"href":"https:\/\/tonymora.com\/de\/wp-json\/wp\/v2\/product\/719822","targetHints":{"allow":["GET"]}}],"collection":[{"href":"https:\/\/tonymora.com\/de\/wp-json\/wp\/v2\/product"}],"about":[{"href":"https:\/\/tonymora.com\/de\/wp-json\/wp\/v2\/types\/product"}],"wp:featuredmedia":[{"embeddable":true,"href":"https:\/\/tonymora.com\/de\/wp-json\/wp\/v2\/media\/719785"}],"wp:attachment":[{"href":"https:\/\/tonymora.com\/de\/wp-json\/wp\/v2\/media?parent=719822"}],"wp:term":[{"taxonomy":"product_brand","embeddable":true,"href":"https:\/\/tonymora.com\/de\/wp-json\/wp\/v2\/product_brand?post=719822"},{"taxonomy":"product_cat","embeddable":true,"href":"https:\/\/tonymora.com\/de\/wp-json\/wp\/v2\/product_cat?post=719822"},{"taxonomy":"product_tag","embeddable":true,"href":"https:\/\/tonymora.com\/de\/wp-json\/wp\/v2\/product_tag?post=719822"}],"curies":[{"name":"wp","href":"https:\/\/api.w.org\/{rel}","templated":true}]}}