{"id":719854,"date":"2025-06-18T12:33:04","date_gmt":"2025-06-18T10:33:04","guid":{"rendered":"https:\/\/tonymora.com\/?post_type=product&#038;p=719854"},"modified":"2026-03-07T15:57:25","modified_gmt":"2026-03-07T14:57:25","slug":"1161-tx-sv-crushed-palermo","status":"publish","type":"product","link":"https:\/\/tonymora.com\/de\/produkt\/1161-tx-sv-crushed-palermo\/","title":{"rendered":"1161 TX SV CRUSHED PALERMO"},"content":{"rendered":"<p data-start=\"1799\" data-end=\"2024\">Dieser Biker-Stiefel im Kurzschnitt \u00fcberzeugt durch sein robustes, funktionales Design und zeitlosen Stil. Gefertigt aus <strong data-start=\"1920\" data-end=\"1945\">Crushed Palermo Leder<\/strong>, mit markanter, matter Textur, die jedem Paar Ausdruck und Charakter verleiht.<\/p>\n<p data-start=\"2026\" data-end=\"2262\">Mit <strong data-start=\"2030\" data-end=\"2059\">seitlichen Gummieins\u00e4tzen<\/strong>, <strong data-start=\"2061\" data-end=\"2083\">Zugschlaufe hinten<\/strong> und einer <strong data-start=\"2094\" data-end=\"2130\">Lederlasche mit Metallbeschl\u00e4gen<\/strong> f\u00fcr einfaches Anziehen und einen markanten Look. Die <strong data-start=\"2184\" data-end=\"2215\">flache, quadratische Spitze<\/strong> sorgt f\u00fcr bequemen Halt und maskuline Pr\u00e4senz.<\/p>\n<p data-start=\"2264\" data-end=\"2386\">Handgefertigt auf Mallorca nach dem Verfahren <strong data-start=\"2310\" data-end=\"2329\">Goodyear Welted<\/strong> \u2013 f\u00fcr Langlebigkeit, Komfort und h\u00f6chste Handwerkskunst.<\/p>\n<p data-start=\"2388\" data-end=\"2453\"><strong data-start=\"2388\" data-end=\"2453\">Ein Stiefel mit Charakter \u2013 f\u00fcr jeden Tag und jeden Auftritt.<\/strong><\/p>\n","protected":false},"excerpt":{"rendered":"<p>Ein Stil, der ohne Worte von Identit\u00e4t erz\u00e4hlt. Authentische Inspiration und eine unverwechselbare Pers\u00f6nlichkeit.<br \/>\nAuthentizit\u00e4t mit Eleganz tragen.<\/p>\n","protected":false},"featured_media":719779,"template":"","meta":{"_mbp_gutenberg_autopost":false},"product_brand":[],"product_cat":[215,1174,216,214,221,1147,1126],"product_tag":[],"class_list":{"0":"post-719854","1":"product","2":"type-product","3":"status-publish","4":"has-post-thumbnail","6":"product_cat-bikerstiefel-herren","7":"product_cat-black-friday-de","8":"product_cat-casualstiefel-herren","9":"product_cat-herren","10":"product_cat-stiefeletten-herren","11":"product_cat-lederstiefel-herren","12":"product_cat-rabatte-herrenstiefel","14":"first","15":"instock","16":"taxable","17":"shipping-taxable","18":"purchasable","19":"product-type-variable"},"_links":{"self":[{"href":"https:\/\/tonymora.com\/de\/wp-json\/wp\/v2\/product\/719854","targetHints":{"allow":["GET"]}}],"collection":[{"href":"https:\/\/tonymora.com\/de\/wp-json\/wp\/v2\/product"}],"about":[{"href":"https:\/\/tonymora.com\/de\/wp-json\/wp\/v2\/types\/product"}],"wp:featuredmedia":[{"embeddable":true,"href":"https:\/\/tonymora.com\/de\/wp-json\/wp\/v2\/media\/719779"}],"wp:attachment":[{"href":"https:\/\/tonymora.com\/de\/wp-json\/wp\/v2\/media?parent=719854"}],"wp:term":[{"taxonomy":"product_brand","embeddable":true,"href":"https:\/\/tonymora.com\/de\/wp-json\/wp\/v2\/product_brand?post=719854"},{"taxonomy":"product_cat","embeddable":true,"href":"https:\/\/tonymora.com\/de\/wp-json\/wp\/v2\/product_cat?post=719854"},{"taxonomy":"product_tag","embeddable":true,"href":"https:\/\/tonymora.com\/de\/wp-json\/wp\/v2\/product_tag?post=719854"}],"curies":[{"name":"wp","href":"https:\/\/api.w.org\/{rel}","templated":true}]}}