{"id":720170,"date":"2025-06-27T08:34:55","date_gmt":"2025-06-27T06:34:55","guid":{"rendered":"https:\/\/tonymora.com\/?post_type=product&#038;p=720170"},"modified":"2025-09-18T10:03:29","modified_gmt":"2025-09-18T08:03:29","slug":"1766-j-lini-palermo-leder-2","status":"publish","type":"product","link":"https:\/\/tonymora.com\/de\/produkt\/1766-j-lini-palermo-leder-2\/","title":{"rendered":"1766 J LINI PALERMO LEDER"},"content":{"rendered":"<p>Entdecken Sie die Essenz der Handwerkskunst mit einem modernen Touch: unsere <strong>braune Lederstiefel<\/strong> <b>1766 J LINI PALERMO CUERO<\/b> von <b>Tony Mora<\/b>. Diese <b>hohen Damenstiefel<\/b> sind eine zeitlose Stilikone und perfekt f\u00fcr jeden Anlass.<\/p>\n<p>Hergestellt aus <b>Palermo-Leder<\/b>, einem au\u00dfergew\u00f6hnlich weichen und flexiblen Leder in einem warmen Braunton, passen sich diese Stiefel Ihrer Beinform mit v\u00f6lliger Nat\u00fcrlichkeit an. Ihr Design verf\u00fcgt \u00fcber eine <b>tiefe, symmetrische Stickerei<\/b>, die die Silhouette betont, w\u00e4hrend die runde Zehenform den Fu\u00df schlank macht.<\/p>\n<p>Jedes Paar <b>Tony Mora Stiefel<\/b> ist ein Kunstwerk, das mit akribischer Sorgfalt gefertigt wurde, um traditionelle Handwerkskunst mit einem modernen und funktionalen Design zu verbinden. Das Ergebnis ist ein Stiefel, der nicht nur unglaublich bequem, sondern auch langlebig und einzigartig im Charakter ist.<\/p>\n","protected":false},"excerpt":{"rendered":"<p>Charakter und Eleganz in perfekter Balance. Komfort und Stil in nat\u00fcrlicher Harmonie.<br \/>\nIdealer Begleiter f\u00fcr Tag und Nacht \u2013 mit derselben Souver\u00e4nit\u00e4t.<\/p>\n","protected":false},"featured_media":720121,"template":"","meta":{"_mbp_gutenberg_autopost":false},"product_brand":[],"product_cat":[1174,170,167,1141,1135],"product_tag":[],"class_list":{"0":"post-720170","1":"product","2":"type-product","3":"status-publish","4":"has-post-thumbnail","6":"product_cat-black-friday-de","7":"product_cat-cowboystiefel-damen","8":"product_cat-damen","9":"product_cat-lederstiefel-damen","10":"product_cat-rabatte-damenstiefel","12":"first","13":"instock","14":"featured","15":"taxable","16":"shipping-taxable","17":"purchasable","18":"product-type-variable"},"supplier_id":null,"supplier_sku":"","barcode":null,"atum_controlled":true,"out_stock_date":null,"out_stock_threshold":null,"inheritable":true,"inbound_stock":0,"stock_on_hold":3,"sold_today":1,"sales_last_days":1,"reserved_stock":0,"customer_returns":0,"warehouse_damage":0,"lost_in_post":0,"other_logs":0,"out_stock_days":null,"lost_sales":0,"has_location":false,"update_date":"2026-03-20T12:50:17","atum_locations":[],"atum_stock_status":"instock","restock_status":false,"low_stock_amount":"","sales_update_date":"2026-03-20T12:50:17","calc_backorders":null,"yoast_head":"<!-- This site is optimized with the Yoast SEO plugin v27.2 - https:\/\/yoast.com\/product\/yoast-seo-wordpress\/ -->\n<title>braune Lederstiefel Tony Mora | 1766 J LINI PALERMO CUERO<\/title>\n<meta name=\"description\" content=\"Hohe Damen-Lederstiefel von Tony Mora. Entdecken Sie das Modell 1766 J LINI PALERMO CUERO mit handgefertigten Stickereien. Qualit\u00e4t, Stil &amp; Komfort.\" \/>\n<meta name=\"robots\" content=\"index, follow, max-snippet:-1, max-image-preview:large, max-video-preview:-1\" \/>\n<link rel=\"canonical\" href=\"https:\/\/tonymora.com\/de\/produkt\/1766-j-lini-palermo-leder-2\/\" \/>\n<meta property=\"og:locale\" content=\"de_DE\" \/>\n<meta property=\"og:type\" content=\"article\" \/>\n<meta property=\"og:title\" content=\"braune Lederstiefel Tony Mora | 1766 J LINI PALERMO CUERO\" \/>\n<meta property=\"og:description\" content=\"Hohe Damen-Lederstiefel von Tony Mora. Entdecken Sie das Modell 1766 J LINI PALERMO CUERO mit handgefertigten Stickereien. Qualit\u00e4t, Stil &amp; Komfort.\" \/>\n<meta property=\"og:url\" content=\"https:\/\/tonymora.com\/de\/produkt\/1766-j-lini-palermo-leder-2\/\" \/>\n<meta property=\"og:site_name\" content=\"Tony Mora\u00ae Boots Official Store\" \/>\n<meta property=\"article:publisher\" content=\"https:\/\/www.facebook.com\/Tonymoraofficial\/\" \/>\n<meta property=\"article:modified_time\" content=\"2025-09-18T08:03:29+00:00\" \/>\n<meta property=\"og:image\" content=\"https:\/\/tonymora.com\/wp-content\/uploads\/2025\/06\/127.png\" \/>\n\t<meta property=\"og:image:width\" content=\"866\" \/>\n\t<meta property=\"og:image:height\" content=\"1032\" \/>\n\t<meta property=\"og:image:type\" content=\"image\/png\" \/>\n<meta name=\"twitter:card\" content=\"summary_large_image\" \/>\n<meta name=\"twitter:label1\" content=\"Gesch\u00e4tzte Lesezeit\" \/>\n\t<meta name=\"twitter:data1\" content=\"1\u00a0Minute\" \/>\n<script type=\"application\/ld+json\" class=\"yoast-schema-graph\">{\"@context\":\"https:\/\/schema.org\",\"@graph\":[{\"@type\":\"WebPage\",\"@id\":\"https:\/\/tonymora.com\/de\/produkt\/1766-j-lini-palermo-leder-2\/\",\"url\":\"https:\/\/tonymora.com\/de\/produkt\/1766-j-lini-palermo-leder-2\/\",\"name\":\"braune Lederstiefel Tony Mora | 1766 J LINI PALERMO CUERO\",\"isPartOf\":{\"@id\":\"https:\/\/tonymora.com\/de\/#website\"},\"primaryImageOfPage\":{\"@id\":\"https:\/\/tonymora.com\/de\/produkt\/1766-j-lini-palermo-leder-2\/#primaryimage\"},\"image\":{\"@id\":\"https:\/\/tonymora.com\/de\/produkt\/1766-j-lini-palermo-leder-2\/#primaryimage\"},\"thumbnailUrl\":\"https:\/\/tonymora.com\/wp-content\/uploads\/2025\/06\/127.png\",\"datePublished\":\"2025-06-27T06:34:55+00:00\",\"dateModified\":\"2025-09-18T08:03:29+00:00\",\"description\":\"Hohe Damen-Lederstiefel von Tony Mora. Entdecken Sie das Modell 1766 J LINI PALERMO CUERO mit handgefertigten Stickereien. Qualit\u00e4t, Stil & Komfort.\",\"breadcrumb\":{\"@id\":\"https:\/\/tonymora.com\/de\/produkt\/1766-j-lini-palermo-leder-2\/#breadcrumb\"},\"inLanguage\":\"de\",\"potentialAction\":[{\"@type\":\"ReadAction\",\"target\":[\"https:\/\/tonymora.com\/de\/produkt\/1766-j-lini-palermo-leder-2\/\"]}]},{\"@type\":\"ImageObject\",\"inLanguage\":\"de\",\"@id\":\"https:\/\/tonymora.com\/de\/produkt\/1766-j-lini-palermo-leder-2\/#primaryimage\",\"url\":\"https:\/\/tonymora.com\/wp-content\/uploads\/2025\/06\/127.png\",\"contentUrl\":\"https:\/\/tonymora.com\/wp-content\/uploads\/2025\/06\/127.png\",\"width\":866,\"height\":1032,\"caption\":\"Botas de Cuero Tony Mora - braune Lederstiefel\"},{\"@type\":\"BreadcrumbList\",\"@id\":\"https:\/\/tonymora.com\/de\/produkt\/1766-j-lini-palermo-leder-2\/#breadcrumb\",\"itemListElement\":[{\"@type\":\"ListItem\",\"position\":1,\"name\":\"Portada\",\"item\":\"https:\/\/tonymora.com\/de\/\"},{\"@type\":\"ListItem\",\"position\":2,\"name\":\"Shop\",\"item\":\"https:\/\/tonymora.com\/de\/shop\/\"},{\"@type\":\"ListItem\",\"position\":3,\"name\":\"Rabatte Damenstiefel\",\"item\":\"https:\/\/tonymora.com\/de\/produkt-kategorie\/rabatte-damenstiefel\/\"},{\"@type\":\"ListItem\",\"position\":4,\"name\":\"Lederstiefel Damen\",\"item\":\"https:\/\/tonymora.com\/de\/produkt-kategorie\/rabatte-damenstiefel\/lederstiefel-damen\/\"},{\"@type\":\"ListItem\",\"position\":5,\"name\":\"1766 J LINI PALERMO LEDER\"}]},{\"@type\":\"WebSite\",\"@id\":\"https:\/\/tonymora.com\/de\/#website\",\"url\":\"https:\/\/tonymora.com\/de\/\",\"name\":\"Tony Mora\u00ae Boots Official Store\",\"description\":\"Cowboy Boots\",\"publisher\":{\"@id\":\"https:\/\/tonymora.com\/de\/#organization\"},\"potentialAction\":[{\"@type\":\"SearchAction\",\"target\":{\"@type\":\"EntryPoint\",\"urlTemplate\":\"https:\/\/tonymora.com\/de\/?s={search_term_string}\"},\"query-input\":{\"@type\":\"PropertyValueSpecification\",\"valueRequired\":true,\"valueName\":\"search_term_string\"}}],\"inLanguage\":\"de\"},{\"@type\":\"Organization\",\"@id\":\"https:\/\/tonymora.com\/de\/#organization\",\"name\":\"Tony Mora Boots\",\"url\":\"https:\/\/tonymora.com\/de\/\",\"logo\":{\"@type\":\"ImageObject\",\"inLanguage\":\"de\",\"@id\":\"https:\/\/tonymora.com\/de\/#\/schema\/logo\/image\/\",\"url\":\"https:\/\/tonymora.com\/wp-content\/uploads\/2023\/12\/LOGO.jpg\",\"contentUrl\":\"https:\/\/tonymora.com\/wp-content\/uploads\/2023\/12\/LOGO.jpg\",\"width\":2272,\"height\":1411,\"caption\":\"Tony Mora Boots\"},\"image\":{\"@id\":\"https:\/\/tonymora.com\/de\/#\/schema\/logo\/image\/\"},\"sameAs\":[\"https:\/\/www.facebook.com\/Tonymoraofficial\/\",\"https:\/\/www.instagram.com\/tonymoraofficial\/?hl=es\"]}]}<\/script>\n<!-- \/ Yoast SEO plugin. -->","yoast_head_json":{"title":"braune Lederstiefel Tony Mora | 1766 J LINI PALERMO CUERO","description":"Hohe Damen-Lederstiefel von Tony Mora. Entdecken Sie das Modell 1766 J LINI PALERMO CUERO mit handgefertigten Stickereien. Qualit\u00e4t, Stil & Komfort.","robots":{"index":"index","follow":"follow","max-snippet":"max-snippet:-1","max-image-preview":"max-image-preview:large","max-video-preview":"max-video-preview:-1"},"canonical":"https:\/\/tonymora.com\/de\/produkt\/1766-j-lini-palermo-leder-2\/","og_locale":"de_DE","og_type":"article","og_title":"braune Lederstiefel Tony Mora | 1766 J LINI PALERMO CUERO","og_description":"Hohe Damen-Lederstiefel von Tony Mora. Entdecken Sie das Modell 1766 J LINI PALERMO CUERO mit handgefertigten Stickereien. Qualit\u00e4t, Stil & Komfort.","og_url":"https:\/\/tonymora.com\/de\/produkt\/1766-j-lini-palermo-leder-2\/","og_site_name":"Tony Mora\u00ae Boots Official Store","article_publisher":"https:\/\/www.facebook.com\/Tonymoraofficial\/","article_modified_time":"2025-09-18T08:03:29+00:00","og_image":[{"width":866,"height":1032,"url":"https:\/\/tonymora.com\/wp-content\/uploads\/2025\/06\/127.png","type":"image\/png"}],"twitter_card":"summary_large_image","twitter_misc":{"Gesch\u00e4tzte Lesezeit":"1\u00a0Minute"},"schema":{"@context":"https:\/\/schema.org","@graph":[{"@type":"WebPage","@id":"https:\/\/tonymora.com\/de\/produkt\/1766-j-lini-palermo-leder-2\/","url":"https:\/\/tonymora.com\/de\/produkt\/1766-j-lini-palermo-leder-2\/","name":"braune Lederstiefel Tony Mora | 1766 J LINI PALERMO CUERO","isPartOf":{"@id":"https:\/\/tonymora.com\/de\/#website"},"primaryImageOfPage":{"@id":"https:\/\/tonymora.com\/de\/produkt\/1766-j-lini-palermo-leder-2\/#primaryimage"},"image":{"@id":"https:\/\/tonymora.com\/de\/produkt\/1766-j-lini-palermo-leder-2\/#primaryimage"},"thumbnailUrl":"https:\/\/tonymora.com\/wp-content\/uploads\/2025\/06\/127.png","datePublished":"2025-06-27T06:34:55+00:00","dateModified":"2025-09-18T08:03:29+00:00","description":"Hohe Damen-Lederstiefel von Tony Mora. Entdecken Sie das Modell 1766 J LINI PALERMO CUERO mit handgefertigten Stickereien. Qualit\u00e4t, Stil & Komfort.","breadcrumb":{"@id":"https:\/\/tonymora.com\/de\/produkt\/1766-j-lini-palermo-leder-2\/#breadcrumb"},"inLanguage":"de","potentialAction":[{"@type":"ReadAction","target":["https:\/\/tonymora.com\/de\/produkt\/1766-j-lini-palermo-leder-2\/"]}]},{"@type":"ImageObject","inLanguage":"de","@id":"https:\/\/tonymora.com\/de\/produkt\/1766-j-lini-palermo-leder-2\/#primaryimage","url":"https:\/\/tonymora.com\/wp-content\/uploads\/2025\/06\/127.png","contentUrl":"https:\/\/tonymora.com\/wp-content\/uploads\/2025\/06\/127.png","width":866,"height":1032,"caption":"Botas de Cuero Tony Mora - braune Lederstiefel"},{"@type":"BreadcrumbList","@id":"https:\/\/tonymora.com\/de\/produkt\/1766-j-lini-palermo-leder-2\/#breadcrumb","itemListElement":[{"@type":"ListItem","position":1,"name":"Portada","item":"https:\/\/tonymora.com\/de\/"},{"@type":"ListItem","position":2,"name":"Shop","item":"https:\/\/tonymora.com\/de\/shop\/"},{"@type":"ListItem","position":3,"name":"Rabatte Damenstiefel","item":"https:\/\/tonymora.com\/de\/produkt-kategorie\/rabatte-damenstiefel\/"},{"@type":"ListItem","position":4,"name":"Lederstiefel Damen","item":"https:\/\/tonymora.com\/de\/produkt-kategorie\/rabatte-damenstiefel\/lederstiefel-damen\/"},{"@type":"ListItem","position":5,"name":"1766 J LINI PALERMO LEDER"}]},{"@type":"WebSite","@id":"https:\/\/tonymora.com\/de\/#website","url":"https:\/\/tonymora.com\/de\/","name":"Tony Mora\u00ae Boots Official Store","description":"Cowboy Boots","publisher":{"@id":"https:\/\/tonymora.com\/de\/#organization"},"potentialAction":[{"@type":"SearchAction","target":{"@type":"EntryPoint","urlTemplate":"https:\/\/tonymora.com\/de\/?s={search_term_string}"},"query-input":{"@type":"PropertyValueSpecification","valueRequired":true,"valueName":"search_term_string"}}],"inLanguage":"de"},{"@type":"Organization","@id":"https:\/\/tonymora.com\/de\/#organization","name":"Tony Mora Boots","url":"https:\/\/tonymora.com\/de\/","logo":{"@type":"ImageObject","inLanguage":"de","@id":"https:\/\/tonymora.com\/de\/#\/schema\/logo\/image\/","url":"https:\/\/tonymora.com\/wp-content\/uploads\/2023\/12\/LOGO.jpg","contentUrl":"https:\/\/tonymora.com\/wp-content\/uploads\/2023\/12\/LOGO.jpg","width":2272,"height":1411,"caption":"Tony Mora Boots"},"image":{"@id":"https:\/\/tonymora.com\/de\/#\/schema\/logo\/image\/"},"sameAs":["https:\/\/www.facebook.com\/Tonymoraofficial\/","https:\/\/www.instagram.com\/tonymoraofficial\/?hl=es"]}]}},"_links":{"self":[{"href":"https:\/\/tonymora.com\/de\/wp-json\/wp\/v2\/product\/720170","targetHints":{"allow":["GET"]}}],"collection":[{"href":"https:\/\/tonymora.com\/de\/wp-json\/wp\/v2\/product"}],"about":[{"href":"https:\/\/tonymora.com\/de\/wp-json\/wp\/v2\/types\/product"}],"wp:featuredmedia":[{"embeddable":true,"href":"https:\/\/tonymora.com\/de\/wp-json\/wp\/v2\/media\/720121"}],"wp:attachment":[{"href":"https:\/\/tonymora.com\/de\/wp-json\/wp\/v2\/media?parent=720170"}],"wp:term":[{"taxonomy":"product_brand","embeddable":true,"href":"https:\/\/tonymora.com\/de\/wp-json\/wp\/v2\/product_brand?post=720170"},{"taxonomy":"product_cat","embeddable":true,"href":"https:\/\/tonymora.com\/de\/wp-json\/wp\/v2\/product_cat?post=720170"},{"taxonomy":"product_tag","embeddable":true,"href":"https:\/\/tonymora.com\/de\/wp-json\/wp\/v2\/product_tag?post=720170"}],"curies":[{"name":"wp","href":"https:\/\/api.w.org\/{rel}","templated":true}]}}