{"id":720515,"date":"2025-07-23T11:21:07","date_gmt":"2025-07-23T09:21:07","guid":{"rendered":"https:\/\/tonymora.com\/?post_type=product&#038;p=720515"},"modified":"2026-05-11T19:24:44","modified_gmt":"2026-05-11T17:24:44","slug":"4616-daslu-lini-spaltleder-tabak","status":"publish","type":"product","link":"https:\/\/tonymora.com\/de\/produkt\/4616-daslu-lini-spaltleder-tabak\/","title":{"rendered":"4616 DASLU LINI SPALTLEDER TABAK"},"content":{"rendered":"<p>Dieses Modell hat eine schlichte Eleganz, in die man sich verlieben kann.<br \/>\nDas braune Spaltleder schmiegt sich sanft um den Kn\u00f6chel, w\u00e4hrend die Stickerei im gleichen Ton f\u00fcr Tiefe sorgt, ohne \u00fcbertrieben zu wirken. Die beiden t\u00fcrkisfarbenen Kn\u00f6pfe an den G\u00fcrtelschlaufen sind das einzigartige Detail, das den Unterschied ausmacht.<\/p>\n<p>Diese auf Mallorca handgefertigten Kurzstiefel vereinen Design, Komfort und Charakter. Ihr mittlerer Absatz ist stilvoll, ohne auf Komfort zu verzichten, und begleitet Sie auf nat\u00fcrliche Weise zu jeder Gelegenheit.<\/p>\n<p>Ein Stiefel, der sich nicht anstrengen muss, um aufzufallen: Er hat es in sich.<\/p>\n","protected":false},"excerpt":{"rendered":"<p>Charakter und Eleganz in perfekter Harmonie. Ein Schmuckst\u00fcck, das heute, morgen und auch in vielen Jahren noch begeistern wird.<\/p>\n","protected":false},"featured_media":720569,"template":"","meta":{"_mbp_gutenberg_autopost":false},"product_brand":[],"product_cat":[169,167,226,1141,1135],"product_tag":[],"class_list":{"0":"post-720515","1":"product","2":"type-product","3":"status-publish","4":"has-post-thumbnail","6":"product_cat-casual-damenstiefel","7":"product_cat-damen","8":"product_cat-damen-stiefeletten","9":"product_cat-lederstiefel-damen","10":"product_cat-rabatte-damenstiefel","12":"first","13":"instock","14":"featured","15":"taxable","16":"shipping-taxable","17":"purchasable","18":"product-type-variable"},"_links":{"self":[{"href":"https:\/\/tonymora.com\/de\/wp-json\/wp\/v2\/product\/720515","targetHints":{"allow":["GET"]}}],"collection":[{"href":"https:\/\/tonymora.com\/de\/wp-json\/wp\/v2\/product"}],"about":[{"href":"https:\/\/tonymora.com\/de\/wp-json\/wp\/v2\/types\/product"}],"wp:featuredmedia":[{"embeddable":true,"href":"https:\/\/tonymora.com\/de\/wp-json\/wp\/v2\/media\/720569"}],"wp:attachment":[{"href":"https:\/\/tonymora.com\/de\/wp-json\/wp\/v2\/media?parent=720515"}],"wp:term":[{"taxonomy":"product_brand","embeddable":true,"href":"https:\/\/tonymora.com\/de\/wp-json\/wp\/v2\/product_brand?post=720515"},{"taxonomy":"product_cat","embeddable":true,"href":"https:\/\/tonymora.com\/de\/wp-json\/wp\/v2\/product_cat?post=720515"},{"taxonomy":"product_tag","embeddable":true,"href":"https:\/\/tonymora.com\/de\/wp-json\/wp\/v2\/product_tag?post=720515"}],"curies":[{"name":"wp","href":"https:\/\/api.w.org\/{rel}","templated":true}]}}