{"id":720587,"date":"2025-07-23T13:21:24","date_gmt":"2025-07-23T11:21:24","guid":{"rendered":"https:\/\/tonymora.com\/?post_type=product&#038;p=720587"},"modified":"2026-05-11T19:24:44","modified_gmt":"2026-05-11T17:24:44","slug":"4684-j-lini-spaltveloursleder-brash-leder","status":"publish","type":"product","link":"https:\/\/tonymora.com\/de\/produkt\/4684-j-lini-spaltveloursleder-brash-leder\/","title":{"rendered":"4684 J LINI SPALTVELOURSLEDER BRASH LEDER"},"content":{"rendered":"<p>Handgefertigte Stiefelette aus braunem Veloursleder mit samtigem Griff und dezenten Fransen f\u00fcr zarte Bewegungen. Die raffinierte, minimalistische Linie passt zu formellen und legeren Outfits, von makellos geschnittenen Hosen bis zu flie\u00dfenden Kleidern. Jedes Detail &#8211; von der pr\u00e4zisen Verarbeitung der N\u00e4hte bis zur Qualit\u00e4t des Spaltleders &#8211; zeugt von meisterlicher Handwerkskunst und macht diese Stiefelette zu einem Accessoire von purer Eleganz.<\/p>\n","protected":false},"excerpt":{"rendered":"<p>Eine markante Silhouette, die jeden Look aufwertet. Perfekt f\u00fcr ausdrucksstarke, urbane Styles.<br \/>\nEntworfen f\u00fcr alle, die Eleganz als Lebenseinstellung verstehen.<\/p>\n","protected":false},"featured_media":720608,"template":"","meta":{"_mbp_gutenberg_autopost":false},"product_brand":[],"product_cat":[169,167,226,1141,1135],"product_tag":[],"class_list":{"0":"post-720587","1":"product","2":"type-product","3":"status-publish","4":"has-post-thumbnail","6":"product_cat-casual-damenstiefel","7":"product_cat-damen","8":"product_cat-damen-stiefeletten","9":"product_cat-lederstiefel-damen","10":"product_cat-rabatte-damenstiefel","12":"first","13":"instock","14":"featured","15":"taxable","16":"shipping-taxable","17":"purchasable","18":"product-type-variable"},"_links":{"self":[{"href":"https:\/\/tonymora.com\/de\/wp-json\/wp\/v2\/product\/720587","targetHints":{"allow":["GET"]}}],"collection":[{"href":"https:\/\/tonymora.com\/de\/wp-json\/wp\/v2\/product"}],"about":[{"href":"https:\/\/tonymora.com\/de\/wp-json\/wp\/v2\/types\/product"}],"wp:featuredmedia":[{"embeddable":true,"href":"https:\/\/tonymora.com\/de\/wp-json\/wp\/v2\/media\/720608"}],"wp:attachment":[{"href":"https:\/\/tonymora.com\/de\/wp-json\/wp\/v2\/media?parent=720587"}],"wp:term":[{"taxonomy":"product_brand","embeddable":true,"href":"https:\/\/tonymora.com\/de\/wp-json\/wp\/v2\/product_brand?post=720587"},{"taxonomy":"product_cat","embeddable":true,"href":"https:\/\/tonymora.com\/de\/wp-json\/wp\/v2\/product_cat?post=720587"},{"taxonomy":"product_tag","embeddable":true,"href":"https:\/\/tonymora.com\/de\/wp-json\/wp\/v2\/product_tag?post=720587"}],"curies":[{"name":"wp","href":"https:\/\/api.w.org\/{rel}","templated":true}]}}