{"id":720760,"date":"2025-08-19T11:48:08","date_gmt":"2025-08-19T09:48:08","guid":{"rendered":"https:\/\/tonymora.com\/?post_type=product&#038;p=720760"},"modified":"2026-05-11T19:24:44","modified_gmt":"2026-05-11T17:24:44","slug":"2229-paris-irene-marineblau-p-azul","status":"publish","type":"product","link":"https:\/\/tonymora.com\/de\/produkt\/2229-paris-irene-marineblau-p-azul\/","title":{"rendered":"2229 PARIS IRENE MARINEBLAU-P.AZUL"},"content":{"rendered":"<div class=\"flex basis-auto flex-col -mb-(--composer-overlap-px) [--composer-overlap-px:55px] grow overflow-hidden\">\n<div class=\"relative h-full\">\n<div class=\"flex h-full flex-col overflow-y-auto [scrollbar-gutter:stable_both-edges] @[84rem]\/thread:pt-(--header-height)\">\n<div class=\"@thread-xl\/thread:pt-header-height flex flex-col text-sm pb-25\">\n<article class=\"text-token-text-primary w-full\" dir=\"auto\" data-testid=\"conversation-turn-28\" data-scroll-anchor=\"true\">\n<div class=\"text-base my-auto mx-auto py-5 [--thread-content-margin:--spacing(4)] @[37rem]:[--thread-content-margin:--spacing(6)] @[72rem]:[--thread-content-margin:--spacing(16)] px-(--thread-content-margin)\">\n<div class=\"[--thread-content-max-width:32rem] @[34rem]:[--thread-content-max-width:40rem] @[64rem]:[--thread-content-max-width:48rem] mx-auto flex max-w-(--thread-content-max-width) flex-1 text-base gap-4 md:gap-5 lg:gap-6 group\/turn-messages focus-visible:outline-hidden\" tabindex=\"-1\">\n<div class=\"group\/conversation-turn relative flex w-full min-w-0 flex-col agent-turn\">\n<div class=\"relative flex-col gap-1 md:gap-3\">\n<div class=\"flex max-w-full flex-col grow\">\n<div class=\"min-h-8 text-message relative flex w-full flex-col items-end gap-2 text-start break-words whitespace-normal [.text-message+&amp;]:mt-5\" dir=\"auto\" data-message-author-role=\"assistant\" data-message-id=\"6932f9b5-fd46-4be2-b179-8f28ef2fb488\" data-message-model-slug=\"o4-mini\">\n<div class=\"flex w-full flex-col gap-1 empty:hidden first:pt-[3px]\">\n<div class=\"markdown prose dark:prose-invert w-full break-words light\">\n<p>Ein Stiefel, der auf den ersten Blick Pers\u00f6nlichkeit ausstrahlt.<br \/>\nDieses Modell ist aus weichem, marineblauem Spaltleder gefertigt und mit exotischem blauem Pythonleder am Schaft kombiniert, wodurch ein Spiel aus Volumen und Nuancen entsteht, das jedes Paar zu einem Unikat macht.<\/p>\n<p>Das leicht gekr\u00e4uselte Design des mittleren Schafts, die Kontrastn\u00e4hte und der 6 cm breite Absatz sorgen f\u00fcr Stabilit\u00e4t und Stil und schaffen eine perfekte Balance zwischen Raffinesse und Charakter.<\/p>\n<p>Ein Design, das sich elegant an jede Umgebung anpasst und f\u00fcr Frauen gedacht ist, die Authentizit\u00e4t und mit Herzblut gefertigte Details sch\u00e4tzen.<\/p>\n<\/div>\n<\/div>\n<\/div>\n<\/div>\n<\/div>\n<\/div>\n<\/div>\n<\/div>\n<\/article>\n<\/div>\n<\/div>\n<\/div>\n<\/div>\n","protected":false},"excerpt":{"rendered":"<p>Ein ausdrucksstarkes Schmuckst\u00fcck, das Sie auf ganzer Linie begleiten soll. Eine subtile Pr\u00e4senz, die Ihren Stil unterstreicht. Ideal, um es vom Tag bis in die Nacht mit demselben Selbstbewusstsein zu tragen.<\/p>\n","protected":false},"featured_media":720814,"template":"","meta":{"_mbp_gutenberg_autopost":false},"product_brand":[],"product_cat":[1174,169,167,1141,1135],"product_tag":[],"class_list":{"0":"post-720760","1":"product","2":"type-product","3":"status-publish","4":"has-post-thumbnail","6":"product_cat-black-friday-de","7":"product_cat-casual-damenstiefel","8":"product_cat-damen","9":"product_cat-lederstiefel-damen","10":"product_cat-rabatte-damenstiefel","12":"first","13":"instock","14":"taxable","15":"shipping-taxable","16":"purchasable","17":"product-type-variable"},"_links":{"self":[{"href":"https:\/\/tonymora.com\/de\/wp-json\/wp\/v2\/product\/720760","targetHints":{"allow":["GET"]}}],"collection":[{"href":"https:\/\/tonymora.com\/de\/wp-json\/wp\/v2\/product"}],"about":[{"href":"https:\/\/tonymora.com\/de\/wp-json\/wp\/v2\/types\/product"}],"wp:featuredmedia":[{"embeddable":true,"href":"https:\/\/tonymora.com\/de\/wp-json\/wp\/v2\/media\/720814"}],"wp:attachment":[{"href":"https:\/\/tonymora.com\/de\/wp-json\/wp\/v2\/media?parent=720760"}],"wp:term":[{"taxonomy":"product_brand","embeddable":true,"href":"https:\/\/tonymora.com\/de\/wp-json\/wp\/v2\/product_brand?post=720760"},{"taxonomy":"product_cat","embeddable":true,"href":"https:\/\/tonymora.com\/de\/wp-json\/wp\/v2\/product_cat?post=720760"},{"taxonomy":"product_tag","embeddable":true,"href":"https:\/\/tonymora.com\/de\/wp-json\/wp\/v2\/product_tag?post=720760"}],"curies":[{"name":"wp","href":"https:\/\/api.w.org\/{rel}","templated":true}]}}