{"id":720960,"date":"2025-08-27T17:31:09","date_gmt":"2025-08-27T15:31:09","guid":{"rendered":"https:\/\/tonymora.com\/?post_type=product&#038;p=720960"},"modified":"2025-08-27T18:10:34","modified_gmt":"2025-08-27T16:10:34","slug":"dundee-asturias-schwarzer-krokodil","status":"publish","type":"product","link":"https:\/\/tonymora.com\/de\/produkt\/dundee-asturias-schwarzer-krokodil\/","title":{"rendered":"DUNDEE ASTURIAS SCHWARZER KROKODIL"},"content":{"rendered":"<p>Oxford-Schuhe aus schwarzem Krokodilleder: Eleganz und Exklusivit\u00e4t in jedem Detail<\/p>\n<p>Diese raffinierten Oxford-Schuhe aus schwarzem Krokodilleder sind echte Kunstwerke. Mit ihnen sehen Sie nicht nur elegant aus, sondern genie\u00dfen auch jederzeit Komfort und Eleganz.<\/p>\n<p>Jedes Paar ist dank seines nat\u00fcrlichen Musters ein einzigartiges und exklusives St\u00fcck. Unsere Handwerker schneiden jedes St\u00fcck von Hand zu und f\u00fcgen es sorgf\u00e4ltig zusammen, um einzigartige und unverwechselbare Schuhe zu schaffen, die sich durch ihre makellose Textur und ihren Glanz auszeichnen.<\/p>\n<p>Sie lassen sich sowohl zu formellen Anl\u00e4ssen mit Anzug als auch zu legeren Outfits mit Jeans kombinieren und verleihen Ihnen stets einen Hauch von raffinierter Eleganz.<\/p>\n<p>Diese Art von Leder garantiert au\u00dfergew\u00f6hnliche Haltbarkeit und Widerstandsf\u00e4higkeit, w\u00e4hrend das Innenfutter aus Kalbsleder f\u00fcr Weichheit, Komfort und hohe Atmungsaktivit\u00e4t sorgt.<\/p>\n<p>Dar\u00fcber hinaus werden diese Schuhe mit dem renommierten \u201eGoodyear-welted\u201d-Verfahren handgen\u00e4ht, wodurch die Qualit\u00e4t garantiert wird, die nur Tony Mora bieten kann.<\/p>\n","protected":false},"excerpt":{"rendered":"<p>Unaufdringliche Eleganz f\u00fcr Kenner. Eine Stilikone, die jedes Outfit aufwertet. Entworfen, um den Moment zu genie\u00dfen, nicht um Trends zu folgen.<\/p>\n","protected":false},"featured_media":721156,"template":"","meta":{"_mbp_gutenberg_autopost":false},"product_brand":[],"product_cat":[1174,214,1143,1126,222],"product_tag":[],"class_list":{"0":"post-720960","1":"product","2":"type-product","3":"status-publish","4":"has-post-thumbnail","6":"product_cat-black-friday-de","7":"product_cat-herren","8":"product_cat-luxusstiefel-herren-de","9":"product_cat-rabatte-herrenstiefel","10":"product_cat-schuhe-herren","12":"first","13":"instock","14":"taxable","15":"shipping-taxable","16":"purchasable","17":"product-type-variable"},"supplier_id":null,"supplier_sku":"","barcode":null,"atum_controlled":true,"out_stock_date":null,"out_stock_threshold":null,"inheritable":true,"inbound_stock":0,"stock_on_hold":0,"sold_today":null,"sales_last_days":null,"reserved_stock":0,"customer_returns":0,"warehouse_damage":0,"lost_in_post":0,"other_logs":0,"out_stock_days":null,"lost_sales":null,"has_location":false,"update_date":"2026-03-26T13:13:55","atum_locations":[],"atum_stock_status":"instock","restock_status":false,"low_stock_amount":"","sales_update_date":"2026-03-26T13:13:55","calc_backorders":null,"yoast_head":"<!-- This site is optimized with the Yoast SEO plugin v27.2 - https:\/\/yoast.com\/product\/yoast-seo-wordpress\/ -->\n<title>DUNDEE ASTURIAS SCHWARZER KROKODIL<\/title>\n<meta name=\"description\" content=\"Eleganz, Komfort und Vornehmheit bei jedem Schritt. Handgefertigt in Tony Mora-Qualit\u00e4t.\" \/>\n<meta name=\"robots\" content=\"index, follow, max-snippet:-1, max-image-preview:large, max-video-preview:-1\" \/>\n<link rel=\"canonical\" href=\"https:\/\/tonymora.com\/de\/produkt\/dundee-asturias-schwarzer-krokodil\/\" \/>\n<meta property=\"og:locale\" content=\"de_DE\" \/>\n<meta property=\"og:type\" content=\"article\" \/>\n<meta property=\"og:title\" content=\"DUNDEE ASTURIAS SCHWARZER KROKODIL\" \/>\n<meta property=\"og:description\" content=\"Eleganz, Komfort und Vornehmheit bei jedem Schritt. Handgefertigt in Tony Mora-Qualit\u00e4t.\" \/>\n<meta property=\"og:url\" content=\"https:\/\/tonymora.com\/de\/produkt\/dundee-asturias-schwarzer-krokodil\/\" \/>\n<meta property=\"og:site_name\" content=\"Tony Mora\u00ae Boots Official Store\" \/>\n<meta property=\"article:publisher\" content=\"https:\/\/www.facebook.com\/Tonymoraofficial\/\" \/>\n<meta property=\"article:modified_time\" content=\"2025-08-27T16:10:34+00:00\" \/>\n<meta property=\"og:image\" content=\"https:\/\/tonymora.com\/wp-content\/uploads\/2025\/08\/TONY-MORA-FOTO-MODELOS-6-1.png\" \/>\n\t<meta property=\"og:image:width\" content=\"866\" \/>\n\t<meta property=\"og:image:height\" content=\"1032\" \/>\n\t<meta property=\"og:image:type\" content=\"image\/png\" \/>\n<meta name=\"twitter:card\" content=\"summary_large_image\" \/>\n<meta name=\"twitter:label1\" content=\"Gesch\u00e4tzte Lesezeit\" \/>\n\t<meta name=\"twitter:data1\" content=\"1\u00a0Minute\" \/>\n<script type=\"application\/ld+json\" class=\"yoast-schema-graph\">{\"@context\":\"https:\/\/schema.org\",\"@graph\":[{\"@type\":\"WebPage\",\"@id\":\"https:\/\/tonymora.com\/de\/produkt\/dundee-asturias-schwarzer-krokodil\/\",\"url\":\"https:\/\/tonymora.com\/de\/produkt\/dundee-asturias-schwarzer-krokodil\/\",\"name\":\"DUNDEE ASTURIAS SCHWARZER KROKODIL\",\"isPartOf\":{\"@id\":\"https:\/\/tonymora.com\/de\/#website\"},\"primaryImageOfPage\":{\"@id\":\"https:\/\/tonymora.com\/de\/produkt\/dundee-asturias-schwarzer-krokodil\/#primaryimage\"},\"image\":{\"@id\":\"https:\/\/tonymora.com\/de\/produkt\/dundee-asturias-schwarzer-krokodil\/#primaryimage\"},\"thumbnailUrl\":\"https:\/\/tonymora.com\/wp-content\/uploads\/2025\/08\/TONY-MORA-FOTO-MODELOS-10.png\",\"datePublished\":\"2025-08-27T15:31:09+00:00\",\"dateModified\":\"2025-08-27T16:10:34+00:00\",\"description\":\"Eleganz, Komfort und Vornehmheit bei jedem Schritt. Handgefertigt in Tony Mora-Qualit\u00e4t.\",\"breadcrumb\":{\"@id\":\"https:\/\/tonymora.com\/de\/produkt\/dundee-asturias-schwarzer-krokodil\/#breadcrumb\"},\"inLanguage\":\"de\",\"potentialAction\":[{\"@type\":\"ReadAction\",\"target\":[\"https:\/\/tonymora.com\/de\/produkt\/dundee-asturias-schwarzer-krokodil\/\"]}]},{\"@type\":\"ImageObject\",\"inLanguage\":\"de\",\"@id\":\"https:\/\/tonymora.com\/de\/produkt\/dundee-asturias-schwarzer-krokodil\/#primaryimage\",\"url\":\"https:\/\/tonymora.com\/wp-content\/uploads\/2025\/08\/TONY-MORA-FOTO-MODELOS-10.png\",\"contentUrl\":\"https:\/\/tonymora.com\/wp-content\/uploads\/2025\/08\/TONY-MORA-FOTO-MODELOS-10.png\",\"width\":1732,\"height\":2064},{\"@type\":\"BreadcrumbList\",\"@id\":\"https:\/\/tonymora.com\/de\/produkt\/dundee-asturias-schwarzer-krokodil\/#breadcrumb\",\"itemListElement\":[{\"@type\":\"ListItem\",\"position\":1,\"name\":\"Portada\",\"item\":\"https:\/\/tonymora.com\/de\/\"},{\"@type\":\"ListItem\",\"position\":2,\"name\":\"Shop\",\"item\":\"https:\/\/tonymora.com\/de\/shop\/\"},{\"@type\":\"ListItem\",\"position\":3,\"name\":\"Herren\",\"item\":\"https:\/\/tonymora.com\/de\/produkt-kategorie\/herren\/\"},{\"@type\":\"ListItem\",\"position\":4,\"name\":\"DUNDEE ASTURIAS SCHWARZER KROKODIL\"}]},{\"@type\":\"WebSite\",\"@id\":\"https:\/\/tonymora.com\/de\/#website\",\"url\":\"https:\/\/tonymora.com\/de\/\",\"name\":\"Tony Mora\u00ae Boots Official Store\",\"description\":\"Cowboy Boots\",\"publisher\":{\"@id\":\"https:\/\/tonymora.com\/de\/#organization\"},\"potentialAction\":[{\"@type\":\"SearchAction\",\"target\":{\"@type\":\"EntryPoint\",\"urlTemplate\":\"https:\/\/tonymora.com\/de\/?s={search_term_string}\"},\"query-input\":{\"@type\":\"PropertyValueSpecification\",\"valueRequired\":true,\"valueName\":\"search_term_string\"}}],\"inLanguage\":\"de\"},{\"@type\":\"Organization\",\"@id\":\"https:\/\/tonymora.com\/de\/#organization\",\"name\":\"Tony Mora Boots\",\"url\":\"https:\/\/tonymora.com\/de\/\",\"logo\":{\"@type\":\"ImageObject\",\"inLanguage\":\"de\",\"@id\":\"https:\/\/tonymora.com\/de\/#\/schema\/logo\/image\/\",\"url\":\"https:\/\/tonymora.com\/wp-content\/uploads\/2023\/12\/LOGO.jpg\",\"contentUrl\":\"https:\/\/tonymora.com\/wp-content\/uploads\/2023\/12\/LOGO.jpg\",\"width\":2272,\"height\":1411,\"caption\":\"Tony Mora Boots\"},\"image\":{\"@id\":\"https:\/\/tonymora.com\/de\/#\/schema\/logo\/image\/\"},\"sameAs\":[\"https:\/\/www.facebook.com\/Tonymoraofficial\/\",\"https:\/\/www.instagram.com\/tonymoraofficial\/?hl=es\"]}]}<\/script>\n<!-- \/ Yoast SEO plugin. -->","yoast_head_json":{"title":"DUNDEE ASTURIAS SCHWARZER KROKODIL","description":"Eleganz, Komfort und Vornehmheit bei jedem Schritt. Handgefertigt in Tony Mora-Qualit\u00e4t.","robots":{"index":"index","follow":"follow","max-snippet":"max-snippet:-1","max-image-preview":"max-image-preview:large","max-video-preview":"max-video-preview:-1"},"canonical":"https:\/\/tonymora.com\/de\/produkt\/dundee-asturias-schwarzer-krokodil\/","og_locale":"de_DE","og_type":"article","og_title":"DUNDEE ASTURIAS SCHWARZER KROKODIL","og_description":"Eleganz, Komfort und Vornehmheit bei jedem Schritt. Handgefertigt in Tony Mora-Qualit\u00e4t.","og_url":"https:\/\/tonymora.com\/de\/produkt\/dundee-asturias-schwarzer-krokodil\/","og_site_name":"Tony Mora\u00ae Boots Official Store","article_publisher":"https:\/\/www.facebook.com\/Tonymoraofficial\/","article_modified_time":"2025-08-27T16:10:34+00:00","og_image":[{"width":866,"height":1032,"url":"https:\/\/tonymora.com\/wp-content\/uploads\/2025\/08\/TONY-MORA-FOTO-MODELOS-6-1.png","type":"image\/png"}],"twitter_card":"summary_large_image","twitter_misc":{"Gesch\u00e4tzte Lesezeit":"1\u00a0Minute"},"schema":{"@context":"https:\/\/schema.org","@graph":[{"@type":"WebPage","@id":"https:\/\/tonymora.com\/de\/produkt\/dundee-asturias-schwarzer-krokodil\/","url":"https:\/\/tonymora.com\/de\/produkt\/dundee-asturias-schwarzer-krokodil\/","name":"DUNDEE ASTURIAS SCHWARZER KROKODIL","isPartOf":{"@id":"https:\/\/tonymora.com\/de\/#website"},"primaryImageOfPage":{"@id":"https:\/\/tonymora.com\/de\/produkt\/dundee-asturias-schwarzer-krokodil\/#primaryimage"},"image":{"@id":"https:\/\/tonymora.com\/de\/produkt\/dundee-asturias-schwarzer-krokodil\/#primaryimage"},"thumbnailUrl":"https:\/\/tonymora.com\/wp-content\/uploads\/2025\/08\/TONY-MORA-FOTO-MODELOS-10.png","datePublished":"2025-08-27T15:31:09+00:00","dateModified":"2025-08-27T16:10:34+00:00","description":"Eleganz, Komfort und Vornehmheit bei jedem Schritt. Handgefertigt in Tony Mora-Qualit\u00e4t.","breadcrumb":{"@id":"https:\/\/tonymora.com\/de\/produkt\/dundee-asturias-schwarzer-krokodil\/#breadcrumb"},"inLanguage":"de","potentialAction":[{"@type":"ReadAction","target":["https:\/\/tonymora.com\/de\/produkt\/dundee-asturias-schwarzer-krokodil\/"]}]},{"@type":"ImageObject","inLanguage":"de","@id":"https:\/\/tonymora.com\/de\/produkt\/dundee-asturias-schwarzer-krokodil\/#primaryimage","url":"https:\/\/tonymora.com\/wp-content\/uploads\/2025\/08\/TONY-MORA-FOTO-MODELOS-10.png","contentUrl":"https:\/\/tonymora.com\/wp-content\/uploads\/2025\/08\/TONY-MORA-FOTO-MODELOS-10.png","width":1732,"height":2064},{"@type":"BreadcrumbList","@id":"https:\/\/tonymora.com\/de\/produkt\/dundee-asturias-schwarzer-krokodil\/#breadcrumb","itemListElement":[{"@type":"ListItem","position":1,"name":"Portada","item":"https:\/\/tonymora.com\/de\/"},{"@type":"ListItem","position":2,"name":"Shop","item":"https:\/\/tonymora.com\/de\/shop\/"},{"@type":"ListItem","position":3,"name":"Herren","item":"https:\/\/tonymora.com\/de\/produkt-kategorie\/herren\/"},{"@type":"ListItem","position":4,"name":"DUNDEE ASTURIAS SCHWARZER KROKODIL"}]},{"@type":"WebSite","@id":"https:\/\/tonymora.com\/de\/#website","url":"https:\/\/tonymora.com\/de\/","name":"Tony Mora\u00ae Boots Official Store","description":"Cowboy Boots","publisher":{"@id":"https:\/\/tonymora.com\/de\/#organization"},"potentialAction":[{"@type":"SearchAction","target":{"@type":"EntryPoint","urlTemplate":"https:\/\/tonymora.com\/de\/?s={search_term_string}"},"query-input":{"@type":"PropertyValueSpecification","valueRequired":true,"valueName":"search_term_string"}}],"inLanguage":"de"},{"@type":"Organization","@id":"https:\/\/tonymora.com\/de\/#organization","name":"Tony Mora Boots","url":"https:\/\/tonymora.com\/de\/","logo":{"@type":"ImageObject","inLanguage":"de","@id":"https:\/\/tonymora.com\/de\/#\/schema\/logo\/image\/","url":"https:\/\/tonymora.com\/wp-content\/uploads\/2023\/12\/LOGO.jpg","contentUrl":"https:\/\/tonymora.com\/wp-content\/uploads\/2023\/12\/LOGO.jpg","width":2272,"height":1411,"caption":"Tony Mora Boots"},"image":{"@id":"https:\/\/tonymora.com\/de\/#\/schema\/logo\/image\/"},"sameAs":["https:\/\/www.facebook.com\/Tonymoraofficial\/","https:\/\/www.instagram.com\/tonymoraofficial\/?hl=es"]}]}},"_links":{"self":[{"href":"https:\/\/tonymora.com\/de\/wp-json\/wp\/v2\/product\/720960","targetHints":{"allow":["GET"]}}],"collection":[{"href":"https:\/\/tonymora.com\/de\/wp-json\/wp\/v2\/product"}],"about":[{"href":"https:\/\/tonymora.com\/de\/wp-json\/wp\/v2\/types\/product"}],"wp:featuredmedia":[{"embeddable":true,"href":"https:\/\/tonymora.com\/de\/wp-json\/wp\/v2\/media\/721156"}],"wp:attachment":[{"href":"https:\/\/tonymora.com\/de\/wp-json\/wp\/v2\/media?parent=720960"}],"wp:term":[{"taxonomy":"product_brand","embeddable":true,"href":"https:\/\/tonymora.com\/de\/wp-json\/wp\/v2\/product_brand?post=720960"},{"taxonomy":"product_cat","embeddable":true,"href":"https:\/\/tonymora.com\/de\/wp-json\/wp\/v2\/product_cat?post=720960"},{"taxonomy":"product_tag","embeddable":true,"href":"https:\/\/tonymora.com\/de\/wp-json\/wp\/v2\/product_tag?post=720960"}],"curies":[{"name":"wp","href":"https:\/\/api.w.org\/{rel}","templated":true}]}}