{"id":721034,"date":"2025-08-27T18:16:37","date_gmt":"2025-08-27T16:16:37","guid":{"rendered":"https:\/\/tonymora.com\/?post_type=product&#038;p=721034"},"modified":"2025-08-27T18:31:56","modified_gmt":"2025-08-27T16:31:56","slug":"dundee-asturias-braunes-krokodilleder","status":"publish","type":"product","link":"https:\/\/tonymora.com\/de\/produkt\/dundee-asturias-braunes-krokodilleder\/","title":{"rendered":"DUNDEE ASTURIAS BRAUNES KROKODILLEDER"},"content":{"rendered":"<p>Oxford-Schuhe aus mattbraunem Krokodilleder: Eleganz und Klasse pur<\/p>\n<p>Diese raffinierten Oxford-Schuhe aus mattbraunem Krokodilleder sind viel mehr als nur Schuhe: Sie sind ein echtes Stilstatement. Ihr raffiniertes Design verbindet handwerkliche Tradition und Modernit\u00e4t und garantiert jederzeit Komfort und Exklusivit\u00e4t.<\/p>\n<p>Jedes Paar ist dank der nat\u00fcrlichen Maserung des Leders ein Unikat. Unsere Handwerker w\u00e4hlen jedes St\u00fcck von Hand aus, schneiden es zu und f\u00fcgen es pr\u00e4zise zusammen, um einzigartige Schuhe zu schaffen, die sich durch ihre zeitlose Eleganz, ihre makellose Textur und ihre charakteristische matte Oberfl\u00e4che auszeichnen.<\/p>\n<p>Vielseitig und distinguiert, k\u00f6nnen Sie sie sowohl zu formellen Anl\u00e4ssen zu einem Anzug als auch zu l\u00e4ssigeren Looks mit Jeans tragen und verleihen Ihrem Outfit stets einen unverwechselbaren Hauch von Raffinesse.<\/p>\n<p>Das Krokodilleder garantiert au\u00dfergew\u00f6hnliche Widerstandsf\u00e4higkeit und Langlebigkeit, w\u00e4hrend das Innenfutter aus Kalbsleder f\u00fcr Weichheit, Komfort und hervorragende Atmungsaktivit\u00e4t sorgt.<\/p>\n<p>Schlie\u00dflich wird jedes Paar mit dem renommierten \u201eGoodyear-welted\u201d-System handgen\u00e4ht, einem G\u00fctesiegel f\u00fcr h\u00f6chste Qualit\u00e4t und handwerkliche Perfektion, das Tony Mora auszeichnet.<\/p>\n","protected":false},"excerpt":{"rendered":"<p>Charakter und Eleganz in perfekter Balance. Vielseitig und leicht kombinierbar, ohne dabei an Pers\u00f6nlichkeit einzub\u00fc\u00dfen. Entworfen f\u00fcr besondere Momente, nicht f\u00fcr kurzlebige Trends.<\/p>\n","protected":false},"featured_media":721077,"template":"","meta":{"_mbp_gutenberg_autopost":false},"product_brand":[],"product_cat":[1174,214,1143,1126,222],"product_tag":[],"class_list":{"0":"post-721034","1":"product","2":"type-product","3":"status-publish","4":"has-post-thumbnail","6":"product_cat-black-friday-de","7":"product_cat-herren","8":"product_cat-luxusstiefel-herren-de","9":"product_cat-rabatte-herrenstiefel","10":"product_cat-schuhe-herren","12":"first","13":"instock","14":"taxable","15":"shipping-taxable","16":"purchasable","17":"product-type-variable"},"supplier_id":null,"supplier_sku":"","barcode":null,"atum_controlled":true,"out_stock_date":null,"out_stock_threshold":null,"inheritable":true,"inbound_stock":0,"stock_on_hold":0,"sold_today":null,"sales_last_days":null,"reserved_stock":0,"customer_returns":0,"warehouse_damage":0,"lost_in_post":0,"other_logs":0,"out_stock_days":null,"lost_sales":null,"has_location":false,"update_date":"2026-03-26T13:13:55","atum_locations":[],"atum_stock_status":"instock","restock_status":false,"low_stock_amount":"","sales_update_date":"2026-03-26T13:13:55","calc_backorders":null,"yoast_head":"<!-- This site is optimized with the Yoast SEO plugin v27.2 - https:\/\/yoast.com\/product\/yoast-seo-wordpress\/ -->\n<title>DUNDEE ASTURIAS BRAUNES KROKODILLEDER<\/title>\n<meta name=\"description\" content=\"Eleganz, Komfort und Vornehmheit bei jedem Schritt. Handgefertigt in Tony Mora-Qualit\u00e4t.\" \/>\n<meta name=\"robots\" content=\"index, follow, max-snippet:-1, max-image-preview:large, max-video-preview:-1\" \/>\n<link rel=\"canonical\" href=\"https:\/\/tonymora.com\/de\/produkt\/dundee-asturias-braunes-krokodilleder\/\" \/>\n<meta property=\"og:locale\" content=\"de_DE\" \/>\n<meta property=\"og:type\" content=\"article\" \/>\n<meta property=\"og:title\" content=\"DUNDEE ASTURIAS BRAUNES KROKODILLEDER\" \/>\n<meta property=\"og:description\" content=\"Eleganz, Komfort und Vornehmheit bei jedem Schritt. Handgefertigt in Tony Mora-Qualit\u00e4t.\" \/>\n<meta property=\"og:url\" content=\"https:\/\/tonymora.com\/de\/produkt\/dundee-asturias-braunes-krokodilleder\/\" \/>\n<meta property=\"og:site_name\" content=\"Tony Mora\u00ae Boots Official Store\" \/>\n<meta property=\"article:publisher\" content=\"https:\/\/www.facebook.com\/Tonymoraofficial\/\" \/>\n<meta property=\"article:modified_time\" content=\"2025-08-27T16:31:56+00:00\" \/>\n<meta property=\"og:image\" content=\"https:\/\/tonymora.com\/wp-content\/uploads\/2025\/08\/TONY-MORA-FOTO-MODELOS-7-672x800.png\" \/>\n\t<meta property=\"og:image:width\" content=\"672\" \/>\n\t<meta property=\"og:image:height\" content=\"800\" \/>\n\t<meta property=\"og:image:type\" content=\"image\/png\" \/>\n<meta name=\"twitter:card\" content=\"summary_large_image\" \/>\n<meta name=\"twitter:label1\" content=\"Gesch\u00e4tzte Lesezeit\" \/>\n\t<meta name=\"twitter:data1\" content=\"1\u00a0Minute\" \/>\n<script type=\"application\/ld+json\" class=\"yoast-schema-graph\">{\"@context\":\"https:\/\/schema.org\",\"@graph\":[{\"@type\":\"WebPage\",\"@id\":\"https:\/\/tonymora.com\/de\/produkt\/dundee-asturias-braunes-krokodilleder\/\",\"url\":\"https:\/\/tonymora.com\/de\/produkt\/dundee-asturias-braunes-krokodilleder\/\",\"name\":\"DUNDEE ASTURIAS BRAUNES KROKODILLEDER\",\"isPartOf\":{\"@id\":\"https:\/\/tonymora.com\/de\/#website\"},\"primaryImageOfPage\":{\"@id\":\"https:\/\/tonymora.com\/de\/produkt\/dundee-asturias-braunes-krokodilleder\/#primaryimage\"},\"image\":{\"@id\":\"https:\/\/tonymora.com\/de\/produkt\/dundee-asturias-braunes-krokodilleder\/#primaryimage\"},\"thumbnailUrl\":\"https:\/\/tonymora.com\/wp-content\/uploads\/2025\/08\/TONY-MORA-FOTO-MODELOS-7.png\",\"datePublished\":\"2025-08-27T16:16:37+00:00\",\"dateModified\":\"2025-08-27T16:31:56+00:00\",\"description\":\"Eleganz, Komfort und Vornehmheit bei jedem Schritt. Handgefertigt in Tony Mora-Qualit\u00e4t.\",\"breadcrumb\":{\"@id\":\"https:\/\/tonymora.com\/de\/produkt\/dundee-asturias-braunes-krokodilleder\/#breadcrumb\"},\"inLanguage\":\"de\",\"potentialAction\":[{\"@type\":\"ReadAction\",\"target\":[\"https:\/\/tonymora.com\/de\/produkt\/dundee-asturias-braunes-krokodilleder\/\"]}]},{\"@type\":\"ImageObject\",\"inLanguage\":\"de\",\"@id\":\"https:\/\/tonymora.com\/de\/produkt\/dundee-asturias-braunes-krokodilleder\/#primaryimage\",\"url\":\"https:\/\/tonymora.com\/wp-content\/uploads\/2025\/08\/TONY-MORA-FOTO-MODELOS-7.png\",\"contentUrl\":\"https:\/\/tonymora.com\/wp-content\/uploads\/2025\/08\/TONY-MORA-FOTO-MODELOS-7.png\",\"width\":1516,\"height\":1806},{\"@type\":\"BreadcrumbList\",\"@id\":\"https:\/\/tonymora.com\/de\/produkt\/dundee-asturias-braunes-krokodilleder\/#breadcrumb\",\"itemListElement\":[{\"@type\":\"ListItem\",\"position\":1,\"name\":\"Portada\",\"item\":\"https:\/\/tonymora.com\/de\/\"},{\"@type\":\"ListItem\",\"position\":2,\"name\":\"Shop\",\"item\":\"https:\/\/tonymora.com\/de\/shop\/\"},{\"@type\":\"ListItem\",\"position\":3,\"name\":\"Herren\",\"item\":\"https:\/\/tonymora.com\/de\/produkt-kategorie\/herren\/\"},{\"@type\":\"ListItem\",\"position\":4,\"name\":\"DUNDEE ASTURIAS BRAUNES KROKODILLEDER\"}]},{\"@type\":\"WebSite\",\"@id\":\"https:\/\/tonymora.com\/de\/#website\",\"url\":\"https:\/\/tonymora.com\/de\/\",\"name\":\"Tony Mora\u00ae Boots Official Store\",\"description\":\"Cowboy Boots\",\"publisher\":{\"@id\":\"https:\/\/tonymora.com\/de\/#organization\"},\"potentialAction\":[{\"@type\":\"SearchAction\",\"target\":{\"@type\":\"EntryPoint\",\"urlTemplate\":\"https:\/\/tonymora.com\/de\/?s={search_term_string}\"},\"query-input\":{\"@type\":\"PropertyValueSpecification\",\"valueRequired\":true,\"valueName\":\"search_term_string\"}}],\"inLanguage\":\"de\"},{\"@type\":\"Organization\",\"@id\":\"https:\/\/tonymora.com\/de\/#organization\",\"name\":\"Tony Mora Boots\",\"url\":\"https:\/\/tonymora.com\/de\/\",\"logo\":{\"@type\":\"ImageObject\",\"inLanguage\":\"de\",\"@id\":\"https:\/\/tonymora.com\/de\/#\/schema\/logo\/image\/\",\"url\":\"https:\/\/tonymora.com\/wp-content\/uploads\/2023\/12\/LOGO.jpg\",\"contentUrl\":\"https:\/\/tonymora.com\/wp-content\/uploads\/2023\/12\/LOGO.jpg\",\"width\":2272,\"height\":1411,\"caption\":\"Tony Mora Boots\"},\"image\":{\"@id\":\"https:\/\/tonymora.com\/de\/#\/schema\/logo\/image\/\"},\"sameAs\":[\"https:\/\/www.facebook.com\/Tonymoraofficial\/\",\"https:\/\/www.instagram.com\/tonymoraofficial\/?hl=es\"]}]}<\/script>\n<!-- \/ Yoast SEO plugin. -->","yoast_head_json":{"title":"DUNDEE ASTURIAS BRAUNES KROKODILLEDER","description":"Eleganz, Komfort und Vornehmheit bei jedem Schritt. Handgefertigt in Tony Mora-Qualit\u00e4t.","robots":{"index":"index","follow":"follow","max-snippet":"max-snippet:-1","max-image-preview":"max-image-preview:large","max-video-preview":"max-video-preview:-1"},"canonical":"https:\/\/tonymora.com\/de\/produkt\/dundee-asturias-braunes-krokodilleder\/","og_locale":"de_DE","og_type":"article","og_title":"DUNDEE ASTURIAS BRAUNES KROKODILLEDER","og_description":"Eleganz, Komfort und Vornehmheit bei jedem Schritt. Handgefertigt in Tony Mora-Qualit\u00e4t.","og_url":"https:\/\/tonymora.com\/de\/produkt\/dundee-asturias-braunes-krokodilleder\/","og_site_name":"Tony Mora\u00ae Boots Official Store","article_publisher":"https:\/\/www.facebook.com\/Tonymoraofficial\/","article_modified_time":"2025-08-27T16:31:56+00:00","og_image":[{"width":672,"height":800,"url":"https:\/\/tonymora.com\/wp-content\/uploads\/2025\/08\/TONY-MORA-FOTO-MODELOS-7-672x800.png","type":"image\/png"}],"twitter_card":"summary_large_image","twitter_misc":{"Gesch\u00e4tzte Lesezeit":"1\u00a0Minute"},"schema":{"@context":"https:\/\/schema.org","@graph":[{"@type":"WebPage","@id":"https:\/\/tonymora.com\/de\/produkt\/dundee-asturias-braunes-krokodilleder\/","url":"https:\/\/tonymora.com\/de\/produkt\/dundee-asturias-braunes-krokodilleder\/","name":"DUNDEE ASTURIAS BRAUNES KROKODILLEDER","isPartOf":{"@id":"https:\/\/tonymora.com\/de\/#website"},"primaryImageOfPage":{"@id":"https:\/\/tonymora.com\/de\/produkt\/dundee-asturias-braunes-krokodilleder\/#primaryimage"},"image":{"@id":"https:\/\/tonymora.com\/de\/produkt\/dundee-asturias-braunes-krokodilleder\/#primaryimage"},"thumbnailUrl":"https:\/\/tonymora.com\/wp-content\/uploads\/2025\/08\/TONY-MORA-FOTO-MODELOS-7.png","datePublished":"2025-08-27T16:16:37+00:00","dateModified":"2025-08-27T16:31:56+00:00","description":"Eleganz, Komfort und Vornehmheit bei jedem Schritt. Handgefertigt in Tony Mora-Qualit\u00e4t.","breadcrumb":{"@id":"https:\/\/tonymora.com\/de\/produkt\/dundee-asturias-braunes-krokodilleder\/#breadcrumb"},"inLanguage":"de","potentialAction":[{"@type":"ReadAction","target":["https:\/\/tonymora.com\/de\/produkt\/dundee-asturias-braunes-krokodilleder\/"]}]},{"@type":"ImageObject","inLanguage":"de","@id":"https:\/\/tonymora.com\/de\/produkt\/dundee-asturias-braunes-krokodilleder\/#primaryimage","url":"https:\/\/tonymora.com\/wp-content\/uploads\/2025\/08\/TONY-MORA-FOTO-MODELOS-7.png","contentUrl":"https:\/\/tonymora.com\/wp-content\/uploads\/2025\/08\/TONY-MORA-FOTO-MODELOS-7.png","width":1516,"height":1806},{"@type":"BreadcrumbList","@id":"https:\/\/tonymora.com\/de\/produkt\/dundee-asturias-braunes-krokodilleder\/#breadcrumb","itemListElement":[{"@type":"ListItem","position":1,"name":"Portada","item":"https:\/\/tonymora.com\/de\/"},{"@type":"ListItem","position":2,"name":"Shop","item":"https:\/\/tonymora.com\/de\/shop\/"},{"@type":"ListItem","position":3,"name":"Herren","item":"https:\/\/tonymora.com\/de\/produkt-kategorie\/herren\/"},{"@type":"ListItem","position":4,"name":"DUNDEE ASTURIAS BRAUNES KROKODILLEDER"}]},{"@type":"WebSite","@id":"https:\/\/tonymora.com\/de\/#website","url":"https:\/\/tonymora.com\/de\/","name":"Tony Mora\u00ae Boots Official Store","description":"Cowboy Boots","publisher":{"@id":"https:\/\/tonymora.com\/de\/#organization"},"potentialAction":[{"@type":"SearchAction","target":{"@type":"EntryPoint","urlTemplate":"https:\/\/tonymora.com\/de\/?s={search_term_string}"},"query-input":{"@type":"PropertyValueSpecification","valueRequired":true,"valueName":"search_term_string"}}],"inLanguage":"de"},{"@type":"Organization","@id":"https:\/\/tonymora.com\/de\/#organization","name":"Tony Mora Boots","url":"https:\/\/tonymora.com\/de\/","logo":{"@type":"ImageObject","inLanguage":"de","@id":"https:\/\/tonymora.com\/de\/#\/schema\/logo\/image\/","url":"https:\/\/tonymora.com\/wp-content\/uploads\/2023\/12\/LOGO.jpg","contentUrl":"https:\/\/tonymora.com\/wp-content\/uploads\/2023\/12\/LOGO.jpg","width":2272,"height":1411,"caption":"Tony Mora Boots"},"image":{"@id":"https:\/\/tonymora.com\/de\/#\/schema\/logo\/image\/"},"sameAs":["https:\/\/www.facebook.com\/Tonymoraofficial\/","https:\/\/www.instagram.com\/tonymoraofficial\/?hl=es"]}]}},"_links":{"self":[{"href":"https:\/\/tonymora.com\/de\/wp-json\/wp\/v2\/product\/721034","targetHints":{"allow":["GET"]}}],"collection":[{"href":"https:\/\/tonymora.com\/de\/wp-json\/wp\/v2\/product"}],"about":[{"href":"https:\/\/tonymora.com\/de\/wp-json\/wp\/v2\/types\/product"}],"wp:featuredmedia":[{"embeddable":true,"href":"https:\/\/tonymora.com\/de\/wp-json\/wp\/v2\/media\/721077"}],"wp:attachment":[{"href":"https:\/\/tonymora.com\/de\/wp-json\/wp\/v2\/media?parent=721034"}],"wp:term":[{"taxonomy":"product_brand","embeddable":true,"href":"https:\/\/tonymora.com\/de\/wp-json\/wp\/v2\/product_brand?post=721034"},{"taxonomy":"product_cat","embeddable":true,"href":"https:\/\/tonymora.com\/de\/wp-json\/wp\/v2\/product_cat?post=721034"},{"taxonomy":"product_tag","embeddable":true,"href":"https:\/\/tonymora.com\/de\/wp-json\/wp\/v2\/product_tag?post=721034"}],"curies":[{"name":"wp","href":"https:\/\/api.w.org\/{rel}","templated":true}]}}