{"id":721273,"date":"2025-08-28T14:29:58","date_gmt":"2025-08-28T12:29:58","guid":{"rendered":"https:\/\/tonymora.com\/?post_type=product&#038;p=721273"},"modified":"2025-08-28T15:23:56","modified_gmt":"2025-08-28T13:23:56","slug":"dundee-asturias-schwarzer-strutz","status":"publish","type":"product","link":"https:\/\/tonymora.com\/de\/produkt\/dundee-asturias-schwarzer-strutz\/","title":{"rendered":"DUNDEE ASTURIAS SCHWARZER STRUTZ"},"content":{"rendered":"<p>Oxford-Schuhe aus schwarzem Strau\u00dfenleder: Schlichtheit und Raffinesse<\/p>\n<p>Diese exklusiven Oxford-Schuhe aus schwarzem Strau\u00dfenleder zeichnen sich durch ihre zeitlose Eleganz und den einzigartigen Charakter dieses prestigetr\u00e4chtigen Materials aus. Jedes Paar spiegelt die Handwerkskunst und Liebe zum Detail wider, die Tony Mora auszeichnen.<\/p>\n<p>Sie werden in unserer Fabrik auf Mallorca handgefertigt und bieten dank ihres Innenfutters aus Kalbsleder und der Goodyear-Welted-Naht, die f\u00fcr Langlebigkeit und Exzellenz steht, Komfort und Widerstandsf\u00e4higkeit.<\/p>\n<p>Ein vielseitiger und eleganter Schuh, der sich sowohl f\u00fcr formelle Anl\u00e4sse als auch f\u00fcr einen zeitgem\u00e4\u00dfen Stil mit einem Hauch von Exklusivit\u00e4t eignet.<\/p>\n","protected":false},"excerpt":{"rendered":"<p>Ein Kleidungsst\u00fcck, das mit unaufdringlicher Selbstsicherheit besticht. Die perfekte Wahl, wenn Sie makellos aussehen m\u00f6chten.<br \/>\nEine Wahl, die Sie wegen des Gef\u00fchls, das sie Ihnen vermittelt, in Erinnerung behalten werden.<\/p>\n","protected":false},"featured_media":721349,"template":"","meta":{"_mbp_gutenberg_autopost":false},"product_brand":[],"product_cat":[1174,214,1143,1126,222],"product_tag":[],"class_list":{"0":"post-721273","1":"product","2":"type-product","3":"status-publish","4":"has-post-thumbnail","6":"product_cat-black-friday-de","7":"product_cat-herren","8":"product_cat-luxusstiefel-herren-de","9":"product_cat-rabatte-herrenstiefel","10":"product_cat-schuhe-herren","12":"first","13":"instock","14":"taxable","15":"shipping-taxable","16":"purchasable","17":"product-type-variable"},"supplier_id":null,"supplier_sku":"","barcode":null,"atum_controlled":true,"out_stock_date":null,"out_stock_threshold":null,"inheritable":true,"inbound_stock":0,"stock_on_hold":1,"sold_today":0,"sales_last_days":0,"reserved_stock":0,"customer_returns":0,"warehouse_damage":0,"lost_in_post":0,"other_logs":0,"out_stock_days":null,"lost_sales":0,"has_location":false,"update_date":"2026-03-26T13:13:55","atum_locations":[],"atum_stock_status":"instock","restock_status":false,"low_stock_amount":"","sales_update_date":"2026-03-26T13:13:55","calc_backorders":null,"yoast_head":"<!-- This site is optimized with the Yoast SEO plugin v27.2 - https:\/\/yoast.com\/product\/yoast-seo-wordpress\/ -->\n<title>DUNDEE ASTURIAS SCHWARZER STRUTZ<\/title>\n<meta name=\"description\" content=\"Strasschuhe mit einzigartigem handgefertigtem Design. Eleganz, Komfort und Klasse bei jedem Schritt. Handgefertigte Qualit\u00e4t von Tony Mora.\" \/>\n<meta name=\"robots\" content=\"index, follow, max-snippet:-1, max-image-preview:large, max-video-preview:-1\" \/>\n<link rel=\"canonical\" href=\"https:\/\/tonymora.com\/de\/produkt\/dundee-asturias-schwarzer-strutz\/\" \/>\n<meta property=\"og:locale\" content=\"de_DE\" \/>\n<meta property=\"og:type\" content=\"article\" \/>\n<meta property=\"og:title\" content=\"DUNDEE ASTURIAS SCHWARZER STRUTZ\" \/>\n<meta property=\"og:description\" content=\"Strasschuhe mit einzigartigem handgefertigtem Design. Eleganz, Komfort und Klasse bei jedem Schritt. Handgefertigte Qualit\u00e4t von Tony Mora.\" \/>\n<meta property=\"og:url\" content=\"https:\/\/tonymora.com\/de\/produkt\/dundee-asturias-schwarzer-strutz\/\" \/>\n<meta property=\"og:site_name\" content=\"Tony Mora\u00ae Boots Official Store\" \/>\n<meta property=\"article:publisher\" content=\"https:\/\/www.facebook.com\/Tonymoraofficial\/\" \/>\n<meta property=\"article:modified_time\" content=\"2025-08-28T13:23:56+00:00\" \/>\n<meta property=\"og:image\" content=\"https:\/\/tonymora.com\/wp-content\/uploads\/2025\/08\/7-3.png\" \/>\n\t<meta property=\"og:image:width\" content=\"866\" \/>\n\t<meta property=\"og:image:height\" content=\"1032\" \/>\n\t<meta property=\"og:image:type\" content=\"image\/png\" \/>\n<meta name=\"twitter:card\" content=\"summary_large_image\" \/>\n<meta name=\"twitter:label1\" content=\"Gesch\u00e4tzte Lesezeit\" \/>\n\t<meta name=\"twitter:data1\" content=\"1\u00a0Minute\" \/>\n<script type=\"application\/ld+json\" class=\"yoast-schema-graph\">{\"@context\":\"https:\/\/schema.org\",\"@graph\":[{\"@type\":\"WebPage\",\"@id\":\"https:\/\/tonymora.com\/de\/produkt\/dundee-asturias-schwarzer-strutz\/\",\"url\":\"https:\/\/tonymora.com\/de\/produkt\/dundee-asturias-schwarzer-strutz\/\",\"name\":\"DUNDEE ASTURIAS SCHWARZER STRUTZ\",\"isPartOf\":{\"@id\":\"https:\/\/tonymora.com\/de\/#website\"},\"primaryImageOfPage\":{\"@id\":\"https:\/\/tonymora.com\/de\/produkt\/dundee-asturias-schwarzer-strutz\/#primaryimage\"},\"image\":{\"@id\":\"https:\/\/tonymora.com\/de\/produkt\/dundee-asturias-schwarzer-strutz\/#primaryimage\"},\"thumbnailUrl\":\"https:\/\/tonymora.com\/wp-content\/uploads\/2025\/08\/7-3.png\",\"datePublished\":\"2025-08-28T12:29:58+00:00\",\"dateModified\":\"2025-08-28T13:23:56+00:00\",\"description\":\"Strasschuhe mit einzigartigem handgefertigtem Design. Eleganz, Komfort und Klasse bei jedem Schritt. Handgefertigte Qualit\u00e4t von Tony Mora.\",\"breadcrumb\":{\"@id\":\"https:\/\/tonymora.com\/de\/produkt\/dundee-asturias-schwarzer-strutz\/#breadcrumb\"},\"inLanguage\":\"de\",\"potentialAction\":[{\"@type\":\"ReadAction\",\"target\":[\"https:\/\/tonymora.com\/de\/produkt\/dundee-asturias-schwarzer-strutz\/\"]}]},{\"@type\":\"ImageObject\",\"inLanguage\":\"de\",\"@id\":\"https:\/\/tonymora.com\/de\/produkt\/dundee-asturias-schwarzer-strutz\/#primaryimage\",\"url\":\"https:\/\/tonymora.com\/wp-content\/uploads\/2025\/08\/7-3.png\",\"contentUrl\":\"https:\/\/tonymora.com\/wp-content\/uploads\/2025\/08\/7-3.png\",\"width\":866,\"height\":1032},{\"@type\":\"BreadcrumbList\",\"@id\":\"https:\/\/tonymora.com\/de\/produkt\/dundee-asturias-schwarzer-strutz\/#breadcrumb\",\"itemListElement\":[{\"@type\":\"ListItem\",\"position\":1,\"name\":\"Portada\",\"item\":\"https:\/\/tonymora.com\/de\/\"},{\"@type\":\"ListItem\",\"position\":2,\"name\":\"Shop\",\"item\":\"https:\/\/tonymora.com\/de\/shop\/\"},{\"@type\":\"ListItem\",\"position\":3,\"name\":\"Herren\",\"item\":\"https:\/\/tonymora.com\/de\/produkt-kategorie\/herren\/\"},{\"@type\":\"ListItem\",\"position\":4,\"name\":\"DUNDEE ASTURIAS SCHWARZER STRUTZ\"}]},{\"@type\":\"WebSite\",\"@id\":\"https:\/\/tonymora.com\/de\/#website\",\"url\":\"https:\/\/tonymora.com\/de\/\",\"name\":\"Tony Mora\u00ae Boots Official Store\",\"description\":\"Cowboy Boots\",\"publisher\":{\"@id\":\"https:\/\/tonymora.com\/de\/#organization\"},\"potentialAction\":[{\"@type\":\"SearchAction\",\"target\":{\"@type\":\"EntryPoint\",\"urlTemplate\":\"https:\/\/tonymora.com\/de\/?s={search_term_string}\"},\"query-input\":{\"@type\":\"PropertyValueSpecification\",\"valueRequired\":true,\"valueName\":\"search_term_string\"}}],\"inLanguage\":\"de\"},{\"@type\":\"Organization\",\"@id\":\"https:\/\/tonymora.com\/de\/#organization\",\"name\":\"Tony Mora Boots\",\"url\":\"https:\/\/tonymora.com\/de\/\",\"logo\":{\"@type\":\"ImageObject\",\"inLanguage\":\"de\",\"@id\":\"https:\/\/tonymora.com\/de\/#\/schema\/logo\/image\/\",\"url\":\"https:\/\/tonymora.com\/wp-content\/uploads\/2023\/12\/LOGO.jpg\",\"contentUrl\":\"https:\/\/tonymora.com\/wp-content\/uploads\/2023\/12\/LOGO.jpg\",\"width\":2272,\"height\":1411,\"caption\":\"Tony Mora Boots\"},\"image\":{\"@id\":\"https:\/\/tonymora.com\/de\/#\/schema\/logo\/image\/\"},\"sameAs\":[\"https:\/\/www.facebook.com\/Tonymoraofficial\/\",\"https:\/\/www.instagram.com\/tonymoraofficial\/?hl=es\"]}]}<\/script>\n<!-- \/ Yoast SEO plugin. -->","yoast_head_json":{"title":"DUNDEE ASTURIAS SCHWARZER STRUTZ","description":"Strasschuhe mit einzigartigem handgefertigtem Design. Eleganz, Komfort und Klasse bei jedem Schritt. Handgefertigte Qualit\u00e4t von Tony Mora.","robots":{"index":"index","follow":"follow","max-snippet":"max-snippet:-1","max-image-preview":"max-image-preview:large","max-video-preview":"max-video-preview:-1"},"canonical":"https:\/\/tonymora.com\/de\/produkt\/dundee-asturias-schwarzer-strutz\/","og_locale":"de_DE","og_type":"article","og_title":"DUNDEE ASTURIAS SCHWARZER STRUTZ","og_description":"Strasschuhe mit einzigartigem handgefertigtem Design. Eleganz, Komfort und Klasse bei jedem Schritt. Handgefertigte Qualit\u00e4t von Tony Mora.","og_url":"https:\/\/tonymora.com\/de\/produkt\/dundee-asturias-schwarzer-strutz\/","og_site_name":"Tony Mora\u00ae Boots Official Store","article_publisher":"https:\/\/www.facebook.com\/Tonymoraofficial\/","article_modified_time":"2025-08-28T13:23:56+00:00","og_image":[{"width":866,"height":1032,"url":"https:\/\/tonymora.com\/wp-content\/uploads\/2025\/08\/7-3.png","type":"image\/png"}],"twitter_card":"summary_large_image","twitter_misc":{"Gesch\u00e4tzte Lesezeit":"1\u00a0Minute"},"schema":{"@context":"https:\/\/schema.org","@graph":[{"@type":"WebPage","@id":"https:\/\/tonymora.com\/de\/produkt\/dundee-asturias-schwarzer-strutz\/","url":"https:\/\/tonymora.com\/de\/produkt\/dundee-asturias-schwarzer-strutz\/","name":"DUNDEE ASTURIAS SCHWARZER STRUTZ","isPartOf":{"@id":"https:\/\/tonymora.com\/de\/#website"},"primaryImageOfPage":{"@id":"https:\/\/tonymora.com\/de\/produkt\/dundee-asturias-schwarzer-strutz\/#primaryimage"},"image":{"@id":"https:\/\/tonymora.com\/de\/produkt\/dundee-asturias-schwarzer-strutz\/#primaryimage"},"thumbnailUrl":"https:\/\/tonymora.com\/wp-content\/uploads\/2025\/08\/7-3.png","datePublished":"2025-08-28T12:29:58+00:00","dateModified":"2025-08-28T13:23:56+00:00","description":"Strasschuhe mit einzigartigem handgefertigtem Design. Eleganz, Komfort und Klasse bei jedem Schritt. Handgefertigte Qualit\u00e4t von Tony Mora.","breadcrumb":{"@id":"https:\/\/tonymora.com\/de\/produkt\/dundee-asturias-schwarzer-strutz\/#breadcrumb"},"inLanguage":"de","potentialAction":[{"@type":"ReadAction","target":["https:\/\/tonymora.com\/de\/produkt\/dundee-asturias-schwarzer-strutz\/"]}]},{"@type":"ImageObject","inLanguage":"de","@id":"https:\/\/tonymora.com\/de\/produkt\/dundee-asturias-schwarzer-strutz\/#primaryimage","url":"https:\/\/tonymora.com\/wp-content\/uploads\/2025\/08\/7-3.png","contentUrl":"https:\/\/tonymora.com\/wp-content\/uploads\/2025\/08\/7-3.png","width":866,"height":1032},{"@type":"BreadcrumbList","@id":"https:\/\/tonymora.com\/de\/produkt\/dundee-asturias-schwarzer-strutz\/#breadcrumb","itemListElement":[{"@type":"ListItem","position":1,"name":"Portada","item":"https:\/\/tonymora.com\/de\/"},{"@type":"ListItem","position":2,"name":"Shop","item":"https:\/\/tonymora.com\/de\/shop\/"},{"@type":"ListItem","position":3,"name":"Herren","item":"https:\/\/tonymora.com\/de\/produkt-kategorie\/herren\/"},{"@type":"ListItem","position":4,"name":"DUNDEE ASTURIAS SCHWARZER STRUTZ"}]},{"@type":"WebSite","@id":"https:\/\/tonymora.com\/de\/#website","url":"https:\/\/tonymora.com\/de\/","name":"Tony Mora\u00ae Boots Official Store","description":"Cowboy Boots","publisher":{"@id":"https:\/\/tonymora.com\/de\/#organization"},"potentialAction":[{"@type":"SearchAction","target":{"@type":"EntryPoint","urlTemplate":"https:\/\/tonymora.com\/de\/?s={search_term_string}"},"query-input":{"@type":"PropertyValueSpecification","valueRequired":true,"valueName":"search_term_string"}}],"inLanguage":"de"},{"@type":"Organization","@id":"https:\/\/tonymora.com\/de\/#organization","name":"Tony Mora Boots","url":"https:\/\/tonymora.com\/de\/","logo":{"@type":"ImageObject","inLanguage":"de","@id":"https:\/\/tonymora.com\/de\/#\/schema\/logo\/image\/","url":"https:\/\/tonymora.com\/wp-content\/uploads\/2023\/12\/LOGO.jpg","contentUrl":"https:\/\/tonymora.com\/wp-content\/uploads\/2023\/12\/LOGO.jpg","width":2272,"height":1411,"caption":"Tony Mora Boots"},"image":{"@id":"https:\/\/tonymora.com\/de\/#\/schema\/logo\/image\/"},"sameAs":["https:\/\/www.facebook.com\/Tonymoraofficial\/","https:\/\/www.instagram.com\/tonymoraofficial\/?hl=es"]}]}},"_links":{"self":[{"href":"https:\/\/tonymora.com\/de\/wp-json\/wp\/v2\/product\/721273","targetHints":{"allow":["GET"]}}],"collection":[{"href":"https:\/\/tonymora.com\/de\/wp-json\/wp\/v2\/product"}],"about":[{"href":"https:\/\/tonymora.com\/de\/wp-json\/wp\/v2\/types\/product"}],"wp:featuredmedia":[{"embeddable":true,"href":"https:\/\/tonymora.com\/de\/wp-json\/wp\/v2\/media\/721349"}],"wp:attachment":[{"href":"https:\/\/tonymora.com\/de\/wp-json\/wp\/v2\/media?parent=721273"}],"wp:term":[{"taxonomy":"product_brand","embeddable":true,"href":"https:\/\/tonymora.com\/de\/wp-json\/wp\/v2\/product_brand?post=721273"},{"taxonomy":"product_cat","embeddable":true,"href":"https:\/\/tonymora.com\/de\/wp-json\/wp\/v2\/product_cat?post=721273"},{"taxonomy":"product_tag","embeddable":true,"href":"https:\/\/tonymora.com\/de\/wp-json\/wp\/v2\/product_tag?post=721273"}],"curies":[{"name":"wp","href":"https:\/\/api.w.org\/{rel}","templated":true}]}}