{"id":721408,"date":"2025-09-03T15:40:59","date_gmt":"2025-09-03T13:40:59","guid":{"rendered":"https:\/\/tonymora.com\/?post_type=product&#038;p=721408"},"modified":"2025-10-25T16:20:02","modified_gmt":"2025-10-25T14:20:02","slug":"2135-j-lini-gewaschenes-burdeos-serraje-topo","status":"publish","type":"product","link":"https:\/\/tonymora.com\/de\/produkt\/2135-j-lini-gewaschenes-burdeos-serraje-topo\/","title":{"rendered":"2135 J LINI GEWASCHENES BURDEOS \/ SERRAJE TOPO"},"content":{"rendered":"<p>Burgunderrote Lederstiefel mit taupefarbenem Stern: exklusives Design und un\u00fcbertroffener Komfort<\/p>\n<p>Wir pr\u00e4sentieren Ihnen eines unserer ganz besonderen Designs: Stiefel aus hochwertigem burgunderrotem Leder mit einem markanten Detail in Form eines taupefarbenen Sterns aus Spaltleder, der einen eleganten und zeitlosen Kontrast bildet.<\/p>\n<p>Neben ihrer einzigartigen \u00c4sthetik sind sie mit 100 % Kalbsleder gef\u00fcttert, was sie zu bequemen, anpassungsf\u00e4higen und atmungsaktiven Schuhen macht.<\/p>\n<p>Es handelt sich um ein handgen\u00e4htes Modell nach dem \u201eGoodyear-Welted\u201d-Verfahren, das maximale Haltbarkeit und Qualit\u00e4t garantiert.<\/p>\n<p>Ob f\u00fcr einen besonderen Anlass oder als Erg\u00e4nzung zu Ihrem Alltagsstil, diese Stiefel sind eine raffinierte, vielseitige Wahl voller Pers\u00f6nlichkeit.<\/p>\n","protected":false},"excerpt":{"rendered":"<p>Eine markante Silhouette, die jeden Look aufwertet. Ein besonderes Detail, das die Silhouette einzigartig macht.<br \/>\nEin Kleidungsst\u00fcck, das Ihre Pers\u00f6nlichkeit unterstreicht und Ihnen m\u00fchelos Eleganz verleiht.<\/p>\n","protected":false},"featured_media":721432,"template":"","meta":{"_mbp_gutenberg_autopost":false},"product_brand":[],"product_cat":[1174,169,170,167,1141,1135],"product_tag":[],"class_list":{"0":"post-721408","1":"product","2":"type-product","3":"status-publish","4":"has-post-thumbnail","6":"product_cat-black-friday-de","7":"product_cat-casual-damenstiefel","8":"product_cat-cowboystiefel-damen","9":"product_cat-damen","10":"product_cat-lederstiefel-damen","11":"product_cat-rabatte-damenstiefel","13":"first","14":"instock","15":"taxable","16":"shipping-taxable","17":"purchasable","18":"product-type-variable"},"supplier_id":null,"supplier_sku":"","barcode":null,"atum_controlled":true,"out_stock_date":null,"out_stock_threshold":null,"inheritable":true,"inbound_stock":0,"stock_on_hold":3,"sold_today":2,"sales_last_days":3,"reserved_stock":0,"customer_returns":0,"warehouse_damage":0,"lost_in_post":0,"other_logs":0,"out_stock_days":null,"lost_sales":0,"has_location":false,"update_date":"2026-03-26T13:13:55","atum_locations":[],"atum_stock_status":"instock","restock_status":false,"low_stock_amount":"","sales_update_date":"2026-03-26T13:13:55","calc_backorders":null,"yoast_head":"<!-- This site is optimized with the Yoast SEO plugin v27.4 - https:\/\/yoast.com\/product\/yoast-seo-wordpress\/ -->\n<title>2135 J LINI GEWASCHENES BURDEOS \/ SERRAJE TOPO - Tony Mora\u00ae Boots Official Store<\/title>\n<meta name=\"description\" content=\"Wir pr\u00e4sentieren eines unserer ersten Designs, ein gewagtes und l\u00e4ssiges Modell. Dieses Paar ist aus hochwertigem Leder gefertigt und verf\u00fcgt \u00fcbe\" \/>\n<meta name=\"robots\" content=\"index, follow, max-snippet:-1, max-image-preview:large, max-video-preview:-1\" \/>\n<link rel=\"canonical\" href=\"https:\/\/tonymora.com\/de\/produkt\/2135-j-lini-gewaschenes-burdeos-serraje-topo\/\" \/>\n<meta property=\"og:locale\" content=\"de_DE\" \/>\n<meta property=\"og:type\" content=\"article\" \/>\n<meta property=\"og:title\" content=\"2135 J LINI GEWASCHENES BURDEOS \/ SERRAJE TOPO - Tony Mora\u00ae Boots Official Store\" \/>\n<meta property=\"og:description\" content=\"Wir pr\u00e4sentieren eines unserer ersten Designs, ein gewagtes und l\u00e4ssiges Modell. Dieses Paar ist aus hochwertigem Leder gefertigt und verf\u00fcgt \u00fcbe\" \/>\n<meta property=\"og:url\" content=\"https:\/\/tonymora.com\/de\/produkt\/2135-j-lini-gewaschenes-burdeos-serraje-topo\/\" \/>\n<meta property=\"og:site_name\" content=\"Tony Mora\u00ae Boots Official Store\" \/>\n<meta property=\"article:publisher\" content=\"https:\/\/www.facebook.com\/Tonymoraofficial\/\" \/>\n<meta property=\"article:modified_time\" content=\"2025-10-25T14:20:02+00:00\" \/>\n<meta property=\"og:image\" content=\"https:\/\/tonymora.com\/wp-content\/uploads\/2025\/09\/2-671x800.png\" \/>\n\t<meta property=\"og:image:width\" content=\"671\" \/>\n\t<meta property=\"og:image:height\" content=\"800\" \/>\n\t<meta property=\"og:image:type\" content=\"image\/png\" \/>\n<meta name=\"twitter:card\" content=\"summary_large_image\" \/>\n<meta name=\"twitter:label1\" content=\"Gesch\u00e4tzte Lesezeit\" \/>\n\t<meta name=\"twitter:data1\" content=\"1\u00a0Minute\" \/>\n<script type=\"application\/ld+json\" class=\"yoast-schema-graph\">{\"@context\":\"https:\\\/\\\/schema.org\",\"@graph\":[{\"@type\":\"WebPage\",\"@id\":\"https:\\\/\\\/tonymora.com\\\/de\\\/produkt\\\/2135-j-lini-gewaschenes-burdeos-serraje-topo\\\/\",\"url\":\"https:\\\/\\\/tonymora.com\\\/de\\\/produkt\\\/2135-j-lini-gewaschenes-burdeos-serraje-topo\\\/\",\"name\":\"2135 J LINI GEWASCHENES BURDEOS \\\/ SERRAJE TOPO - Tony Mora\u00ae Boots Official Store\",\"isPartOf\":{\"@id\":\"https:\\\/\\\/tonymora.com\\\/de\\\/#website\"},\"primaryImageOfPage\":{\"@id\":\"https:\\\/\\\/tonymora.com\\\/de\\\/produkt\\\/2135-j-lini-gewaschenes-burdeos-serraje-topo\\\/#primaryimage\"},\"image\":{\"@id\":\"https:\\\/\\\/tonymora.com\\\/de\\\/produkt\\\/2135-j-lini-gewaschenes-burdeos-serraje-topo\\\/#primaryimage\"},\"thumbnailUrl\":\"https:\\\/\\\/tonymora.com\\\/wp-content\\\/uploads\\\/2025\\\/09\\\/2.png\",\"datePublished\":\"2025-09-03T13:40:59+00:00\",\"dateModified\":\"2025-10-25T14:20:02+00:00\",\"description\":\"Wir pr\u00e4sentieren eines unserer ersten Designs, ein gewagtes und l\u00e4ssiges Modell. Dieses Paar ist aus hochwertigem Leder gefertigt und verf\u00fcgt \u00fcbe\",\"breadcrumb\":{\"@id\":\"https:\\\/\\\/tonymora.com\\\/de\\\/produkt\\\/2135-j-lini-gewaschenes-burdeos-serraje-topo\\\/#breadcrumb\"},\"inLanguage\":\"de\",\"potentialAction\":[{\"@type\":\"ReadAction\",\"target\":[\"https:\\\/\\\/tonymora.com\\\/de\\\/produkt\\\/2135-j-lini-gewaschenes-burdeos-serraje-topo\\\/\"]}]},{\"@type\":\"ImageObject\",\"inLanguage\":\"de\",\"@id\":\"https:\\\/\\\/tonymora.com\\\/de\\\/produkt\\\/2135-j-lini-gewaschenes-burdeos-serraje-topo\\\/#primaryimage\",\"url\":\"https:\\\/\\\/tonymora.com\\\/wp-content\\\/uploads\\\/2025\\\/09\\\/2.png\",\"contentUrl\":\"https:\\\/\\\/tonymora.com\\\/wp-content\\\/uploads\\\/2025\\\/09\\\/2.png\",\"width\":1191,\"height\":1419},{\"@type\":\"BreadcrumbList\",\"@id\":\"https:\\\/\\\/tonymora.com\\\/de\\\/produkt\\\/2135-j-lini-gewaschenes-burdeos-serraje-topo\\\/#breadcrumb\",\"itemListElement\":[{\"@type\":\"ListItem\",\"position\":1,\"name\":\"Portada\",\"item\":\"https:\\\/\\\/tonymora.com\\\/de\\\/\"},{\"@type\":\"ListItem\",\"position\":2,\"name\":\"Shop\",\"item\":\"https:\\\/\\\/tonymora.com\\\/de\\\/shop\\\/\"},{\"@type\":\"ListItem\",\"position\":3,\"name\":\"Rabatte Damenstiefel\",\"item\":\"https:\\\/\\\/tonymora.com\\\/de\\\/produkt-kategorie\\\/rabatte-damenstiefel\\\/\"},{\"@type\":\"ListItem\",\"position\":4,\"name\":\"Lederstiefel Damen\",\"item\":\"https:\\\/\\\/tonymora.com\\\/de\\\/produkt-kategorie\\\/rabatte-damenstiefel\\\/lederstiefel-damen\\\/\"},{\"@type\":\"ListItem\",\"position\":5,\"name\":\"2135 J LINI GEWASCHENES BURDEOS \\\/ SERRAJE TOPO\"}]},{\"@type\":\"WebSite\",\"@id\":\"https:\\\/\\\/tonymora.com\\\/de\\\/#website\",\"url\":\"https:\\\/\\\/tonymora.com\\\/de\\\/\",\"name\":\"Tony Mora\u00ae Boots Official Store\",\"description\":\"Cowboy Boots\",\"publisher\":{\"@id\":\"https:\\\/\\\/tonymora.com\\\/de\\\/#organization\"},\"potentialAction\":[{\"@type\":\"SearchAction\",\"target\":{\"@type\":\"EntryPoint\",\"urlTemplate\":\"https:\\\/\\\/tonymora.com\\\/de\\\/?s={search_term_string}\"},\"query-input\":{\"@type\":\"PropertyValueSpecification\",\"valueRequired\":true,\"valueName\":\"search_term_string\"}}],\"inLanguage\":\"de\"},{\"@type\":\"Organization\",\"@id\":\"https:\\\/\\\/tonymora.com\\\/de\\\/#organization\",\"name\":\"Tony Mora Boots\",\"url\":\"https:\\\/\\\/tonymora.com\\\/de\\\/\",\"logo\":{\"@type\":\"ImageObject\",\"inLanguage\":\"de\",\"@id\":\"https:\\\/\\\/tonymora.com\\\/de\\\/#\\\/schema\\\/logo\\\/image\\\/\",\"url\":\"https:\\\/\\\/tonymora.com\\\/wp-content\\\/uploads\\\/2023\\\/12\\\/LOGO.jpg\",\"contentUrl\":\"https:\\\/\\\/tonymora.com\\\/wp-content\\\/uploads\\\/2023\\\/12\\\/LOGO.jpg\",\"width\":2272,\"height\":1411,\"caption\":\"Tony Mora Boots\"},\"image\":{\"@id\":\"https:\\\/\\\/tonymora.com\\\/de\\\/#\\\/schema\\\/logo\\\/image\\\/\"},\"sameAs\":[\"https:\\\/\\\/www.facebook.com\\\/Tonymoraofficial\\\/\",\"https:\\\/\\\/www.instagram.com\\\/tonymoraofficial\\\/?hl=es\"]}]}<\/script>\n<!-- \/ Yoast SEO plugin. -->","yoast_head_json":{"title":"2135 J LINI GEWASCHENES BURDEOS \/ SERRAJE TOPO - Tony Mora\u00ae Boots Official Store","description":"Wir pr\u00e4sentieren eines unserer ersten Designs, ein gewagtes und l\u00e4ssiges Modell. Dieses Paar ist aus hochwertigem Leder gefertigt und verf\u00fcgt \u00fcbe","robots":{"index":"index","follow":"follow","max-snippet":"max-snippet:-1","max-image-preview":"max-image-preview:large","max-video-preview":"max-video-preview:-1"},"canonical":"https:\/\/tonymora.com\/de\/produkt\/2135-j-lini-gewaschenes-burdeos-serraje-topo\/","og_locale":"de_DE","og_type":"article","og_title":"2135 J LINI GEWASCHENES BURDEOS \/ SERRAJE TOPO - Tony Mora\u00ae Boots Official Store","og_description":"Wir pr\u00e4sentieren eines unserer ersten Designs, ein gewagtes und l\u00e4ssiges Modell. Dieses Paar ist aus hochwertigem Leder gefertigt und verf\u00fcgt \u00fcbe","og_url":"https:\/\/tonymora.com\/de\/produkt\/2135-j-lini-gewaschenes-burdeos-serraje-topo\/","og_site_name":"Tony Mora\u00ae Boots Official Store","article_publisher":"https:\/\/www.facebook.com\/Tonymoraofficial\/","article_modified_time":"2025-10-25T14:20:02+00:00","og_image":[{"width":671,"height":800,"url":"https:\/\/tonymora.com\/wp-content\/uploads\/2025\/09\/2-671x800.png","type":"image\/png"}],"twitter_card":"summary_large_image","twitter_misc":{"Gesch\u00e4tzte Lesezeit":"1\u00a0Minute"},"schema":{"@context":"https:\/\/schema.org","@graph":[{"@type":"WebPage","@id":"https:\/\/tonymora.com\/de\/produkt\/2135-j-lini-gewaschenes-burdeos-serraje-topo\/","url":"https:\/\/tonymora.com\/de\/produkt\/2135-j-lini-gewaschenes-burdeos-serraje-topo\/","name":"2135 J LINI GEWASCHENES BURDEOS \/ SERRAJE TOPO - Tony Mora\u00ae Boots Official Store","isPartOf":{"@id":"https:\/\/tonymora.com\/de\/#website"},"primaryImageOfPage":{"@id":"https:\/\/tonymora.com\/de\/produkt\/2135-j-lini-gewaschenes-burdeos-serraje-topo\/#primaryimage"},"image":{"@id":"https:\/\/tonymora.com\/de\/produkt\/2135-j-lini-gewaschenes-burdeos-serraje-topo\/#primaryimage"},"thumbnailUrl":"https:\/\/tonymora.com\/wp-content\/uploads\/2025\/09\/2.png","datePublished":"2025-09-03T13:40:59+00:00","dateModified":"2025-10-25T14:20:02+00:00","description":"Wir pr\u00e4sentieren eines unserer ersten Designs, ein gewagtes und l\u00e4ssiges Modell. Dieses Paar ist aus hochwertigem Leder gefertigt und verf\u00fcgt \u00fcbe","breadcrumb":{"@id":"https:\/\/tonymora.com\/de\/produkt\/2135-j-lini-gewaschenes-burdeos-serraje-topo\/#breadcrumb"},"inLanguage":"de","potentialAction":[{"@type":"ReadAction","target":["https:\/\/tonymora.com\/de\/produkt\/2135-j-lini-gewaschenes-burdeos-serraje-topo\/"]}]},{"@type":"ImageObject","inLanguage":"de","@id":"https:\/\/tonymora.com\/de\/produkt\/2135-j-lini-gewaschenes-burdeos-serraje-topo\/#primaryimage","url":"https:\/\/tonymora.com\/wp-content\/uploads\/2025\/09\/2.png","contentUrl":"https:\/\/tonymora.com\/wp-content\/uploads\/2025\/09\/2.png","width":1191,"height":1419},{"@type":"BreadcrumbList","@id":"https:\/\/tonymora.com\/de\/produkt\/2135-j-lini-gewaschenes-burdeos-serraje-topo\/#breadcrumb","itemListElement":[{"@type":"ListItem","position":1,"name":"Portada","item":"https:\/\/tonymora.com\/de\/"},{"@type":"ListItem","position":2,"name":"Shop","item":"https:\/\/tonymora.com\/de\/shop\/"},{"@type":"ListItem","position":3,"name":"Rabatte Damenstiefel","item":"https:\/\/tonymora.com\/de\/produkt-kategorie\/rabatte-damenstiefel\/"},{"@type":"ListItem","position":4,"name":"Lederstiefel Damen","item":"https:\/\/tonymora.com\/de\/produkt-kategorie\/rabatte-damenstiefel\/lederstiefel-damen\/"},{"@type":"ListItem","position":5,"name":"2135 J LINI GEWASCHENES BURDEOS \/ SERRAJE TOPO"}]},{"@type":"WebSite","@id":"https:\/\/tonymora.com\/de\/#website","url":"https:\/\/tonymora.com\/de\/","name":"Tony Mora\u00ae Boots Official Store","description":"Cowboy Boots","publisher":{"@id":"https:\/\/tonymora.com\/de\/#organization"},"potentialAction":[{"@type":"SearchAction","target":{"@type":"EntryPoint","urlTemplate":"https:\/\/tonymora.com\/de\/?s={search_term_string}"},"query-input":{"@type":"PropertyValueSpecification","valueRequired":true,"valueName":"search_term_string"}}],"inLanguage":"de"},{"@type":"Organization","@id":"https:\/\/tonymora.com\/de\/#organization","name":"Tony Mora Boots","url":"https:\/\/tonymora.com\/de\/","logo":{"@type":"ImageObject","inLanguage":"de","@id":"https:\/\/tonymora.com\/de\/#\/schema\/logo\/image\/","url":"https:\/\/tonymora.com\/wp-content\/uploads\/2023\/12\/LOGO.jpg","contentUrl":"https:\/\/tonymora.com\/wp-content\/uploads\/2023\/12\/LOGO.jpg","width":2272,"height":1411,"caption":"Tony Mora Boots"},"image":{"@id":"https:\/\/tonymora.com\/de\/#\/schema\/logo\/image\/"},"sameAs":["https:\/\/www.facebook.com\/Tonymoraofficial\/","https:\/\/www.instagram.com\/tonymoraofficial\/?hl=es"]}]}},"_links":{"self":[{"href":"https:\/\/tonymora.com\/de\/wp-json\/wp\/v2\/product\/721408","targetHints":{"allow":["GET"]}}],"collection":[{"href":"https:\/\/tonymora.com\/de\/wp-json\/wp\/v2\/product"}],"about":[{"href":"https:\/\/tonymora.com\/de\/wp-json\/wp\/v2\/types\/product"}],"wp:featuredmedia":[{"embeddable":true,"href":"https:\/\/tonymora.com\/de\/wp-json\/wp\/v2\/media\/721432"}],"wp:attachment":[{"href":"https:\/\/tonymora.com\/de\/wp-json\/wp\/v2\/media?parent=721408"}],"wp:term":[{"taxonomy":"product_brand","embeddable":true,"href":"https:\/\/tonymora.com\/de\/wp-json\/wp\/v2\/product_brand?post=721408"},{"taxonomy":"product_cat","embeddable":true,"href":"https:\/\/tonymora.com\/de\/wp-json\/wp\/v2\/product_cat?post=721408"},{"taxonomy":"product_tag","embeddable":true,"href":"https:\/\/tonymora.com\/de\/wp-json\/wp\/v2\/product_tag?post=721408"}],"curies":[{"name":"wp","href":"https:\/\/api.w.org\/{rel}","templated":true}]}}