{"id":722836,"date":"2026-02-16T17:22:49","date_gmt":"2026-02-16T16:22:49","guid":{"rendered":"https:\/\/tonymora.com\/?post_type=product&#038;p=722836"},"modified":"2026-05-11T19:24:43","modified_gmt":"2026-05-11T17:24:43","slug":"2138-j-lini-palermo-braun","status":"publish","type":"product","link":"https:\/\/tonymora.com\/de\/produkt\/2138-j-lini-palermo-braun\/","title":{"rendered":"2138 J LINI PALERMO BRAUN"},"content":{"rendered":"<p>Eine Explosion der Farben! Wir pr\u00e4sentieren Ihnen unser Stiefelmodell Tony Mora mit mehrfarbigen Blumen, die auf jedes St\u00fcck gestickt sind. Perfekt zu kombinieren mit Ihrem Ibiza-Kleid, Ihrer Jeans oder jedem anderen Outfit, das Sie w\u00e4hlen. Diese Stiefel werden nicht unbemerkt bleiben und werden sicherlich der Kommentar von jedem sein: Wow, was f\u00fcr Stiefel! Sie werden sich immer an sie erinnern. Gehen Sie mit ihnen auf Reisen und genie\u00dfen Sie 100% handgefertigte Qualit\u00e4t, handgefertigt mit dem Goodyear-System, das einen hohen Tragekomfort garantiert.<\/p>\n<p>&nbsp;<\/p>\n","protected":false},"excerpt":{"rendered":"<p>Nat\u00fcrliche Eleganz in einer Silhouette, die alle Blicke auf sich zieht. Eine klare und raffinierte Silhouette, die sich vielseitig kombinieren l\u00e4sst.<br \/>\nEntworfen f\u00fcr alle, die Eleganz als Lebenseinstellung verstehen.<\/p>\n","protected":false},"featured_media":722845,"template":"","meta":{"_mbp_gutenberg_autopost":false},"product_brand":[],"product_cat":[1174,169,167,1141,1135],"product_tag":[],"class_list":{"0":"post-722836","1":"product","2":"type-product","3":"status-publish","4":"has-post-thumbnail","6":"product_cat-black-friday-de","7":"product_cat-casual-damenstiefel","8":"product_cat-damen","9":"product_cat-lederstiefel-damen","10":"product_cat-rabatte-damenstiefel","12":"first","13":"instock","14":"taxable","15":"shipping-taxable","16":"purchasable","17":"product-type-variable"},"_links":{"self":[{"href":"https:\/\/tonymora.com\/de\/wp-json\/wp\/v2\/product\/722836","targetHints":{"allow":["GET"]}}],"collection":[{"href":"https:\/\/tonymora.com\/de\/wp-json\/wp\/v2\/product"}],"about":[{"href":"https:\/\/tonymora.com\/de\/wp-json\/wp\/v2\/types\/product"}],"wp:featuredmedia":[{"embeddable":true,"href":"https:\/\/tonymora.com\/de\/wp-json\/wp\/v2\/media\/722845"}],"wp:attachment":[{"href":"https:\/\/tonymora.com\/de\/wp-json\/wp\/v2\/media?parent=722836"}],"wp:term":[{"taxonomy":"product_brand","embeddable":true,"href":"https:\/\/tonymora.com\/de\/wp-json\/wp\/v2\/product_brand?post=722836"},{"taxonomy":"product_cat","embeddable":true,"href":"https:\/\/tonymora.com\/de\/wp-json\/wp\/v2\/product_cat?post=722836"},{"taxonomy":"product_tag","embeddable":true,"href":"https:\/\/tonymora.com\/de\/wp-json\/wp\/v2\/product_tag?post=722836"}],"curies":[{"name":"wp","href":"https:\/\/api.w.org\/{rel}","templated":true}]}}