{"id":723530,"date":"2026-03-22T22:00:43","date_gmt":"2026-03-22T21:00:43","guid":{"rendered":"https:\/\/tonymora.com\/?post_type=product&#038;p=723530"},"modified":"2026-03-28T02:52:30","modified_gmt":"2026-03-28T01:52:30","slug":"handgefertigter-lederguertel-dunkelbraun-gravur-tony-mora-2030","status":"publish","type":"product","link":"https:\/\/tonymora.com\/de\/produkt\/handgefertigter-lederguertel-dunkelbraun-gravur-tony-mora-2030\/","title":{"rendered":"2030 GRABADO BECERRO"},"content":{"rendered":"<p><span style=\"font-weight: 400;\">Manche Accessoires fl\u00fcstern. Dieses hier spricht mit Nachdruck. Der handgefertigte Lederg\u00fcrtel von Tony Mora ref. 2030 ist ein St\u00fcck mit unverkennbarem Charakter \u2014 in aufw\u00e4ndiger Handarbeit auf Mallorca aus hochwertigem doppellagigem Echtleder gefertigt. Der warme, tiefe Braunton wird durch einen subtilen T\u00fcrkis-Akzent veredelt, der als stilles Markenzeichen wirkt, w\u00e4hrend die breite, tief eingravierte Reliefpr\u00e4gung handwerkliche Meisterschaft zeigt, die keine Maschine replizieren kann.<\/span><\/p>\n<p><span style=\"font-weight: 400;\">Ein Lederg\u00fcrtel mit echter Pr\u00e4senz \u2014 kraftvoll, solide und tief in der Handwerkstradition verwurzelt. Die feste Schnalle im Antik-Silber-Look rundet das Gesamtbild mit einem zeitlosen, rustikalen Finish ab.<\/span><\/p>\n<p><span style=\"font-weight: 400;\">\u2714 Handgefertigt auf Mallorca, Spanien \u2714 Hochwertiges doppellagiges Echtleder \u2714 Breite Tiefpr\u00e4gung mit ausgepr\u00e4gtem Relief \u2714 Subtiler T\u00fcrkis-Akzent als besonderes Detail \u2714 Feste Schnalle im Antik-Silber-Look \u2714 Traditioneller Stil mit unverkennbarem Charakter<\/span><\/p>\n<p><b>F\u00fcr alle, die das Authentische sch\u00e4tzen \u2014 ein handgefertigter Lederg\u00fcrtel, der mit der Zeit nur besser wird.<\/b><\/p>\n","protected":false},"excerpt":{"rendered":"<p><span style=\"font-weight: 400;\">Manche Accessoires fl\u00fcstern. Dieses hier spricht mit Nachdruck. Der handgefertigte Lederg\u00fcrtel von Tony Mora ref. 2030 ist ein St\u00fcck mit unverkennbarem Charakter \u2014 in aufw\u00e4ndiger Handarbeit auf Mallorca aus hochwertigem doppellagigem Echtleder gefertigt. Der warme, tiefe Braunton wird durch einen subtilen T\u00fcrkis-Akzent veredelt, der als stilles Markenzeichen wirkt, w\u00e4hrend die breite, tief eingravierte Reliefpr\u00e4gung handwerkliche Meisterschaft zeigt, die keine Maschine replizieren kann.<\/span><\/p>\n<p><span style=\"font-weight: 400;\">Ein Lederg\u00fcrtel mit echter Pr\u00e4senz \u2014 kraftvoll, solide und tief in der Handwerkstradition verwurzelt. Die feste Schnalle im Antik-Silber-Look rundet das Gesamtbild mit einem zeitlosen, rustikalen Finish ab.<\/span><\/p>\n<p><span style=\"font-weight: 400;\">\u2714 Handgefertigt auf Mallorca, Spanien \u2714 Hochwertiges doppellagiges Echtleder \u2714 Breite Tiefpr\u00e4gung mit ausgepr\u00e4gtem Relief \u2714 Subtiler T\u00fcrkis-Akzent als besonderes Detail \u2714 Feste Schnalle im Antik-Silber-Look \u2714 Traditioneller Stil mit unverkennbarem Charakter<\/span><\/p>\n<p><b>F\u00fcr alle, die das Authentische sch\u00e4tzen \u2014 ein handgefertigter Lederg\u00fcrtel, der mit der Zeit nur besser wird.<\/b><\/p>\n","protected":false},"featured_media":723953,"template":"","meta":{"_mbp_gutenberg_autopost":false},"product_brand":[],"product_cat":[1174,167,1156],"product_tag":[],"class_list":{"0":"post-723530","1":"product","2":"type-product","3":"status-publish","4":"has-post-thumbnail","6":"product_cat-black-friday-de","7":"product_cat-damen","8":"product_cat-damen-ledergurtel","10":"first","11":"instock","12":"taxable","13":"shipping-taxable","14":"purchasable","15":"product-type-variable"},"_links":{"self":[{"href":"https:\/\/tonymora.com\/de\/wp-json\/wp\/v2\/product\/723530","targetHints":{"allow":["GET"]}}],"collection":[{"href":"https:\/\/tonymora.com\/de\/wp-json\/wp\/v2\/product"}],"about":[{"href":"https:\/\/tonymora.com\/de\/wp-json\/wp\/v2\/types\/product"}],"wp:featuredmedia":[{"embeddable":true,"href":"https:\/\/tonymora.com\/de\/wp-json\/wp\/v2\/media\/723953"}],"wp:attachment":[{"href":"https:\/\/tonymora.com\/de\/wp-json\/wp\/v2\/media?parent=723530"}],"wp:term":[{"taxonomy":"product_brand","embeddable":true,"href":"https:\/\/tonymora.com\/de\/wp-json\/wp\/v2\/product_brand?post=723530"},{"taxonomy":"product_cat","embeddable":true,"href":"https:\/\/tonymora.com\/de\/wp-json\/wp\/v2\/product_cat?post=723530"},{"taxonomy":"product_tag","embeddable":true,"href":"https:\/\/tonymora.com\/de\/wp-json\/wp\/v2\/product_tag?post=723530"}],"curies":[{"name":"wp","href":"https:\/\/api.w.org\/{rel}","templated":true}]}}