{"id":723664,"date":"2026-03-22T22:37:10","date_gmt":"2026-03-22T21:37:10","guid":{"rendered":"https:\/\/tonymora.com\/?post_type=product&#038;p=723664"},"modified":"2026-03-28T02:46:29","modified_gmt":"2026-03-28T01:46:29","slug":"handgefertigter-western-lederguertel-felleffekt-tony-mora-2033","status":"publish","type":"product","link":"https:\/\/tonymora.com\/de\/produkt\/handgefertigter-western-lederguertel-felleffekt-tony-mora-2033\/","title":{"rendered":"2033 GRABADO BECERRO"},"content":{"rendered":"<p><span style=\"font-weight: 400;\">F\u00fcr alle, die den freien Geist in sich tragen. Der handgefertigte Western-Lederg\u00fcrtel von Tony Mora ist ein Einzelst\u00fcck mit unverwechselbarem Charakter \u2014 in aufw\u00e4ndiger Handarbeit auf Mallorca aus hochwertigem doppellagigem Echtleder gefertigt. Das ornamentale Western-Pr\u00e4gungsmuster in nat\u00fcrlichem Lederbraun huldigt der authentischen Cowboy-Tradition, w\u00e4hrend die zentrale Felleinlage eine markante Textur und einen starken visuellen Kontrast erzeugt, der diesen G\u00fcrtel zu etwas wirklich Besonderem macht.<\/span><\/p>\n<p><span style=\"font-weight: 400;\">Die feste Schnalle im Antik-Silber-Look rundet ein St\u00fcck ab, das in jedem Detail Pers\u00f6nlichkeit ausstrahlt \u2014 der perfekte Begleiter f\u00fcr Cowboy-, Boho- und Festival-Looks.<\/span><\/p>\n<p><span style=\"font-weight: 400;\">\u2714 Handgefertigt auf Mallorca, Spanien \u2714 Hochwertiges doppellagiges Echtleder \u2714 Ornamentales Western-Pr\u00e4gungsmuster \u2714 Zentrale Felleinlage f\u00fcr kr\u00e4ftige Textur \u2714 Feste Schnalle im Antik-Silber-Look \u2714 Ideal f\u00fcr Cowboy-, Boho- &amp; Festival-Style<\/span><\/p>\n<p><b>Trage den Geist des Westens \u2014 mit der handwerklichen Qualit\u00e4t, die nur Tony Mora bieten kann.<\/b><\/p>\n","protected":false},"excerpt":{"rendered":"<p><span style=\"font-weight: 400;\">F\u00fcr alle, die den freien Geist in sich tragen. Der handgefertigte Western-Lederg\u00fcrtel von Tony Mora ist ein Einzelst\u00fcck mit unverwechselbarem Charakter \u2014 in aufw\u00e4ndiger Handarbeit auf Mallorca aus hochwertigem doppellagigem Echtleder gefertigt. Das ornamentale Western-Pr\u00e4gungsmuster in nat\u00fcrlichem Lederbraun huldigt der authentischen Cowboy-Tradition, w\u00e4hrend die zentrale Felleinlage eine markante Textur und einen starken visuellen Kontrast erzeugt, der diesen G\u00fcrtel zu etwas wirklich Besonderem macht.<\/span><\/p>\n<p><span style=\"font-weight: 400;\">Die feste Schnalle im Antik-Silber-Look rundet ein St\u00fcck ab, das in jedem Detail Pers\u00f6nlichkeit ausstrahlt \u2014 der perfekte Begleiter f\u00fcr Cowboy-, Boho- und Festival-Looks.<\/span><\/p>\n<p><span style=\"font-weight: 400;\">\u2714 Handgefertigt auf Mallorca, Spanien \u2714 Hochwertiges doppellagiges Echtleder \u2714 Ornamentales Western-Pr\u00e4gungsmuster \u2714 Zentrale Felleinlage f\u00fcr kr\u00e4ftige Textur \u2714 Feste Schnalle im Antik-Silber-Look \u2714 Ideal f\u00fcr Cowboy-, Boho- &amp; Festival-Style<\/span><\/p>\n<p><b>Trage den Geist des Westens \u2014 mit der handwerklichen Qualit\u00e4t, die nur Tony Mora bieten kann.<\/b><\/p>\n","protected":false},"featured_media":723947,"template":"","meta":{"_mbp_gutenberg_autopost":false},"product_brand":[],"product_cat":[1174,167,1156],"product_tag":[],"class_list":{"0":"post-723664","1":"product","2":"type-product","3":"status-publish","4":"has-post-thumbnail","6":"product_cat-black-friday-de","7":"product_cat-damen","8":"product_cat-damen-ledergurtel","10":"first","11":"instock","12":"taxable","13":"shipping-taxable","14":"purchasable","15":"product-type-variable"},"_links":{"self":[{"href":"https:\/\/tonymora.com\/de\/wp-json\/wp\/v2\/product\/723664","targetHints":{"allow":["GET"]}}],"collection":[{"href":"https:\/\/tonymora.com\/de\/wp-json\/wp\/v2\/product"}],"about":[{"href":"https:\/\/tonymora.com\/de\/wp-json\/wp\/v2\/types\/product"}],"wp:featuredmedia":[{"embeddable":true,"href":"https:\/\/tonymora.com\/de\/wp-json\/wp\/v2\/media\/723947"}],"wp:attachment":[{"href":"https:\/\/tonymora.com\/de\/wp-json\/wp\/v2\/media?parent=723664"}],"wp:term":[{"taxonomy":"product_brand","embeddable":true,"href":"https:\/\/tonymora.com\/de\/wp-json\/wp\/v2\/product_brand?post=723664"},{"taxonomy":"product_cat","embeddable":true,"href":"https:\/\/tonymora.com\/de\/wp-json\/wp\/v2\/product_cat?post=723664"},{"taxonomy":"product_tag","embeddable":true,"href":"https:\/\/tonymora.com\/de\/wp-json\/wp\/v2\/product_tag?post=723664"}],"curies":[{"name":"wp","href":"https:\/\/api.w.org\/{rel}","templated":true}]}}