{"id":723728,"date":"2026-03-22T22:56:39","date_gmt":"2026-03-22T21:56:39","guid":{"rendered":"https:\/\/tonymora.com\/?post_type=product&#038;p=723728"},"modified":"2026-03-28T02:43:44","modified_gmt":"2026-03-28T01:43:44","slug":"handgefertigter-damen-lederguertel-blumen-braun-tony-mora-4001","status":"publish","type":"product","link":"https:\/\/tonymora.com\/de\/produkt\/handgefertigter-damen-lederguertel-blumen-braun-tony-mora-4001\/","title":{"rendered":"4001 GRABADO BECERRO"},"content":{"rendered":"<p><span style=\"font-weight: 400;\">Entdecke den handgefertigten Lederg\u00fcrtel von Tony Mora \u2013 ein einzigartiges Accessoire, das auf Mallorca in traditioneller Handarbeit aus hochwertigem doppellagigem Echtleder gefertigt wird. Dieser Dameng\u00fcrtel vereint eine warme braune Lederbasis mit kontrastierenden floralen G\u00e4nsebl\u00fcmchen-Applikationen und schafft so ein ausdrucksstarkes, aber harmonisches Design.<\/span><\/p>\n<p><span style=\"font-weight: 400;\">Jedes Detail zeugt von meisterhafter Handwerkskunst: vom makellosen Finish bis zur festen Schnalle im Antik-Silber-Look, die einen zeitlosen Vintage-Charme verleiht. Ob zum Alltags-Outfit, zum Kleid oder zum Festival-Look \u2013 dieser Lederg\u00fcrtel f\u00fcr Damen setzt das i-T\u00fcpfelchen auf jeden Style.<\/span><\/p>\n<p><span style=\"font-weight: 400;\">\u2714 Handgefertigt auf Mallorca, Spanien \u2714 Hochwertiges doppellagiges Echtleder \u2714 Florale Applikationen mit Antik-Silber-Schnalle \u2714 Exklusives Design mit Premium-Finish<\/span><\/p>\n<p><b>Ein handgefertigter Lederg\u00fcrtel, der deinen Look nicht nur vervollst\u00e4ndigt \u2013 sondern ihn unvergesslich macht.<\/b><\/p>\n","protected":false},"excerpt":{"rendered":"<p><span style=\"font-weight: 400;\">Entdecke den handgefertigten Lederg\u00fcrtel von Tony Mora \u2013 ein einzigartiges Accessoire, das auf Mallorca in traditioneller Handarbeit aus hochwertigem doppellagigem Echtleder gefertigt wird. Dieser Dameng\u00fcrtel vereint eine warme braune Lederbasis mit kontrastierenden floralen G\u00e4nsebl\u00fcmchen-Applikationen und schafft so ein ausdrucksstarkes, aber harmonisches Design.<\/span><\/p>\n<p><span style=\"font-weight: 400;\">Jedes Detail zeugt von meisterhafter Handwerkskunst: vom makellosen Finish bis zur festen Schnalle im Antik-Silber-Look, die einen zeitlosen Vintage-Charme verleiht. Ob zum Alltags-Outfit, zum Kleid oder zum Festival-Look \u2013 dieser Lederg\u00fcrtel f\u00fcr Damen setzt das i-T\u00fcpfelchen auf jeden Style.<\/span><\/p>\n<p><span style=\"font-weight: 400;\">\u2714 Handgefertigt auf Mallorca, Spanien \u2714 Hochwertiges doppellagiges Echtleder \u2714 Florale Applikationen mit Antik-Silber-Schnalle \u2714 Exklusives Design mit Premium-Finish<\/span><\/p>\n<p><b>Ein handgefertigter Lederg\u00fcrtel, der deinen Look nicht nur vervollst\u00e4ndigt \u2013 sondern ihn unvergesslich macht.<\/b><\/p>\n","protected":false},"featured_media":723944,"template":"","meta":{"_mbp_gutenberg_autopost":false},"product_brand":[],"product_cat":[1174,167,1156],"product_tag":[],"class_list":{"0":"post-723728","1":"product","2":"type-product","3":"status-publish","4":"has-post-thumbnail","6":"product_cat-black-friday-de","7":"product_cat-damen","8":"product_cat-damen-ledergurtel","10":"first","11":"instock","12":"taxable","13":"shipping-taxable","14":"purchasable","15":"product-type-variable"},"supplier_id":null,"supplier_sku":"","barcode":null,"atum_controlled":true,"out_stock_date":null,"out_stock_threshold":null,"inheritable":true,"inbound_stock":0,"stock_on_hold":0,"sold_today":null,"sales_last_days":null,"reserved_stock":0,"customer_returns":0,"warehouse_damage":0,"lost_in_post":0,"other_logs":0,"out_stock_days":null,"lost_sales":null,"has_location":false,"update_date":"2026-03-28T01:42:08","atum_locations":[],"atum_stock_status":"instock","restock_status":false,"low_stock_amount":"","sales_update_date":"2026-03-26T13:13:52","calc_backorders":null,"yoast_head":"<!-- This site is optimized with the Yoast SEO plugin v27.4 - https:\/\/yoast.com\/product\/yoast-seo-wordpress\/ -->\n<title>Handgefertigter Damen Lederg\u00fcrtel Blumen Braun | Tony Mora 4001<\/title>\n<meta name=\"description\" content=\"Tony Mora Ref. 4001 \u2013 handgefertigter Damen-Lederg\u00fcrtel mit doppelter Echtlederlage, G\u00e4nsebl\u00fcmchen-Applikationen und antiker Silberschnalle. Handgefertigt in Mallorca. Eleganter Vintage-Stil mit Charakter.\" \/>\n<meta name=\"robots\" content=\"index, follow, max-snippet:-1, max-image-preview:large, max-video-preview:-1\" \/>\n<link rel=\"canonical\" href=\"https:\/\/tonymora.com\/de\/produkt\/handgefertigter-damen-lederguertel-blumen-braun-tony-mora-4001\/\" \/>\n<meta property=\"og:locale\" content=\"de_DE\" \/>\n<meta property=\"og:type\" content=\"article\" \/>\n<meta property=\"og:title\" content=\"Handgefertigter Damen Lederg\u00fcrtel Blumen Braun | Tony Mora 4001\" \/>\n<meta property=\"og:description\" content=\"Tony Mora Ref. 4001 \u2013 handgefertigter Damen-Lederg\u00fcrtel mit doppelter Echtlederlage, G\u00e4nsebl\u00fcmchen-Applikationen und antiker Silberschnalle. Handgefertigt in Mallorca. Eleganter Vintage-Stil mit Charakter.\" \/>\n<meta property=\"og:url\" content=\"https:\/\/tonymora.com\/de\/produkt\/handgefertigter-damen-lederguertel-blumen-braun-tony-mora-4001\/\" \/>\n<meta property=\"og:site_name\" content=\"Tony Mora\u00ae Boots Official Store\" \/>\n<meta property=\"article:publisher\" content=\"https:\/\/www.facebook.com\/Tonymoraofficial\/\" \/>\n<meta property=\"article:modified_time\" content=\"2026-03-28T01:43:44+00:00\" \/>\n<meta property=\"og:image\" content=\"https:\/\/tonymora.com\/wp-content\/uploads\/2026\/03\/4001-1-1.png\" \/>\n\t<meta property=\"og:image:width\" content=\"866\" \/>\n\t<meta property=\"og:image:height\" content=\"1032\" \/>\n\t<meta property=\"og:image:type\" content=\"image\/png\" \/>\n<meta name=\"twitter:card\" content=\"summary_large_image\" \/>\n<meta name=\"twitter:label1\" content=\"Gesch\u00e4tzte Lesezeit\" \/>\n\t<meta name=\"twitter:data1\" content=\"1\u00a0Minute\" \/>\n<script type=\"application\/ld+json\" class=\"yoast-schema-graph\">{\"@context\":\"https:\\\/\\\/schema.org\",\"@graph\":[{\"@type\":\"WebPage\",\"@id\":\"https:\\\/\\\/tonymora.com\\\/de\\\/produkt\\\/handgefertigter-damen-lederguertel-blumen-braun-tony-mora-4001\\\/\",\"url\":\"https:\\\/\\\/tonymora.com\\\/de\\\/produkt\\\/handgefertigter-damen-lederguertel-blumen-braun-tony-mora-4001\\\/\",\"name\":\"Handgefertigter Damen Lederg\u00fcrtel Blumen Braun | Tony Mora 4001\",\"isPartOf\":{\"@id\":\"https:\\\/\\\/tonymora.com\\\/de\\\/#website\"},\"primaryImageOfPage\":{\"@id\":\"https:\\\/\\\/tonymora.com\\\/de\\\/produkt\\\/handgefertigter-damen-lederguertel-blumen-braun-tony-mora-4001\\\/#primaryimage\"},\"image\":{\"@id\":\"https:\\\/\\\/tonymora.com\\\/de\\\/produkt\\\/handgefertigter-damen-lederguertel-blumen-braun-tony-mora-4001\\\/#primaryimage\"},\"thumbnailUrl\":\"https:\\\/\\\/tonymora.com\\\/wp-content\\\/uploads\\\/2026\\\/03\\\/4001-1-1.png\",\"datePublished\":\"2026-03-22T21:56:39+00:00\",\"dateModified\":\"2026-03-28T01:43:44+00:00\",\"description\":\"Tony Mora Ref. 4001 \u2013 handgefertigter Damen-Lederg\u00fcrtel mit doppelter Echtlederlage, G\u00e4nsebl\u00fcmchen-Applikationen und antiker Silberschnalle. Handgefertigt in Mallorca. Eleganter Vintage-Stil mit Charakter.\",\"breadcrumb\":{\"@id\":\"https:\\\/\\\/tonymora.com\\\/de\\\/produkt\\\/handgefertigter-damen-lederguertel-blumen-braun-tony-mora-4001\\\/#breadcrumb\"},\"inLanguage\":\"de\",\"potentialAction\":[{\"@type\":\"ReadAction\",\"target\":[\"https:\\\/\\\/tonymora.com\\\/de\\\/produkt\\\/handgefertigter-damen-lederguertel-blumen-braun-tony-mora-4001\\\/\"]}]},{\"@type\":\"ImageObject\",\"inLanguage\":\"de\",\"@id\":\"https:\\\/\\\/tonymora.com\\\/de\\\/produkt\\\/handgefertigter-damen-lederguertel-blumen-braun-tony-mora-4001\\\/#primaryimage\",\"url\":\"https:\\\/\\\/tonymora.com\\\/wp-content\\\/uploads\\\/2026\\\/03\\\/4001-1-1.png\",\"contentUrl\":\"https:\\\/\\\/tonymora.com\\\/wp-content\\\/uploads\\\/2026\\\/03\\\/4001-1-1.png\",\"width\":866,\"height\":1032},{\"@type\":\"BreadcrumbList\",\"@id\":\"https:\\\/\\\/tonymora.com\\\/de\\\/produkt\\\/handgefertigter-damen-lederguertel-blumen-braun-tony-mora-4001\\\/#breadcrumb\",\"itemListElement\":[{\"@type\":\"ListItem\",\"position\":1,\"name\":\"Portada\",\"item\":\"https:\\\/\\\/tonymora.com\\\/de\\\/\"},{\"@type\":\"ListItem\",\"position\":2,\"name\":\"Shop\",\"item\":\"https:\\\/\\\/tonymora.com\\\/de\\\/shop\\\/\"},{\"@type\":\"ListItem\",\"position\":3,\"name\":\"Black Friday\",\"item\":\"https:\\\/\\\/tonymora.com\\\/de\\\/produkt-kategorie\\\/black-friday-de\\\/\"},{\"@type\":\"ListItem\",\"position\":4,\"name\":\"4001 GRABADO BECERRO\"}]},{\"@type\":\"WebSite\",\"@id\":\"https:\\\/\\\/tonymora.com\\\/de\\\/#website\",\"url\":\"https:\\\/\\\/tonymora.com\\\/de\\\/\",\"name\":\"Tony Mora\u00ae Boots Official Store\",\"description\":\"Cowboy Boots\",\"publisher\":{\"@id\":\"https:\\\/\\\/tonymora.com\\\/de\\\/#organization\"},\"potentialAction\":[{\"@type\":\"SearchAction\",\"target\":{\"@type\":\"EntryPoint\",\"urlTemplate\":\"https:\\\/\\\/tonymora.com\\\/de\\\/?s={search_term_string}\"},\"query-input\":{\"@type\":\"PropertyValueSpecification\",\"valueRequired\":true,\"valueName\":\"search_term_string\"}}],\"inLanguage\":\"de\"},{\"@type\":\"Organization\",\"@id\":\"https:\\\/\\\/tonymora.com\\\/de\\\/#organization\",\"name\":\"Tony Mora Boots\",\"url\":\"https:\\\/\\\/tonymora.com\\\/de\\\/\",\"logo\":{\"@type\":\"ImageObject\",\"inLanguage\":\"de\",\"@id\":\"https:\\\/\\\/tonymora.com\\\/de\\\/#\\\/schema\\\/logo\\\/image\\\/\",\"url\":\"https:\\\/\\\/tonymora.com\\\/wp-content\\\/uploads\\\/2023\\\/12\\\/LOGO.jpg\",\"contentUrl\":\"https:\\\/\\\/tonymora.com\\\/wp-content\\\/uploads\\\/2023\\\/12\\\/LOGO.jpg\",\"width\":2272,\"height\":1411,\"caption\":\"Tony Mora Boots\"},\"image\":{\"@id\":\"https:\\\/\\\/tonymora.com\\\/de\\\/#\\\/schema\\\/logo\\\/image\\\/\"},\"sameAs\":[\"https:\\\/\\\/www.facebook.com\\\/Tonymoraofficial\\\/\",\"https:\\\/\\\/www.instagram.com\\\/tonymoraofficial\\\/?hl=es\"]}]}<\/script>\n<!-- \/ Yoast SEO plugin. -->","yoast_head_json":{"title":"Handgefertigter Damen Lederg\u00fcrtel Blumen Braun | Tony Mora 4001","description":"Tony Mora Ref. 4001 \u2013 handgefertigter Damen-Lederg\u00fcrtel mit doppelter Echtlederlage, G\u00e4nsebl\u00fcmchen-Applikationen und antiker Silberschnalle. Handgefertigt in Mallorca. Eleganter Vintage-Stil mit Charakter.","robots":{"index":"index","follow":"follow","max-snippet":"max-snippet:-1","max-image-preview":"max-image-preview:large","max-video-preview":"max-video-preview:-1"},"canonical":"https:\/\/tonymora.com\/de\/produkt\/handgefertigter-damen-lederguertel-blumen-braun-tony-mora-4001\/","og_locale":"de_DE","og_type":"article","og_title":"Handgefertigter Damen Lederg\u00fcrtel Blumen Braun | Tony Mora 4001","og_description":"Tony Mora Ref. 4001 \u2013 handgefertigter Damen-Lederg\u00fcrtel mit doppelter Echtlederlage, G\u00e4nsebl\u00fcmchen-Applikationen und antiker Silberschnalle. Handgefertigt in Mallorca. Eleganter Vintage-Stil mit Charakter.","og_url":"https:\/\/tonymora.com\/de\/produkt\/handgefertigter-damen-lederguertel-blumen-braun-tony-mora-4001\/","og_site_name":"Tony Mora\u00ae Boots Official Store","article_publisher":"https:\/\/www.facebook.com\/Tonymoraofficial\/","article_modified_time":"2026-03-28T01:43:44+00:00","og_image":[{"width":866,"height":1032,"url":"https:\/\/tonymora.com\/wp-content\/uploads\/2026\/03\/4001-1-1.png","type":"image\/png"}],"twitter_card":"summary_large_image","twitter_misc":{"Gesch\u00e4tzte Lesezeit":"1\u00a0Minute"},"schema":{"@context":"https:\/\/schema.org","@graph":[{"@type":"WebPage","@id":"https:\/\/tonymora.com\/de\/produkt\/handgefertigter-damen-lederguertel-blumen-braun-tony-mora-4001\/","url":"https:\/\/tonymora.com\/de\/produkt\/handgefertigter-damen-lederguertel-blumen-braun-tony-mora-4001\/","name":"Handgefertigter Damen Lederg\u00fcrtel Blumen Braun | Tony Mora 4001","isPartOf":{"@id":"https:\/\/tonymora.com\/de\/#website"},"primaryImageOfPage":{"@id":"https:\/\/tonymora.com\/de\/produkt\/handgefertigter-damen-lederguertel-blumen-braun-tony-mora-4001\/#primaryimage"},"image":{"@id":"https:\/\/tonymora.com\/de\/produkt\/handgefertigter-damen-lederguertel-blumen-braun-tony-mora-4001\/#primaryimage"},"thumbnailUrl":"https:\/\/tonymora.com\/wp-content\/uploads\/2026\/03\/4001-1-1.png","datePublished":"2026-03-22T21:56:39+00:00","dateModified":"2026-03-28T01:43:44+00:00","description":"Tony Mora Ref. 4001 \u2013 handgefertigter Damen-Lederg\u00fcrtel mit doppelter Echtlederlage, G\u00e4nsebl\u00fcmchen-Applikationen und antiker Silberschnalle. Handgefertigt in Mallorca. Eleganter Vintage-Stil mit Charakter.","breadcrumb":{"@id":"https:\/\/tonymora.com\/de\/produkt\/handgefertigter-damen-lederguertel-blumen-braun-tony-mora-4001\/#breadcrumb"},"inLanguage":"de","potentialAction":[{"@type":"ReadAction","target":["https:\/\/tonymora.com\/de\/produkt\/handgefertigter-damen-lederguertel-blumen-braun-tony-mora-4001\/"]}]},{"@type":"ImageObject","inLanguage":"de","@id":"https:\/\/tonymora.com\/de\/produkt\/handgefertigter-damen-lederguertel-blumen-braun-tony-mora-4001\/#primaryimage","url":"https:\/\/tonymora.com\/wp-content\/uploads\/2026\/03\/4001-1-1.png","contentUrl":"https:\/\/tonymora.com\/wp-content\/uploads\/2026\/03\/4001-1-1.png","width":866,"height":1032},{"@type":"BreadcrumbList","@id":"https:\/\/tonymora.com\/de\/produkt\/handgefertigter-damen-lederguertel-blumen-braun-tony-mora-4001\/#breadcrumb","itemListElement":[{"@type":"ListItem","position":1,"name":"Portada","item":"https:\/\/tonymora.com\/de\/"},{"@type":"ListItem","position":2,"name":"Shop","item":"https:\/\/tonymora.com\/de\/shop\/"},{"@type":"ListItem","position":3,"name":"Black Friday","item":"https:\/\/tonymora.com\/de\/produkt-kategorie\/black-friday-de\/"},{"@type":"ListItem","position":4,"name":"4001 GRABADO BECERRO"}]},{"@type":"WebSite","@id":"https:\/\/tonymora.com\/de\/#website","url":"https:\/\/tonymora.com\/de\/","name":"Tony Mora\u00ae Boots Official Store","description":"Cowboy Boots","publisher":{"@id":"https:\/\/tonymora.com\/de\/#organization"},"potentialAction":[{"@type":"SearchAction","target":{"@type":"EntryPoint","urlTemplate":"https:\/\/tonymora.com\/de\/?s={search_term_string}"},"query-input":{"@type":"PropertyValueSpecification","valueRequired":true,"valueName":"search_term_string"}}],"inLanguage":"de"},{"@type":"Organization","@id":"https:\/\/tonymora.com\/de\/#organization","name":"Tony Mora Boots","url":"https:\/\/tonymora.com\/de\/","logo":{"@type":"ImageObject","inLanguage":"de","@id":"https:\/\/tonymora.com\/de\/#\/schema\/logo\/image\/","url":"https:\/\/tonymora.com\/wp-content\/uploads\/2023\/12\/LOGO.jpg","contentUrl":"https:\/\/tonymora.com\/wp-content\/uploads\/2023\/12\/LOGO.jpg","width":2272,"height":1411,"caption":"Tony Mora Boots"},"image":{"@id":"https:\/\/tonymora.com\/de\/#\/schema\/logo\/image\/"},"sameAs":["https:\/\/www.facebook.com\/Tonymoraofficial\/","https:\/\/www.instagram.com\/tonymoraofficial\/?hl=es"]}]}},"_links":{"self":[{"href":"https:\/\/tonymora.com\/de\/wp-json\/wp\/v2\/product\/723728","targetHints":{"allow":["GET"]}}],"collection":[{"href":"https:\/\/tonymora.com\/de\/wp-json\/wp\/v2\/product"}],"about":[{"href":"https:\/\/tonymora.com\/de\/wp-json\/wp\/v2\/types\/product"}],"wp:featuredmedia":[{"embeddable":true,"href":"https:\/\/tonymora.com\/de\/wp-json\/wp\/v2\/media\/723944"}],"wp:attachment":[{"href":"https:\/\/tonymora.com\/de\/wp-json\/wp\/v2\/media?parent=723728"}],"wp:term":[{"taxonomy":"product_brand","embeddable":true,"href":"https:\/\/tonymora.com\/de\/wp-json\/wp\/v2\/product_brand?post=723728"},{"taxonomy":"product_cat","embeddable":true,"href":"https:\/\/tonymora.com\/de\/wp-json\/wp\/v2\/product_cat?post=723728"},{"taxonomy":"product_tag","embeddable":true,"href":"https:\/\/tonymora.com\/de\/wp-json\/wp\/v2\/product_tag?post=723728"}],"curies":[{"name":"wp","href":"https:\/\/api.w.org\/{rel}","templated":true}]}}