{"id":723858,"date":"2026-03-22T23:27:33","date_gmt":"2026-03-22T22:27:33","guid":{"rendered":"https:\/\/tonymora.com\/?post_type=product&#038;p=723858"},"modified":"2026-03-28T02:36:23","modified_gmt":"2026-03-28T01:36:23","slug":"handgefertigter-damen-lederguertel-fellstreifen-boho-tony-mora-4025","status":"publish","type":"product","link":"https:\/\/tonymora.com\/de\/produkt\/handgefertigter-damen-lederguertel-fellstreifen-boho-tony-mora-4025\/","title":{"rendered":"4025 GRABADO BECERRO"},"content":{"rendered":"<p><span style=\"font-weight: 400;\">Weil das Gew\u00f6hnliche schon genug Fans hat. Der handgefertigte Lederg\u00fcrtel von Tony Mora ref. 4025 ist ein ausdrucksstarkes St\u00fcck aus doppellagigem Echtleder, bei dem rohe, nat\u00fcrliche Textur auf verfeinerte Handwerkskunst trifft. Der zentrale Fellstreifen verleiht diesem G\u00fcrtel eine unverwechselbare rustikale Note und ein nat\u00fcrliches Finish, das ihn zu einem Accessoire mit echter Pers\u00f6nlichkeit macht \u2014 eines, das ein Outfit nicht nur vervollst\u00e4ndigt, sondern verwandelt.<\/span><\/p>\n<p><span style=\"font-weight: 400;\">Ausdrucksstark und dennoch tragbar vereint dieser G\u00fcrtel meisterhaft handwerkliche Tradition mit einem furchtlos zeitgen\u00f6ssischen Stil. Die feste Schnalle im Antik-Silber-Look setzt den authentischen Schlusspunkt mit einem Vintage-Finish, das niemals aus der Mode kommt. F\u00fcr alle, die Accessoires w\u00e4hlen, die eine Geschichte erz\u00e4hlen.<\/span><\/p>\n<p><span style=\"font-weight: 400;\">\u2714 Doppellagiges handgefertigtes Echtleder \u2714 Zentraler Fellstreifen f\u00fcr rohe, nat\u00fcrliche Textur \u2714 Rustikales Finish mit authentischem Charakter \u2714 Feste Schnalle im Antik-Silber-Look \u2714 Tradition trifft Trend in einem einzigartigen St\u00fcck \u2714 Perfekt f\u00fcr mutige Boho- und Festival-Styles<\/span><\/p>\n<p><b>Trage den G\u00fcrtel, der Blicke auf sich zieht \u2014 denn Stil ohne Charakter ist nur Kleidung.<\/b><b><br \/>\n<\/b><\/p>\n","protected":false},"excerpt":{"rendered":"<p><span style=\"font-weight: 400;\">Weil das Gew\u00f6hnliche schon genug Fans hat. Der handgefertigte Lederg\u00fcrtel von Tony Mora ref. 4025 ist ein ausdrucksstarkes St\u00fcck aus doppellagigem Echtleder, bei dem rohe, nat\u00fcrliche Textur auf verfeinerte Handwerkskunst trifft. Der zentrale Fellstreifen verleiht diesem G\u00fcrtel eine unverwechselbare rustikale Note und ein nat\u00fcrliches Finish, das ihn zu einem Accessoire mit echter Pers\u00f6nlichkeit macht \u2014 eines, das ein Outfit nicht nur vervollst\u00e4ndigt, sondern verwandelt.<\/span><\/p>\n<p><span style=\"font-weight: 400;\">Ausdrucksstark und dennoch tragbar vereint dieser G\u00fcrtel meisterhaft handwerkliche Tradition mit einem furchtlos zeitgen\u00f6ssischen Stil. Die feste Schnalle im Antik-Silber-Look setzt den authentischen Schlusspunkt mit einem Vintage-Finish, das niemals aus der Mode kommt. F\u00fcr alle, die Accessoires w\u00e4hlen, die eine Geschichte erz\u00e4hlen.<\/span><\/p>\n<p><span style=\"font-weight: 400;\">\u2714 Doppellagiges handgefertigtes Echtleder \u2714 Zentraler Fellstreifen f\u00fcr rohe, nat\u00fcrliche Textur \u2714 Rustikales Finish mit authentischem Charakter \u2714 Feste Schnalle im Antik-Silber-Look \u2714 Tradition trifft Trend in einem einzigartigen St\u00fcck \u2714 Perfekt f\u00fcr mutige Boho- und Festival-Styles<\/span><\/p>\n<p><b>Trage den G\u00fcrtel, der Blicke auf sich zieht \u2014 denn Stil ohne Charakter ist nur Kleidung.<\/b><b><br \/>\n<\/b><\/p>\n","protected":false},"featured_media":723938,"template":"","meta":{"_mbp_gutenberg_autopost":false},"product_brand":[],"product_cat":[1174,167,1156],"product_tag":[],"class_list":{"0":"post-723858","1":"product","2":"type-product","3":"status-publish","4":"has-post-thumbnail","6":"product_cat-black-friday-de","7":"product_cat-damen","8":"product_cat-damen-ledergurtel","10":"first","11":"instock","12":"taxable","13":"shipping-taxable","14":"purchasable","15":"product-type-variable"},"supplier_id":null,"supplier_sku":"","barcode":null,"atum_controlled":true,"out_stock_date":null,"out_stock_threshold":null,"inheritable":true,"inbound_stock":0,"stock_on_hold":0,"sold_today":null,"sales_last_days":null,"reserved_stock":0,"customer_returns":0,"warehouse_damage":0,"lost_in_post":0,"other_logs":0,"out_stock_days":null,"lost_sales":null,"has_location":false,"update_date":"2026-03-28T01:34:16","atum_locations":[],"atum_stock_status":"instock","restock_status":false,"low_stock_amount":"","sales_update_date":"2026-03-26T13:13:51","calc_backorders":null,"yoast_head":"<!-- This site is optimized with the Yoast SEO plugin v27.4 - https:\/\/yoast.com\/product\/yoast-seo-wordpress\/ -->\n<title>Handgefertigter Damen Lederg\u00fcrtel Fellstreifen Boho | Tony Mora 4025<\/title>\n<meta name=\"description\" content=\"Tony Mora Ref. 4025 \u2013 handgefertigter Damen-Lederg\u00fcrtel mit zentralem Fellstreifen, rustikalem Finish und antiker Silberschnalle. Doppelte Echtlederlage. Authentischer Boho- und Festivalstil mit Charakter.\" \/>\n<meta name=\"robots\" content=\"index, follow, max-snippet:-1, max-image-preview:large, max-video-preview:-1\" \/>\n<link rel=\"canonical\" href=\"https:\/\/tonymora.com\/de\/produkt\/handgefertigter-damen-lederguertel-fellstreifen-boho-tony-mora-4025\/\" \/>\n<meta property=\"og:locale\" content=\"de_DE\" \/>\n<meta property=\"og:type\" content=\"article\" \/>\n<meta property=\"og:title\" content=\"Handgefertigter Damen Lederg\u00fcrtel Fellstreifen Boho | Tony Mora 4025\" \/>\n<meta property=\"og:description\" content=\"Tony Mora Ref. 4025 \u2013 handgefertigter Damen-Lederg\u00fcrtel mit zentralem Fellstreifen, rustikalem Finish und antiker Silberschnalle. Doppelte Echtlederlage. Authentischer Boho- und Festivalstil mit Charakter.\" \/>\n<meta property=\"og:url\" content=\"https:\/\/tonymora.com\/de\/produkt\/handgefertigter-damen-lederguertel-fellstreifen-boho-tony-mora-4025\/\" \/>\n<meta property=\"og:site_name\" content=\"Tony Mora\u00ae Boots Official Store\" \/>\n<meta property=\"article:publisher\" content=\"https:\/\/www.facebook.com\/Tonymoraofficial\/\" \/>\n<meta property=\"article:modified_time\" content=\"2026-03-28T01:36:23+00:00\" \/>\n<meta property=\"og:image\" content=\"https:\/\/tonymora.com\/wp-content\/uploads\/2026\/03\/4025-1-2.png\" \/>\n\t<meta property=\"og:image:width\" content=\"866\" \/>\n\t<meta property=\"og:image:height\" content=\"1032\" \/>\n\t<meta property=\"og:image:type\" content=\"image\/png\" \/>\n<meta name=\"twitter:card\" content=\"summary_large_image\" \/>\n<meta name=\"twitter:label1\" content=\"Gesch\u00e4tzte Lesezeit\" \/>\n\t<meta name=\"twitter:data1\" content=\"1\u00a0Minute\" \/>\n<script type=\"application\/ld+json\" class=\"yoast-schema-graph\">{\"@context\":\"https:\\\/\\\/schema.org\",\"@graph\":[{\"@type\":\"WebPage\",\"@id\":\"https:\\\/\\\/tonymora.com\\\/de\\\/produkt\\\/handgefertigter-damen-lederguertel-fellstreifen-boho-tony-mora-4025\\\/\",\"url\":\"https:\\\/\\\/tonymora.com\\\/de\\\/produkt\\\/handgefertigter-damen-lederguertel-fellstreifen-boho-tony-mora-4025\\\/\",\"name\":\"Handgefertigter Damen Lederg\u00fcrtel Fellstreifen Boho | Tony Mora 4025\",\"isPartOf\":{\"@id\":\"https:\\\/\\\/tonymora.com\\\/de\\\/#website\"},\"primaryImageOfPage\":{\"@id\":\"https:\\\/\\\/tonymora.com\\\/de\\\/produkt\\\/handgefertigter-damen-lederguertel-fellstreifen-boho-tony-mora-4025\\\/#primaryimage\"},\"image\":{\"@id\":\"https:\\\/\\\/tonymora.com\\\/de\\\/produkt\\\/handgefertigter-damen-lederguertel-fellstreifen-boho-tony-mora-4025\\\/#primaryimage\"},\"thumbnailUrl\":\"https:\\\/\\\/tonymora.com\\\/wp-content\\\/uploads\\\/2026\\\/03\\\/4025-1-2.png\",\"datePublished\":\"2026-03-22T22:27:33+00:00\",\"dateModified\":\"2026-03-28T01:36:23+00:00\",\"description\":\"Tony Mora Ref. 4025 \u2013 handgefertigter Damen-Lederg\u00fcrtel mit zentralem Fellstreifen, rustikalem Finish und antiker Silberschnalle. Doppelte Echtlederlage. Authentischer Boho- und Festivalstil mit Charakter.\",\"breadcrumb\":{\"@id\":\"https:\\\/\\\/tonymora.com\\\/de\\\/produkt\\\/handgefertigter-damen-lederguertel-fellstreifen-boho-tony-mora-4025\\\/#breadcrumb\"},\"inLanguage\":\"de\",\"potentialAction\":[{\"@type\":\"ReadAction\",\"target\":[\"https:\\\/\\\/tonymora.com\\\/de\\\/produkt\\\/handgefertigter-damen-lederguertel-fellstreifen-boho-tony-mora-4025\\\/\"]}]},{\"@type\":\"ImageObject\",\"inLanguage\":\"de\",\"@id\":\"https:\\\/\\\/tonymora.com\\\/de\\\/produkt\\\/handgefertigter-damen-lederguertel-fellstreifen-boho-tony-mora-4025\\\/#primaryimage\",\"url\":\"https:\\\/\\\/tonymora.com\\\/wp-content\\\/uploads\\\/2026\\\/03\\\/4025-1-2.png\",\"contentUrl\":\"https:\\\/\\\/tonymora.com\\\/wp-content\\\/uploads\\\/2026\\\/03\\\/4025-1-2.png\",\"width\":866,\"height\":1032},{\"@type\":\"BreadcrumbList\",\"@id\":\"https:\\\/\\\/tonymora.com\\\/de\\\/produkt\\\/handgefertigter-damen-lederguertel-fellstreifen-boho-tony-mora-4025\\\/#breadcrumb\",\"itemListElement\":[{\"@type\":\"ListItem\",\"position\":1,\"name\":\"Portada\",\"item\":\"https:\\\/\\\/tonymora.com\\\/de\\\/\"},{\"@type\":\"ListItem\",\"position\":2,\"name\":\"Shop\",\"item\":\"https:\\\/\\\/tonymora.com\\\/de\\\/shop\\\/\"},{\"@type\":\"ListItem\",\"position\":3,\"name\":\"Black Friday\",\"item\":\"https:\\\/\\\/tonymora.com\\\/de\\\/produkt-kategorie\\\/black-friday-de\\\/\"},{\"@type\":\"ListItem\",\"position\":4,\"name\":\"4025 GRABADO BECERRO\"}]},{\"@type\":\"WebSite\",\"@id\":\"https:\\\/\\\/tonymora.com\\\/de\\\/#website\",\"url\":\"https:\\\/\\\/tonymora.com\\\/de\\\/\",\"name\":\"Tony Mora\u00ae Boots Official Store\",\"description\":\"Cowboy Boots\",\"publisher\":{\"@id\":\"https:\\\/\\\/tonymora.com\\\/de\\\/#organization\"},\"potentialAction\":[{\"@type\":\"SearchAction\",\"target\":{\"@type\":\"EntryPoint\",\"urlTemplate\":\"https:\\\/\\\/tonymora.com\\\/de\\\/?s={search_term_string}\"},\"query-input\":{\"@type\":\"PropertyValueSpecification\",\"valueRequired\":true,\"valueName\":\"search_term_string\"}}],\"inLanguage\":\"de\"},{\"@type\":\"Organization\",\"@id\":\"https:\\\/\\\/tonymora.com\\\/de\\\/#organization\",\"name\":\"Tony Mora Boots\",\"url\":\"https:\\\/\\\/tonymora.com\\\/de\\\/\",\"logo\":{\"@type\":\"ImageObject\",\"inLanguage\":\"de\",\"@id\":\"https:\\\/\\\/tonymora.com\\\/de\\\/#\\\/schema\\\/logo\\\/image\\\/\",\"url\":\"https:\\\/\\\/tonymora.com\\\/wp-content\\\/uploads\\\/2023\\\/12\\\/LOGO.jpg\",\"contentUrl\":\"https:\\\/\\\/tonymora.com\\\/wp-content\\\/uploads\\\/2023\\\/12\\\/LOGO.jpg\",\"width\":2272,\"height\":1411,\"caption\":\"Tony Mora Boots\"},\"image\":{\"@id\":\"https:\\\/\\\/tonymora.com\\\/de\\\/#\\\/schema\\\/logo\\\/image\\\/\"},\"sameAs\":[\"https:\\\/\\\/www.facebook.com\\\/Tonymoraofficial\\\/\",\"https:\\\/\\\/www.instagram.com\\\/tonymoraofficial\\\/?hl=es\"]}]}<\/script>\n<!-- \/ Yoast SEO plugin. -->","yoast_head_json":{"title":"Handgefertigter Damen Lederg\u00fcrtel Fellstreifen Boho | Tony Mora 4025","description":"Tony Mora Ref. 4025 \u2013 handgefertigter Damen-Lederg\u00fcrtel mit zentralem Fellstreifen, rustikalem Finish und antiker Silberschnalle. Doppelte Echtlederlage. Authentischer Boho- und Festivalstil mit Charakter.","robots":{"index":"index","follow":"follow","max-snippet":"max-snippet:-1","max-image-preview":"max-image-preview:large","max-video-preview":"max-video-preview:-1"},"canonical":"https:\/\/tonymora.com\/de\/produkt\/handgefertigter-damen-lederguertel-fellstreifen-boho-tony-mora-4025\/","og_locale":"de_DE","og_type":"article","og_title":"Handgefertigter Damen Lederg\u00fcrtel Fellstreifen Boho | Tony Mora 4025","og_description":"Tony Mora Ref. 4025 \u2013 handgefertigter Damen-Lederg\u00fcrtel mit zentralem Fellstreifen, rustikalem Finish und antiker Silberschnalle. Doppelte Echtlederlage. Authentischer Boho- und Festivalstil mit Charakter.","og_url":"https:\/\/tonymora.com\/de\/produkt\/handgefertigter-damen-lederguertel-fellstreifen-boho-tony-mora-4025\/","og_site_name":"Tony Mora\u00ae Boots Official Store","article_publisher":"https:\/\/www.facebook.com\/Tonymoraofficial\/","article_modified_time":"2026-03-28T01:36:23+00:00","og_image":[{"width":866,"height":1032,"url":"https:\/\/tonymora.com\/wp-content\/uploads\/2026\/03\/4025-1-2.png","type":"image\/png"}],"twitter_card":"summary_large_image","twitter_misc":{"Gesch\u00e4tzte Lesezeit":"1\u00a0Minute"},"schema":{"@context":"https:\/\/schema.org","@graph":[{"@type":"WebPage","@id":"https:\/\/tonymora.com\/de\/produkt\/handgefertigter-damen-lederguertel-fellstreifen-boho-tony-mora-4025\/","url":"https:\/\/tonymora.com\/de\/produkt\/handgefertigter-damen-lederguertel-fellstreifen-boho-tony-mora-4025\/","name":"Handgefertigter Damen Lederg\u00fcrtel Fellstreifen Boho | Tony Mora 4025","isPartOf":{"@id":"https:\/\/tonymora.com\/de\/#website"},"primaryImageOfPage":{"@id":"https:\/\/tonymora.com\/de\/produkt\/handgefertigter-damen-lederguertel-fellstreifen-boho-tony-mora-4025\/#primaryimage"},"image":{"@id":"https:\/\/tonymora.com\/de\/produkt\/handgefertigter-damen-lederguertel-fellstreifen-boho-tony-mora-4025\/#primaryimage"},"thumbnailUrl":"https:\/\/tonymora.com\/wp-content\/uploads\/2026\/03\/4025-1-2.png","datePublished":"2026-03-22T22:27:33+00:00","dateModified":"2026-03-28T01:36:23+00:00","description":"Tony Mora Ref. 4025 \u2013 handgefertigter Damen-Lederg\u00fcrtel mit zentralem Fellstreifen, rustikalem Finish und antiker Silberschnalle. Doppelte Echtlederlage. Authentischer Boho- und Festivalstil mit Charakter.","breadcrumb":{"@id":"https:\/\/tonymora.com\/de\/produkt\/handgefertigter-damen-lederguertel-fellstreifen-boho-tony-mora-4025\/#breadcrumb"},"inLanguage":"de","potentialAction":[{"@type":"ReadAction","target":["https:\/\/tonymora.com\/de\/produkt\/handgefertigter-damen-lederguertel-fellstreifen-boho-tony-mora-4025\/"]}]},{"@type":"ImageObject","inLanguage":"de","@id":"https:\/\/tonymora.com\/de\/produkt\/handgefertigter-damen-lederguertel-fellstreifen-boho-tony-mora-4025\/#primaryimage","url":"https:\/\/tonymora.com\/wp-content\/uploads\/2026\/03\/4025-1-2.png","contentUrl":"https:\/\/tonymora.com\/wp-content\/uploads\/2026\/03\/4025-1-2.png","width":866,"height":1032},{"@type":"BreadcrumbList","@id":"https:\/\/tonymora.com\/de\/produkt\/handgefertigter-damen-lederguertel-fellstreifen-boho-tony-mora-4025\/#breadcrumb","itemListElement":[{"@type":"ListItem","position":1,"name":"Portada","item":"https:\/\/tonymora.com\/de\/"},{"@type":"ListItem","position":2,"name":"Shop","item":"https:\/\/tonymora.com\/de\/shop\/"},{"@type":"ListItem","position":3,"name":"Black Friday","item":"https:\/\/tonymora.com\/de\/produkt-kategorie\/black-friday-de\/"},{"@type":"ListItem","position":4,"name":"4025 GRABADO BECERRO"}]},{"@type":"WebSite","@id":"https:\/\/tonymora.com\/de\/#website","url":"https:\/\/tonymora.com\/de\/","name":"Tony Mora\u00ae Boots Official Store","description":"Cowboy Boots","publisher":{"@id":"https:\/\/tonymora.com\/de\/#organization"},"potentialAction":[{"@type":"SearchAction","target":{"@type":"EntryPoint","urlTemplate":"https:\/\/tonymora.com\/de\/?s={search_term_string}"},"query-input":{"@type":"PropertyValueSpecification","valueRequired":true,"valueName":"search_term_string"}}],"inLanguage":"de"},{"@type":"Organization","@id":"https:\/\/tonymora.com\/de\/#organization","name":"Tony Mora Boots","url":"https:\/\/tonymora.com\/de\/","logo":{"@type":"ImageObject","inLanguage":"de","@id":"https:\/\/tonymora.com\/de\/#\/schema\/logo\/image\/","url":"https:\/\/tonymora.com\/wp-content\/uploads\/2023\/12\/LOGO.jpg","contentUrl":"https:\/\/tonymora.com\/wp-content\/uploads\/2023\/12\/LOGO.jpg","width":2272,"height":1411,"caption":"Tony Mora Boots"},"image":{"@id":"https:\/\/tonymora.com\/de\/#\/schema\/logo\/image\/"},"sameAs":["https:\/\/www.facebook.com\/Tonymoraofficial\/","https:\/\/www.instagram.com\/tonymoraofficial\/?hl=es"]}]}},"_links":{"self":[{"href":"https:\/\/tonymora.com\/de\/wp-json\/wp\/v2\/product\/723858","targetHints":{"allow":["GET"]}}],"collection":[{"href":"https:\/\/tonymora.com\/de\/wp-json\/wp\/v2\/product"}],"about":[{"href":"https:\/\/tonymora.com\/de\/wp-json\/wp\/v2\/types\/product"}],"wp:featuredmedia":[{"embeddable":true,"href":"https:\/\/tonymora.com\/de\/wp-json\/wp\/v2\/media\/723938"}],"wp:attachment":[{"href":"https:\/\/tonymora.com\/de\/wp-json\/wp\/v2\/media?parent=723858"}],"wp:term":[{"taxonomy":"product_brand","embeddable":true,"href":"https:\/\/tonymora.com\/de\/wp-json\/wp\/v2\/product_brand?post=723858"},{"taxonomy":"product_cat","embeddable":true,"href":"https:\/\/tonymora.com\/de\/wp-json\/wp\/v2\/product_cat?post=723858"},{"taxonomy":"product_tag","embeddable":true,"href":"https:\/\/tonymora.com\/de\/wp-json\/wp\/v2\/product_tag?post=723858"}],"curies":[{"name":"wp","href":"https:\/\/api.w.org\/{rel}","templated":true}]}}