{"id":724059,"date":"2026-04-01T12:57:29","date_gmt":"2026-04-01T10:57:29","guid":{"rendered":"https:\/\/tonymora.com\/?post_type=product&#038;p=724059"},"modified":"2026-04-01T13:32:02","modified_gmt":"2026-04-01T11:32:02","slug":"0708-shopper-bag","status":"publish","type":"product","link":"https:\/\/tonymora.com\/de\/produkt\/0708-shopper-bag\/","title":{"rendered":"0708 SHOPPER BAG"},"content":{"rendered":"<p data-path-to-node=\"32\">Exklusivit\u00e4t, von der Natur entworfen.<\/p>\n<p data-path-to-node=\"33\">Die 0708 SHOPPER BAG von Tony Mora ist nicht nur eine Tasche, sie ist ein Sammlerst\u00fcck. Handgefertigt aus echtem, nat\u00fcrlichem Kuhfell, liegt die wahre Magie dieses Modells in seiner Einzigartigkeit: Es gibt keine zwei gleichen Taschen auf der Welt.<\/p>\n<p data-path-to-node=\"34\">Durch die Verwendung von Naturfellen ist jedes Muster, jeder Fleck und jede Farbnuance v\u00f6llig einzigartig und unwiederholbar. Die Tasche, die Sie w\u00e4hlen, wird exklusiv und wahrhaftig Ihnen geh\u00f6ren. Ihr klassisches Shopper-Format bietet Ihnen den Platz und Komfort, den Sie f\u00fcr Ihren Alltag ben\u00f6tigen, ohne dabei auf h\u00f6chste Eleganz zu verzichten.<\/p>\n<p data-path-to-node=\"35\">Um dieses luxuri\u00f6se Erlebnis abzurunden, wird die 0708 SHOPPER BAG mit einem raffinierten, passenden Portemonnaie geliefert, das aus demselben exklusiven Leder gefertigt ist. Perfekt, um Ihre wichtigsten Dinge mit unverwechselbarem Stil zu organisieren.<\/p>\n","protected":false},"excerpt":{"rendered":"<p>Unaufdringliche Eleganz f\u00fcr Kenner. Vielseitig und m\u00fchelos kombinierbar, ohne dabei die Pers\u00f6nlichkeit zu verlieren.<br \/>\nDer letzte Schliff, der Schlichtheit in etwas Unvergessliches verwandelt.<\/p>\n","protected":false},"featured_media":724092,"template":"","meta":{"_mbp_gutenberg_autopost":false},"product_brand":[],"product_cat":[1174,167,541],"product_tag":[],"class_list":{"0":"post-724059","1":"product","2":"type-product","3":"status-publish","4":"has-post-thumbnail","6":"product_cat-black-friday-de","7":"product_cat-damen","8":"product_cat-handtaschen","10":"first","11":"instock","12":"taxable","13":"shipping-taxable","14":"purchasable","15":"product-type-simple"},"_links":{"self":[{"href":"https:\/\/tonymora.com\/de\/wp-json\/wp\/v2\/product\/724059","targetHints":{"allow":["GET"]}}],"collection":[{"href":"https:\/\/tonymora.com\/de\/wp-json\/wp\/v2\/product"}],"about":[{"href":"https:\/\/tonymora.com\/de\/wp-json\/wp\/v2\/types\/product"}],"wp:featuredmedia":[{"embeddable":true,"href":"https:\/\/tonymora.com\/de\/wp-json\/wp\/v2\/media\/724092"}],"wp:attachment":[{"href":"https:\/\/tonymora.com\/de\/wp-json\/wp\/v2\/media?parent=724059"}],"wp:term":[{"taxonomy":"product_brand","embeddable":true,"href":"https:\/\/tonymora.com\/de\/wp-json\/wp\/v2\/product_brand?post=724059"},{"taxonomy":"product_cat","embeddable":true,"href":"https:\/\/tonymora.com\/de\/wp-json\/wp\/v2\/product_cat?post=724059"},{"taxonomy":"product_tag","embeddable":true,"href":"https:\/\/tonymora.com\/de\/wp-json\/wp\/v2\/product_tag?post=724059"}],"curies":[{"name":"wp","href":"https:\/\/api.w.org\/{rel}","templated":true}]}}