{"id":724151,"date":"2026-04-08T16:15:35","date_gmt":"2026-04-08T14:15:35","guid":{"rendered":"https:\/\/tonymora.com\/?post_type=product&#038;p=724151"},"modified":"2026-04-08T17:18:43","modified_gmt":"2026-04-08T15:18:43","slug":"1764-j-lini-madison-kaki","status":"publish","type":"product","link":"https:\/\/tonymora.com\/de\/produkt\/1764-j-lini-madison-kaki\/","title":{"rendered":"1764 J LINI MADISON KAKI"},"content":{"rendered":"<p class=\"p1\">Cowboy-Modell in kaki. Jeden Tag wird dieses Leder sch\u00f6ner! Werfen Sie einen Blick auf die &#8222;Pr\u00e4gung&#8220; der Sch\u00e4fte: wir verwenden ein altes und charakteristisches Design der Cowboystiefel, was dieses Modell zu Ihrem Lieblingsmodell macht. Das Leder ist mit Bienenwachs behandelt, das dem Stiefel einen kontrastreichen Farbton verleiht, und die handwerkliche Kratzarbeit gibt dem Leder einen alternden Effekt. Holen Sie sich einzigartige Stiefel im Vintage-Look, probieren Sie sie aus!<\/p>\n","protected":false},"excerpt":{"rendered":"<p>Ein Kleidungsst\u00fcck, das mit unaufdringlicher Selbstsicherheit besticht. Authentische Inspiration und unverwechselbare Pers\u00f6nlichkeit.<\/p>\n<p>Ein subtiles Statement von gutem Geschmack und Selbstbewusstsein.<\/p>\n","protected":false},"featured_media":724194,"template":"","meta":{"_mbp_gutenberg_autopost":false},"product_brand":[],"product_cat":[169,170,167],"product_tag":[],"class_list":{"0":"post-724151","1":"product","2":"type-product","3":"status-publish","4":"has-post-thumbnail","6":"product_cat-casual-damenstiefel","7":"product_cat-cowboystiefel-damen","8":"product_cat-damen","10":"first","11":"instock","12":"taxable","13":"shipping-taxable","14":"purchasable","15":"product-type-variable"},"supplier_id":null,"supplier_sku":"","barcode":null,"atum_controlled":true,"out_stock_date":null,"out_stock_threshold":null,"inheritable":true,"inbound_stock":null,"stock_on_hold":null,"sold_today":null,"sales_last_days":null,"reserved_stock":null,"customer_returns":null,"warehouse_damage":null,"lost_in_post":null,"other_logs":null,"out_stock_days":null,"lost_sales":null,"has_location":false,"update_date":"2026-04-08T15:38:19","atum_locations":[],"atum_stock_status":"instock","restock_status":false,"low_stock_amount":"","sales_update_date":"2024-06-24T07:29:13","calc_backorders":null,"yoast_head":"<!-- This site is optimized with the Yoast SEO plugin v27.2 - https:\/\/yoast.com\/product\/yoast-seo-wordpress\/ -->\n<title>1764 J LINI MADISON KAKI - Tony Mora\u00ae Boots Official Store<\/title>\n<meta name=\"description\" content=\"Treffen Sie unser neues Modell, hergestellt mit nat\u00fcrlichem 100% Leder und von h\u00f6chster Qualit\u00e4t, so dass Sie immer elegant modisch gehen.\" \/>\n<meta name=\"robots\" content=\"index, follow, max-snippet:-1, max-image-preview:large, max-video-preview:-1\" \/>\n<link rel=\"canonical\" href=\"https:\/\/tonymora.com\/de\/produkt\/1764-j-lini-madison-kaki\/\" \/>\n<meta property=\"og:locale\" content=\"de_DE\" \/>\n<meta property=\"og:type\" content=\"article\" \/>\n<meta property=\"og:title\" content=\"1764 J LINI MADISON KAKI - Tony Mora\u00ae Boots Official Store\" \/>\n<meta property=\"og:description\" content=\"Treffen Sie unser neues Modell, hergestellt mit nat\u00fcrlichem 100% Leder und von h\u00f6chster Qualit\u00e4t, so dass Sie immer elegant modisch gehen.\" \/>\n<meta property=\"og:url\" content=\"https:\/\/tonymora.com\/de\/produkt\/1764-j-lini-madison-kaki\/\" \/>\n<meta property=\"og:site_name\" content=\"Tony Mora\u00ae Boots Official Store\" \/>\n<meta property=\"article:publisher\" content=\"https:\/\/www.facebook.com\/Tonymoraofficial\/\" \/>\n<meta property=\"article:modified_time\" content=\"2026-04-08T15:18:43+00:00\" \/>\n<meta property=\"og:image\" content=\"https:\/\/tonymora.com\/wp-content\/uploads\/2026\/04\/3-copia.png\" \/>\n\t<meta property=\"og:image:width\" content=\"866\" \/>\n\t<meta property=\"og:image:height\" content=\"1032\" \/>\n\t<meta property=\"og:image:type\" content=\"image\/png\" \/>\n<meta name=\"twitter:card\" content=\"summary_large_image\" \/>\n<meta name=\"twitter:label1\" content=\"Gesch\u00e4tzte Lesezeit\" \/>\n\t<meta name=\"twitter:data1\" content=\"1\u00a0Minute\" \/>\n<script type=\"application\/ld+json\" class=\"yoast-schema-graph\">{\"@context\":\"https:\/\/schema.org\",\"@graph\":[{\"@type\":\"WebPage\",\"@id\":\"https:\/\/tonymora.com\/de\/produkt\/1764-j-lini-madison-kaki\/\",\"url\":\"https:\/\/tonymora.com\/de\/produkt\/1764-j-lini-madison-kaki\/\",\"name\":\"1764 J LINI MADISON KAKI - Tony Mora\u00ae Boots Official Store\",\"isPartOf\":{\"@id\":\"https:\/\/tonymora.com\/de\/#website\"},\"primaryImageOfPage\":{\"@id\":\"https:\/\/tonymora.com\/de\/produkt\/1764-j-lini-madison-kaki\/#primaryimage\"},\"image\":{\"@id\":\"https:\/\/tonymora.com\/de\/produkt\/1764-j-lini-madison-kaki\/#primaryimage\"},\"thumbnailUrl\":\"https:\/\/tonymora.com\/wp-content\/uploads\/2026\/04\/3-copia.png\",\"datePublished\":\"2026-04-08T14:15:35+00:00\",\"dateModified\":\"2026-04-08T15:18:43+00:00\",\"description\":\"Treffen Sie unser neues Modell, hergestellt mit nat\u00fcrlichem 100% Leder und von h\u00f6chster Qualit\u00e4t, so dass Sie immer elegant modisch gehen.\",\"breadcrumb\":{\"@id\":\"https:\/\/tonymora.com\/de\/produkt\/1764-j-lini-madison-kaki\/#breadcrumb\"},\"inLanguage\":\"de\",\"potentialAction\":[{\"@type\":\"ReadAction\",\"target\":[\"https:\/\/tonymora.com\/de\/produkt\/1764-j-lini-madison-kaki\/\"]}]},{\"@type\":\"ImageObject\",\"inLanguage\":\"de\",\"@id\":\"https:\/\/tonymora.com\/de\/produkt\/1764-j-lini-madison-kaki\/#primaryimage\",\"url\":\"https:\/\/tonymora.com\/wp-content\/uploads\/2026\/04\/3-copia.png\",\"contentUrl\":\"https:\/\/tonymora.com\/wp-content\/uploads\/2026\/04\/3-copia.png\",\"width\":866,\"height\":1032},{\"@type\":\"BreadcrumbList\",\"@id\":\"https:\/\/tonymora.com\/de\/produkt\/1764-j-lini-madison-kaki\/#breadcrumb\",\"itemListElement\":[{\"@type\":\"ListItem\",\"position\":1,\"name\":\"Portada\",\"item\":\"https:\/\/tonymora.com\/de\/\"},{\"@type\":\"ListItem\",\"position\":2,\"name\":\"Shop\",\"item\":\"https:\/\/tonymora.com\/de\/shop\/\"},{\"@type\":\"ListItem\",\"position\":3,\"name\":\"Damen\",\"item\":\"https:\/\/tonymora.com\/de\/produkt-kategorie\/damen\/\"},{\"@type\":\"ListItem\",\"position\":4,\"name\":\"1764 J LINI MADISON KAKI\"}]},{\"@type\":\"WebSite\",\"@id\":\"https:\/\/tonymora.com\/de\/#website\",\"url\":\"https:\/\/tonymora.com\/de\/\",\"name\":\"Tony Mora\u00ae Boots Official Store\",\"description\":\"Cowboy Boots\",\"publisher\":{\"@id\":\"https:\/\/tonymora.com\/de\/#organization\"},\"potentialAction\":[{\"@type\":\"SearchAction\",\"target\":{\"@type\":\"EntryPoint\",\"urlTemplate\":\"https:\/\/tonymora.com\/de\/?s={search_term_string}\"},\"query-input\":{\"@type\":\"PropertyValueSpecification\",\"valueRequired\":true,\"valueName\":\"search_term_string\"}}],\"inLanguage\":\"de\"},{\"@type\":\"Organization\",\"@id\":\"https:\/\/tonymora.com\/de\/#organization\",\"name\":\"Tony Mora Boots\",\"url\":\"https:\/\/tonymora.com\/de\/\",\"logo\":{\"@type\":\"ImageObject\",\"inLanguage\":\"de\",\"@id\":\"https:\/\/tonymora.com\/de\/#\/schema\/logo\/image\/\",\"url\":\"https:\/\/tonymora.com\/wp-content\/uploads\/2023\/12\/LOGO.jpg\",\"contentUrl\":\"https:\/\/tonymora.com\/wp-content\/uploads\/2023\/12\/LOGO.jpg\",\"width\":2272,\"height\":1411,\"caption\":\"Tony Mora Boots\"},\"image\":{\"@id\":\"https:\/\/tonymora.com\/de\/#\/schema\/logo\/image\/\"},\"sameAs\":[\"https:\/\/www.facebook.com\/Tonymoraofficial\/\",\"https:\/\/www.instagram.com\/tonymoraofficial\/?hl=es\"]}]}<\/script>\n<!-- \/ Yoast SEO plugin. -->","yoast_head_json":{"title":"1764 J LINI MADISON KAKI - Tony Mora\u00ae Boots Official Store","description":"Treffen Sie unser neues Modell, hergestellt mit nat\u00fcrlichem 100% Leder und von h\u00f6chster Qualit\u00e4t, so dass Sie immer elegant modisch gehen.","robots":{"index":"index","follow":"follow","max-snippet":"max-snippet:-1","max-image-preview":"max-image-preview:large","max-video-preview":"max-video-preview:-1"},"canonical":"https:\/\/tonymora.com\/de\/produkt\/1764-j-lini-madison-kaki\/","og_locale":"de_DE","og_type":"article","og_title":"1764 J LINI MADISON KAKI - Tony Mora\u00ae Boots Official Store","og_description":"Treffen Sie unser neues Modell, hergestellt mit nat\u00fcrlichem 100% Leder und von h\u00f6chster Qualit\u00e4t, so dass Sie immer elegant modisch gehen.","og_url":"https:\/\/tonymora.com\/de\/produkt\/1764-j-lini-madison-kaki\/","og_site_name":"Tony Mora\u00ae Boots Official Store","article_publisher":"https:\/\/www.facebook.com\/Tonymoraofficial\/","article_modified_time":"2026-04-08T15:18:43+00:00","og_image":[{"width":866,"height":1032,"url":"https:\/\/tonymora.com\/wp-content\/uploads\/2026\/04\/3-copia.png","type":"image\/png"}],"twitter_card":"summary_large_image","twitter_misc":{"Gesch\u00e4tzte Lesezeit":"1\u00a0Minute"},"schema":{"@context":"https:\/\/schema.org","@graph":[{"@type":"WebPage","@id":"https:\/\/tonymora.com\/de\/produkt\/1764-j-lini-madison-kaki\/","url":"https:\/\/tonymora.com\/de\/produkt\/1764-j-lini-madison-kaki\/","name":"1764 J LINI MADISON KAKI - Tony Mora\u00ae Boots Official Store","isPartOf":{"@id":"https:\/\/tonymora.com\/de\/#website"},"primaryImageOfPage":{"@id":"https:\/\/tonymora.com\/de\/produkt\/1764-j-lini-madison-kaki\/#primaryimage"},"image":{"@id":"https:\/\/tonymora.com\/de\/produkt\/1764-j-lini-madison-kaki\/#primaryimage"},"thumbnailUrl":"https:\/\/tonymora.com\/wp-content\/uploads\/2026\/04\/3-copia.png","datePublished":"2026-04-08T14:15:35+00:00","dateModified":"2026-04-08T15:18:43+00:00","description":"Treffen Sie unser neues Modell, hergestellt mit nat\u00fcrlichem 100% Leder und von h\u00f6chster Qualit\u00e4t, so dass Sie immer elegant modisch gehen.","breadcrumb":{"@id":"https:\/\/tonymora.com\/de\/produkt\/1764-j-lini-madison-kaki\/#breadcrumb"},"inLanguage":"de","potentialAction":[{"@type":"ReadAction","target":["https:\/\/tonymora.com\/de\/produkt\/1764-j-lini-madison-kaki\/"]}]},{"@type":"ImageObject","inLanguage":"de","@id":"https:\/\/tonymora.com\/de\/produkt\/1764-j-lini-madison-kaki\/#primaryimage","url":"https:\/\/tonymora.com\/wp-content\/uploads\/2026\/04\/3-copia.png","contentUrl":"https:\/\/tonymora.com\/wp-content\/uploads\/2026\/04\/3-copia.png","width":866,"height":1032},{"@type":"BreadcrumbList","@id":"https:\/\/tonymora.com\/de\/produkt\/1764-j-lini-madison-kaki\/#breadcrumb","itemListElement":[{"@type":"ListItem","position":1,"name":"Portada","item":"https:\/\/tonymora.com\/de\/"},{"@type":"ListItem","position":2,"name":"Shop","item":"https:\/\/tonymora.com\/de\/shop\/"},{"@type":"ListItem","position":3,"name":"Damen","item":"https:\/\/tonymora.com\/de\/produkt-kategorie\/damen\/"},{"@type":"ListItem","position":4,"name":"1764 J LINI MADISON KAKI"}]},{"@type":"WebSite","@id":"https:\/\/tonymora.com\/de\/#website","url":"https:\/\/tonymora.com\/de\/","name":"Tony Mora\u00ae Boots Official Store","description":"Cowboy Boots","publisher":{"@id":"https:\/\/tonymora.com\/de\/#organization"},"potentialAction":[{"@type":"SearchAction","target":{"@type":"EntryPoint","urlTemplate":"https:\/\/tonymora.com\/de\/?s={search_term_string}"},"query-input":{"@type":"PropertyValueSpecification","valueRequired":true,"valueName":"search_term_string"}}],"inLanguage":"de"},{"@type":"Organization","@id":"https:\/\/tonymora.com\/de\/#organization","name":"Tony Mora Boots","url":"https:\/\/tonymora.com\/de\/","logo":{"@type":"ImageObject","inLanguage":"de","@id":"https:\/\/tonymora.com\/de\/#\/schema\/logo\/image\/","url":"https:\/\/tonymora.com\/wp-content\/uploads\/2023\/12\/LOGO.jpg","contentUrl":"https:\/\/tonymora.com\/wp-content\/uploads\/2023\/12\/LOGO.jpg","width":2272,"height":1411,"caption":"Tony Mora Boots"},"image":{"@id":"https:\/\/tonymora.com\/de\/#\/schema\/logo\/image\/"},"sameAs":["https:\/\/www.facebook.com\/Tonymoraofficial\/","https:\/\/www.instagram.com\/tonymoraofficial\/?hl=es"]}]}},"_links":{"self":[{"href":"https:\/\/tonymora.com\/de\/wp-json\/wp\/v2\/product\/724151","targetHints":{"allow":["GET"]}}],"collection":[{"href":"https:\/\/tonymora.com\/de\/wp-json\/wp\/v2\/product"}],"about":[{"href":"https:\/\/tonymora.com\/de\/wp-json\/wp\/v2\/types\/product"}],"wp:featuredmedia":[{"embeddable":true,"href":"https:\/\/tonymora.com\/de\/wp-json\/wp\/v2\/media\/724194"}],"wp:attachment":[{"href":"https:\/\/tonymora.com\/de\/wp-json\/wp\/v2\/media?parent=724151"}],"wp:term":[{"taxonomy":"product_brand","embeddable":true,"href":"https:\/\/tonymora.com\/de\/wp-json\/wp\/v2\/product_brand?post=724151"},{"taxonomy":"product_cat","embeddable":true,"href":"https:\/\/tonymora.com\/de\/wp-json\/wp\/v2\/product_cat?post=724151"},{"taxonomy":"product_tag","embeddable":true,"href":"https:\/\/tonymora.com\/de\/wp-json\/wp\/v2\/product_tag?post=724151"}],"curies":[{"name":"wp","href":"https:\/\/api.w.org\/{rel}","templated":true}]}}