{"id":724428,"date":"2026-04-10T09:46:57","date_gmt":"2026-04-10T07:46:57","guid":{"rendered":"https:\/\/tonymora.com\/?post_type=product&#038;p=724428"},"modified":"2026-04-11T13:24:20","modified_gmt":"2026-04-11T11:24:20","slug":"2670-u-recto-piton-bc-schwarz-club-schwarz","status":"publish","type":"product","link":"https:\/\/tonymora.com\/de\/produkt\/2670-u-recto-piton-bc-schwarz-club-schwarz\/","title":{"rendered":"2670 U RECTO PIT\u00d3N BC SCHWARZ \/ CLUB SCHWARZ"},"content":{"rendered":"<h2 data-path-to-node=\"10\"><b data-path-to-node=\"10\" data-index-in-node=\"0\">Tony Mora Cowboy Boots | Black Python Edition<\/b><\/h2>\n<p data-path-to-node=\"11\">Eine meisterhafte Verbindung aus <b data-path-to-node=\"11\" data-index-in-node=\"33\">traditioneller Haut<\/b> und der Raffinesse von <b data-path-to-node=\"11\" data-index-in-node=\"76\">exotischem Python<\/b>. Da es sich um echte Naturmaterialien handelt, besitzt jeder Stiefel eine eigene, unwiederholbare Identit\u00e4t: Die nat\u00fcrliche Anordnung der Schuppen garantiert, dass kein Paar dem anderen gleicht. Ein organisches, elegantes und zutiefst exklusives Designobjekt.<\/p>\n<ul data-path-to-node=\"12\">\n<li>\n<p data-path-to-node=\"12,0,0\"><b data-path-to-node=\"12,0,0\" data-index-in-node=\"0\">Symbiose der H\u00e4ute:<\/b> Das perfekte Zusammenspiel aus der Edelm\u00fctigkeit traditioneller Haut und der Einzigartigkeit von echtem Python.<\/p>\n<\/li>\n<li>\n<p data-path-to-node=\"12,1,0\"><b data-path-to-node=\"12,1,0\" data-index-in-node=\"0\">Einzigartige Identit\u00e4t:<\/b> Jeder Stiefel zeigt eine individuelle Zeichnung, die jedes Paar zu einem Sammlerst\u00fcck jenseits des Allt\u00e4glichen macht.<\/p>\n<\/li>\n<li>\n<p data-path-to-node=\"12,2,0\"><b data-path-to-node=\"12,2,0\" data-index-in-node=\"0\">Gerader Schaft:<\/b> Ikonische Silhouette mit geradem Abschluss f\u00fcr ein tadelloses und zeitloses Luxus-Auftreten im Western-Stil.<\/p>\n<\/li>\n<li>\n<p data-path-to-node=\"12,3,0\"><b data-path-to-node=\"12,3,0\" data-index-in-node=\"0\">Nat\u00fcrliche Patina:<\/b> Im Laufe der Zeit entwickeln beide Hautarten einen pers\u00f6nlichen Charakter, der Ihre eigene Geschichte erz\u00e4hlt.<\/p>\n<\/li>\n<\/ul>\n<p data-path-to-node=\"13\"><b data-path-to-node=\"13\" data-index-in-node=\"0\">Haptische Distinktion. Visuelles Prestige. Pur Tony Mora.<\/b><\/p>\n","protected":false},"excerpt":{"rendered":"<h2 data-path-to-node=\"10\"><b data-path-to-node=\"10\" data-index-in-node=\"0\">Tony Mora Cowboy Boots | Black Python Edition<\/b><\/h2>\n<p data-path-to-node=\"11\">Eine meisterhafte Verbindung aus <b data-path-to-node=\"11\" data-index-in-node=\"33\">traditioneller Haut<\/b> und der Raffinesse von <b data-path-to-node=\"11\" data-index-in-node=\"76\">exotischem Python<\/b>. Da es sich um echte Naturmaterialien handelt, besitzt jeder Stiefel eine eigene, unwiederholbare Identit\u00e4t: Die nat\u00fcrliche Anordnung der Schuppen garantiert, dass kein Paar dem anderen gleicht. Ein organisches, elegantes und zutiefst exklusives Designobjekt.<\/p>\n<ul data-path-to-node=\"12\">\n<li>\n<p data-path-to-node=\"12,0,0\"><b data-path-to-node=\"12,0,0\" data-index-in-node=\"0\">Symbiose der H\u00e4ute:<\/b> Das perfekte Zusammenspiel aus der Edelm\u00fctigkeit traditioneller Haut und der Einzigartigkeit von echtem Python.<\/p>\n<\/li>\n<li>\n<p data-path-to-node=\"12,1,0\"><b data-path-to-node=\"12,1,0\" data-index-in-node=\"0\">Einzigartige Identit\u00e4t:<\/b> Jeder Stiefel zeigt eine individuelle Zeichnung, die jedes Paar zu einem Sammlerst\u00fcck jenseits des Allt\u00e4glichen macht.<\/p>\n<\/li>\n<li>\n<p data-path-to-node=\"12,2,0\"><b data-path-to-node=\"12,2,0\" data-index-in-node=\"0\">Gerader Schaft:<\/b> Ikonische Silhouette mit geradem Abschluss f\u00fcr ein tadelloses und zeitloses Luxus-Auftreten im Western-Stil.<\/p>\n<\/li>\n<li>\n<p data-path-to-node=\"12,3,0\"><b data-path-to-node=\"12,3,0\" data-index-in-node=\"0\">Nat\u00fcrliche Patina:<\/b> Im Laufe der Zeit entwickeln beide Hautarten einen pers\u00f6nlichen Charakter, der Ihre eigene Geschichte erz\u00e4hlt.<\/p>\n<\/li>\n<\/ul>\n<p data-path-to-node=\"13\"><b data-path-to-node=\"13\" data-index-in-node=\"0\">Haptische Distinktion. Visuelles Prestige. Pur Tony Mora.<\/b><\/p>\n","protected":false},"featured_media":724535,"template":"","meta":{"_mbp_gutenberg_autopost":false},"product_brand":[],"product_cat":[170,167,224,1139],"product_tag":[],"class_list":{"0":"post-724428","1":"product","2":"type-product","3":"status-publish","4":"has-post-thumbnail","6":"product_cat-cowboystiefel-damen","7":"product_cat-damen","8":"product_cat-luxusstiefel-damen","9":"product_cat-python-stiefel-damen","11":"first","12":"instock","13":"featured","14":"taxable","15":"shipping-taxable","16":"purchasable","17":"product-type-variable"},"supplier_id":null,"supplier_sku":"","barcode":null,"atum_controlled":true,"out_stock_date":null,"out_stock_threshold":null,"inheritable":true,"inbound_stock":null,"stock_on_hold":null,"sold_today":null,"sales_last_days":null,"reserved_stock":null,"customer_returns":null,"warehouse_damage":null,"lost_in_post":null,"other_logs":null,"out_stock_days":null,"lost_sales":null,"has_location":false,"update_date":"2026-04-11T11:21:06","atum_locations":[],"atum_stock_status":"instock","restock_status":false,"low_stock_amount":"","sales_update_date":"2024-06-24T05:29:13","calc_backorders":null,"yoast_head":"<!-- This site is optimized with the Yoast SEO plugin v27.2 - https:\/\/yoast.com\/product\/yoast-seo-wordpress\/ -->\n<title>2670 U RECTO PIT\u00d3N BC SCHWARZ \/ CLUB SCHWARZ - Tony Mora\u00ae Boots Official Store<\/title>\n<meta name=\"description\" content=\"Treffen Sie unser neues Modell, hergestellt mit nat\u00fcrlichem 100% Leder und von h\u00f6chster Qualit\u00e4t, so dass Sie immer elegant modisch gehen.\" \/>\n<meta name=\"robots\" content=\"index, follow, max-snippet:-1, max-image-preview:large, max-video-preview:-1\" \/>\n<link rel=\"canonical\" href=\"https:\/\/tonymora.com\/de\/produkt\/2670-u-recto-piton-bc-schwarz-club-schwarz\/\" \/>\n<meta property=\"og:locale\" content=\"de_DE\" \/>\n<meta property=\"og:type\" content=\"article\" \/>\n<meta property=\"og:title\" content=\"2670 U RECTO PIT\u00d3N BC SCHWARZ \/ CLUB SCHWARZ - Tony Mora\u00ae Boots Official Store\" \/>\n<meta property=\"og:description\" content=\"Treffen Sie unser neues Modell, hergestellt mit nat\u00fcrlichem 100% Leder und von h\u00f6chster Qualit\u00e4t, so dass Sie immer elegant modisch gehen.\" \/>\n<meta property=\"og:url\" content=\"https:\/\/tonymora.com\/de\/produkt\/2670-u-recto-piton-bc-schwarz-club-schwarz\/\" \/>\n<meta property=\"og:site_name\" content=\"Tony Mora\u00ae Boots Official Store\" \/>\n<meta property=\"article:publisher\" content=\"https:\/\/www.facebook.com\/Tonymoraofficial\/\" \/>\n<meta property=\"article:modified_time\" content=\"2026-04-11T11:24:20+00:00\" \/>\n<meta property=\"og:image\" content=\"https:\/\/tonymora.com\/wp-content\/uploads\/2026\/04\/2-7.png\" \/>\n\t<meta property=\"og:image:width\" content=\"866\" \/>\n\t<meta property=\"og:image:height\" content=\"1032\" \/>\n\t<meta property=\"og:image:type\" content=\"image\/png\" \/>\n<meta name=\"twitter:card\" content=\"summary_large_image\" \/>\n<meta name=\"twitter:label1\" content=\"Gesch\u00e4tzte Lesezeit\" \/>\n\t<meta name=\"twitter:data1\" content=\"1\u00a0Minute\" \/>\n<script type=\"application\/ld+json\" class=\"yoast-schema-graph\">{\"@context\":\"https:\/\/schema.org\",\"@graph\":[{\"@type\":\"WebPage\",\"@id\":\"https:\/\/tonymora.com\/de\/produkt\/2670-u-recto-piton-bc-schwarz-club-schwarz\/\",\"url\":\"https:\/\/tonymora.com\/de\/produkt\/2670-u-recto-piton-bc-schwarz-club-schwarz\/\",\"name\":\"2670 U RECTO PIT\u00d3N BC SCHWARZ \/ CLUB SCHWARZ - Tony Mora\u00ae Boots Official Store\",\"isPartOf\":{\"@id\":\"https:\/\/tonymora.com\/de\/#website\"},\"primaryImageOfPage\":{\"@id\":\"https:\/\/tonymora.com\/de\/produkt\/2670-u-recto-piton-bc-schwarz-club-schwarz\/#primaryimage\"},\"image\":{\"@id\":\"https:\/\/tonymora.com\/de\/produkt\/2670-u-recto-piton-bc-schwarz-club-schwarz\/#primaryimage\"},\"thumbnailUrl\":\"https:\/\/tonymora.com\/wp-content\/uploads\/2026\/04\/2-7.png\",\"datePublished\":\"2026-04-10T07:46:57+00:00\",\"dateModified\":\"2026-04-11T11:24:20+00:00\",\"description\":\"Treffen Sie unser neues Modell, hergestellt mit nat\u00fcrlichem 100% Leder und von h\u00f6chster Qualit\u00e4t, so dass Sie immer elegant modisch gehen.\",\"breadcrumb\":{\"@id\":\"https:\/\/tonymora.com\/de\/produkt\/2670-u-recto-piton-bc-schwarz-club-schwarz\/#breadcrumb\"},\"inLanguage\":\"de\",\"potentialAction\":[{\"@type\":\"ReadAction\",\"target\":[\"https:\/\/tonymora.com\/de\/produkt\/2670-u-recto-piton-bc-schwarz-club-schwarz\/\"]}]},{\"@type\":\"ImageObject\",\"inLanguage\":\"de\",\"@id\":\"https:\/\/tonymora.com\/de\/produkt\/2670-u-recto-piton-bc-schwarz-club-schwarz\/#primaryimage\",\"url\":\"https:\/\/tonymora.com\/wp-content\/uploads\/2026\/04\/2-7.png\",\"contentUrl\":\"https:\/\/tonymora.com\/wp-content\/uploads\/2026\/04\/2-7.png\",\"width\":866,\"height\":1032},{\"@type\":\"BreadcrumbList\",\"@id\":\"https:\/\/tonymora.com\/de\/produkt\/2670-u-recto-piton-bc-schwarz-club-schwarz\/#breadcrumb\",\"itemListElement\":[{\"@type\":\"ListItem\",\"position\":1,\"name\":\"Portada\",\"item\":\"https:\/\/tonymora.com\/de\/\"},{\"@type\":\"ListItem\",\"position\":2,\"name\":\"Shop\",\"item\":\"https:\/\/tonymora.com\/de\/shop\/\"},{\"@type\":\"ListItem\",\"position\":3,\"name\":\"Damen\",\"item\":\"https:\/\/tonymora.com\/de\/produkt-kategorie\/damen\/\"},{\"@type\":\"ListItem\",\"position\":4,\"name\":\"2670 U RECTO PIT\u00d3N BC SCHWARZ \/ CLUB SCHWARZ\"}]},{\"@type\":\"WebSite\",\"@id\":\"https:\/\/tonymora.com\/de\/#website\",\"url\":\"https:\/\/tonymora.com\/de\/\",\"name\":\"Tony Mora\u00ae Boots Official Store\",\"description\":\"Cowboy Boots\",\"publisher\":{\"@id\":\"https:\/\/tonymora.com\/de\/#organization\"},\"potentialAction\":[{\"@type\":\"SearchAction\",\"target\":{\"@type\":\"EntryPoint\",\"urlTemplate\":\"https:\/\/tonymora.com\/de\/?s={search_term_string}\"},\"query-input\":{\"@type\":\"PropertyValueSpecification\",\"valueRequired\":true,\"valueName\":\"search_term_string\"}}],\"inLanguage\":\"de\"},{\"@type\":\"Organization\",\"@id\":\"https:\/\/tonymora.com\/de\/#organization\",\"name\":\"Tony Mora Boots\",\"url\":\"https:\/\/tonymora.com\/de\/\",\"logo\":{\"@type\":\"ImageObject\",\"inLanguage\":\"de\",\"@id\":\"https:\/\/tonymora.com\/de\/#\/schema\/logo\/image\/\",\"url\":\"https:\/\/tonymora.com\/wp-content\/uploads\/2023\/12\/LOGO.jpg\",\"contentUrl\":\"https:\/\/tonymora.com\/wp-content\/uploads\/2023\/12\/LOGO.jpg\",\"width\":2272,\"height\":1411,\"caption\":\"Tony Mora Boots\"},\"image\":{\"@id\":\"https:\/\/tonymora.com\/de\/#\/schema\/logo\/image\/\"},\"sameAs\":[\"https:\/\/www.facebook.com\/Tonymoraofficial\/\",\"https:\/\/www.instagram.com\/tonymoraofficial\/?hl=es\"]}]}<\/script>\n<!-- \/ Yoast SEO plugin. -->","yoast_head_json":{"title":"2670 U RECTO PIT\u00d3N BC SCHWARZ \/ CLUB SCHWARZ - Tony Mora\u00ae Boots Official Store","description":"Treffen Sie unser neues Modell, hergestellt mit nat\u00fcrlichem 100% Leder und von h\u00f6chster Qualit\u00e4t, so dass Sie immer elegant modisch gehen.","robots":{"index":"index","follow":"follow","max-snippet":"max-snippet:-1","max-image-preview":"max-image-preview:large","max-video-preview":"max-video-preview:-1"},"canonical":"https:\/\/tonymora.com\/de\/produkt\/2670-u-recto-piton-bc-schwarz-club-schwarz\/","og_locale":"de_DE","og_type":"article","og_title":"2670 U RECTO PIT\u00d3N BC SCHWARZ \/ CLUB SCHWARZ - Tony Mora\u00ae Boots Official Store","og_description":"Treffen Sie unser neues Modell, hergestellt mit nat\u00fcrlichem 100% Leder und von h\u00f6chster Qualit\u00e4t, so dass Sie immer elegant modisch gehen.","og_url":"https:\/\/tonymora.com\/de\/produkt\/2670-u-recto-piton-bc-schwarz-club-schwarz\/","og_site_name":"Tony Mora\u00ae Boots Official Store","article_publisher":"https:\/\/www.facebook.com\/Tonymoraofficial\/","article_modified_time":"2026-04-11T11:24:20+00:00","og_image":[{"width":866,"height":1032,"url":"https:\/\/tonymora.com\/wp-content\/uploads\/2026\/04\/2-7.png","type":"image\/png"}],"twitter_card":"summary_large_image","twitter_misc":{"Gesch\u00e4tzte Lesezeit":"1\u00a0Minute"},"schema":{"@context":"https:\/\/schema.org","@graph":[{"@type":"WebPage","@id":"https:\/\/tonymora.com\/de\/produkt\/2670-u-recto-piton-bc-schwarz-club-schwarz\/","url":"https:\/\/tonymora.com\/de\/produkt\/2670-u-recto-piton-bc-schwarz-club-schwarz\/","name":"2670 U RECTO PIT\u00d3N BC SCHWARZ \/ CLUB SCHWARZ - Tony Mora\u00ae Boots Official Store","isPartOf":{"@id":"https:\/\/tonymora.com\/de\/#website"},"primaryImageOfPage":{"@id":"https:\/\/tonymora.com\/de\/produkt\/2670-u-recto-piton-bc-schwarz-club-schwarz\/#primaryimage"},"image":{"@id":"https:\/\/tonymora.com\/de\/produkt\/2670-u-recto-piton-bc-schwarz-club-schwarz\/#primaryimage"},"thumbnailUrl":"https:\/\/tonymora.com\/wp-content\/uploads\/2026\/04\/2-7.png","datePublished":"2026-04-10T07:46:57+00:00","dateModified":"2026-04-11T11:24:20+00:00","description":"Treffen Sie unser neues Modell, hergestellt mit nat\u00fcrlichem 100% Leder und von h\u00f6chster Qualit\u00e4t, so dass Sie immer elegant modisch gehen.","breadcrumb":{"@id":"https:\/\/tonymora.com\/de\/produkt\/2670-u-recto-piton-bc-schwarz-club-schwarz\/#breadcrumb"},"inLanguage":"de","potentialAction":[{"@type":"ReadAction","target":["https:\/\/tonymora.com\/de\/produkt\/2670-u-recto-piton-bc-schwarz-club-schwarz\/"]}]},{"@type":"ImageObject","inLanguage":"de","@id":"https:\/\/tonymora.com\/de\/produkt\/2670-u-recto-piton-bc-schwarz-club-schwarz\/#primaryimage","url":"https:\/\/tonymora.com\/wp-content\/uploads\/2026\/04\/2-7.png","contentUrl":"https:\/\/tonymora.com\/wp-content\/uploads\/2026\/04\/2-7.png","width":866,"height":1032},{"@type":"BreadcrumbList","@id":"https:\/\/tonymora.com\/de\/produkt\/2670-u-recto-piton-bc-schwarz-club-schwarz\/#breadcrumb","itemListElement":[{"@type":"ListItem","position":1,"name":"Portada","item":"https:\/\/tonymora.com\/de\/"},{"@type":"ListItem","position":2,"name":"Shop","item":"https:\/\/tonymora.com\/de\/shop\/"},{"@type":"ListItem","position":3,"name":"Damen","item":"https:\/\/tonymora.com\/de\/produkt-kategorie\/damen\/"},{"@type":"ListItem","position":4,"name":"2670 U RECTO PIT\u00d3N BC SCHWARZ \/ CLUB SCHWARZ"}]},{"@type":"WebSite","@id":"https:\/\/tonymora.com\/de\/#website","url":"https:\/\/tonymora.com\/de\/","name":"Tony Mora\u00ae Boots Official Store","description":"Cowboy Boots","publisher":{"@id":"https:\/\/tonymora.com\/de\/#organization"},"potentialAction":[{"@type":"SearchAction","target":{"@type":"EntryPoint","urlTemplate":"https:\/\/tonymora.com\/de\/?s={search_term_string}"},"query-input":{"@type":"PropertyValueSpecification","valueRequired":true,"valueName":"search_term_string"}}],"inLanguage":"de"},{"@type":"Organization","@id":"https:\/\/tonymora.com\/de\/#organization","name":"Tony Mora Boots","url":"https:\/\/tonymora.com\/de\/","logo":{"@type":"ImageObject","inLanguage":"de","@id":"https:\/\/tonymora.com\/de\/#\/schema\/logo\/image\/","url":"https:\/\/tonymora.com\/wp-content\/uploads\/2023\/12\/LOGO.jpg","contentUrl":"https:\/\/tonymora.com\/wp-content\/uploads\/2023\/12\/LOGO.jpg","width":2272,"height":1411,"caption":"Tony Mora Boots"},"image":{"@id":"https:\/\/tonymora.com\/de\/#\/schema\/logo\/image\/"},"sameAs":["https:\/\/www.facebook.com\/Tonymoraofficial\/","https:\/\/www.instagram.com\/tonymoraofficial\/?hl=es"]}]}},"_links":{"self":[{"href":"https:\/\/tonymora.com\/de\/wp-json\/wp\/v2\/product\/724428","targetHints":{"allow":["GET"]}}],"collection":[{"href":"https:\/\/tonymora.com\/de\/wp-json\/wp\/v2\/product"}],"about":[{"href":"https:\/\/tonymora.com\/de\/wp-json\/wp\/v2\/types\/product"}],"wp:featuredmedia":[{"embeddable":true,"href":"https:\/\/tonymora.com\/de\/wp-json\/wp\/v2\/media\/724535"}],"wp:attachment":[{"href":"https:\/\/tonymora.com\/de\/wp-json\/wp\/v2\/media?parent=724428"}],"wp:term":[{"taxonomy":"product_brand","embeddable":true,"href":"https:\/\/tonymora.com\/de\/wp-json\/wp\/v2\/product_brand?post=724428"},{"taxonomy":"product_cat","embeddable":true,"href":"https:\/\/tonymora.com\/de\/wp-json\/wp\/v2\/product_cat?post=724428"},{"taxonomy":"product_tag","embeddable":true,"href":"https:\/\/tonymora.com\/de\/wp-json\/wp\/v2\/product_tag?post=724428"}],"curies":[{"name":"wp","href":"https:\/\/api.w.org\/{rel}","templated":true}]}}