{"id":724742,"date":"2026-05-08T12:01:22","date_gmt":"2026-05-08T10:01:22","guid":{"rendered":"https:\/\/tonymora.com\/?post_type=product&#038;p=724742"},"modified":"2026-05-08T15:09:38","modified_gmt":"2026-05-08T13:09:38","slug":"4048-j-lini-club-schwarz-brash-bone","status":"publish","type":"product","link":"https:\/\/tonymora.com\/de\/produkt\/4048-j-lini-club-schwarz-brash-bone\/","title":{"rendered":"4048 J LINI CLUB SCHWARZ \/ BRASH BONE"},"content":{"rendered":"<div class=\"wpb-content-wrapper\"><p>[vc_row][vc_column][vc_column_text css=&#8220;&#8220; woodmart_inline=&#8220;no&#8220; text_larger=&#8220;no&#8220;]Tony Mora Cowboy-Stiefel | Butterfly Swarovsky Edition<\/p>\n<p>Ein ikonisches Design, das traditionelle Handwerkskunst mit einer filigranen und strahlenden \u00c4sthetik verbindet.<\/p>\n<p>Diese Stiefel aus hochwertigem Leder mit Kalbslederfutter wurden entwickelt, um das ganze Jahr \u00fcber Komfort und Vielseitigkeit zu bieten. Dank ihres sorgf\u00e4ltigen Herstellungsprozesses sind sie im Sommer atmungsaktiv und im Winter feuchtigkeitsisolierend.<\/p>\n<p>Handwerkliche Fertigung: Hergestellt nach dem Goodyear-Welt-Verfahren, das Langlebigkeit, Widerstandsf\u00e4higkeit und eine Struktur garantiert, die mit der Zeit immer besser wird.<\/p>\n<p>Emblematisches Design: Verziert mit einem Schmetterlingsmotiv, Symbol f\u00fcr Verwandlung und Freiheit, das durch Swarovsky-Kristalle hervorgehoben wird, die f\u00fcr einen subtilen und eleganten Glanz sorgen.<\/p>\n<p>Intelligenter Komfort: Das Innenfutter aus Kalbsleder f\u00f6rdert die nat\u00fcrliche Atmungsaktivit\u00e4t des Fu\u00dfes und sorgt so zu jeder Jahreszeit f\u00fcr Komfort.[\/vc_column_text][\/vc_column][\/vc_row]<\/p>\n<\/div>","protected":false},"excerpt":{"rendered":"<p>Tony Mora Cowboy-Stiefel | Butterfly Swarovsky Edition<\/p>\n<p>Ein ikonisches Design, das traditionelle Handwerkskunst mit einer filigranen und strahlenden \u00c4sthetik verbindet.<\/p>\n<p>Diese Stiefel aus hochwertigem Leder mit Kalbslederfutter wurden entwickelt, um das ganze Jahr \u00fcber Komfort und Vielseitigkeit zu bieten. Dank ihres sorgf\u00e4ltigen Herstellungsprozesses sind sie im Sommer atmungsaktiv und im Winter feuchtigkeitsisolierend.<\/p>\n<p>Handwerkliche Fertigung: Hergestellt nach dem Goodyear-Welt-Verfahren, das Langlebigkeit, Widerstandsf\u00e4higkeit und eine Struktur garantiert, die mit der Zeit immer besser wird.<\/p>\n<p>Emblematisches Design: Verziert mit einem Schmetterlingsmotiv, Symbol f\u00fcr Verwandlung und Freiheit, das durch Swarovsky-Kristalle hervorgehoben wird, die f\u00fcr einen subtilen und eleganten Glanz sorgen.<\/p>\n<p>Intelligenter Komfort: Das Innenfutter aus Kalbsleder f\u00f6rdert die nat\u00fcrliche Atmungsaktivit\u00e4t des Fu\u00dfes und sorgt so zu jeder Jahreszeit f\u00fcr Komfort.<\/p>\n","protected":false},"featured_media":724970,"template":"","meta":{"_mbp_gutenberg_autopost":false},"product_brand":[],"product_cat":[170,167],"product_tag":[],"class_list":{"0":"post-724742","1":"product","2":"type-product","3":"status-publish","4":"has-post-thumbnail","6":"product_cat-cowboystiefel-damen","7":"product_cat-damen","9":"first","10":"instock","11":"featured","12":"taxable","13":"shipping-taxable","14":"purchasable","15":"product-type-variable"},"_links":{"self":[{"href":"https:\/\/tonymora.com\/de\/wp-json\/wp\/v2\/product\/724742","targetHints":{"allow":["GET"]}}],"collection":[{"href":"https:\/\/tonymora.com\/de\/wp-json\/wp\/v2\/product"}],"about":[{"href":"https:\/\/tonymora.com\/de\/wp-json\/wp\/v2\/types\/product"}],"wp:featuredmedia":[{"embeddable":true,"href":"https:\/\/tonymora.com\/de\/wp-json\/wp\/v2\/media\/724970"}],"wp:attachment":[{"href":"https:\/\/tonymora.com\/de\/wp-json\/wp\/v2\/media?parent=724742"}],"wp:term":[{"taxonomy":"product_brand","embeddable":true,"href":"https:\/\/tonymora.com\/de\/wp-json\/wp\/v2\/product_brand?post=724742"},{"taxonomy":"product_cat","embeddable":true,"href":"https:\/\/tonymora.com\/de\/wp-json\/wp\/v2\/product_cat?post=724742"},{"taxonomy":"product_tag","embeddable":true,"href":"https:\/\/tonymora.com\/de\/wp-json\/wp\/v2\/product_tag?post=724742"}],"curies":[{"name":"wp","href":"https:\/\/api.w.org\/{rel}","templated":true}]}}